{"id":10193,"date":"2024-06-02T22:47:15","date_gmt":"2024-06-03T02:47:15","guid":{"rendered":"https:\/\/lunettesoleil.ca\/product\/story-2019-fashion-men-sunglasses-sport-brand-designer-square-frame-summer-outdoor-sport-sun-glasses-eyewear-for-driver-shades\/"},"modified":"2024-06-08T00:51:55","modified_gmt":"2024-06-08T04:51:55","slug":"story-2019-fashion-men-sunglasses-sport-brand-designer-square-frame-summer-outdoor-sport-sun-glasses-eyewear-for-driver-shades","status":"publish","type":"product","link":"https:\/\/lunettesoleil.ca\/fr\/produit\/story-2019-fashion-men-sunglasses-sport-brand-designer-square-frame-summer-outdoor-sport-sun-glasses-eyewear-for-driver-shades\/","title":{"rendered":"HISTOIRE 2019 Hommes Mode Lunettes de soleil de Sport de Marque de Concepteur de Cadre Carr\u00e9 en \u00c9t\u00e9 en plein air Sport Lunettes de Soleil Lunettes De Pilote de Nuances"},"content":{"rendered":"<p>&nbsp;<\/p>\n<div class=\"product-specs-list-container\">\n<ul class=\"product-specs-list util-clearfix\">\n<li class=\"product-prop line-limit-length\"><span class=\"property-title\">Num\u00e9ro De Mod\u00e8le:\u00a0<\/span><span class=\"property-desc line-limit-length\">587 Sport lunettes de soleil Femme ,lunettes de lunettes de protection<\/span><\/li>\n<li class=\"product-prop line-limit-length\"><span class=\"property-title\">Largeur Du Verre:\u00a0<\/span><span class=\"property-desc line-limit-length\">66 mm<\/span><\/li>\n<li class=\"product-prop line-limit-length\"><span class=\"property-title\">La Hauteur De L&#039;Objectif:\u00a0<\/span><span class=\"property-desc line-limit-length\">53 mm<\/span><\/li>\n<li class=\"product-prop line-limit-length\"><span class=\"property-title\">Mat\u00e9riel De Lentilles:\u00a0<\/span><span class=\"property-desc line-limit-length\">Polycarbonate<\/span><\/li>\n<li class=\"product-prop line-limit-length\"><span class=\"property-title\">Nom Du D\u00e9partement:\u00a0<\/span><span class=\"property-desc line-limit-length\">ADULTE<\/span><\/li>\n<li class=\"product-prop line-limit-length\"><span class=\"property-title\">Genre:\u00a0<\/span><span class=\"property-desc line-limit-length\">Les FEMMES<\/span><\/li>\n<li class=\"product-prop line-limit-length\"><span class=\"property-title\">Mat\u00e9riau Du Cadre:\u00a0<\/span><span class=\"property-desc line-limit-length\">Ac\u00e9tate de<\/span><\/li>\n<li class=\"product-prop line-limit-length\"><span class=\"property-title\">Lentilles Optiques Attribut:\u00a0<\/span><span class=\"property-desc line-limit-length\">MIROIR,D\u00e9grad\u00e9,Photochromiques,Anti-reflet,UV400<\/span><\/li>\n<li class=\"product-prop line-limit-length\"><span class=\"property-title\">Style:\u00a0<\/span><span class=\"property-desc line-limit-length\">CARR\u00c9<\/span><\/li>\n<li class=\"product-prop line-limit-length\"><span class=\"property-title\">Nom De Marque:\u00a0<\/span><span class=\"property-desc line-limit-length\">HISTOIRE<\/span><\/li>\n<li class=\"product-prop line-limit-length\"><span class=\"property-title\">Origine:\u00a0<\/span><span class=\"property-desc line-limit-length\">La Partie Continentale De La Chine<\/span><\/li>\n<li class=\"product-prop line-limit-length\"><span class=\"property-title\">Certification:\u00a0<\/span><span class=\"property-desc line-limit-length\">CE<\/span><\/li>\n<\/ul>\n<\/div>\n<div class=\"detailmodule_html\">\n<div class=\"detail-desc-decorate-richtext\">\n<div class=\"\">\n<div class=\"\">\n<div>\n<div>\n<div>\n<div>\n<div>\n<div>\n<div>\n<div>\n<p style=\"text-align: center;\">\n<p style=\"text-align: center;\">HISTOIRE 2019 Hommes Mode Lunettes de soleil de Sport de Marque de Concepteur de Cadre Carr\u00e9 en \u00c9t\u00e9 en plein air Sport Lunettes de Soleil Lunettes De Pilote de Nuances<\/p>\n<p style=\"text-align: center;\"><img decoding=\"async\" src=\"https:\/\/ae01.alicdn.com\/kf\/HTB1jZsblVooBKNjSZFPq6xa2XXaa.jpg\" alt=\"9\" \/><img decoding=\"async\" src=\"https:\/\/ae01.alicdn.com\/kf\/HTB1n4VvHr1YBuNjSszeq6yblFXaf.jpg\" alt=\"10\" \/><img decoding=\"async\" src=\"https:\/\/ae01.alicdn.com\/kf\/HTB1nnQEHf9TBuNjy0Fcq6zeiFXaL.jpg\" alt=\"11\" \/><img decoding=\"async\" src=\"https:\/\/ae01.alicdn.com\/kf\/HTB1X_tTy5CYBuNkHFCcq6AHtVXaN.jpg\" alt=\"12\" \/><img decoding=\"async\" src=\"https:\/\/ae01.alicdn.com\/kf\/HTB1d_ZEHf9TBuNjy0Fcq6zeiFXaz.jpg\" alt=\"13\" \/><img decoding=\"async\" src=\"https:\/\/ae01.alicdn.com\/kf\/HTB19mZ3Hh1YBuNjy1zcq6zNcXXaa.jpg\" alt=\"14\" \/><img decoding=\"async\" src=\"https:\/\/ae01.alicdn.com\/kf\/HTB1ngGzai6guuRkSnb4q6zu4XXat.jpg\" alt=\"15\" \/><\/p>\n<p style=\"text-align: center;\"><img decoding=\"async\" src=\"https:\/\/ae01.alicdn.com\/kf\/HTB17idFHrSYBuNjSspfq6AZCpXaR.jpg\" alt=\"16\" \/><img decoding=\"async\" src=\"https:\/\/ae01.alicdn.com\/kf\/HTB16K9vai6guuRjy0Fmq6y0DXXaI.jpg\" alt=\"17\" \/><img decoding=\"async\" src=\"https:\/\/ae01.alicdn.com\/kf\/HTB14hIRHbGYBuNjy0Foq6AiBFXaL.jpg\" alt=\"18\" \/><img decoding=\"async\" src=\"https:\/\/ae01.alicdn.com\/kf\/HTB1cojkHXmWBuNjSspdq6zugXXaQ.jpg\" alt=\"19\" \/><img decoding=\"async\" src=\"https:\/\/ae01.alicdn.com\/kf\/HTB1w9vNyZuYBuNkSmRyq6AA3pXaC.jpg\" alt=\"20\" \/><img decoding=\"async\" src=\"https:\/\/ae01.alicdn.com\/kf\/HTB1TBoBHkyWBuNjy0Fpq6yssXXaE.jpg\" alt=\"21\" \/><img decoding=\"async\" src=\"https:\/\/ae01.alicdn.com\/kf\/HTB17Mw5HXOWBuNjy0Fiq6xFxVXaP.jpg\" alt=\"25\" \/><\/p>\n<p style=\"text-align: center;\"><img decoding=\"async\" src=\"https:\/\/ae01.alicdn.com\/kf\/HTB1vaLOmMMPMeJjy1Xcq6xpppXab.jpg?size=125624&amp;height=459&amp;width=1000&amp;hash=9667294e53f4bd4c917ff213d8188b05\" alt=\"3 (4)\" \/><\/p>\n<\/div>\n<\/div>\n<\/div>\n<\/div>\n<\/div>\n<\/div>\n<\/div>\n<\/div>\n<\/div>\n<\/div>\n<\/div>\n<\/div>","protected":false},"excerpt":{"rendered":"<p>&nbsp; Model Number:\u00a0587 Sport sunglasses Women ,eyewear goggle Lens Width:\u00a066 mm Lens Height:\u00a053 mm Lenses Material:\u00a0Polycarbonate Department Name:\u00a0ADULT Gender:\u00a0WOMEN Frame Material:\u00a0Acetate Lenses Optical Attribute:\u00a0MIRROR,Gradient,Photochromic,Anti-reflective,UV400 Style:\u00a0SQUARE Brand Name:\u00a0STORY Origin:\u00a0Mainland China Certification:\u00a0CE STORY 2019 Fashion Men Sunglasses Sport Brand Designer Square Frame Summer Outdoor Sport Sun Glasses Eyewear For Driver Shades<\/p>","protected":false},"featured_media":10194,"template":"","meta":[],"product_brand":[],"product_cat":[485],"product_tag":[],"class_list":{"0":"post-10193","1":"product","2":"type-product","3":"status-publish","4":"has-post-thumbnail","6":"product_cat-men","8":"first","9":"instock","10":"taxable","11":"shipping-taxable","12":"purchasable","13":"product-type-variable"},"_links":{"self":[{"href":"https:\/\/lunettesoleil.ca\/fr\/wp-json\/wp\/v2\/product\/10193","targetHints":{"allow":["GET"]}}],"collection":[{"href":"https:\/\/lunettesoleil.ca\/fr\/wp-json\/wp\/v2\/product"}],"about":[{"href":"https:\/\/lunettesoleil.ca\/fr\/wp-json\/wp\/v2\/types\/product"}],"wp:featuredmedia":[{"embeddable":true,"href":"https:\/\/lunettesoleil.ca\/fr\/wp-json\/wp\/v2\/media\/10194"}],"wp:attachment":[{"href":"https:\/\/lunettesoleil.ca\/fr\/wp-json\/wp\/v2\/media?parent=10193"}],"wp:term":[{"taxonomy":"product_brand","embeddable":true,"href":"https:\/\/lunettesoleil.ca\/fr\/wp-json\/wp\/v2\/product_brand?post=10193"},{"taxonomy":"product_cat","embeddable":true,"href":"https:\/\/lunettesoleil.ca\/fr\/wp-json\/wp\/v2\/product_cat?post=10193"},{"taxonomy":"product_tag","embeddable":true,"href":"https:\/\/lunettesoleil.ca\/fr\/wp-json\/wp\/v2\/product_tag?post=10193"}],"curies":[{"name":"wp","href":"https:\/\/api.w.org\/{rel}","templated":true}]}}