{"id":10993,"date":"2024-06-03T00:42:43","date_gmt":"2024-06-03T04:42:43","guid":{"rendered":"https:\/\/lunettesoleil.ca\/product\/fashion-oversized-square-rimless-sunglasses-women-brand-designer-flat-top-big-sun-glasses-female-one-piece-travel-gafa-de-sol\/"},"modified":"2024-06-08T10:38:00","modified_gmt":"2024-06-08T14:38:00","slug":"fashion-oversized-square-rimless-sunglasses-women-brand-designer-flat-top-big-sun-glasses-female-one-piece-travel-gafa-de-sol","status":"publish","type":"product","link":"https:\/\/lunettesoleil.ca\/fr\/produit\/fashion-oversized-square-rimless-sunglasses-women-brand-designer-flat-top-big-sun-glasses-female-one-piece-travel-gafa-de-sol\/","title":{"rendered":"La mode Surdimensionn\u00e9 Carr\u00e9 Cercl\u00e9es Lunettes de soleil des Femmes de Marque de Concepteur de T\u00e9l\u00e9vision Haut de Grandes Lunettes de Soleil Femme Un Morceau de Voyage Gafa de sol"},"content":{"rendered":"<p>&nbsp;<\/p>\n<div class=\"product-specs-list-container\">\n<ul class=\"product-specs-list util-clearfix\">\n<li class=\"product-prop line-limit-length\"><span class=\"property-title\">Num\u00e9ro De Mod\u00e8le:\u00a0<\/span><span class=\"property-desc line-limit-length\">C0110<\/span><\/li>\n<li class=\"product-prop line-limit-length\"><span class=\"property-title\">Largeur Du Verre:\u00a0<\/span><span class=\"property-desc line-limit-length\">64mm<\/span><\/li>\n<li class=\"product-prop line-limit-length\"><span class=\"property-title\">La Hauteur De L&#039;Objectif:\u00a0<\/span><span class=\"property-desc line-limit-length\">59mm<\/span><\/li>\n<li class=\"product-prop line-limit-length\"><span class=\"property-title\">Mat\u00e9riel De Lentilles:\u00a0<\/span><span class=\"property-desc line-limit-length\">r\u00e9sine<\/span><\/li>\n<li class=\"product-prop line-limit-length\"><span class=\"property-title\">Nom Du D\u00e9partement:\u00a0<\/span><span class=\"property-desc line-limit-length\">ADULTE<\/span><\/li>\n<li class=\"product-prop line-limit-length\"><span class=\"property-title\">Genre:\u00a0<\/span><span class=\"property-desc line-limit-length\">Les FEMMES<\/span><\/li>\n<li class=\"product-prop line-limit-length\"><span class=\"property-title\">Mat\u00e9riau Du Cadre:\u00a0<\/span><span class=\"property-desc line-limit-length\">r\u00e9sine<\/span><\/li>\n<li class=\"product-prop line-limit-length\"><span class=\"property-title\">Lentilles Optiques Attribut:\u00a0<\/span><span class=\"property-desc line-limit-length\">UV400<\/span><\/li>\n<li class=\"product-prop line-limit-length\"><span class=\"property-title\">Style:\u00a0<\/span><span class=\"property-desc line-limit-length\">Cercl\u00e9es<\/span><\/li>\n<li class=\"product-prop line-limit-length\"><span class=\"property-title\">Nom De Marque:\u00a0<\/span><span class=\"property-desc line-limit-length\">XaYbZc<\/span><\/li>\n<li class=\"product-prop line-limit-length\"><span class=\"property-title\">Origine:\u00a0<\/span><span class=\"property-desc line-limit-length\">La Partie Continentale De La Chine<\/span><\/li>\n<li class=\"product-prop line-limit-length\"><span class=\"property-title\">Type D&#039;\u00c9l\u00e9ment:\u00a0<\/span><span class=\"property-desc line-limit-length\">LUNETTES<\/span><\/li>\n<li class=\"product-prop line-limit-length\"><span class=\"property-title\">Lunettes Type:\u00a0<\/span><span class=\"property-desc line-limit-length\">Lunettes de soleil<\/span><\/li>\n<\/ul>\n<\/div>\n<div class=\"detailmodule_html\">\n<div class=\"detail-desc-decorate-richtext\">\n<div class=\"\">\n<div class=\"\">\n<div><\/div>\n<div>\n<p class=\"detail-desc-decorate-content\" style=\"font-family: OpenSans; font-size: 14px; font-weight: 300; line-height: 20px; white-space: pre-wrap; color: #000000; margin-bottom: 12px; text-align: center;\">100% Tout Neuf Et De Haute Qualit\u00e9<\/p>\n<\/div>\n<div><\/div>\n<div>\n<p><img decoding=\"async\" src=\"https:\/\/ae01.alicdn.com\/kf\/H5d0fd82af2114dfaace1924ef3ad5baay.jpg?width=1000&amp;height=1194&amp;hash=2194\" \/><br \/>\n<img decoding=\"async\" src=\"https:\/\/ae01.alicdn.com\/kf\/Hb4076f0ea21c42dc857bdf21ba30ad13H.jpg?width=1000&amp;height=1051&amp;hash=2051\" \/><\/p>\n<p><img decoding=\"async\" src=\"https:\/\/ae01.alicdn.com\/kf\/H666d9f211b1a4ba8b7e32aa70e07a4bew.jpg?width=1000&amp;height=939&amp;hash=1939\" \/><\/p>\n<p><img decoding=\"async\" src=\"https:\/\/ae01.alicdn.com\/kf\/Hfd44fd0af5f24d4e86fa7d4a3bd8ad70D.jpg?width=1000&amp;height=1547&amp;hash=2547\" \/><br \/>\n<img decoding=\"async\" src=\"https:\/\/ae01.alicdn.com\/kf\/H881272f9f93649439d6a49d366816d225.jpg?width=1000&amp;height=1397&amp;hash=2397\" \/><br \/>\n<img decoding=\"async\" src=\"https:\/\/ae01.alicdn.com\/kf\/He992166c62434140bfb80df6e50ec956L.jpg?width=1000&amp;height=1452&amp;hash=2452\" \/><br \/>\n<img decoding=\"async\" src=\"https:\/\/ae01.alicdn.com\/kf\/H10f763ca5ca243189c696490d7f94c84F.jpg?width=1000&amp;height=1433&amp;hash=2433\" \/><br \/>\n<img decoding=\"async\" src=\"https:\/\/ae01.alicdn.com\/kf\/H24c78620661749f4b48d506b9eeba1302.jpg?width=1000&amp;height=1281&amp;hash=2281\" \/><br \/>\n<img decoding=\"async\" src=\"https:\/\/ae01.alicdn.com\/kf\/H4bbffd0b1f81445f9ee978bbc09e8fe6q.jpg?width=1000&amp;height=1396&amp;hash=2396\" \/><br \/>\n<img decoding=\"async\" src=\"https:\/\/ae01.alicdn.com\/kf\/Hc8b8eb66007c437e82235df3c78bf1b1j.jpg?width=1000&amp;height=681&amp;hash=1681\" \/><br \/>\n<img decoding=\"async\" src=\"https:\/\/ae01.alicdn.com\/kf\/H22840286c4924057bdcfc81c2b106f0dv.jpg?width=1000&amp;height=1394&amp;hash=2394\" \/><br \/>\n<img decoding=\"async\" src=\"https:\/\/ae01.alicdn.com\/kf\/H1d51916639924fa080923c7faefeede7a.jpg?width=1000&amp;height=1419&amp;hash=2419\" \/><\/p>\n<\/div>\n<div style=\"text-align: center;\" align=\"center\"><\/div>\n<div>\n<p>&nbsp;<\/p>\n<\/div>\n<p>&nbsp;<\/p>\n<\/div>\n<\/div>\n<\/div>\n<\/div>","protected":false},"excerpt":{"rendered":"<p>&nbsp; Model Number:\u00a0C0110 Lens Width:\u00a064mm Lens Height:\u00a059mm Lenses Material:\u00a0resin Department Name:\u00a0ADULT Gender:\u00a0WOMEN Frame Material:\u00a0resin Lenses Optical Attribute:\u00a0UV400 Style:\u00a0Rimless Brand Name:\u00a0XaYbZc Origin:\u00a0Mainland China Item Type:\u00a0EYEWEAR Eyewear Type:\u00a0Sunglasses 100% Brand New And High Quality &nbsp; &nbsp;<\/p>","protected":false},"featured_media":10995,"template":"","meta":[],"product_brand":[],"product_cat":[486],"product_tag":[],"class_list":{"0":"post-10993","1":"product","2":"type-product","3":"status-publish","4":"has-post-thumbnail","6":"product_cat-women","8":"first","9":"instock","10":"taxable","11":"shipping-taxable","12":"purchasable","13":"product-type-variable"},"_links":{"self":[{"href":"https:\/\/lunettesoleil.ca\/fr\/wp-json\/wp\/v2\/product\/10993","targetHints":{"allow":["GET"]}}],"collection":[{"href":"https:\/\/lunettesoleil.ca\/fr\/wp-json\/wp\/v2\/product"}],"about":[{"href":"https:\/\/lunettesoleil.ca\/fr\/wp-json\/wp\/v2\/types\/product"}],"wp:featuredmedia":[{"embeddable":true,"href":"https:\/\/lunettesoleil.ca\/fr\/wp-json\/wp\/v2\/media\/10995"}],"wp:attachment":[{"href":"https:\/\/lunettesoleil.ca\/fr\/wp-json\/wp\/v2\/media?parent=10993"}],"wp:term":[{"taxonomy":"product_brand","embeddable":true,"href":"https:\/\/lunettesoleil.ca\/fr\/wp-json\/wp\/v2\/product_brand?post=10993"},{"taxonomy":"product_cat","embeddable":true,"href":"https:\/\/lunettesoleil.ca\/fr\/wp-json\/wp\/v2\/product_cat?post=10993"},{"taxonomy":"product_tag","embeddable":true,"href":"https:\/\/lunettesoleil.ca\/fr\/wp-json\/wp\/v2\/product_tag?post=10993"}],"curies":[{"name":"wp","href":"https:\/\/api.w.org\/{rel}","templated":true}]}}