{"id":11094,"date":"2024-06-03T00:47:56","date_gmt":"2024-06-03T04:47:56","guid":{"rendered":"https:\/\/lunettesoleil.ca\/product\/zenottic-2024-steampunk-sunglasses-rrtro-round-polarized-sun-glasses-for-women-men-vintage-uv400-shades-430002\/"},"modified":"2025-07-09T23:57:47","modified_gmt":"2025-07-10T03:57:47","slug":"zenottic-2024-steampunk-sunglasses-rrtro-round-polarized-sun-glasses-for-women-men-vintage-uv400-shades-430002","status":"publish","type":"product","link":"https:\/\/lunettesoleil.ca\/fr\/produit\/zenottic-2024-steampunk-sunglasses-rrtro-round-polarized-sun-glasses-for-women-men-vintage-uv400-shades-430002\/","title":{"rendered":"ZENOTTIC 2024 Steampunk Lunettes de soleil Rrtro Ronde Polaris\u00e9e Lunettes de Soleil pour Femmes Hommes Vintage UV400 Nuances 430002"},"content":{"rendered":"<p>&nbsp;<\/p>\n<div class=\"product-specs-list-container\">\n<ul class=\"product-specs-list util-clearfix\">\n<li class=\"product-prop line-limit-length\"><span class=\"property-title\">Lieu D&#039;Origine:\u00a0<\/span><span class=\"property-desc line-limit-length\">La chine (continentale)<\/span><\/li>\n<li class=\"product-prop line-limit-length\"><span class=\"property-title\">Num\u00e9ro De Mod\u00e8le:\u00a0<\/span><span class=\"property-desc line-limit-length\">430002<\/span><\/li>\n<li class=\"product-prop line-limit-length\"><span class=\"property-title\">Largeur Du Verre:\u00a0<\/span><span class=\"property-desc line-limit-length\">51mm<\/span><\/li>\n<li class=\"product-prop line-limit-length\"><span class=\"property-title\">La Hauteur De L&#039;Objectif:\u00a0<\/span><span class=\"property-desc line-limit-length\">45mm<\/span><\/li>\n<li class=\"product-prop line-limit-length\"><span class=\"property-title\">Mat\u00e9riel De Lentilles:\u00a0<\/span><span class=\"property-desc line-limit-length\">Polaroid<\/span><\/li>\n<li class=\"product-prop line-limit-length\"><span class=\"property-title\">Nom Du D\u00e9partement:\u00a0<\/span><span class=\"property-desc line-limit-length\">ADULTE<\/span><\/li>\n<li class=\"product-prop line-limit-length\"><span class=\"property-title\">Genre:\u00a0<\/span><span class=\"property-desc line-limit-length\">Les FEMMES<\/span><\/li>\n<li class=\"product-prop line-limit-length\"><span class=\"property-title\">Mat\u00e9riau Du Cadre:\u00a0<\/span><span class=\"property-desc line-limit-length\">Ac\u00e9tate de<\/span><\/li>\n<li class=\"product-prop line-limit-length\"><span class=\"property-title\">Lentilles Optiques Attribut:\u00a0<\/span><span class=\"property-desc line-limit-length\">polaris\u00e9e,Anti-reflet,UV400<\/span><\/li>\n<li class=\"product-prop line-limit-length\"><span class=\"property-title\">Style:\u00a0<\/span><span class=\"property-desc line-limit-length\">punk<\/span><\/li>\n<li class=\"product-prop line-limit-length\"><span class=\"property-title\">Nom De Marque:\u00a0<\/span><span class=\"property-desc line-limit-length\">ZENOTTIC<\/span><\/li>\n<li class=\"product-prop line-limit-length\"><span class=\"property-title\">Origine:\u00a0<\/span><span class=\"property-desc line-limit-length\">La Partie Continentale De La Chine<\/span><\/li>\n<li class=\"product-prop line-limit-length\"><span class=\"property-title\">Type D&#039;\u00c9l\u00e9ment:\u00a0<\/span><span class=\"property-desc line-limit-length\">LUNETTES<\/span><\/li>\n<li class=\"product-prop line-limit-length\"><span class=\"property-title\">Lunettes Type:\u00a0<\/span><span class=\"property-desc line-limit-length\">Lunettes de soleil<\/span><\/li>\n<li class=\"product-prop line-limit-length\"><span class=\"property-title\">Certification:\u00a0<\/span><span class=\"property-desc line-limit-length\">CE<\/span><\/li>\n<li class=\"product-prop line-limit-length\"><span class=\"property-title\">Fonctionnalit\u00e9:\u00a0<\/span><span class=\"property-desc line-limit-length\">Polaroid, de la Lentille UV400<\/span><\/li>\n<li class=\"product-prop line-limit-length\"><span class=\"property-title\">Type De Trame:\u00a0<\/span><span class=\"property-desc line-limit-length\">Plein Cadre De La Jante<\/span><\/li>\n<li class=\"product-prop line-limit-length\"><span class=\"property-title\">Lentilles Optiques Attribut 1:\u00a0<\/span><span class=\"property-desc line-limit-length\">Anti-R\u00e9fl\u00e9chissant<\/span><\/li>\n<li class=\"product-prop line-limit-length\"><span class=\"property-title\">Lunettes de soleil de la fonction:\u00a0<\/span><span class=\"property-desc line-limit-length\">UV400,Anti-reflet,Anti-rayonnement<\/span><\/li>\n<li class=\"product-prop line-limit-length\"><span class=\"property-title\">Autres Noms:\u00a0<\/span><span class=\"property-desc line-limit-length\">Lunettes De Soleil,Lunettes,Lunettes<\/span><\/li>\n<li class=\"product-prop line-limit-length\"><span class=\"property-title\">Port\u00e9e D&#039;Utilisation:\u00a0<\/span><span class=\"property-desc line-limit-length\">Shopping,Faire La F\u00eate,Voyager,T Montrent,La Conduite<\/span><\/li>\n<li class=\"product-prop line-limit-length\"><span class=\"property-title\">Emballage:\u00a0<\/span><span class=\"property-desc line-limit-length\">Sac en tissu et Bo\u00eete<\/span><\/li>\n<li class=\"product-prop line-limit-length\"><span class=\"property-title\">Adapt\u00e9 pour la forme du visage:\u00a0<\/span><span class=\"property-desc line-limit-length\">Visage rond, visage Long, visage Carr\u00e9, Ovale<\/span><\/li>\n<\/ul>\n<\/div>\n<div class=\"detailmodule_html\">\n<div class=\"detail-desc-decorate-richtext\">\n<p>Caract\u00e9ristiques Du Produit:<\/p>\n<div>\n<p class=\"detail-desc-decorate-content\" style=\"font-family: OpenSans; font-size: 14px; font-weight: 300; line-height: 20px; white-space: pre-wrap; color: #000000; margin-bottom: 12px;\">1.Les Verres Polaris\u00e9s<br \/>\n2.Anti-rayure, optimal durabillty<br \/>\n3.Bloquer les rayons nocifs, Protection UV400<br \/>\n4.Assurer une vision claire et une vision plus naturelle de la vue<br \/>\n5.Bloquer l&#039;\u00e9blouissement r\u00e9fl\u00e9chi sur les routes, l&#039;eau, la neige....<br \/>\n6.Restaurer la vraie couleur et rendre vos yeux plus confortable<\/p>\n<div>\n<div class=\"detailmodule_media\">\n<div class=\"video-container-5000114534187\">\n<div id=\"5000114534187\" class=\"detail-video\" data-previewurl=\"https:\/\/ae01.alicdn.com\/kf\/S6198154578c6482a9bf6666c9765fdeeC.jpg\"><\/div>\n<\/div>\n<\/div>\n<p><img decoding=\"async\" src=\"https:\/\/ae01.alicdn.com\/kf\/Sbabda5b283ff4dbeabebff3b2c9c88a8I.jpg\" \/><img decoding=\"async\" src=\"https:\/\/ae01.alicdn.com\/kf\/Sf4e5e900c8cd44709d74ddeb7fe454629.jpg\" \/><img decoding=\"async\" src=\"https:\/\/ae01.alicdn.com\/kf\/S7f1644757ae843998c908e1e6ff43929O.jpg?width=2000&amp;height=2000&amp;hash=4000\" \/> <img decoding=\"async\" src=\"https:\/\/ae01.alicdn.com\/kf\/Sd9e046485dc2403b9a6579c570c4c97aU.jpg?width=2000&amp;height=2000&amp;hash=4000\" \/> <img decoding=\"async\" src=\"https:\/\/ae01.alicdn.com\/kf\/S93a85fdf8d464870a88aac79f48f0861D.jpg?width=2000&amp;height=2000&amp;hash=4000\" \/> <img decoding=\"async\" src=\"https:\/\/ae01.alicdn.com\/kf\/Sd834423283cf4e47952bf299dd1500369.jpg?width=2000&amp;height=2000&amp;hash=4000\" \/> <img decoding=\"async\" src=\"https:\/\/ae01.alicdn.com\/kf\/Scfde31f02cba4eccaa10bfa3a33abdf1s.jpg?width=800&amp;height=800&amp;hash=1600\" width=\"944\" height=\"944\" \/> <img decoding=\"async\" class=\"detail-desc-decorate-image\" src=\"https:\/\/ae01.alicdn.com\/kf\/Sf02d614a43454aa090ff21a0832f5ba3G.jpg?width=790&amp;height=1103&amp;hash=1893\" width=\"944\" height=\"1318\" \/> <img decoding=\"async\" class=\"detail-desc-decorate-image\" src=\"https:\/\/ae01.alicdn.com\/kf\/Sc0b82a6e62524502b9ebf6345e6d758aq.jpg?width=790&amp;height=731&amp;hash=1521\" width=\"944\" height=\"873\" \/> <img decoding=\"async\" class=\"detail-desc-decorate-image\" src=\"https:\/\/ae01.alicdn.com\/kf\/S1424b648c8ca49c88df9fb3f8d5072fey.jpg?width=790&amp;height=1149&amp;hash=1939\" width=\"944\" height=\"1373\" \/> <img decoding=\"async\" class=\"detail-desc-decorate-image\" src=\"https:\/\/ae01.alicdn.com\/kf\/Sed789ba9d9e34acd8c706b9be8cad3f8q.jpg?width=790&amp;height=728&amp;hash=1518\" width=\"944\" height=\"870\" \/> <img decoding=\"async\" src=\"https:\/\/ae01.alicdn.com\/kf\/S315ab53ccd1644f89bfe627e050eefaap.jpg?width=2000&amp;height=2708&amp;hash=4708\" \/> <img decoding=\"async\" src=\"https:\/\/ae01.alicdn.com\/kf\/Seb362540d04346fcaa34b1e61563b6cc3.jpg\" \/> <img decoding=\"async\" src=\"https:\/\/ae01.alicdn.com\/kf\/S75c40dace7074c4a879908536b9f4dbbn.jpg\" \/> <img decoding=\"async\" src=\"https:\/\/ae01.alicdn.com\/kf\/S58309558e25e4bfca07673aab261416eN.jpg\" \/> <img decoding=\"async\" class=\"detail-desc-decorate-image\" src=\"https:\/\/ae01.alicdn.com\/kf\/S9c53780dbf9d4f76a20fc3a45fd8f2f7h.jpg?width=790&amp;height=1131&amp;hash=1921\" width=\"944\" height=\"1351\" \/> <img decoding=\"async\" class=\"detail-desc-decorate-image\" src=\"https:\/\/ae01.alicdn.com\/kf\/S5e026605fbf04b47a440c9b1441e6550N.jpg?width=790&amp;height=1115&amp;hash=1905\" width=\"944\" height=\"1332\" \/> <img decoding=\"async\" class=\"detail-desc-decorate-image\" src=\"https:\/\/ae01.alicdn.com\/kf\/Se4523cddfff14bdb81197d4477013e6be.jpg?width=790&amp;height=1113&amp;hash=1903\" width=\"944\" height=\"1330\" \/> <img decoding=\"async\" class=\"detail-desc-decorate-image\" src=\"https:\/\/ae01.alicdn.com\/kf\/S74c5aa7466df42a7b3e55d8a22f6a911l.jpg?width=790&amp;height=923&amp;hash=1713\" width=\"944\" height=\"1103\" \/> <img decoding=\"async\" class=\"detail-desc-decorate-image\" src=\"https:\/\/ae01.alicdn.com\/kf\/S79990499bf3a488e8e726b5a227afc8bD.jpg?width=790&amp;height=709&amp;hash=1499\" width=\"944\" height=\"847\" \/> <img decoding=\"async\" class=\"detail-desc-decorate-image\" src=\"https:\/\/ae01.alicdn.com\/kf\/S7d32335333ca4a0ebcb2fa1f18f71a880.jpg?width=790&amp;height=681&amp;hash=1471\" width=\"944\" height=\"814\" \/> <img decoding=\"async\" class=\"detail-desc-decorate-image\" src=\"https:\/\/ae01.alicdn.com\/kf\/Se94c17fa54834793b3a59728e7ffedf26.jpg?width=790&amp;height=682&amp;hash=1472\" width=\"944\" height=\"815\" \/> <img decoding=\"async\" class=\"detail-desc-decorate-image\" src=\"https:\/\/ae01.alicdn.com\/kf\/S58e6c50147a84faebb07341cab8c1828I.jpg?width=790&amp;height=684&amp;hash=1474\" width=\"944\" height=\"817\" \/> <img decoding=\"async\" class=\"detail-desc-decorate-image\" src=\"https:\/\/ae01.alicdn.com\/kf\/S314ef2b213424b228a2d0844fdc4f057A.jpg?width=790&amp;height=686&amp;hash=1476\" width=\"944\" height=\"820\" \/> <img decoding=\"async\" class=\"detail-desc-decorate-image\" src=\"https:\/\/ae01.alicdn.com\/kf\/S324b53e3a7344686a0a476aa1f16a6bcc.jpg?width=790&amp;height=686&amp;hash=1476\" width=\"944\" height=\"820\" \/> <img decoding=\"async\" class=\"detail-desc-decorate-image\" src=\"https:\/\/ae01.alicdn.com\/kf\/S4a991bc8772e4f59b5a11f40ce79225dK.jpg?width=790&amp;height=686&amp;hash=1476\" width=\"944\" height=\"820\" \/> <img decoding=\"async\" class=\"detail-desc-decorate-image\" src=\"https:\/\/ae01.alicdn.com\/kf\/S3fdf4e804b124add9c990c4a04621a1c1.jpg?width=790&amp;height=685&amp;hash=1475\" width=\"944\" height=\"819\" \/> <img decoding=\"async\" src=\"https:\/\/ae01.alicdn.com\/kf\/Sc338791522294ba8a97b9d316d07d21cD.jpg?width=2000&amp;height=2077&amp;hash=4077\" \/> <img decoding=\"async\" src=\"https:\/\/ae01.alicdn.com\/kf\/S0861694dbae846009056ec3f9e8b5f354.jpg?width=2000&amp;height=2124&amp;hash=4124\" \/><\/p>\n<\/div>\n<div><\/div>\n<div><\/div>\n<\/div>\n<div><\/div>\n<\/div>\n<\/div>\n<p>&nbsp;<\/p>","protected":false},"excerpt":{"rendered":"<p>&nbsp; Place Of Origin:\u00a0China (mainland) Model Number:\u00a0430002 Lens Width:\u00a051mm Lens Height:\u00a045mm Lenses Material:\u00a0Polaroid Department Name:\u00a0ADULT Gender:\u00a0WOMEN Frame Material:\u00a0Acetate Lenses Optical Attribute:\u00a0polarized,Anti-reflective,UV400 Style:\u00a0punk Brand Name:\u00a0ZENOTTIC Origin:\u00a0Mainland China Item Type:\u00a0EYEWEAR Eyewear Type:\u00a0Sunglasses Certification:\u00a0CE Feature:\u00a0Polaroid, UV400 Lens Frame Type:\u00a0Full Rim Frame Lenses Optical Attribute 1:\u00a0Anti-Reflective Sunglasses function:\u00a0UV400,Anti-glare,Anti-radiation Other Names:\u00a0Sunglasses,Eyewear,Eyeglasses Usage Scope:\u00a0Shopping,Party,Travel,T Show,Driving Packing:\u00a0Cloth Bag and Box Suitable for [&#8230;]","protected":false},"featured_media":11095,"template":"","meta":[],"product_brand":[],"product_cat":[486],"product_tag":[],"class_list":{"0":"post-11094","1":"product","2":"type-product","3":"status-publish","4":"has-post-thumbnail","6":"product_cat-women","8":"first","9":"instock","10":"taxable","11":"shipping-taxable","12":"purchasable","13":"product-type-variable"},"_links":{"self":[{"href":"https:\/\/lunettesoleil.ca\/fr\/wp-json\/wp\/v2\/product\/11094","targetHints":{"allow":["GET"]}}],"collection":[{"href":"https:\/\/lunettesoleil.ca\/fr\/wp-json\/wp\/v2\/product"}],"about":[{"href":"https:\/\/lunettesoleil.ca\/fr\/wp-json\/wp\/v2\/types\/product"}],"wp:featuredmedia":[{"embeddable":true,"href":"https:\/\/lunettesoleil.ca\/fr\/wp-json\/wp\/v2\/media\/11095"}],"wp:attachment":[{"href":"https:\/\/lunettesoleil.ca\/fr\/wp-json\/wp\/v2\/media?parent=11094"}],"wp:term":[{"taxonomy":"product_brand","embeddable":true,"href":"https:\/\/lunettesoleil.ca\/fr\/wp-json\/wp\/v2\/product_brand?post=11094"},{"taxonomy":"product_cat","embeddable":true,"href":"https:\/\/lunettesoleil.ca\/fr\/wp-json\/wp\/v2\/product_cat?post=11094"},{"taxonomy":"product_tag","embeddable":true,"href":"https:\/\/lunettesoleil.ca\/fr\/wp-json\/wp\/v2\/product_tag?post=11094"}],"curies":[{"name":"wp","href":"https:\/\/api.w.org\/{rel}","templated":true}]}}