{"id":11943,"date":"2024-06-04T11:59:32","date_gmt":"2024-06-04T15:59:32","guid":{"rendered":""},"modified":"2024-06-04T12:43:24","modified_gmt":"2024-06-04T16:43:24","slug":"fashion-one-piece-y2k-sunglasses-women-men-2024-luxury-brand-designer-cycling-sun-glasses-for-female-oversized-windproof-shades","status":"publish","type":"product","link":"https:\/\/lunettesoleil.ca\/fr\/produit\/fashion-one-piece-y2k-sunglasses-women-men-2024-luxury-brand-designer-cycling-sun-glasses-for-female-oversized-windproof-shades\/","title":{"rendered":"La mode d&#039;Une seule Pi\u00e8ce Y2k Lunettes de soleil Femmes Hommes 2024 Marque de Luxe de Concepteur de V\u00e9lo Lunettes de Soleil pour Femme Surdimensionn\u00e9 coupe-Vent Nuances"},"content":{"rendered":"<div class=\"product-specs-list-container\">\n<ul class=\"product-specs-list util-clearfix\">\n<li class=\"product-prop line-limit-length\"><span\n\t\t\t\t\t\t\t\t\t\tclass=\"property-title\">Lieu D&#039;Origine:&nbsp;<\/span><span\n\t\t\t\t\t\t\t\t\t\tclass=\"property-desc line-limit-length\">La chine (continentale)<\/span>\n\t\t\t\t\t\t\t<\/li>\n<li class=\"product-prop line-limit-length\"><span\n\t\t\t\t\t\t\t\t\t\tclass=\"property-title\">Num\u00e9ro De Mod\u00e8le:&nbsp;<\/span><span\n\t\t\t\t\t\t\t\t\t\tclass=\"property-desc line-limit-length\">YJZ624 Y2k lunettes de soleil<\/span>\n\t\t\t\t\t\t\t<\/li>\n<li class=\"product-prop line-limit-length\"><span\n\t\t\t\t\t\t\t\t\t\tclass=\"property-title\">Largeur Du Verre:&nbsp;<\/span><span\n\t\t\t\t\t\t\t\t\t\tclass=\"property-desc line-limit-length\">75mm<\/span>\n\t\t\t\t\t\t\t<\/li>\n<li class=\"product-prop line-limit-length\"><span\n\t\t\t\t\t\t\t\t\t\tclass=\"property-title\">La Hauteur De L&#039;Objectif:&nbsp;<\/span><span\n\t\t\t\t\t\t\t\t\t\tclass=\"property-desc line-limit-length\">35mm<\/span>\n\t\t\t\t\t\t\t<\/li>\n<li class=\"product-prop line-limit-length\"><span\n\t\t\t\t\t\t\t\t\t\tclass=\"property-title\">Mat\u00e9riel De Lentilles:&nbsp;<\/span><span\n\t\t\t\t\t\t\t\t\t\tclass=\"property-desc line-limit-length\">Polycarbonate<\/span>\n\t\t\t\t\t\t\t<\/li>\n<li class=\"product-prop line-limit-length\"><span\n\t\t\t\t\t\t\t\t\t\tclass=\"property-title\">Nom Du D\u00e9partement:&nbsp;<\/span><span\n\t\t\t\t\t\t\t\t\t\tclass=\"property-desc line-limit-length\">ADULTE<\/span>\n\t\t\t\t\t\t\t<\/li>\n<li class=\"product-prop line-limit-length\"><span\n\t\t\t\t\t\t\t\t\t\tclass=\"property-title\">Genre:&nbsp;<\/span><span\n\t\t\t\t\t\t\t\t\t\tclass=\"property-desc line-limit-length\">Les FEMMES<\/span>\n\t\t\t\t\t\t\t<\/li>\n<li class=\"product-prop line-limit-length\"><span\n\t\t\t\t\t\t\t\t\t\tclass=\"property-title\">Mat\u00e9riau Du Cadre:&nbsp;<\/span><span\n\t\t\t\t\t\t\t\t\t\tclass=\"property-desc line-limit-length\">Polycarbonate<\/span>\n\t\t\t\t\t\t\t<\/li>\n<li class=\"product-prop line-limit-length\"><span\n\t\t\t\t\t\t\t\t\t\tclass=\"property-title\">Lentilles Optiques Attribut:&nbsp;<\/span><span\n\t\t\t\t\t\t\t\t\t\tclass=\"property-desc line-limit-length\">MIROIR,D\u00e9grad\u00e9,UV400<\/span>\n\t\t\t\t\t\t\t<\/li>\n<li class=\"product-prop line-limit-length\"><span\n\t\t\t\t\t\t\t\t\t\tclass=\"property-title\">Style:&nbsp;<\/span><span\n\t\t\t\t\t\t\t\t\t\tclass=\"property-desc line-limit-length\">punk<\/span>\n\t\t\t\t\t\t\t<\/li>\n<li class=\"product-prop line-limit-length\"><span\n\t\t\t\t\t\t\t\t\t\tclass=\"property-title\">Nom De Marque:&nbsp;<\/span><span\n\t\t\t\t\t\t\t\t\t\tclass=\"property-desc line-limit-length\">PONGEYES<\/span>\n\t\t\t\t\t\t\t<\/li>\n<li class=\"product-prop line-limit-length\"><span\n\t\t\t\t\t\t\t\t\t\tclass=\"property-title\">Type D&#039;\u00c9l\u00e9ment:&nbsp;<\/span><span\n\t\t\t\t\t\t\t\t\t\tclass=\"property-desc line-limit-length\">LUNETTES<\/span>\n\t\t\t\t\t\t\t<\/li>\n<li class=\"product-prop line-limit-length\"><span\n\t\t\t\t\t\t\t\t\t\tclass=\"property-title\">Lunettes Type:&nbsp;<\/span><span\n\t\t\t\t\t\t\t\t\t\tclass=\"property-desc line-limit-length\">Lunettes de soleil<\/span>\n\t\t\t\t\t\t\t<\/li>\n<li class=\"product-prop line-limit-length\"><span\n\t\t\t\t\t\t\t\t\t\tclass=\"property-title\">Origine:&nbsp;<\/span><span\n\t\t\t\t\t\t\t\t\t\tclass=\"property-desc line-limit-length\">La Partie Continentale De La Chine<\/span>\n\t\t\t\t\t\t\t<\/li>\n<li class=\"product-prop line-limit-length\"><span\n\t\t\t\t\t\t\t\t\t\tclass=\"property-title\">Certification:&nbsp;<\/span><span\n\t\t\t\t\t\t\t\t\t\tclass=\"property-desc line-limit-length\">CE<\/span>\n\t\t\t\t\t\t\t<\/li>\n<li class=\"product-prop line-limit-length\"><span\n\t\t\t\t\t\t\t\t\t\tclass=\"property-title\">Caract\u00e9ristique 1:&nbsp;<\/span><span\n\t\t\t\t\t\t\t\t\t\tclass=\"property-desc line-limit-length\">Cyberpunk Lunettes De Soleil<\/span>\n\t\t\t\t\t\t\t<\/li>\n<li class=\"product-prop line-limit-length\"><span\n\t\t\t\t\t\t\t\t\t\tclass=\"property-title\">Caract\u00e9ristique 2:&nbsp;<\/span><span\n\t\t\t\t\t\t\t\t\t\tclass=\"property-desc line-limit-length\">Un Morceau De Lunettes De Soleil<\/span>\n\t\t\t\t\t\t\t<\/li>\n<li class=\"product-prop line-limit-length\"><span\n\t\t\t\t\t\t\t\t\t\tclass=\"property-title\">Caract\u00e9ristique 3:&nbsp;<\/span><span\n\t\t\t\t\t\t\t\t\t\tclass=\"property-desc line-limit-length\">Tendance Lunettes De Soleil<\/span>\n\t\t\t\t\t\t\t<\/li>\n<li class=\"product-prop line-limit-length\"><span\n\t\t\t\t\t\t\t\t\t\tclass=\"property-title\">Fonction 4:&nbsp;<\/span><span\n\t\t\t\t\t\t\t\t\t\tclass=\"property-desc line-limit-length\">Y2k Lunettes De Soleil<\/span>\n\t\t\t\t\t\t\t<\/li>\n<li class=\"product-prop line-limit-length\"><span\n\t\t\t\t\t\t\t\t\t\tclass=\"property-title\">Fonction 5:&nbsp;<\/span><span\n\t\t\t\t\t\t\t\t\t\tclass=\"property-desc line-limit-length\">Lunettes De Soleil Sport<\/span>\n\t\t\t\t\t\t\t<\/li>\n<li class=\"product-prop line-limit-length\"><span\n\t\t\t\t\t\t\t\t\t\tclass=\"property-title\">Article 6:&nbsp;<\/span><span\n\t\t\t\t\t\t\t\t\t\tclass=\"property-desc line-limit-length\">Enrouler Autour Des Lunettes De Soleil<\/span>\n\t\t\t\t\t\t\t<\/li>\n<li class=\"product-prop line-limit-length\"><span\n\t\t\t\t\t\t\t\t\t\tclass=\"property-title\">Support:&nbsp;<\/span><span\n\t\t\t\t\t\t\t\t\t\tclass=\"property-desc line-limit-length\">Droshipping, Commerce De Gros<\/span>\n\t\t\t\t\t\t\t<\/li>\n<\/ul><\/div>\n<div class=\"detailmodule_html\">\n<div class=\"detail-desc-decorate-richtext\">\n<div id=\"offer-template-0\"><img decoding=\"async\" style=\"width:790px\" width=\"790px\" src=\"https:\/\/ae01.alicdn.com\/kf\/Sf74e7463872b43fd9b5e8e7246031844q.jpg?width=1000&amp;height=1000&amp;hash=2000\" slate-data-type=\"image\"\/><img decoding=\"async\" style=\"width:790px\" width=\"790px\" src=\"https:\/\/ae01.alicdn.com\/kf\/S2dd939d607a447ffa510c41df121e767p.jpg?width=1000&amp;height=1000&amp;hash=2000\" slate-data-type=\"image\"\/><br \/><img decoding=\"async\" style=\"display:block;width:100%;height:auto\" width=\"100%\" height=\"auto\" src=\"https:\/\/ae01.alicdn.com\/kf\/Sef1ddba4fddc457eba1780ace9151089a.jpg?width=1000&amp;height=1000&amp;hash=2000\" usemap=\"#_sdmap_1\" slate-data-type=\"image\"\/><br \/><img decoding=\"async\" style=\"display:block;width:100%;height:auto\" width=\"100%\" height=\"auto\" src=\"https:\/\/ae01.alicdn.com\/kf\/Sdb6d316b0a6a4cc9a878157e576f7c69r.jpg?width=790&amp;height=1177&amp;hash=1967\" usemap=\"#_sdmap_2\" slate-data-type=\"image\"\/> <img decoding=\"async\" style=\"display:block;width:100%;height:auto\" width=\"100%\" height=\"auto\" src=\"https:\/\/ae01.alicdn.com\/kf\/S912eb62bdb3e4e70a338e1df158af8a6Z.jpg?width=790&amp;height=627&amp;hash=1417\" usemap=\"#_sdmap_6\" slate-data-type=\"image\"\/><br \/><img decoding=\"async\" style=\"display:block;width:100%;height:auto\" width=\"100%\" height=\"auto\" src=\"https:\/\/ae01.alicdn.com\/kf\/S934ec02a1e3c450ba905c50c7080c5139.jpg?width=790&amp;height=790&amp;hash=1580\" usemap=\"#_sdmap_7\" slate-data-type=\"image\"\/><br \/><img decoding=\"async\" src=\"https:\/\/ae01.alicdn.com\/kf\/Sc0bacb299a2e42d1867e216f466ed1a1R.jpg?width=790&amp;height=902&amp;hash=1692\" slate-data-type=\"image\"\/><br \/><img decoding=\"async\" style=\"display:block;width:100%;height:auto\" width=\"100%\" height=\"auto\" src=\"https:\/\/ae01.alicdn.com\/kf\/S21e96aa43dc14ebb903acd00385d79edt.jpg?width=790&amp;height=807&amp;hash=1597\" usemap=\"#_sdmap_9\" slate-data-type=\"image\"\/><br \/><img decoding=\"async\" style=\"display:block;width:100%;height:auto\" width=\"100%\" height=\"auto\" src=\"https:\/\/ae01.alicdn.com\/kf\/Sc4302755f40540aeb89f1444abf8e5770.jpg?width=790&amp;height=1462&amp;hash=2252\" usemap=\"#_sdmap_10\" slate-data-type=\"image\"\/><br \/><img decoding=\"async\" style=\"display:block;width:100%;height:auto\" width=\"100%\" height=\"auto\" src=\"https:\/\/ae01.alicdn.com\/kf\/S586081fe11674cfa9f283747da4788a7v.jpg?width=790&amp;height=1296&amp;hash=2086\" usemap=\"#_sdmap_11\" slate-data-type=\"image\"\/><br \/><img decoding=\"async\" style=\"display:block;width:100%;height:auto\" width=\"100%\" height=\"auto\" src=\"https:\/\/ae01.alicdn.com\/kf\/S2d1b3109e9e74078a65dfd7792e32afby.jpg?width=790&amp;height=1332&amp;hash=2122\" usemap=\"#_sdmap_12\" slate-data-type=\"image\"\/><br \/><img decoding=\"async\" style=\"display:block;width:100%;height:auto\" width=\"100%\" height=\"auto\" src=\"https:\/\/ae01.alicdn.com\/kf\/S484b4fad930e44c4b890e29231295db61.jpg?width=790&amp;height=1317&amp;hash=2107\" usemap=\"#_sdmap_13\" slate-data-type=\"image\"\/><br \/><img decoding=\"async\" style=\"display:block;width:100%;height:auto\" width=\"100%\" height=\"auto\" src=\"https:\/\/ae01.alicdn.com\/kf\/S1353aec6bf1449d1ad55b8f6deddc9f5m.jpg?width=790&amp;height=1337&amp;hash=2127\" usemap=\"#_sdmap_14\" slate-data-type=\"image\"\/><br \/><img decoding=\"async\" style=\"display:block;width:100%;height:auto\" width=\"100%\" height=\"auto\" src=\"https:\/\/ae01.alicdn.com\/kf\/Se41619fe11374c84ad5c94add4ace941e.jpg?width=790&amp;height=1330&amp;hash=2120\" usemap=\"#_sdmap_15\" slate-data-type=\"image\"\/><br \/><img decoding=\"async\" style=\"display:block;width:100%;height:auto\" width=\"100%\" height=\"auto\" src=\"https:\/\/ae01.alicdn.com\/kf\/S52db113cd7d546e28c434b1bb10a340fO.jpg?width=790&amp;height=1325&amp;hash=2115\" usemap=\"#_sdmap_16\" slate-data-type=\"image\"\/><br \/><img decoding=\"async\" style=\"display:block;width:100%;height:auto\" width=\"100%\" height=\"auto\" src=\"https:\/\/ae01.alicdn.com\/kf\/S6ef1c1904c1848529d50f4f47989535cs.jpg?width=790&amp;height=1325&amp;hash=2115\" usemap=\"#_sdmap_17\" slate-data-type=\"image\"\/><\/div>\n<\/div>\n<\/div>\n<p><\/p>","protected":false},"excerpt":{"rendered":"<p>Place Of Origin:&nbsp;China (mainland) Model Number:&nbsp;YJZ624 Y2k sunglasses Lens Width:&nbsp;75mm Lens Height:&nbsp;35mm Lenses Material:&nbsp;Polycarbonate Department Name:&nbsp;ADULT Gender:&nbsp;WOMEN Frame Material:&nbsp;Polycarbonate Lenses Optical Attribute:&nbsp;MIRROR,Gradient,UV400 Style:&nbsp;punk Brand Name:&nbsp;PONGEYES Item Type:&nbsp;EYEWEAR Eyewear Type:&nbsp;Sunglasses Origin:&nbsp;Mainland China Certification:&nbsp;CE Feature 1:&nbsp;Cyberpunk Sunglasses Feature 2:&nbsp;One Piece Sunglasses Feature 3:&nbsp;Trend Sunglasses Feature 4:&nbsp;Y2k Sunglasses Feature 5:&nbsp;Sports Sunglasses Feature 6:&nbsp;Wrap Around Sunglasses Support:&nbsp;Droshipping, Wholesale<\/p>","protected":false},"featured_media":11945,"template":"","meta":[],"product_brand":[],"product_cat":[486],"product_tag":[],"class_list":{"0":"post-11943","1":"product","2":"type-product","3":"status-publish","4":"has-post-thumbnail","6":"product_cat-women","8":"first","9":"instock","10":"taxable","11":"shipping-taxable","12":"purchasable","13":"product-type-variable"},"_links":{"self":[{"href":"https:\/\/lunettesoleil.ca\/fr\/wp-json\/wp\/v2\/product\/11943","targetHints":{"allow":["GET"]}}],"collection":[{"href":"https:\/\/lunettesoleil.ca\/fr\/wp-json\/wp\/v2\/product"}],"about":[{"href":"https:\/\/lunettesoleil.ca\/fr\/wp-json\/wp\/v2\/types\/product"}],"wp:featuredmedia":[{"embeddable":true,"href":"https:\/\/lunettesoleil.ca\/fr\/wp-json\/wp\/v2\/media\/11945"}],"wp:attachment":[{"href":"https:\/\/lunettesoleil.ca\/fr\/wp-json\/wp\/v2\/media?parent=11943"}],"wp:term":[{"taxonomy":"product_brand","embeddable":true,"href":"https:\/\/lunettesoleil.ca\/fr\/wp-json\/wp\/v2\/product_brand?post=11943"},{"taxonomy":"product_cat","embeddable":true,"href":"https:\/\/lunettesoleil.ca\/fr\/wp-json\/wp\/v2\/product_cat?post=11943"},{"taxonomy":"product_tag","embeddable":true,"href":"https:\/\/lunettesoleil.ca\/fr\/wp-json\/wp\/v2\/product_tag?post=11943"}],"curies":[{"name":"wp","href":"https:\/\/api.w.org\/{rel}","templated":true}]}}