{"id":12013,"date":"2024-06-04T13:10:53","date_gmt":"2024-06-04T17:10:53","guid":{"rendered":""},"modified":"2024-06-04T13:25:38","modified_gmt":"2024-06-04T17:25:38","slug":"oversized-square-rimless-sunglasses-women-2024-luxury-brand-designer-frameless-sun-glasses-for-female-big-frame-eyewear-shades","status":"publish","type":"product","link":"https:\/\/lunettesoleil.ca\/fr\/produit\/oversized-square-rimless-sunglasses-women-2024-luxury-brand-designer-frameless-sun-glasses-for-female-big-frame-eyewear-shades\/","title":{"rendered":"Surdimensionn\u00e9 Carr\u00e9 De Lunettes De Soleil Sans Monture Femmes 2024 Marque De Luxe De Concepteur De Sac-\u00c0-Lunettes De Soleil Pour Femme Big Frame Lunettes De Nuances"},"content":{"rendered":"<div class=\"product-specs-list-container\">\n<ul class=\"product-specs-list util-clearfix\">\n<li class=\"product-prop line-limit-length\"><span\n\t\t\t\t\t\t\t\t\t\tclass=\"property-title\">Lieu D&#039;Origine:&nbsp;<\/span><span\n\t\t\t\t\t\t\t\t\t\tclass=\"property-desc line-limit-length\">La chine (continentale)<\/span>\n\t\t\t\t\t\t\t<\/li>\n<li class=\"product-prop line-limit-length\"><span\n\t\t\t\t\t\t\t\t\t\tclass=\"property-title\">Num\u00e9ro De Mod\u00e8le:&nbsp;<\/span><span\n\t\t\t\t\t\t\t\t\t\tclass=\"property-desc line-limit-length\">ZS-98050<\/span>\n\t\t\t\t\t\t\t<\/li>\n<li class=\"product-prop line-limit-length\"><span\n\t\t\t\t\t\t\t\t\t\tclass=\"property-title\">Largeur Du Verre:&nbsp;<\/span><span\n\t\t\t\t\t\t\t\t\t\tclass=\"property-desc line-limit-length\">58mm<\/span>\n\t\t\t\t\t\t\t<\/li>\n<li class=\"product-prop line-limit-length\"><span\n\t\t\t\t\t\t\t\t\t\tclass=\"property-title\">La Hauteur De L&#039;Objectif:&nbsp;<\/span><span\n\t\t\t\t\t\t\t\t\t\tclass=\"property-desc line-limit-length\">55mm<\/span>\n\t\t\t\t\t\t\t<\/li>\n<li class=\"product-prop line-limit-length\"><span\n\t\t\t\t\t\t\t\t\t\tclass=\"property-title\">Mat\u00e9riel De Lentilles:&nbsp;<\/span><span\n\t\t\t\t\t\t\t\t\t\tclass=\"property-desc line-limit-length\">Polycarbonate<\/span>\n\t\t\t\t\t\t\t<\/li>\n<li class=\"product-prop line-limit-length\"><span\n\t\t\t\t\t\t\t\t\t\tclass=\"property-title\">Nom Du D\u00e9partement:&nbsp;<\/span><span\n\t\t\t\t\t\t\t\t\t\tclass=\"property-desc line-limit-length\">ADULTE<\/span>\n\t\t\t\t\t\t\t<\/li>\n<li class=\"product-prop line-limit-length\"><span\n\t\t\t\t\t\t\t\t\t\tclass=\"property-title\">Genre:&nbsp;<\/span><span\n\t\t\t\t\t\t\t\t\t\tclass=\"property-desc line-limit-length\">Les FEMMES<\/span>\n\t\t\t\t\t\t\t<\/li>\n<li class=\"product-prop line-limit-length\"><span\n\t\t\t\t\t\t\t\t\t\tclass=\"property-title\">Mat\u00e9riau Du Cadre:&nbsp;<\/span><span\n\t\t\t\t\t\t\t\t\t\tclass=\"property-desc line-limit-length\">En plastique<\/span>\n\t\t\t\t\t\t\t<\/li>\n<li class=\"product-prop line-limit-length\"><span\n\t\t\t\t\t\t\t\t\t\tclass=\"property-title\">Lentilles Optiques Attribut:&nbsp;<\/span><span\n\t\t\t\t\t\t\t\t\t\tclass=\"property-desc line-limit-length\">MIROIR,D\u00e9grad\u00e9,UV400<\/span>\n\t\t\t\t\t\t\t<\/li>\n<li class=\"product-prop line-limit-length\"><span\n\t\t\t\t\t\t\t\t\t\tclass=\"property-title\">Style:&nbsp;<\/span><span\n\t\t\t\t\t\t\t\t\t\tclass=\"property-desc line-limit-length\">Cercl\u00e9es<\/span>\n\t\t\t\t\t\t\t<\/li>\n<li class=\"product-prop line-limit-length\"><span\n\t\t\t\t\t\t\t\t\t\tclass=\"property-title\">Nom De Marque:&nbsp;<\/span><span\n\t\t\t\t\t\t\t\t\t\tclass=\"property-desc line-limit-length\">SEVENT PERSONNES<\/span>\n\t\t\t\t\t\t\t<\/li>\n<li class=\"product-prop line-limit-length\"><span\n\t\t\t\t\t\t\t\t\t\tclass=\"property-title\">Type D&#039;\u00c9l\u00e9ment:&nbsp;<\/span><span\n\t\t\t\t\t\t\t\t\t\tclass=\"property-desc line-limit-length\">LUNETTES<\/span>\n\t\t\t\t\t\t\t<\/li>\n<li class=\"product-prop line-limit-length\"><span\n\t\t\t\t\t\t\t\t\t\tclass=\"property-title\">Lunettes Type:&nbsp;<\/span><span\n\t\t\t\t\t\t\t\t\t\tclass=\"property-desc line-limit-length\">Lunettes de soleil<\/span>\n\t\t\t\t\t\t\t<\/li>\n<li class=\"product-prop line-limit-length\"><span\n\t\t\t\t\t\t\t\t\t\tclass=\"property-title\">Origine:&nbsp;<\/span><span\n\t\t\t\t\t\t\t\t\t\tclass=\"property-desc line-limit-length\">La Partie Continentale De La Chine<\/span>\n\t\t\t\t\t\t\t<\/li>\n<li class=\"product-prop line-limit-length\"><span\n\t\t\t\t\t\t\t\t\t\tclass=\"property-title\">Certification:&nbsp;<\/span><span\n\t\t\t\t\t\t\t\t\t\tclass=\"property-desc line-limit-length\">CE<\/span>\n\t\t\t\t\t\t\t<\/li>\n<li class=\"product-prop line-limit-length\"><span\n\t\t\t\t\t\t\t\t\t\tclass=\"property-title\">Caract\u00e9ristique 1:&nbsp;<\/span><span\n\t\t\t\t\t\t\t\t\t\tclass=\"property-desc line-limit-length\">Grosses Lunettes De Soleil<\/span>\n\t\t\t\t\t\t\t<\/li>\n<li class=\"product-prop line-limit-length\"><span\n\t\t\t\t\t\t\t\t\t\tclass=\"property-title\">Caract\u00e9ristique 2:&nbsp;<\/span><span\n\t\t\t\t\t\t\t\t\t\tclass=\"property-desc line-limit-length\">Square Des Lunettes De Soleil<\/span>\n\t\t\t\t\t\t\t<\/li>\n<li class=\"product-prop line-limit-length\"><span\n\t\t\t\t\t\t\t\t\t\tclass=\"property-title\">Caract\u00e9ristique 3:&nbsp;<\/span><span\n\t\t\t\t\t\t\t\t\t\tclass=\"property-desc line-limit-length\">Lunettes De Soleil Sans Monture<\/span>\n\t\t\t\t\t\t\t<\/li>\n<li class=\"product-prop line-limit-length\"><span\n\t\t\t\t\t\t\t\t\t\tclass=\"property-title\">Fonction 4:&nbsp;<\/span><span\n\t\t\t\t\t\t\t\t\t\tclass=\"property-desc line-limit-length\">Cadre Des Lunettes De Soleil<\/span>\n\t\t\t\t\t\t\t<\/li>\n<li class=\"product-prop line-limit-length\"><span\n\t\t\t\t\t\t\t\t\t\tclass=\"property-title\">Fonction 5:&nbsp;<\/span><span\n\t\t\t\t\t\t\t\t\t\tclass=\"property-desc line-limit-length\">Big Frame Lunettes De Soleil<\/span>\n\t\t\t\t\t\t\t<\/li>\n<li class=\"product-prop line-limit-length\"><span\n\t\t\t\t\t\t\t\t\t\tclass=\"property-title\">Article 6:&nbsp;<\/span><span\n\t\t\t\t\t\t\t\t\t\tclass=\"property-desc line-limit-length\">Abat-jour pour les Femmes<\/span>\n\t\t\t\t\t\t\t<\/li>\n<li class=\"product-prop line-limit-length\"><span\n\t\t\t\t\t\t\t\t\t\tclass=\"property-title\">Fonctionnalit\u00e9:&nbsp;<\/span><span\n\t\t\t\t\t\t\t\t\t\tclass=\"property-desc line-limit-length\">Livraison Gratuite \u00c9l\u00e9ment<\/span>\n\t\t\t\t\t\t\t<\/li>\n<li class=\"product-prop line-limit-length\"><span\n\t\t\t\t\t\t\t\t\t\tclass=\"property-title\">Package:&nbsp;<\/span><span\n\t\t\t\t\t\t\t\t\t\tclass=\"property-desc line-limit-length\">Avec un sac ou de la bo\u00eete<\/span>\n\t\t\t\t\t\t\t<\/li>\n<\/ul><\/div>\n<div class=\"detailmodule_html\">\n<div class=\"detail-desc-decorate-richtext\">\n<p><strong><span style=\"font-size:18pt\">Surdimensionn\u00e9 Carr\u00e9 De Lunettes De Soleil Sans Monture Femmes 2024 Marque De Luxe De Concepteur De Sac-\u00c0-Lunettes De Soleil Pour Femme Big Frame Lunettes De Nuances<\/span><\/strong><\/p>\n<div style=\"text-align:center\" align=\"center\"><img decoding=\"async\" src=\"https:\/\/ae01.alicdn.com\/kf\/S9ec4d78c152945bf9a649113932b3c72k.jpg\" slate-data-type=\"image\"\/> <br \/><img decoding=\"async\" src=\"https:\/\/ae01.alicdn.com\/kf\/S1173f432cbae40b9a475619863f0f8a67.jpg\" slate-data-type=\"image\"\/> <br \/><img decoding=\"async\" src=\"https:\/\/ae01.alicdn.com\/kf\/S20cd85841af8479da8f0020d7e6ac6f29.jpg\" slate-data-type=\"image\"\/> <br \/><img decoding=\"async\" src=\"https:\/\/ae01.alicdn.com\/kf\/S041747272f3c4f92a3e112c07f622b095.jpg\" slate-data-type=\"image\"\/> <br \/><img decoding=\"async\" src=\"https:\/\/ae01.alicdn.com\/kf\/Seb587e7d70894f0ab9997bf2b4f9f9dbz.jpg\" slate-data-type=\"image\"\/> <br \/><img decoding=\"async\" src=\"https:\/\/ae01.alicdn.com\/kf\/Sa38baa3174684b9f8f0fb482eb2d61e1F.jpg\" slate-data-type=\"image\"\/> <br \/><img decoding=\"async\" src=\"https:\/\/ae01.alicdn.com\/kf\/S0a710ac298a9489c9a854a83fb36ac5cv.jpg\" slate-data-type=\"image\"\/> <br \/><img decoding=\"async\" src=\"https:\/\/ae01.alicdn.com\/kf\/Sdb809aadacda4370b9fedf0036d1416cg.jpg\" slate-data-type=\"image\"\/> <br \/><img decoding=\"async\" src=\"https:\/\/ae01.alicdn.com\/kf\/S6b48aac4a79a447391c8bcc5c5bd7162G.jpg\" slate-data-type=\"image\"\/> <br \/><img decoding=\"async\" src=\"https:\/\/ae01.alicdn.com\/kf\/S70ce4db2d0dc43a5b499f6af34c04cb5z.jpg\" slate-data-type=\"image\"\/> <br \/><img decoding=\"async\" src=\"https:\/\/ae01.alicdn.com\/kf\/Sbb937ee06e66422093b0e0b2ece0a228E.jpg\" slate-data-type=\"image\"\/> <br \/><img decoding=\"async\" src=\"https:\/\/ae01.alicdn.com\/kf\/S54a5166e45c54bd18883e9ea5011d829g.jpg\" slate-data-type=\"image\"\/> <br \/><img decoding=\"async\" src=\"https:\/\/ae01.alicdn.com\/kf\/Sadd78f53e10a445cbf1c01e458fa9b04t.jpg\" slate-data-type=\"image\"\/> <br \/><img decoding=\"async\" src=\"https:\/\/ae01.alicdn.com\/kf\/S1d2f054621504b75b37d2a98695f130fi.jpg\" slate-data-type=\"image\"\/> <br \/><img decoding=\"async\" src=\"https:\/\/ae01.alicdn.com\/kf\/S4ddef0b325cd4e6a9cddce9afc2ede3aH.jpg\" slate-data-type=\"image\"\/> <br \/><img decoding=\"async\" src=\"https:\/\/ae01.alicdn.com\/kf\/S11f29c81eeb04904b7549bc0ae799d6dy.jpg\" slate-data-type=\"image\"\/> <br \/><img decoding=\"async\" src=\"https:\/\/ae01.alicdn.com\/kf\/S0fef55534e554e59b4c30182b87c5cfdz.jpg\" slate-data-type=\"image\"\/> <br \/><img decoding=\"async\" src=\"https:\/\/ae01.alicdn.com\/kf\/S366a244660224f879c20043d2ef51e439.jpg\" slate-data-type=\"image\"\/> <br \/><img decoding=\"async\" src=\"https:\/\/ae01.alicdn.com\/kf\/S62a76db47f144f56872be4963a8eb0d77.jpg\" slate-data-type=\"image\"\/> <br \/><img decoding=\"async\" src=\"https:\/\/ae01.alicdn.com\/kf\/Sffa1507e08144c02bd953dad38a418439.jpg\" slate-data-type=\"image\"\/> <br \/><img decoding=\"async\" src=\"https:\/\/ae01.alicdn.com\/kf\/Sd7b917cfa9d14c53ab4dbca4b8851d59t.jpg\" slate-data-type=\"image\"\/> <br \/><img decoding=\"async\" src=\"https:\/\/ae01.alicdn.com\/kf\/S99d469fe06244eb1bf89d7bca59a3a0a4.jpg\" slate-data-type=\"image\"\/><\/div>\n<\/p>\n<\/div>\n<\/div>\n<p><\/p>","protected":false},"excerpt":{"rendered":"<p>Place Of Origin:&nbsp;China (mainland) Model Number:&nbsp;ZS-98050 Lens Width:&nbsp;58mm Lens Height:&nbsp;55mm Lenses Material:&nbsp;Polycarbonate Department Name:&nbsp;ADULT Gender:&nbsp;WOMEN Frame Material:&nbsp;Plastic Lenses Optical Attribute:&nbsp;MIRROR,Gradient,UV400 Style:&nbsp;Rimless Brand Name:&nbsp;SEVENT PEOPLE Item Type:&nbsp;EYEWEAR Eyewear Type:&nbsp;Sunglasses Origin:&nbsp;Mainland China Certification:&nbsp;CE Feature 1:&nbsp;Oversized Sunglasses Feature 2:&nbsp;Square Sunglasses Feature 3:&nbsp;Rimless Sunglasses Feature 4:&nbsp;Frameless Sunglasses Feature 5:&nbsp;Big Frame Sunglasses Feature 6:&nbsp;Shades for Women Feature:&nbsp;Free Shipping Item Package:&nbsp;With [&#8230;]","protected":false},"featured_media":12014,"template":"","meta":[],"product_brand":[],"product_cat":[486],"product_tag":[],"class_list":{"0":"post-12013","1":"product","2":"type-product","3":"status-publish","4":"has-post-thumbnail","6":"product_cat-women","8":"first","9":"instock","10":"taxable","11":"shipping-taxable","12":"purchasable","13":"product-type-variable"},"_links":{"self":[{"href":"https:\/\/lunettesoleil.ca\/fr\/wp-json\/wp\/v2\/product\/12013","targetHints":{"allow":["GET"]}}],"collection":[{"href":"https:\/\/lunettesoleil.ca\/fr\/wp-json\/wp\/v2\/product"}],"about":[{"href":"https:\/\/lunettesoleil.ca\/fr\/wp-json\/wp\/v2\/types\/product"}],"wp:featuredmedia":[{"embeddable":true,"href":"https:\/\/lunettesoleil.ca\/fr\/wp-json\/wp\/v2\/media\/12014"}],"wp:attachment":[{"href":"https:\/\/lunettesoleil.ca\/fr\/wp-json\/wp\/v2\/media?parent=12013"}],"wp:term":[{"taxonomy":"product_brand","embeddable":true,"href":"https:\/\/lunettesoleil.ca\/fr\/wp-json\/wp\/v2\/product_brand?post=12013"},{"taxonomy":"product_cat","embeddable":true,"href":"https:\/\/lunettesoleil.ca\/fr\/wp-json\/wp\/v2\/product_cat?post=12013"},{"taxonomy":"product_tag","embeddable":true,"href":"https:\/\/lunettesoleil.ca\/fr\/wp-json\/wp\/v2\/product_tag?post=12013"}],"curies":[{"name":"wp","href":"https:\/\/api.w.org\/{rel}","templated":true}]}}