{"id":12039,"date":"2024-06-04T13:10:59","date_gmt":"2024-06-04T17:10:59","guid":{"rendered":""},"modified":"2024-06-09T19:17:25","modified_gmt":"2024-06-09T23:17:25","slug":"punk-sunglasses-women-designer-vintage-western-style-sun-glasses-for-ladies-future-style-2024-trendy-dazzling-cool-glasses-men","status":"publish","type":"product","link":"https:\/\/lunettesoleil.ca\/fr\/produit\/punk-sunglasses-women-designer-vintage-western-style-sun-glasses-for-ladies-future-style-2024-trendy-dazzling-cool-glasses-men\/","title":{"rendered":"Punk Lunettes De Soleil Des Femmes De Concepteur Mill\u00e9sime De L&#039;Ouest De Style De Lunettes De Soleil Pour Les Dames Futur Style De 2024 Tendance \u00c9blouissante Cool Lunettes Hommes"},"content":{"rendered":"<div class=\"product-specs-list-container\">\n<ul class=\"product-specs-list util-clearfix\">\n<li class=\"product-prop line-limit-length\"><span\n\t\t\t\t\t\t\t\t\t\tclass=\"property-title\">Lieu D&#039;Origine:&nbsp;<\/span><span\n\t\t\t\t\t\t\t\t\t\tclass=\"property-desc line-limit-length\">La chine (continentale)<\/span>\n\t\t\t\t\t\t\t<\/li>\n<li class=\"product-prop line-limit-length\"><span\n\t\t\t\t\t\t\t\t\t\tclass=\"property-title\">Largeur Du Verre:&nbsp;<\/span><span\n\t\t\t\t\t\t\t\t\t\tclass=\"property-desc line-limit-length\">6cm\/2,36<\/span>\n\t\t\t\t\t\t\t<\/li>\n<li class=\"product-prop line-limit-length\"><span\n\t\t\t\t\t\t\t\t\t\tclass=\"property-title\">La Hauteur De L&#039;Objectif:&nbsp;<\/span><span\n\t\t\t\t\t\t\t\t\t\tclass=\"property-desc line-limit-length\">3,8 cm\/1,49 en<\/span>\n\t\t\t\t\t\t\t<\/li>\n<li class=\"product-prop line-limit-length\"><span\n\t\t\t\t\t\t\t\t\t\tclass=\"property-title\">Mat\u00e9riel De Lentilles:&nbsp;<\/span><span\n\t\t\t\t\t\t\t\t\t\tclass=\"property-desc line-limit-length\">En plastique<\/span>\n\t\t\t\t\t\t\t<\/li>\n<li class=\"product-prop line-limit-length\"><span\n\t\t\t\t\t\t\t\t\t\tclass=\"property-title\">Nom Du D\u00e9partement:&nbsp;<\/span><span\n\t\t\t\t\t\t\t\t\t\tclass=\"property-desc line-limit-length\">ADULTE<\/span>\n\t\t\t\t\t\t\t<\/li>\n<li class=\"product-prop line-limit-length\"><span\n\t\t\t\t\t\t\t\t\t\tclass=\"property-title\">Genre:&nbsp;<\/span><span\n\t\t\t\t\t\t\t\t\t\tclass=\"property-desc line-limit-length\">Les FEMMES<\/span>\n\t\t\t\t\t\t\t<\/li>\n<li class=\"product-prop line-limit-length\"><span\n\t\t\t\t\t\t\t\t\t\tclass=\"property-title\">Mat\u00e9riau Du Cadre:&nbsp;<\/span><span\n\t\t\t\t\t\t\t\t\t\tclass=\"property-desc line-limit-length\">En plastique<\/span>\n\t\t\t\t\t\t\t<\/li>\n<li class=\"product-prop line-limit-length\"><span\n\t\t\t\t\t\t\t\t\t\tclass=\"property-title\">Lentilles Optiques Attribut:&nbsp;<\/span><span\n\t\t\t\t\t\t\t\t\t\tclass=\"property-desc line-limit-length\">UV400<\/span>\n\t\t\t\t\t\t\t<\/li>\n<li class=\"product-prop line-limit-length\"><span\n\t\t\t\t\t\t\t\t\t\tclass=\"property-title\">Style:&nbsp;<\/span><span\n\t\t\t\t\t\t\t\t\t\tclass=\"property-desc line-limit-length\">Wrap<\/span>\n\t\t\t\t\t\t\t<\/li>\n<li class=\"product-prop line-limit-length\"><span\n\t\t\t\t\t\t\t\t\t\tclass=\"property-title\">Nom De Marque:&nbsp;<\/span><span\n\t\t\t\t\t\t\t\t\t\tclass=\"property-desc line-limit-length\">GZHOUSE<\/span>\n\t\t\t\t\t\t\t<\/li>\n<li class=\"product-prop line-limit-length\"><span\n\t\t\t\t\t\t\t\t\t\tclass=\"property-title\">Type D&#039;\u00c9l\u00e9ment:&nbsp;<\/span><span\n\t\t\t\t\t\t\t\t\t\tclass=\"property-desc line-limit-length\">LUNETTES<\/span>\n\t\t\t\t\t\t\t<\/li>\n<li class=\"product-prop line-limit-length\"><span\n\t\t\t\t\t\t\t\t\t\tclass=\"property-title\">Lunettes Type:&nbsp;<\/span><span\n\t\t\t\t\t\t\t\t\t\tclass=\"property-desc line-limit-length\">Lunettes de soleil<\/span>\n\t\t\t\t\t\t\t<\/li>\n<li class=\"product-prop line-limit-length\"><span\n\t\t\t\t\t\t\t\t\t\tclass=\"property-title\">Origine:&nbsp;<\/span><span\n\t\t\t\t\t\t\t\t\t\tclass=\"property-desc line-limit-length\">La Partie Continentale De La Chine<\/span>\n\t\t\t\t\t\t\t<\/li>\n<\/ul><\/div>\n<div class=\"detailmodule_html\">\n<div class=\"detail-desc-decorate-richtext\">\n<div><span>Lunettes de soleil Accessoires Lunettes Cyclisme Sports de plein air Lunettes de Soleil Punk Lunettes de soleil UV385 R\u00e9tro de Style Occidental de la Mode<\/span><\/div>\n<div>\n<div><span>Description:<\/span><\/div>\n<p><span>100% tout neuf et de haute qualit\u00e9.<\/span><\/p>\n<p><span>Mat\u00e9riel:mat\u00e9riel de Lentille:AC<\/span><\/p>\n<p><span>Mat\u00e9riau du cadre:PC<\/span><\/p>\n<p><span>Couleur:noir,blanc,argent,gris,bleu<\/span><\/p>\n<p><span>Taille:Comme le montre\u00a0<\/span><\/p>\n<p><span>(1 pouce = 25.4 mm ou 1mm = 0.0393 pouce)<\/span><\/p>\n<p><span>Le Forfait Comprend:Les<\/span><\/p>\n<p><span>1PC Lunettes de soleil<\/span><\/p>\n<p><span>Avis:<\/span><\/p>\n<p><span>1. S&#039;il vous pla\u00eet permettre 2-3% d&#039;erreur en raison de la mesure manuelle.<\/span><\/p>\n<p><span>Veuillez assurez-vous que vous n&#039;avez pas l&#039;esprit avant d&#039;ench\u00e9rir.<\/span><\/p>\n<p><span>2. Les couleurs peuvent avoir diff\u00e9rentes comme la diff\u00e9rence d&#039;affichage,s&#039;il vous pla\u00eet comprendre.<\/span><\/p>\n<\/div>\n<p><img decoding=\"async\" style=\"max-width:100%\" src=\"https:\/\/ae01.alicdn.com\/kf\/S5a8bb9ca36cd4542b841b65fe052f627l.jpg\" slate-data-type=\"image\"\/><\/p>\n<p><img decoding=\"async\" style=\"max-width:100%\" src=\"https:\/\/ae01.alicdn.com\/kf\/S57594ed9303d4c209b62db5cb987eaa1v.jpg\" slate-data-type=\"image\"\/><\/p>\n<p><img decoding=\"async\" style=\"max-width:100%\" src=\"https:\/\/ae01.alicdn.com\/kf\/S12432a9b54b34b13aba83eea3799bfb5P.jpg\" slate-data-type=\"image\"\/><\/p>\n<p><img decoding=\"async\" style=\"max-width:100%\" src=\"https:\/\/ae01.alicdn.com\/kf\/Sadb7fa2668924ec58727ca6c97480d66Q.jpg\" slate-data-type=\"image\"\/><\/p>\n<p><img decoding=\"async\" style=\"max-width:100%\" src=\"https:\/\/ae01.alicdn.com\/kf\/S20e04e5a316948e4963bc697a220a3ect.jpg\" slate-data-type=\"image\"\/><\/p>\n<p><img decoding=\"async\" style=\"max-width:100%\" src=\"https:\/\/ae01.alicdn.com\/kf\/S57436755884a498f905d5a50c62ed6ecu.jpg\" slate-data-type=\"image\"\/><\/p>\n<p><img decoding=\"async\" style=\"max-width:100%\" src=\"https:\/\/ae01.alicdn.com\/kf\/S75c0f16b920844e8bffd452ffbfb017aO.jpg\" slate-data-type=\"image\"\/><\/p>\n<p><img decoding=\"async\" style=\"max-width:100%\" src=\"https:\/\/ae01.alicdn.com\/kf\/Se3b2c583f1c140e088c84ccbd7a0769bD.jpg\" slate-data-type=\"image\"\/><\/p>\n<p><img decoding=\"async\" style=\"max-width:100%\" src=\"https:\/\/ae01.alicdn.com\/kf\/S5d85de77de424650b1d462e98b263900g.jpg\" slate-data-type=\"image\"\/><\/p>\n<p><\/p>\n<\/div>\n<\/div>\n<p><\/p>","protected":false},"excerpt":{"rendered":"<p>Place Of Origin:&nbsp;China (mainland) Lens Width:&nbsp;6cm\/2.36in Lens Height:&nbsp;3.8cm\/1.49in Lenses Material:&nbsp;Plastic Department Name:&nbsp;ADULT Gender:&nbsp;WOMEN Frame Material:&nbsp;Plastic Lenses Optical Attribute:&nbsp;UV400 Style:&nbsp;Wrap Brand Name:&nbsp;GZHOUSE Item Type:&nbsp;EYEWEAR Eyewear Type:&nbsp;Sunglasses Origin:&nbsp;Mainland China Sunglasses Accessories Cycling Glasses Outdoor Sports Sun Glasses Punk Sunglasses UV385 Retro Western Style Fashion Description: 100% Brand New and high quality. Material:Lens material:AC Frame material:PC Color:black,white,silver,grey,blue Size:As [&#8230;]","protected":false},"featured_media":12041,"template":"","meta":[],"product_brand":[],"product_cat":[486],"product_tag":[],"class_list":{"0":"post-12039","1":"product","2":"type-product","3":"status-publish","4":"has-post-thumbnail","6":"product_cat-women","8":"first","9":"instock","10":"taxable","11":"shipping-taxable","12":"purchasable","13":"product-type-variable"},"_links":{"self":[{"href":"https:\/\/lunettesoleil.ca\/fr\/wp-json\/wp\/v2\/product\/12039","targetHints":{"allow":["GET"]}}],"collection":[{"href":"https:\/\/lunettesoleil.ca\/fr\/wp-json\/wp\/v2\/product"}],"about":[{"href":"https:\/\/lunettesoleil.ca\/fr\/wp-json\/wp\/v2\/types\/product"}],"wp:featuredmedia":[{"embeddable":true,"href":"https:\/\/lunettesoleil.ca\/fr\/wp-json\/wp\/v2\/media\/12041"}],"wp:attachment":[{"href":"https:\/\/lunettesoleil.ca\/fr\/wp-json\/wp\/v2\/media?parent=12039"}],"wp:term":[{"taxonomy":"product_brand","embeddable":true,"href":"https:\/\/lunettesoleil.ca\/fr\/wp-json\/wp\/v2\/product_brand?post=12039"},{"taxonomy":"product_cat","embeddable":true,"href":"https:\/\/lunettesoleil.ca\/fr\/wp-json\/wp\/v2\/product_cat?post=12039"},{"taxonomy":"product_tag","embeddable":true,"href":"https:\/\/lunettesoleil.ca\/fr\/wp-json\/wp\/v2\/product_tag?post=12039"}],"curies":[{"name":"wp","href":"https:\/\/api.w.org\/{rel}","templated":true}]}}