{"id":12279,"date":"2024-06-04T19:31:14","date_gmt":"2024-06-04T23:31:14","guid":{"rendered":""},"modified":"2025-07-09T23:57:39","modified_gmt":"2025-07-10T03:57:39","slug":"board-retro-frame-1439s-box-polarized-sunglasses-european-and-american-personalized-fashion-sunglasses","status":"publish","type":"product","link":"https:\/\/lunettesoleil.ca\/fr\/produit\/board-retro-frame-1439s-box-polarized-sunglasses-european-and-american-personalized-fashion-sunglasses\/","title":{"rendered":"Conseil r\u00e9tro cadre 1439S de la bo\u00eete de lunettes de soleil polaris\u00e9es, Europ\u00e9enne et Am\u00e9ricaine de lunettes de soleil de mode personnalis\u00e9"},"content":{"rendered":"<p>&nbsp;<\/p>\n<div class=\"product-specs-list-container\">\n<ul class=\"product-specs-list util-clearfix\">\n<li class=\"product-prop line-limit-length\"><span class=\"property-title\">Lieu D&#039;Origine:\u00a0<\/span><span class=\"property-desc line-limit-length\">La chine (continentale)<\/span><\/li>\n<li class=\"product-prop line-limit-length\"><span class=\"property-title\">Mod\u00e8le Type:\u00a0<\/span><span class=\"property-desc line-limit-length\">Solide<\/span><\/li>\n<li class=\"product-prop line-limit-length\"><span class=\"property-title\">Genre:\u00a0<\/span><span class=\"property-desc line-limit-length\">Les HOMMES<\/span><\/li>\n<li class=\"product-prop line-limit-length\"><span class=\"property-title\">Mat\u00e9riau Du Cadre:\u00a0<\/span><span class=\"property-desc line-limit-length\">Ac\u00e9tate de<\/span><\/li>\n<li class=\"product-prop line-limit-length\"><span class=\"property-title\">Nom De Marque:\u00a0<\/span><span class=\"property-desc line-limit-length\">DONC LE VENT EN DOUCEUR<\/span><\/li>\n<li class=\"product-prop line-limit-length\"><span class=\"property-title\">Origine:\u00a0<\/span><span class=\"property-desc line-limit-length\">La Partie Continentale De La Chine<\/span><\/li>\n<li class=\"product-prop line-limit-length\"><span class=\"property-title\">Lunettes Accessoires:\u00a0<\/span><span class=\"property-desc line-limit-length\">IMAGES<\/span><\/li>\n<li class=\"product-prop line-limit-length\"><span class=\"property-title\">Type D&#039;\u00c9l\u00e9ment:\u00a0<\/span><span class=\"property-desc line-limit-length\">Lunettes Accessoires<\/span><\/li>\n<li class=\"product-prop line-limit-length\"><span class=\"property-title\">Certification:\u00a0<\/span><span class=\"property-desc line-limit-length\">AUCUN<\/span><\/li>\n<\/ul>\n<\/div>\n<div class=\"detailmodule_html\">\n<div class=\"detail-desc-decorate-richtext\">\n<div id=\"offer-template-0\"><\/div>\n<p>&nbsp;<\/p>\n<p><img decoding=\"async\" src=\"https:\/\/ae01.alicdn.com\/kf\/S9460c5674acb4fb9a8f80ce6824608343.jpg?width=790&amp;height=1698&amp;hash=2488\" \/><\/p>\n<p><img decoding=\"async\" src=\"https:\/\/ae01.alicdn.com\/kf\/Sceca5637061c41bbaf6c399e4bc10b80B.jpg?width=790&amp;height=790&amp;hash=1580\" \/><\/p>\n<p><img decoding=\"async\" src=\"https:\/\/ae01.alicdn.com\/kf\/S9135aca816bb49c2bc6288d3cb459885L.jpg?width=790&amp;height=790&amp;hash=1580\" \/><\/p>\n<p><img decoding=\"async\" src=\"https:\/\/ae01.alicdn.com\/kf\/Sa93f395589e348ae813491129be17e89K.jpg?width=790&amp;height=790&amp;hash=1580\" \/><\/p>\n<p><img decoding=\"async\" src=\"https:\/\/ae01.alicdn.com\/kf\/S27aaded10a9142c7bbda15aee099e726x.jpg?width=790&amp;height=790&amp;hash=1580\" \/><\/p>\n<p><img decoding=\"async\" src=\"https:\/\/ae01.alicdn.com\/kf\/S8f2ba0e36d7b476d9fb3012213744ebfI.jpg?width=800&amp;height=800&amp;hash=1600\" \/><\/p>\n<p><img decoding=\"async\" src=\"https:\/\/ae01.alicdn.com\/kf\/S27a31e7f13894199836fb02b980eff90d.jpg?width=800&amp;height=800&amp;hash=1600\" \/><\/p>\n<p><img decoding=\"async\" src=\"https:\/\/ae01.alicdn.com\/kf\/Sac0ce9a9b4a2493fb16c60f0877b697cj.jpg?width=800&amp;height=800&amp;hash=1600\" \/><\/p>\n<p><img decoding=\"async\" src=\"https:\/\/ae01.alicdn.com\/kf\/S9b9a4ddb830b4ae9b6e64a085d03ed1an.jpg?width=800&amp;height=800&amp;hash=1600\" \/><\/p>\n<p><img decoding=\"async\" src=\"https:\/\/ae01.alicdn.com\/kf\/Sf059575c989f4330839cd6d214ae4aecY.jpg?width=800&amp;height=800&amp;hash=1600\" \/><\/p>\n<\/div>\n<\/div>\n<p>&nbsp;<\/p>","protected":false},"excerpt":{"rendered":"<p>&nbsp; Place Of Origin:\u00a0China (mainland) Pattern Type:\u00a0Solid Gender:\u00a0MEN Frame Material:\u00a0Acetate Brand Name:\u00a0SO SMOOTH WIND Origin:\u00a0Mainland China Eyewear Accessories:\u00a0FRAMES Item Type:\u00a0Eyewear Accessories Certification:\u00a0NONE &nbsp; &nbsp;<\/p>","protected":false},"featured_media":12280,"template":"","meta":[],"product_brand":[],"product_cat":[2325],"product_tag":[],"class_list":{"0":"post-12279","1":"product","2":"type-product","3":"status-publish","4":"has-post-thumbnail","6":"product_cat-sale","8":"first","9":"instock","10":"taxable","11":"shipping-taxable","12":"purchasable","13":"product-type-variable"},"_links":{"self":[{"href":"https:\/\/lunettesoleil.ca\/fr\/wp-json\/wp\/v2\/product\/12279","targetHints":{"allow":["GET"]}}],"collection":[{"href":"https:\/\/lunettesoleil.ca\/fr\/wp-json\/wp\/v2\/product"}],"about":[{"href":"https:\/\/lunettesoleil.ca\/fr\/wp-json\/wp\/v2\/types\/product"}],"wp:featuredmedia":[{"embeddable":true,"href":"https:\/\/lunettesoleil.ca\/fr\/wp-json\/wp\/v2\/media\/12280"}],"wp:attachment":[{"href":"https:\/\/lunettesoleil.ca\/fr\/wp-json\/wp\/v2\/media?parent=12279"}],"wp:term":[{"taxonomy":"product_brand","embeddable":true,"href":"https:\/\/lunettesoleil.ca\/fr\/wp-json\/wp\/v2\/product_brand?post=12279"},{"taxonomy":"product_cat","embeddable":true,"href":"https:\/\/lunettesoleil.ca\/fr\/wp-json\/wp\/v2\/product_cat?post=12279"},{"taxonomy":"product_tag","embeddable":true,"href":"https:\/\/lunettesoleil.ca\/fr\/wp-json\/wp\/v2\/product_tag?post=12279"}],"curies":[{"name":"wp","href":"https:\/\/api.w.org\/{rel}","templated":true}]}}