{"id":12532,"date":"2024-06-04T19:39:59","date_gmt":"2024-06-04T23:39:59","guid":{"rendered":""},"modified":"2024-06-07T23:30:40","modified_gmt":"2024-06-08T03:30:40","slug":"retro-sunglasses-chain-for-women-fashion-neck-holder-strap-decorative-glasses-chain-lanyards-glasses-accessories","status":"publish","type":"product","link":"https:\/\/lunettesoleil.ca\/fr\/produit\/retro-sunglasses-chain-for-women-fashion-neck-holder-strap-decorative-glasses-chain-lanyards-glasses-accessories\/","title":{"rendered":"R\u00e9tro Des Lunettes De Soleil De La Cha\u00eene Pour Les Femmes De La Mode Nuque, Sangle De Verres D\u00e9coratifs De La Cha\u00eene D&#039;Longes Accessoires Lunettes"},"content":{"rendered":"<p>&nbsp;<\/p>\n<div class=\"product-specs-list-container\">\n<ul class=\"product-specs-list util-clearfix\">\n<li class=\"product-prop line-limit-length\"><span class=\"property-title\">Lieu D&#039;Origine:\u00a0<\/span><span class=\"property-desc line-limit-length\">La chine (continentale)<\/span><\/li>\n<li class=\"product-prop line-limit-length\"><span class=\"property-title\">Mod\u00e8le Type:\u00a0<\/span><span class=\"property-desc line-limit-length\">Solide<\/span><\/li>\n<li class=\"product-prop line-limit-length\"><span class=\"property-title\">Num\u00e9ro De Mod\u00e8le:\u00a0<\/span><span class=\"property-desc line-limit-length\">EA02<\/span><\/li>\n<li class=\"product-prop line-limit-length\"><span class=\"property-title\">M\u00e9taux Type:\u00a0<\/span><span class=\"property-desc line-limit-length\">En alliage de Zinc<\/span><\/li>\n<li class=\"product-prop line-limit-length\"><span class=\"property-title\">\u00c9l\u00e9ment De Longueur:\u00a0<\/span><span class=\"property-desc line-limit-length\">70cm<\/span><\/li>\n<li class=\"product-prop line-limit-length\"><span class=\"property-title\">Mat\u00e9riel:\u00a0<\/span><span class=\"property-desc line-limit-length\">M\u00e9tal<\/span><\/li>\n<li class=\"product-prop line-limit-length\"><span class=\"property-title\">Genre:\u00a0<\/span><span class=\"property-desc line-limit-length\">Les FEMMES<\/span><\/li>\n<li class=\"product-prop line-limit-length\"><span class=\"property-title\">Origine:\u00a0<\/span><span class=\"property-desc line-limit-length\">La Partie Continentale De La Chine<\/span><\/li>\n<li class=\"product-prop line-limit-length\"><span class=\"property-title\">CN:\u00a0<\/span><span class=\"property-desc line-limit-length\">Zhejiang<\/span><\/li>\n<li class=\"product-prop line-limit-length\"><span class=\"property-title\">Lunettes Accessoires:\u00a0<\/span><span class=\"property-desc line-limit-length\">Des Cha\u00eenes Et Cordons D&#039;Assujettissement<\/span><\/li>\n<li class=\"product-prop line-limit-length\"><span class=\"property-title\">Type D&#039;\u00c9l\u00e9ment:\u00a0<\/span><span class=\"property-desc line-limit-length\">Lunettes Accessoires<\/span><\/li>\n<li class=\"product-prop line-limit-length\"><span class=\"property-title\">poids:\u00a0<\/span><span class=\"property-desc line-limit-length\">37g<\/span><\/li>\n<li class=\"product-prop line-limit-length\"><span class=\"property-title\">couleur:\u00a0<\/span><span class=\"property-desc line-limit-length\">black white<\/span><\/li>\n<\/ul>\n<\/div>\n<div class=\"detailmodule_dynamic\"><\/div>\n<div class=\"detailmodule_html\">\n<div class=\"detail-desc-decorate-richtext\">\n<p>&nbsp;<\/p>\n<p><span style=\"font-size: 16px;\"><span style=\"font-family: sans-serif;\"><span style=\"color: #ff0000;\">Note:<\/span><\/span><\/span><span style=\"font-size: 16px;\"><span style=\"font-family: sans-serif;\">cette cha\u00eene mat\u00e9riel est en plastique\u00a0<\/span><\/span><\/p>\n<p><img decoding=\"async\" src=\"https:\/\/ae01.alicdn.com\/kf\/HTB1ay0fKv1TBuNjy0Fjq6yjyXXar.jpg\" \/><img decoding=\"async\" src=\"https:\/\/ae01.alicdn.com\/kf\/HTB1fCRSKhSYBuNjSsphq6zGvVXaR.jpg\" \/><img decoding=\"async\" src=\"https:\/\/ae01.alicdn.com\/kf\/HTB1p4hfKaSWBuNjSsrbq6y0mVXa6.jpg\" \/><img decoding=\"async\" src=\"https:\/\/ae01.alicdn.com\/kf\/HTB1Wca4KeuSBuNjy1Xcq6AYjFXa9.jpg\" \/><\/p>\n<p>&nbsp;<\/p>\n<\/div>\n<\/div>","protected":false},"excerpt":{"rendered":"<p>&nbsp; Place Of Origin:\u00a0China (mainland) Pattern Type:\u00a0Solid Model Number:\u00a0EA02 Metals Type:\u00a0Zinc alloy Item Length:\u00a070cm Material:\u00a0Metal Gender:\u00a0WOMEN Origin:\u00a0Mainland China CN:\u00a0Zhejiang Eyewear Accessories:\u00a0Chains &amp; Lanyards Item Type:\u00a0Eyewear Accessories weight:\u00a037g color:\u00a0black white &nbsp; Note:this chain material is plastic\u00a0 &nbsp;<\/p>","protected":false},"featured_media":12533,"template":"","meta":[],"product_brand":[],"product_cat":[486],"product_tag":[],"class_list":{"0":"post-12532","1":"product","2":"type-product","3":"status-publish","4":"has-post-thumbnail","6":"product_cat-women","8":"first","9":"instock","10":"taxable","11":"shipping-taxable","12":"purchasable","13":"product-type-variable"},"_links":{"self":[{"href":"https:\/\/lunettesoleil.ca\/fr\/wp-json\/wp\/v2\/product\/12532","targetHints":{"allow":["GET"]}}],"collection":[{"href":"https:\/\/lunettesoleil.ca\/fr\/wp-json\/wp\/v2\/product"}],"about":[{"href":"https:\/\/lunettesoleil.ca\/fr\/wp-json\/wp\/v2\/types\/product"}],"wp:featuredmedia":[{"embeddable":true,"href":"https:\/\/lunettesoleil.ca\/fr\/wp-json\/wp\/v2\/media\/12533"}],"wp:attachment":[{"href":"https:\/\/lunettesoleil.ca\/fr\/wp-json\/wp\/v2\/media?parent=12532"}],"wp:term":[{"taxonomy":"product_brand","embeddable":true,"href":"https:\/\/lunettesoleil.ca\/fr\/wp-json\/wp\/v2\/product_brand?post=12532"},{"taxonomy":"product_cat","embeddable":true,"href":"https:\/\/lunettesoleil.ca\/fr\/wp-json\/wp\/v2\/product_cat?post=12532"},{"taxonomy":"product_tag","embeddable":true,"href":"https:\/\/lunettesoleil.ca\/fr\/wp-json\/wp\/v2\/product_tag?post=12532"}],"curies":[{"name":"wp","href":"https:\/\/api.w.org\/{rel}","templated":true}]}}