{"id":12586,"date":"2024-06-04T19:40:31","date_gmt":"2024-06-04T23:40:31","guid":{"rendered":""},"modified":"2024-06-09T19:35:49","modified_gmt":"2024-06-09T23:35:49","slug":"fashion-reading-glasses-chain-with-cross-pendant-women-metal-cords-sunglasses-spectacles-holders-eyeglass-lanyard-strap","status":"publish","type":"product","link":"https:\/\/lunettesoleil.ca\/fr\/produit\/fashion-reading-glasses-chain-with-cross-pendant-women-metal-cords-sunglasses-spectacles-holders-eyeglass-lanyard-strap\/","title":{"rendered":"La mode des Lunettes de Lecture de la Cha\u00eene avec Pendentif en forme de Croix des Femmes c\u00e2bles M\u00e9talliques des Lunettes de soleil Lunettes Porteurs de Lunettes Bracelet Cordon"},"content":{"rendered":"<div class=\"product-specs-list-container\">\n<ul class=\"product-specs-list util-clearfix\">\n<li class=\"product-prop line-limit-length\"><span\n\t\t\t\t\t\t\t\t\t\tclass=\"property-title\">Mod\u00e8le Type:&nbsp;<\/span><span\n\t\t\t\t\t\t\t\t\t\tclass=\"property-desc line-limit-length\">Solide<\/span>\n\t\t\t\t\t\t\t<\/li>\n<li class=\"product-prop line-limit-length\"><span\n\t\t\t\t\t\t\t\t\t\tclass=\"property-title\">M\u00e9taux Type:&nbsp;<\/span><span\n\t\t\t\t\t\t\t\t\t\tclass=\"property-desc line-limit-length\">En alliage de Zinc<\/span>\n\t\t\t\t\t\t\t<\/li>\n<li class=\"product-prop line-limit-length\"><span\n\t\t\t\t\t\t\t\t\t\tclass=\"property-title\">\u00c9l\u00e9ment De Longueur:&nbsp;<\/span><span\n\t\t\t\t\t\t\t\t\t\tclass=\"property-desc line-limit-length\">68cm<\/span>\n\t\t\t\t\t\t\t<\/li>\n<li class=\"product-prop line-limit-length\"><span\n\t\t\t\t\t\t\t\t\t\tclass=\"property-title\">Mat\u00e9riel:&nbsp;<\/span><span\n\t\t\t\t\t\t\t\t\t\tclass=\"property-desc line-limit-length\">M\u00e9tal<\/span>\n\t\t\t\t\t\t\t<\/li>\n<li class=\"product-prop line-limit-length\"><span\n\t\t\t\t\t\t\t\t\t\tclass=\"property-title\">Genre:&nbsp;<\/span><span\n\t\t\t\t\t\t\t\t\t\tclass=\"property-desc line-limit-length\">Les FEMMES<\/span>\n\t\t\t\t\t\t\t<\/li>\n<li class=\"product-prop line-limit-length\"><span\n\t\t\t\t\t\t\t\t\t\tclass=\"property-title\">Type D&#039;\u00c9l\u00e9ment:&nbsp;<\/span><span\n\t\t\t\t\t\t\t\t\t\tclass=\"property-desc line-limit-length\">Lunettes Accessoires<\/span>\n\t\t\t\t\t\t\t<\/li>\n<li class=\"product-prop line-limit-length\"><span\n\t\t\t\t\t\t\t\t\t\tclass=\"property-title\">Lunettes Accessoires:&nbsp;<\/span><span\n\t\t\t\t\t\t\t\t\t\tclass=\"property-desc line-limit-length\">Des Cha\u00eenes Et Cordons D&#039;Assujettissement<\/span>\n\t\t\t\t\t\t\t<\/li>\n<li class=\"product-prop line-limit-length\"><span\n\t\t\t\t\t\t\t\t\t\tclass=\"property-title\">CN:&nbsp;<\/span><span\n\t\t\t\t\t\t\t\t\t\tclass=\"property-desc line-limit-length\">Zhejiang<\/span>\n\t\t\t\t\t\t\t<\/li>\n<li class=\"product-prop line-limit-length\"><span\n\t\t\t\t\t\t\t\t\t\tclass=\"property-title\">Origine:&nbsp;<\/span><span\n\t\t\t\t\t\t\t\t\t\tclass=\"property-desc line-limit-length\">La Partie Continentale De La Chine<\/span>\n\t\t\t\t\t\t\t<\/li>\n<li class=\"product-prop line-limit-length\"><span\n\t\t\t\t\t\t\t\t\t\tclass=\"property-title\">type1:&nbsp;<\/span><span\n\t\t\t\t\t\t\t\t\t\tclass=\"property-desc line-limit-length\">Lunettes De Cha\u00eene<\/span>\n\t\t\t\t\t\t\t<\/li>\n<li class=\"product-prop line-limit-length\"><span\n\t\t\t\t\t\t\t\t\t\tclass=\"property-title\">type2:&nbsp;<\/span><span\n\t\t\t\t\t\t\t\t\t\tclass=\"property-desc line-limit-length\">La cha\u00eene sur les verres<\/span>\n\t\t\t\t\t\t\t<\/li>\n<li class=\"product-prop line-limit-length\"><span\n\t\t\t\t\t\t\t\t\t\tclass=\"property-title\">type3:&nbsp;<\/span><span\n\t\t\t\t\t\t\t\t\t\tclass=\"property-desc line-limit-length\">Pendentif En Forme De Croix Lunettes De Cha\u00eenes<\/span>\n\t\t\t\t\t\t\t<\/li>\n<li class=\"product-prop line-limit-length\"><span\n\t\t\t\t\t\t\t\t\t\tclass=\"property-title\">type4:&nbsp;<\/span><span\n\t\t\t\t\t\t\t\t\t\tclass=\"property-desc line-limit-length\">Cha\u00eene pour lunettes<\/span>\n\t\t\t\t\t\t\t<\/li>\n<li class=\"product-prop line-limit-length\"><span\n\t\t\t\t\t\t\t\t\t\tclass=\"property-title\">type5:&nbsp;<\/span><span\n\t\t\t\t\t\t\t\t\t\tclass=\"property-desc line-limit-length\">Lunettes Accessoires<\/span>\n\t\t\t\t\t\t\t<\/li>\n<\/ul><\/div>\n<div class=\"detailmodule_dynamic\"><kse:widget data-widget-type=\"customText\" id=\"1005000007783618\" type=\"relation\"><\/kse:widget><\/div>\n<div class=\"detailmodule_html\">\n<div class=\"detail-desc-decorate-richtext\">\n<div>\n<div><span>Mat\u00e9riel:Alliage<br \/>Taille:longueur Totale environ 68cm<br \/>Type D&#039;\u00c9l\u00e9ment:Les Lunettes Des Accessoires<br \/>Lunettes Accessoires:Cha\u00eenes &amp; Longes<br \/>Lunettes de Sangle de Cha\u00eene:les Verres de la cha\u00eene de support de cordon<br \/>Occasion:F\u00eate,Anniversaire,Engagement,Mariage,Quotidien<br \/>C&#039;est un grand bijoux,mais aussi tr\u00e8s r\u00e9sistant et ne rouille pas.<br \/>Si les sports,les voyages,ou la f\u00eate,c&#039;est les meilleurs partenaires de vos lunettes.<br \/>Paquet Inclus:1 Pc Verres De La Cha\u00eene D&#039;<br \/>En raison de la taille des mesures sont faits \u00e0 la main,donc il peut \u00eatre de 1 \u00e0 2 cm d&#039;erreur<br \/>S&#039;il vous pla\u00eet comprendre en raison de l&#039;exposition \u00e0 la lumi\u00e8re, ou \u00e9cran d&#039;ordinateur de la diff\u00e9rence,donc je ne peux pas garantir des photos et de la couleur r\u00e9elle est 100% le m\u00eame<br \/>conversion: 1 pouce = 25.4 mm ou 1mm = 0.0393 pouce<br \/><\/span><\/div>\n<div><span><br \/><\/span><\/div>\n<\/div>\n<p><img decoding=\"async\" style=\"max-width:100%\" src=\"https:\/\/ae01.alicdn.com\/kf\/H35a81f8cab9b4050a23362dfff749ceeK.jpg\" slate-data-type=\"image\"\/><br \/><img decoding=\"async\" style=\"max-width:100%\" src=\"https:\/\/ae01.alicdn.com\/kf\/Hc0d88140207442e1be308f3f4c6b5a86z.jpg\" slate-data-type=\"image\"\/><br \/><img decoding=\"async\" style=\"max-width:100%\" src=\"https:\/\/ae01.alicdn.com\/kf\/Sd471c359f8724c64881519be60529e0cA.jpg\" slate-data-type=\"image\"\/><br \/><img decoding=\"async\" style=\"max-width:100%\" src=\"https:\/\/ae01.alicdn.com\/kf\/S81341c58a8814130a096a1dff10e14923.jpg\" slate-data-type=\"image\"\/><br \/><img decoding=\"async\" style=\"max-width:100%\" src=\"https:\/\/ae01.alicdn.com\/kf\/H57150242d07946348fd3b401e6901444C.jpg\" slate-data-type=\"image\"\/><br \/><img decoding=\"async\" style=\"max-width:100%\" src=\"https:\/\/ae01.alicdn.com\/kf\/Ha5a385f3640749bfbca7b98bbf18b03eL.jpg\" slate-data-type=\"image\"\/><br \/><img decoding=\"async\" style=\"max-width:100%\" src=\"https:\/\/ae01.alicdn.com\/kf\/S0cda6a98e4ce445b9ec2882f55b70e93l.jpg\" slate-data-type=\"image\"\/><br \/><img decoding=\"async\" style=\"max-width:100%\" src=\"https:\/\/ae01.alicdn.com\/kf\/Saedf7d16c9ef48148bb448da15140d25G.jpg\" slate-data-type=\"image\"\/><br \/><img decoding=\"async\" style=\"max-width:100%\" src=\"https:\/\/ae01.alicdn.com\/kf\/H8bbe3f16e8f14df5ab46b36a55d26bd1w.jpg\" slate-data-type=\"image\"\/><\/p>\n<\/div>\n<\/div>\n<p><\/p>","protected":false},"excerpt":{"rendered":"<p>Pattern Type:&nbsp;Solid Metals Type:&nbsp;Zinc alloy Item Length:&nbsp;68cm Material:&nbsp;Metal Gender:&nbsp;WOMEN Item Type:&nbsp;Eyewear Accessories Eyewear Accessories:&nbsp;Chains &amp; Lanyards CN:&nbsp;Zhejiang Origin:&nbsp;Mainland China type1:&nbsp;Glasses Chain type2:&nbsp;Chain on glasses type3:&nbsp;Cross Pendant Glasses Chains type4:&nbsp;Chain for glasses type5:&nbsp;Eyewear Accessories Material:AlloySize:Total length about 68cmItem Type:Eyewear AccessoriesEyewear Accessories:Chains &amp; LanyardsGlasses Chain Strap:Glasses chain cord holderOccasion:Party,Anniversary,Engagement,Wedding,DailyIt is a great jewelry,but also very durable and [&#8230;]","protected":false},"featured_media":12588,"template":"","meta":[],"product_brand":[],"product_cat":[486],"product_tag":[],"class_list":{"0":"post-12586","1":"product","2":"type-product","3":"status-publish","4":"has-post-thumbnail","6":"product_cat-women","8":"first","9":"instock","10":"taxable","11":"shipping-taxable","12":"purchasable","13":"product-type-variable"},"_links":{"self":[{"href":"https:\/\/lunettesoleil.ca\/fr\/wp-json\/wp\/v2\/product\/12586","targetHints":{"allow":["GET"]}}],"collection":[{"href":"https:\/\/lunettesoleil.ca\/fr\/wp-json\/wp\/v2\/product"}],"about":[{"href":"https:\/\/lunettesoleil.ca\/fr\/wp-json\/wp\/v2\/types\/product"}],"wp:featuredmedia":[{"embeddable":true,"href":"https:\/\/lunettesoleil.ca\/fr\/wp-json\/wp\/v2\/media\/12588"}],"wp:attachment":[{"href":"https:\/\/lunettesoleil.ca\/fr\/wp-json\/wp\/v2\/media?parent=12586"}],"wp:term":[{"taxonomy":"product_brand","embeddable":true,"href":"https:\/\/lunettesoleil.ca\/fr\/wp-json\/wp\/v2\/product_brand?post=12586"},{"taxonomy":"product_cat","embeddable":true,"href":"https:\/\/lunettesoleil.ca\/fr\/wp-json\/wp\/v2\/product_cat?post=12586"},{"taxonomy":"product_tag","embeddable":true,"href":"https:\/\/lunettesoleil.ca\/fr\/wp-json\/wp\/v2\/product_tag?post=12586"}],"curies":[{"name":"wp","href":"https:\/\/api.w.org\/{rel}","templated":true}]}}