{"id":13287,"date":"2024-06-04T19:48:33","date_gmt":"2024-06-04T23:48:33","guid":{"rendered":""},"modified":"2024-06-04T21:52:02","modified_gmt":"2024-06-05T01:52:02","slug":"fashion-rhinestones-metal-eyeglass-chains-non-slip-mask-lanyard-necklace-glasses-strap-mask-chains-sunglasses-holder-accessories","status":"publish","type":"product","link":"https:\/\/lunettesoleil.ca\/fr\/produit\/fashion-rhinestones-metal-eyeglass-chains-non-slip-mask-lanyard-necklace-glasses-strap-mask-chains-sunglasses-holder-accessories\/","title":{"rendered":"La mode des Strass en M\u00e9tal de Lunettes, Cha\u00eenes antid\u00e9rapantes Masque Cordon Collier de Lunettes, de la Sangle de Masque de Cha\u00eenes porte-Lunettes de soleil Accessoires"},"content":{"rendered":"<div class=\"product-specs-list-container\">\n<ul class=\"product-specs-list util-clearfix\">\n<li class=\"product-prop line-limit-length\"><span\n\t\t\t\t\t\t\t\t\t\tclass=\"property-title\">Num\u00e9ro De Mod\u00e8le:&nbsp;<\/span><span\n\t\t\t\t\t\t\t\t\t\tclass=\"property-desc line-limit-length\">M\u00e9tal De Lunettes, Cha\u00eenes De<\/span>\n\t\t\t\t\t\t\t<\/li>\n<li class=\"product-prop line-limit-length\"><span\n\t\t\t\t\t\t\t\t\t\tclass=\"property-title\">M\u00e9taux Type:&nbsp;<\/span><span\n\t\t\t\t\t\t\t\t\t\tclass=\"property-desc line-limit-length\">En alliage de Zinc<\/span>\n\t\t\t\t\t\t\t<\/li>\n<li class=\"product-prop line-limit-length\"><span\n\t\t\t\t\t\t\t\t\t\tclass=\"property-title\">\u00c9l\u00e9ment De Longueur:&nbsp;<\/span><span\n\t\t\t\t\t\t\t\t\t\tclass=\"property-desc line-limit-length\">70cm\/27.6 pouces<\/span>\n\t\t\t\t\t\t\t<\/li>\n<li class=\"product-prop line-limit-length\"><span\n\t\t\t\t\t\t\t\t\t\tclass=\"property-title\">Mat\u00e9riel:&nbsp;<\/span><span\n\t\t\t\t\t\t\t\t\t\tclass=\"property-desc line-limit-length\">M\u00e9tal<\/span>\n\t\t\t\t\t\t\t<\/li>\n<li class=\"product-prop line-limit-length\"><span\n\t\t\t\t\t\t\t\t\t\tclass=\"property-title\">Genre:&nbsp;<\/span><span\n\t\t\t\t\t\t\t\t\t\tclass=\"property-desc line-limit-length\">Unisexe<\/span>\n\t\t\t\t\t\t\t<\/li>\n<li class=\"product-prop line-limit-length\"><span\n\t\t\t\t\t\t\t\t\t\tclass=\"property-title\">Type D&#039;\u00c9l\u00e9ment:&nbsp;<\/span><span\n\t\t\t\t\t\t\t\t\t\tclass=\"property-desc line-limit-length\">Lunettes Accessoires<\/span>\n\t\t\t\t\t\t\t<\/li>\n<li class=\"product-prop line-limit-length\"><span\n\t\t\t\t\t\t\t\t\t\tclass=\"property-title\">Lunettes Accessoires:&nbsp;<\/span><span\n\t\t\t\t\t\t\t\t\t\tclass=\"property-desc line-limit-length\">Des Cha\u00eenes Et Cordons D&#039;Assujettissement<\/span>\n\t\t\t\t\t\t\t<\/li>\n<li class=\"product-prop line-limit-length\"><span\n\t\t\t\t\t\t\t\t\t\tclass=\"property-title\">Origine:&nbsp;<\/span><span\n\t\t\t\t\t\t\t\t\t\tclass=\"property-desc line-limit-length\">La Partie Continentale De La Chine<\/span>\n\t\t\t\t\t\t\t<\/li>\n<li class=\"product-prop line-limit-length\"><span\n\t\t\t\t\t\t\t\t\t\tclass=\"property-title\">Mat\u00e9riel:&nbsp;<\/span><span\n\t\t\t\t\t\t\t\t\t\tclass=\"property-desc line-limit-length\">En M\u00e9tal, Strass, Perles<\/span>\n\t\t\t\t\t\t\t<\/li>\n<li class=\"product-prop line-limit-length\"><span\n\t\t\t\t\t\t\t\t\t\tclass=\"property-title\">Couleur:&nbsp;<\/span><span\n\t\t\t\t\t\t\t\t\t\tclass=\"property-desc line-limit-length\">Or, Multicolore<\/span>\n\t\t\t\t\t\t\t<\/li>\n<li class=\"product-prop line-limit-length\"><span\n\t\t\t\t\t\t\t\t\t\tclass=\"property-title\">Longueur:&nbsp;<\/span><span\n\t\t\t\t\t\t\t\t\t\tclass=\"property-desc line-limit-length\">70cm\/27.6 pouces<\/span>\n\t\t\t\t\t\t\t<\/li>\n<li class=\"product-prop line-limit-length\"><span\n\t\t\t\t\t\t\t\t\t\tclass=\"property-title\">Caract\u00e9ristique 1:&nbsp;<\/span><span\n\t\t\t\t\t\t\t\t\t\tclass=\"property-desc line-limit-length\">M\u00e9tal De Lunettes, Cha\u00eenes De<\/span>\n\t\t\t\t\t\t\t<\/li>\n<li class=\"product-prop line-limit-length\"><span\n\t\t\t\t\t\t\t\t\t\tclass=\"property-title\">Caract\u00e9ristique 2:&nbsp;<\/span><span\n\t\t\t\t\t\t\t\t\t\tclass=\"property-desc line-limit-length\">Masque De Lani\u00e8re<\/span>\n\t\t\t\t\t\t\t<\/li>\n<li class=\"product-prop line-limit-length\"><span\n\t\t\t\t\t\t\t\t\t\tclass=\"property-title\">Caract\u00e9ristique 3:&nbsp;<\/span><span\n\t\t\t\t\t\t\t\t\t\tclass=\"property-desc line-limit-length\">Porte-Lunettes De Soleil<\/span>\n\t\t\t\t\t\t\t<\/li>\n<li class=\"product-prop line-limit-length\"><span\n\t\t\t\t\t\t\t\t\t\tclass=\"property-title\">Fonction 4:&nbsp;<\/span><span\n\t\t\t\t\t\t\t\t\t\tclass=\"property-desc line-limit-length\">Lunettes De Sangle<\/span>\n\t\t\t\t\t\t\t<\/li>\n<li class=\"product-prop line-limit-length\"><span\n\t\t\t\t\t\t\t\t\t\tclass=\"property-title\">Fonction 5:&nbsp;<\/span><span\n\t\t\t\t\t\t\t\t\t\tclass=\"property-desc line-limit-length\">Masque De Cha\u00eenes<\/span>\n\t\t\t\t\t\t\t<\/li>\n<\/ul><\/div>\n<div class=\"detailmodule_html\">\n<div class=\"detail-desc-decorate-richtext\">\n<div class=\"detailmodule_html\">\n<div class=\"detail-desc-decorate-richtext\">\n<div class=\"detailmodule_text\">\n<div style=\"text-align:center\" align=\"center\"><span style=\"color:rgb(244, 78, 59);font-size:24px\"><strong>La mode des Strass en M\u00e9tal de Lunettes, Cha\u00eenes antid\u00e9rapantes Masque Cordon Collier de Lunettes, de la Sangle de Masque de Cha\u00eenes porte-Lunettes de soleil Accessoires<\/strong><\/span><img decoding=\"async\" src=\"https:\/\/ae01.alicdn.com\/kf\/S44f093e9bdbc43498e39ae1a2181f0edf.jpg\" slate-data-type=\"image\"\/><span style=\"font-size:24px\"><br \/><\/span><\/div>\n<p style=\"font-family:OpenSans;font-size:14px;font-weight:300;line-height:20px;white-space:pre-wrap;color:rgb(0, 0, 0);margin-bottom:12px\" class=\"detail-desc-decorate-content\"><span style=\"font-size:24px\">Type: Lunettes De Cha\u00eenes<br \/>Style: La Mode, La Tendance<br \/>Mat\u00e9riel: M\u00e9tal, Strass, Perles<br \/>Couleur: Or, Multicolore<br \/>Longueur: 70cm\/27.6 pouces<br \/>Fonction: Lunettes de Cha\u00eenes, le Masque de la Cha\u00eene, Cou Lani\u00e8re pour les Femmes<br \/>Paquet Inclus: <br \/>1 x Lunettes de Cha\u00eene<\/span><\/p>\n<p>Note:<br \/>1. Il y a 2 \u00e0 3% de diff\u00e9rence selon la mesure manuelle. Veuillez v\u00e9rifier la taille soigneusement avant d&#039;acheter l&#039;article.<br \/>2. Veuillez noter qu&#039;une l\u00e9g\u00e8re diff\u00e9rence de couleur devrait \u00eatre acceptable en raison de la lumi\u00e8re et de l&#039;\u00e9cran.<img decoding=\"async\" src=\"https:\/\/ae01.alicdn.com\/kf\/Sf64d36270df143469a20bad4f516a69dm.jpg\" slate-data-type=\"image\"\/><\/p>\n<\/div>\n<div class=\"detailmodule_image\"><img decoding=\"async\" class=\"detail-desc-decorate-image\" src=\"https:\/\/ae01.alicdn.com\/kf\/H3962ffdaefeb40c59e3fb8c0ce12127bj.jpg\" slate-data-type=\"image\"\/><img decoding=\"async\" class=\"detail-desc-decorate-image\" src=\"https:\/\/ae01.alicdn.com\/kf\/H73ab879e77e540949986a8a2fe997131W.jpg\" slate-data-type=\"image\"\/><img decoding=\"async\" class=\"detail-desc-decorate-image\" src=\"https:\/\/ae01.alicdn.com\/kf\/Hbb15562307914529985a672f015b508ep.jpg\" slate-data-type=\"image\"\/><img decoding=\"async\" class=\"detail-desc-decorate-image\" src=\"https:\/\/ae01.alicdn.com\/kf\/H19de89f6160f4fb78c6df504759d3b6an.jpg\" slate-data-type=\"image\"\/><img decoding=\"async\" class=\"detail-desc-decorate-image\" src=\"https:\/\/ae01.alicdn.com\/kf\/H9e00fb8a20884af08e084026fd6f7cf9l.jpg\" slate-data-type=\"image\"\/><img decoding=\"async\" class=\"detail-desc-decorate-image\" src=\"https:\/\/ae01.alicdn.com\/kf\/H8b6c9b8e0ea44fc89334a757415cb770q.jpg\" slate-data-type=\"image\"\/><img decoding=\"async\" class=\"detail-desc-decorate-image\" src=\"https:\/\/ae01.alicdn.com\/kf\/Hf3ec17cbeb684618832260fd5bef41f2T.jpg\" slate-data-type=\"image\"\/><img decoding=\"async\" class=\"detail-desc-decorate-image\" src=\"https:\/\/ae01.alicdn.com\/kf\/Hd97aa25a64ab449b8fbaa3c97026593aP.jpg\" slate-data-type=\"image\"\/><img decoding=\"async\" class=\"detail-desc-decorate-image\" src=\"https:\/\/ae01.alicdn.com\/kf\/H201993f08020422daa11b92efd259da1H.jpg\" slate-data-type=\"image\"\/><img decoding=\"async\" class=\"detail-desc-decorate-image\" src=\"https:\/\/ae01.alicdn.com\/kf\/H3da5923cd72f47e4bc3889c0a94125f2z.jpg\" slate-data-type=\"image\"\/><\/div>\n<div class=\"detailmodule_image\"><img decoding=\"async\" class=\"detail-desc-decorate-image\" src=\"https:\/\/ae01.alicdn.com\/kf\/H96fd2552eecd45eb9d7329b6249fc93bc.jpg\" slate-data-type=\"image\"\/><img decoding=\"async\" class=\"detail-desc-decorate-image\" src=\"https:\/\/ae01.alicdn.com\/kf\/H0d1700382b524832a13df771dfb607fdu.jpg\" slate-data-type=\"image\"\/><img decoding=\"async\" class=\"detail-desc-decorate-image\" src=\"https:\/\/ae01.alicdn.com\/kf\/Hf3f53171955940a7ac622bffc58577faq.jpg\" slate-data-type=\"image\"\/><\/div>\n<p><img decoding=\"async\" src=\"https:\/\/ae01.alicdn.com\/kf\/He8257f1f26384254b3e6cc38d45d3bdaH.jpg\" slate-data-type=\"image\"\/><\/p>\n<\/div>\n<\/div>\n<p><\/p>\n<\/div>\n<\/div>\n<p><\/p>","protected":false},"excerpt":{"rendered":"<p>Model Number:&nbsp;Metal Eyeglass Chains Metals Type:&nbsp;Zinc alloy Item Length:&nbsp;70cm\/27.6inch Material:&nbsp;Metal Gender:&nbsp;Unisex Item Type:&nbsp;Eyewear Accessories Eyewear Accessories:&nbsp;Chains &amp; Lanyards Origin:&nbsp;Mainland China Material:&nbsp;Metal, Rhinestones, Beads Color:&nbsp;Gold, Multicolor Length:&nbsp;70cm\/27.6inch Feature 1:&nbsp;Metal Eyeglass Chains Feature 2:&nbsp;Mask Lanyard Feature 3:&nbsp;Sunglasses Holder Feature 4:&nbsp;Glasses Strap Feature 5:&nbsp;Mask Chains Fashion Rhinestones Metal Eyeglass Chains Non-slip Mask Lanyard Necklace Glasses Strap Mask Chains [&#8230;]","protected":false},"featured_media":13288,"template":"","meta":[],"product_brand":[],"product_cat":[486],"product_tag":[],"class_list":{"0":"post-13287","1":"product","2":"type-product","3":"status-publish","4":"has-post-thumbnail","6":"product_cat-women","8":"first","9":"instock","10":"taxable","11":"shipping-taxable","12":"purchasable","13":"product-type-variable"},"_links":{"self":[{"href":"https:\/\/lunettesoleil.ca\/fr\/wp-json\/wp\/v2\/product\/13287","targetHints":{"allow":["GET"]}}],"collection":[{"href":"https:\/\/lunettesoleil.ca\/fr\/wp-json\/wp\/v2\/product"}],"about":[{"href":"https:\/\/lunettesoleil.ca\/fr\/wp-json\/wp\/v2\/types\/product"}],"wp:featuredmedia":[{"embeddable":true,"href":"https:\/\/lunettesoleil.ca\/fr\/wp-json\/wp\/v2\/media\/13288"}],"wp:attachment":[{"href":"https:\/\/lunettesoleil.ca\/fr\/wp-json\/wp\/v2\/media?parent=13287"}],"wp:term":[{"taxonomy":"product_brand","embeddable":true,"href":"https:\/\/lunettesoleil.ca\/fr\/wp-json\/wp\/v2\/product_brand?post=13287"},{"taxonomy":"product_cat","embeddable":true,"href":"https:\/\/lunettesoleil.ca\/fr\/wp-json\/wp\/v2\/product_cat?post=13287"},{"taxonomy":"product_tag","embeddable":true,"href":"https:\/\/lunettesoleil.ca\/fr\/wp-json\/wp\/v2\/product_tag?post=13287"}],"curies":[{"name":"wp","href":"https:\/\/api.w.org\/{rel}","templated":true}]}}