{"id":13303,"date":"2024-06-04T19:48:39","date_gmt":"2024-06-04T23:48:39","guid":{"rendered":""},"modified":"2024-06-09T19:35:16","modified_gmt":"2024-06-09T23:35:16","slug":"multilayer-pendant-sunglasses-chain-ins-style-neck-lanyard-strap-cords-casual-reading-glasses-chain-body-chain-women-accessories","status":"publish","type":"product","link":"https:\/\/lunettesoleil.ca\/fr\/produit\/multilayer-pendant-sunglasses-chain-ins-style-neck-lanyard-strap-cords-casual-reading-glasses-chain-body-chain-women-accessories\/","title":{"rendered":"Multicouche Pendentif Lunettes de soleil de la Cha\u00eene d&#039;INS Style de Col Bracelet Cordon Cordons Occasionnel Lunettes de Lecture de la Cha\u00eene de Corps de la Cha\u00eene de Femmes Accessoires"},"content":{"rendered":"<p>&nbsp;<\/p>\n<div class=\"product-specs-list-container\">\n<ul class=\"product-specs-list util-clearfix\">\n<li class=\"product-prop line-limit-length\"><span class=\"property-title\">Lieu D&#039;Origine:\u00a0<\/span><span class=\"property-desc line-limit-length\">La chine (continentale)<\/span><\/li>\n<li class=\"product-prop line-limit-length\"><span class=\"property-title\">Mod\u00e8le Type:\u00a0<\/span><span class=\"property-desc line-limit-length\">G\u00e9om\u00e9triques<\/span><\/li>\n<li class=\"product-prop line-limit-length\"><span class=\"property-title\">Num\u00e9ro De Mod\u00e8le:\u00a0<\/span><span class=\"property-desc line-limit-length\">aa<\/span><\/li>\n<li class=\"product-prop line-limit-length\"><span class=\"property-title\">M\u00e9taux Type:\u00a0<\/span><span class=\"property-desc line-limit-length\">En alliage de Zinc<\/span><\/li>\n<li class=\"product-prop line-limit-length\"><span class=\"property-title\">\u00c9l\u00e9ment De Longueur:\u00a0<\/span><span class=\"property-desc line-limit-length\">60cm<\/span><\/li>\n<li class=\"product-prop line-limit-length\"><span class=\"property-title\">Mat\u00e9riel:\u00a0<\/span><span class=\"property-desc line-limit-length\">En Silicone,M\u00e9tal<\/span><\/li>\n<li class=\"product-prop line-limit-length\"><span class=\"property-title\">Genre:\u00a0<\/span><span class=\"property-desc line-limit-length\">Les FEMMES<\/span><\/li>\n<li class=\"product-prop line-limit-length\"><span class=\"property-title\">Type D&#039;\u00c9l\u00e9ment:\u00a0<\/span><span class=\"property-desc line-limit-length\">Lunettes Accessoires<\/span><\/li>\n<li class=\"product-prop line-limit-length\"><span class=\"property-title\">Lunettes Accessoires:\u00a0<\/span><span class=\"property-desc line-limit-length\">Des Cha\u00eenes Et Cordons D&#039;Assujettissement<\/span><\/li>\n<li class=\"product-prop line-limit-length\"><span class=\"property-title\">CN:\u00a0<\/span><span class=\"property-desc line-limit-length\">Guangdong<\/span><\/li>\n<li class=\"product-prop line-limit-length\"><span class=\"property-title\">Origine:\u00a0<\/span><span class=\"property-desc line-limit-length\">La Partie Continentale De La Chine<\/span><\/li>\n<li class=\"product-prop line-limit-length\"><span class=\"property-title\">style 1:\u00a0<\/span><span class=\"property-desc line-limit-length\">lani\u00e8re<\/span><\/li>\n<li class=\"product-prop line-limit-length\"><span class=\"property-title\">style 2:\u00a0<\/span><span class=\"property-desc line-limit-length\">lunettes de cha\u00eene<\/span><\/li>\n<li class=\"product-prop line-limit-length\"><span class=\"property-title\">style 3:\u00a0<\/span><span class=\"property-desc line-limit-length\">lunettes accessoires<\/span><\/li>\n<li class=\"product-prop line-limit-length\"><span class=\"property-title\">style 4:\u00a0<\/span><span class=\"property-desc line-limit-length\">Lunettes de cha\u00eene<\/span><\/li>\n<li class=\"product-prop line-limit-length\"><span class=\"property-title\">style 5:\u00a0<\/span><span class=\"property-desc line-limit-length\">Sangle de masque<\/span><\/li>\n<li class=\"product-prop line-limit-length\"><span class=\"property-title\">style 6:\u00a0<\/span><span class=\"property-desc line-limit-length\">lunettes de sangle<\/span><\/li>\n<li class=\"product-prop line-limit-length\"><span class=\"property-title\">style 7:\u00a0<\/span><span class=\"property-desc line-limit-length\">La cha\u00eene<\/span><\/li>\n<li class=\"product-prop line-limit-length\"><span class=\"property-title\">style 8:\u00a0<\/span><span class=\"property-desc line-limit-length\">cha\u00eene de t\u00e9l\u00e9phone portable<\/span><\/li>\n<li class=\"product-prop line-limit-length\"><span class=\"property-title\">style 9:\u00a0<\/span><span class=\"property-desc line-limit-length\">longes<\/span><\/li>\n<li class=\"product-prop line-limit-length\"><span class=\"property-title\">style 10:\u00a0<\/span><span class=\"property-desc line-limit-length\">accessoires pour lunettes<\/span><\/li>\n<li class=\"product-prop line-limit-length\"><span class=\"property-title\">style 11:\u00a0<\/span><span class=\"property-desc line-limit-length\">lunettes de soleil de la cha\u00eene d&#039;<\/span><\/li>\n<li class=\"product-prop line-limit-length\"><span class=\"property-title\">style 12:\u00a0<\/span><span class=\"property-desc line-limit-length\">Cordon pour lunettes<\/span><\/li>\n<li class=\"product-prop line-limit-length\"><span class=\"property-title\">style 13:\u00a0<\/span><span class=\"property-desc line-limit-length\">Cha\u00eene de lunettes femmes<\/span><\/li>\n<li class=\"product-prop line-limit-length\"><span class=\"property-title\">style 14:\u00a0<\/span><span class=\"property-desc line-limit-length\">cord for women&#8217;s glasses<\/span><\/li>\n<li class=\"product-prop line-limit-length\"><span class=\"property-title\">style 15:\u00a0<\/span><span class=\"property-desc line-limit-length\">longe de t\u00e9l\u00e9phone portable<\/span><\/li>\n<li class=\"product-prop line-limit-length\"><span class=\"property-title\">style 16:\u00a0<\/span><span class=\"property-desc line-limit-length\">chain for women&#8217;s glasses<\/span><\/li>\n<li class=\"product-prop line-limit-length\"><span class=\"property-title\">de style 17:\u00a0<\/span><span class=\"property-desc line-limit-length\">trousseau<\/span><\/li>\n<li class=\"product-prop line-limit-length\"><span class=\"property-title\">style 18:\u00a0<\/span><span class=\"property-desc line-limit-length\">la taille de la cha\u00eene<\/span><\/li>\n<li class=\"product-prop line-limit-length\"><span class=\"property-title\">style 19:\u00a0<\/span><span class=\"property-desc line-limit-length\">women&#8217;s bezel chain<\/span><\/li>\n<li class=\"product-prop line-limit-length\"><span class=\"property-title\">style 20:\u00a0<\/span><span class=\"property-desc line-limit-length\">pendentif pour lunettes femme<\/span><\/li>\n<li class=\"product-prop line-limit-length\"><span class=\"property-title\">style 21:\u00a0<\/span><span class=\"property-desc line-limit-length\">sangle de lentilles<\/span><\/li>\n<li class=\"product-prop line-limit-length\"><span class=\"property-title\">style 22:\u00a0<\/span><span class=\"property-desc line-limit-length\">sangle pour lentilles<\/span><\/li>\n<li class=\"product-prop line-limit-length\"><span class=\"property-title\">style 23:\u00a0<\/span><span class=\"property-desc line-limit-length\">Cordon pour lunettes<\/span><\/li>\n<li class=\"product-prop line-limit-length\"><span class=\"property-title\">style 24:\u00a0<\/span><span class=\"property-desc line-limit-length\">lunette titulaire<\/span><\/li>\n<li class=\"product-prop line-limit-length\"><span class=\"property-title\">style 25:\u00a0<\/span><span class=\"property-desc line-limit-length\">sangle de t\u00e9l\u00e9phone<\/span><\/li>\n<li class=\"product-prop line-limit-length\"><span class=\"property-title\">style 26:\u00a0<\/span><span class=\"property-desc line-limit-length\">De la dentelle pour les lunettes<\/span><\/li>\n<li class=\"product-prop line-limit-length\"><span class=\"property-title\">style 27:\u00a0<\/span><span class=\"property-desc line-limit-length\">sangle pour les lunettes<\/span><\/li>\n<li class=\"product-prop line-limit-length\"><span class=\"property-title\">\u00c9l\u00e9ment De Longueur:\u00a0<\/span><span class=\"property-desc line-limit-length\">70CM<\/span><\/li>\n<\/ul>\n<\/div>\n<div class=\"detailmodule_html\">\n<div class=\"detail-desc-decorate-richtext\">\n<div style=\"text-align: center;\"><span style=\"color: #c0392b;\"><span style=\"font-size: 22px;\">Multicouche Pendentif Lunettes de soleil de la Cha\u00eene d&#039;INS Style de Col Bracelet Cordon Cordons Occasionnel Lunettes de Lecture de la Cha\u00eene de Corps de la Cha\u00eene de Femmes Accessoires<\/span><\/span><\/p>\n<\/div>\n[Name] Non-slip eyewear chain<\/p>\n[Material] Alloy copper rod<\/p>\n[Foot cover material] Silica gel<\/p>\n<p>Color Gold and silver<\/p>\n[Length] The first layer 60cm and the second layer 90CM excluding the two ends; Due to manual production, there will be 1-3CM error. Mind carefully clap!<\/p>\n[Features] High-grade non-slip glasses chain, fine workmanship, comfortable and safe, electroplated good texture, set in the tail of the glasses foot, to prevent the glasses from slipping off during sports, suitable for all kinds of glasses and clothing, you can take off the glasses to wear on the chest, whether it is sports, travel, or attend a banquet, it is your favorite glasses partner.<\/p>\n[Usage] First, put the rubber trap at both ends of the glasses chain on the mirror leg, and then use the metal buckle on the rubber ring to hold the mirror leg and fix it.<\/p>\n<div>\n<p><span style=\"color: #c0392b;\"><span style=\"font-size: 22px;\"><img decoding=\"async\" src=\"https:\/\/ae01.alicdn.com\/kf\/S4c78527a7af6428c8f34ded9cf0560516.jpg?width=800&amp;height=800&amp;hash=1600\" \/><img decoding=\"async\" src=\"https:\/\/ae01.alicdn.com\/kf\/Se14852baa5f04bfb9f08bb3015861a8eR.jpg?width=350&amp;height=525&amp;hash=875\" \/><img decoding=\"async\" src=\"https:\/\/ae01.alicdn.com\/kf\/S563d7bac98f4483db73165261e13e2fcC.jpg?width=1920&amp;height=1919&amp;hash=3839\" \/><img decoding=\"async\" src=\"https:\/\/ae01.alicdn.com\/kf\/S24265daa5f5b4a588f7bc2fc51245ed2D.jpg?width=1920&amp;height=1920&amp;hash=3840\" \/><\/span><\/span><\/p>\n<p>&nbsp;<\/p>\n<\/div>\n<\/div>\n<\/div>","protected":false},"excerpt":{"rendered":"<p>&nbsp; Place Of Origin:\u00a0China (mainland) Pattern Type:\u00a0Geometric Model Number:\u00a0aa Metals Type:\u00a0Zinc alloy Item Length:\u00a060cm Material:\u00a0Silicone,Metal Gender:\u00a0WOMEN Item Type:\u00a0Eyewear Accessories Eyewear Accessories:\u00a0Chains &amp; Lanyards CN:\u00a0Guangdong Origin:\u00a0Mainland China style 1:\u00a0lanyard style 2:\u00a0glasses chain style 3:\u00a0glasses accessories style 4:\u00a0Glasses chain style 5:\u00a0Mask strap style 6:\u00a0glasses strap style 7:\u00a0Chain style 8:\u00a0chain for mobile phone style 9:\u00a0lanyards style 10:\u00a0accessories for [&#8230;]","protected":false},"featured_media":13304,"template":"","meta":[],"product_brand":[],"product_cat":[486],"product_tag":[],"class_list":{"0":"post-13303","1":"product","2":"type-product","3":"status-publish","4":"has-post-thumbnail","6":"product_cat-women","8":"first","9":"instock","10":"taxable","11":"shipping-taxable","12":"purchasable","13":"product-type-variable"},"_links":{"self":[{"href":"https:\/\/lunettesoleil.ca\/fr\/wp-json\/wp\/v2\/product\/13303","targetHints":{"allow":["GET"]}}],"collection":[{"href":"https:\/\/lunettesoleil.ca\/fr\/wp-json\/wp\/v2\/product"}],"about":[{"href":"https:\/\/lunettesoleil.ca\/fr\/wp-json\/wp\/v2\/types\/product"}],"wp:featuredmedia":[{"embeddable":true,"href":"https:\/\/lunettesoleil.ca\/fr\/wp-json\/wp\/v2\/media\/13304"}],"wp:attachment":[{"href":"https:\/\/lunettesoleil.ca\/fr\/wp-json\/wp\/v2\/media?parent=13303"}],"wp:term":[{"taxonomy":"product_brand","embeddable":true,"href":"https:\/\/lunettesoleil.ca\/fr\/wp-json\/wp\/v2\/product_brand?post=13303"},{"taxonomy":"product_cat","embeddable":true,"href":"https:\/\/lunettesoleil.ca\/fr\/wp-json\/wp\/v2\/product_cat?post=13303"},{"taxonomy":"product_tag","embeddable":true,"href":"https:\/\/lunettesoleil.ca\/fr\/wp-json\/wp\/v2\/product_tag?post=13303"}],"curies":[{"name":"wp","href":"https:\/\/api.w.org\/{rel}","templated":true}]}}