{"id":13607,"date":"2024-06-04T19:53:30","date_gmt":"2024-06-04T23:53:30","guid":{"rendered":""},"modified":"2024-06-06T00:11:57","modified_gmt":"2024-06-06T04:11:57","slug":"2024-classic-oversized-men-sunglasses-luxury-square-retro-mirror-eyewear","status":"publish","type":"product","link":"https:\/\/lunettesoleil.ca\/fr\/produit\/2024-classic-oversized-men-sunglasses-luxury-square-retro-mirror-eyewear\/","title":{"rendered":"2024 Classique Surdimensionn\u00e9 Hommes Lunettes de soleil de Luxe Carr\u00e9 r\u00e9tro Miroir Lunettes"},"content":{"rendered":"<p>&nbsp;<\/p>\n<div class=\"product-specs-list-container\">\n<ul class=\"product-specs-list util-clearfix\">\n<li class=\"product-prop line-limit-length\"><span class=\"property-title\">Num\u00e9ro De Mod\u00e8le:\u00a0<\/span><span class=\"property-desc line-limit-length\">lunette de soleil femme Carr\u00e9 oculos ditaeds<\/span><\/li>\n<li class=\"product-prop line-limit-length\"><span class=\"property-title\">Largeur Du Verre:\u00a0<\/span><span class=\"property-desc line-limit-length\">62mm<\/span><\/li>\n<li class=\"product-prop line-limit-length\"><span class=\"property-title\">La Hauteur De L&#039;Objectif:\u00a0<\/span><span class=\"property-desc line-limit-length\">55mm<\/span><\/li>\n<li class=\"product-prop line-limit-length\"><span class=\"property-title\">Mat\u00e9riel De Lentilles:\u00a0<\/span><span class=\"property-desc line-limit-length\">r\u00e9sine<\/span><\/li>\n<li class=\"product-prop line-limit-length\"><span class=\"property-title\">Nom Du D\u00e9partement:\u00a0<\/span><span class=\"property-desc line-limit-length\">ADULTE<\/span><\/li>\n<li class=\"product-prop line-limit-length\"><span class=\"property-title\">Genre:\u00a0<\/span><span class=\"property-desc line-limit-length\">Les HOMMES<\/span><\/li>\n<li class=\"product-prop line-limit-length\"><span class=\"property-title\">Mat\u00e9riau Du Cadre:\u00a0<\/span><span class=\"property-desc line-limit-length\">ALLIAGE<\/span><\/li>\n<li class=\"product-prop line-limit-length\"><span class=\"property-title\">Lentilles Optiques Attribut:\u00a0<\/span><span class=\"property-desc line-limit-length\">MIROIR,D\u00e9grad\u00e9,UV400<\/span><\/li>\n<li class=\"product-prop line-limit-length\"><span class=\"property-title\">Style:\u00a0<\/span><span class=\"property-desc line-limit-length\">Rectangle<\/span><\/li>\n<li class=\"product-prop line-limit-length\"><span class=\"property-title\">Nom De Marque:\u00a0<\/span><span class=\"property-desc line-limit-length\">HARMTTER<\/span><\/li>\n<li class=\"product-prop line-limit-length\"><span class=\"property-title\">Type D&#039;\u00c9l\u00e9ment:\u00a0<\/span><span class=\"property-desc line-limit-length\">LUNETTES<\/span><\/li>\n<li class=\"product-prop line-limit-length\"><span class=\"property-title\">Lunettes Type:\u00a0<\/span><span class=\"property-desc line-limit-length\">Lunettes de soleil<\/span><\/li>\n<li class=\"product-prop line-limit-length\"><span class=\"property-title\">Origine:\u00a0<\/span><span class=\"property-desc line-limit-length\">La Partie Continentale De La Chine<\/span><\/li>\n<li class=\"product-prop line-limit-length\"><span class=\"property-title\">Certification:\u00a0<\/span><span class=\"property-desc line-limit-length\">AUCUN<\/span><\/li>\n<\/ul>\n<\/div>\n<div class=\"detailmodule_dynamic\"><\/div>\n<div class=\"detailmodule_text\"><\/div>\n<div class=\"detailmodule_image\"><img decoding=\"async\" class=\"detail-desc-decorate-image\" src=\"https:\/\/ae01.alicdn.com\/kf\/H5e0b603d62cb4f23a3d9b9bff4af5318r.jpg\" \/><img decoding=\"async\" class=\"detail-desc-decorate-image\" src=\"https:\/\/ae01.alicdn.com\/kf\/H16a3743b479a402abd888a2966304cbeo.jpg\" \/><img decoding=\"async\" class=\"detail-desc-decorate-image\" src=\"https:\/\/ae01.alicdn.com\/kf\/Hff30a08592324b0e9e7d764b1f61d24ea.jpg\" \/><img decoding=\"async\" class=\"detail-desc-decorate-image\" src=\"https:\/\/ae01.alicdn.com\/kf\/H6017e0676a0d49148a71f3db010348e1Z.jpg\" \/><img decoding=\"async\" class=\"detail-desc-decorate-image\" src=\"https:\/\/ae01.alicdn.com\/kf\/H0bb272b3aaf34d9e8147727a33b1a159g.jpg\" \/><img decoding=\"async\" class=\"detail-desc-decorate-image\" src=\"https:\/\/ae01.alicdn.com\/kf\/Heba9017063764b26b3b2735699ee3ec1B.jpg\" \/><img decoding=\"async\" class=\"detail-desc-decorate-image\" src=\"https:\/\/ae01.alicdn.com\/kf\/H64c6980c6d9f42c9ba29db5cfb3d27b1Z.jpg\" \/><img decoding=\"async\" class=\"detail-desc-decorate-image\" src=\"https:\/\/ae01.alicdn.com\/kf\/H59bf8fd1d2d048bfbc9e2336531de1754.jpg\" \/><img decoding=\"async\" class=\"detail-desc-decorate-image\" src=\"https:\/\/ae01.alicdn.com\/kf\/H2a876cd037664b83a9fe0be2cfb584daN.jpg\" \/><img decoding=\"async\" class=\"detail-desc-decorate-image\" src=\"https:\/\/ae01.alicdn.com\/kf\/H575acdb3e5464b478b7b1be146991f1fb.jpg\" \/><img decoding=\"async\" class=\"detail-desc-decorate-image\" src=\"https:\/\/ae01.alicdn.com\/kf\/H8966eb120a884c5ba752c7cfac09a398c.jpg\" \/><\/div>\n<div class=\"detailmodule_image\"><img decoding=\"async\" class=\"detail-desc-decorate-image\" src=\"https:\/\/ae01.alicdn.com\/kf\/H7ac580e7ea2c4f82b01ae87d4b61d755Q.jpg\" \/><img decoding=\"async\" class=\"detail-desc-decorate-image\" src=\"https:\/\/ae01.alicdn.com\/kf\/H46fa933968ed407c9736a01c0a6b0f13p.jpg\" \/><img decoding=\"async\" class=\"detail-desc-decorate-image\" src=\"https:\/\/ae01.alicdn.com\/kf\/H86bc032b1c3a4d788a63a97d2f1004e2h.jpg\" \/><img decoding=\"async\" class=\"detail-desc-decorate-image\" src=\"https:\/\/ae01.alicdn.com\/kf\/Hb4980371d90040b18a62de0ac37b1cbaL.jpg\" \/><img decoding=\"async\" class=\"detail-desc-decorate-image\" src=\"https:\/\/ae01.alicdn.com\/kf\/H342f3d9a138e4b2eaf07fba53ec087260.jpg\" \/><img decoding=\"async\" class=\"detail-desc-decorate-image\" src=\"https:\/\/ae01.alicdn.com\/kf\/Hb0de8e1d50f7488b9e38f13b30b30cb27.jpg\" \/><img decoding=\"async\" class=\"detail-desc-decorate-image\" src=\"https:\/\/ae01.alicdn.com\/kf\/H5fc6fed46540460ab402d77c51f6b4af1.jpg\" \/><img decoding=\"async\" class=\"detail-desc-decorate-image\" src=\"https:\/\/ae01.alicdn.com\/kf\/H03eecfe2a2a2425a837e1ce3a37322d0m.jpg\" \/><img decoding=\"async\" class=\"detail-desc-decorate-image\" src=\"https:\/\/ae01.alicdn.com\/kf\/H7f141ae29bf64ca897377f29e7ae9d59V.jpg\" \/><img decoding=\"async\" class=\"detail-desc-decorate-image\" src=\"https:\/\/ae01.alicdn.com\/kf\/Hf255b74c3c3842a180e8ba0d88d1763ad.jpg\" \/><img decoding=\"async\" class=\"detail-desc-decorate-image\" src=\"https:\/\/ae01.alicdn.com\/kf\/H7c97811ac4a146ff87a4121136d99556H.jpg\" \/><img decoding=\"async\" class=\"detail-desc-decorate-image\" src=\"https:\/\/ae01.alicdn.com\/kf\/H0d27c2856ac14d32b71dfe3bdbe6f4f7v.jpg\" \/><img decoding=\"async\" class=\"detail-desc-decorate-image\" src=\"https:\/\/ae01.alicdn.com\/kf\/Hd93ddb1a722e4055ac2a78b6658e2936w.jpg\" \/><img decoding=\"async\" class=\"detail-desc-decorate-image\" src=\"https:\/\/ae01.alicdn.com\/kf\/H03aa16cd535c443a9e05c914075a49e7z.jpg\" \/><img decoding=\"async\" class=\"detail-desc-decorate-image\" src=\"https:\/\/ae01.alicdn.com\/kf\/H3ffa3b992fcf4438bf054ecf920b04feo.jpg\" \/><img decoding=\"async\" class=\"detail-desc-decorate-image\" src=\"https:\/\/ae01.alicdn.com\/kf\/H9c1860b275ab4ba4b5d214f2be03f0e3p.jpg\" \/><img decoding=\"async\" class=\"detail-desc-decorate-image\" src=\"https:\/\/ae01.alicdn.com\/kf\/He465f988f2d64df0b4cff4f9cea3b527Z.jpg\" \/><img decoding=\"async\" class=\"detail-desc-decorate-image\" src=\"https:\/\/ae01.alicdn.com\/kf\/H9cfdf837784a4d2fa336b094ab91ce3bY.jpg\" \/><\/div>\n<p>&nbsp;<\/p>","protected":false},"excerpt":{"rendered":"<p>&nbsp; Model Number:\u00a0lunette de soleil femme Square oculos ditaeds Lens Width:\u00a062mm Lens Height:\u00a055mm Lenses Material:\u00a0resin Department Name:\u00a0ADULT Gender:\u00a0MEN Frame Material:\u00a0ALLOY Lenses Optical Attribute:\u00a0MIRROR,Gradient,UV400 Style:\u00a0Rectangle Brand Name:\u00a0HARMTTER Item Type:\u00a0EYEWEAR Eyewear Type:\u00a0Sunglasses Origin:\u00a0Mainland China Certification:\u00a0NONE &nbsp;<\/p>","protected":false},"featured_media":13608,"template":"","meta":[],"product_brand":[],"product_cat":[485],"product_tag":[],"class_list":{"0":"post-13607","1":"product","2":"type-product","3":"status-publish","4":"has-post-thumbnail","6":"product_cat-men","8":"first","9":"instock","10":"taxable","11":"shipping-taxable","12":"purchasable","13":"product-type-variable"},"_links":{"self":[{"href":"https:\/\/lunettesoleil.ca\/fr\/wp-json\/wp\/v2\/product\/13607","targetHints":{"allow":["GET"]}}],"collection":[{"href":"https:\/\/lunettesoleil.ca\/fr\/wp-json\/wp\/v2\/product"}],"about":[{"href":"https:\/\/lunettesoleil.ca\/fr\/wp-json\/wp\/v2\/types\/product"}],"wp:featuredmedia":[{"embeddable":true,"href":"https:\/\/lunettesoleil.ca\/fr\/wp-json\/wp\/v2\/media\/13608"}],"wp:attachment":[{"href":"https:\/\/lunettesoleil.ca\/fr\/wp-json\/wp\/v2\/media?parent=13607"}],"wp:term":[{"taxonomy":"product_brand","embeddable":true,"href":"https:\/\/lunettesoleil.ca\/fr\/wp-json\/wp\/v2\/product_brand?post=13607"},{"taxonomy":"product_cat","embeddable":true,"href":"https:\/\/lunettesoleil.ca\/fr\/wp-json\/wp\/v2\/product_cat?post=13607"},{"taxonomy":"product_tag","embeddable":true,"href":"https:\/\/lunettesoleil.ca\/fr\/wp-json\/wp\/v2\/product_tag?post=13607"}],"curies":[{"name":"wp","href":"https:\/\/api.w.org\/{rel}","templated":true}]}}