{"id":13639,"date":"2024-06-04T19:53:38","date_gmt":"2024-06-04T23:53:38","guid":{"rendered":""},"modified":"2024-06-04T21:49:27","modified_gmt":"2024-06-05T01:49:27","slug":"trendy-metal-steampunk-square-pilot-sunglasses-men-driving-travel-shades-2024-brand-design-retro-gradient-lens-sun-glasses-women","status":"publish","type":"product","link":"https:\/\/lunettesoleil.ca\/fr\/produit\/trendy-metal-steampunk-square-pilot-sunglasses-men-driving-travel-shades-2024-brand-design-retro-gradient-lens-sun-glasses-women\/","title":{"rendered":"Tendance M\u00e9tal Steampunk Carr\u00e9 Pilote Lunettes De Soleil Des Hommes De La Conduite De Voyage Nuances 2024 Design De La Marque De R\u00e9tro Gradient Lentille De Lunettes De Soleil Femmes"},"content":{"rendered":"<div class=\"product-specs-list-container\">\n<ul class=\"product-specs-list util-clearfix\">\n<li class=\"product-prop line-limit-length\"><span\n\t\t\t\t\t\t\t\t\t\tclass=\"property-title\">Lieu D&#039;Origine:&nbsp;<\/span><span\n\t\t\t\t\t\t\t\t\t\tclass=\"property-desc line-limit-length\">La chine (continentale)<\/span>\n\t\t\t\t\t\t\t<\/li>\n<li class=\"product-prop line-limit-length\"><span\n\t\t\t\t\t\t\t\t\t\tclass=\"property-title\">Num\u00e9ro De Mod\u00e8le:&nbsp;<\/span><span\n\t\t\t\t\t\t\t\t\t\tclass=\"property-desc line-limit-length\">S597 De La Mode De La Rue Tir Accessoires<\/span>\n\t\t\t\t\t\t\t<\/li>\n<li class=\"product-prop line-limit-length\"><span\n\t\t\t\t\t\t\t\t\t\tclass=\"property-title\">Largeur Du Verre:&nbsp;<\/span><span\n\t\t\t\t\t\t\t\t\t\tclass=\"property-desc line-limit-length\">63 mm Marron D\u00e9grad\u00e9 Lunettes de<\/span>\n\t\t\t\t\t\t\t<\/li>\n<li class=\"product-prop line-limit-length\"><span\n\t\t\t\t\t\t\t\t\t\tclass=\"property-title\">La Hauteur De L&#039;Objectif:&nbsp;<\/span><span\n\t\t\t\t\t\t\t\t\t\tclass=\"property-desc line-limit-length\">55 mm \u00e0 Double Pont en charpente M\u00e9tallique<\/span>\n\t\t\t\t\t\t\t<\/li>\n<li class=\"product-prop line-limit-length\"><span\n\t\t\t\t\t\t\t\t\t\tclass=\"property-title\">Mat\u00e9riel De Lentilles:&nbsp;<\/span><span\n\t\t\t\t\t\t\t\t\t\tclass=\"property-desc line-limit-length\">Polycarbonate<\/span>\n\t\t\t\t\t\t\t<\/li>\n<li class=\"product-prop line-limit-length\"><span\n\t\t\t\t\t\t\t\t\t\tclass=\"property-title\">Nom Du D\u00e9partement:&nbsp;<\/span><span\n\t\t\t\t\t\t\t\t\t\tclass=\"property-desc line-limit-length\">ADULTE<\/span>\n\t\t\t\t\t\t\t<\/li>\n<li class=\"product-prop line-limit-length\"><span\n\t\t\t\t\t\t\t\t\t\tclass=\"property-title\">Genre:&nbsp;<\/span><span\n\t\t\t\t\t\t\t\t\t\tclass=\"property-desc line-limit-length\">Les HOMMES<\/span>\n\t\t\t\t\t\t\t<\/li>\n<li class=\"product-prop line-limit-length\"><span\n\t\t\t\t\t\t\t\t\t\tclass=\"property-title\">Mat\u00e9riau Du Cadre:&nbsp;<\/span><span\n\t\t\t\t\t\t\t\t\t\tclass=\"property-desc line-limit-length\">ALLIAGE<\/span>\n\t\t\t\t\t\t\t<\/li>\n<li class=\"product-prop line-limit-length\"><span\n\t\t\t\t\t\t\t\t\t\tclass=\"property-title\">Lentilles Optiques Attribut:&nbsp;<\/span><span\n\t\t\t\t\t\t\t\t\t\tclass=\"property-desc line-limit-length\">D\u00e9grad\u00e9,UV400<\/span>\n\t\t\t\t\t\t\t<\/li>\n<li class=\"product-prop line-limit-length\"><span\n\t\t\t\t\t\t\t\t\t\tclass=\"property-title\">Style:&nbsp;<\/span><span\n\t\t\t\t\t\t\t\t\t\tclass=\"property-desc line-limit-length\">Pilote<\/span>\n\t\t\t\t\t\t\t<\/li>\n<li class=\"product-prop line-limit-length\"><span\n\t\t\t\t\t\t\t\t\t\tclass=\"property-title\">Nom De Marque:&nbsp;<\/span><span\n\t\t\t\t\t\t\t\t\t\tclass=\"property-desc line-limit-length\">QUI CUTIE<\/span>\n\t\t\t\t\t\t\t<\/li>\n<li class=\"product-prop line-limit-length\"><span\n\t\t\t\t\t\t\t\t\t\tclass=\"property-title\">Type D&#039;\u00c9l\u00e9ment:&nbsp;<\/span><span\n\t\t\t\t\t\t\t\t\t\tclass=\"property-desc line-limit-length\">LUNETTES<\/span>\n\t\t\t\t\t\t\t<\/li>\n<li class=\"product-prop line-limit-length\"><span\n\t\t\t\t\t\t\t\t\t\tclass=\"property-title\">Lunettes Type:&nbsp;<\/span><span\n\t\t\t\t\t\t\t\t\t\tclass=\"property-desc line-limit-length\">Lunettes de soleil<\/span>\n\t\t\t\t\t\t\t<\/li>\n<li class=\"product-prop line-limit-length\"><span\n\t\t\t\t\t\t\t\t\t\tclass=\"property-title\">Origine:&nbsp;<\/span><span\n\t\t\t\t\t\t\t\t\t\tclass=\"property-desc line-limit-length\">La Partie Continentale De La Chine<\/span>\n\t\t\t\t\t\t\t<\/li>\n<li class=\"product-prop line-limit-length\"><span\n\t\t\t\t\t\t\t\t\t\tclass=\"property-title\">Certification:&nbsp;<\/span><span\n\t\t\t\t\t\t\t\t\t\tclass=\"property-desc line-limit-length\">CE<\/span>\n\t\t\t\t\t\t\t<\/li>\n<li class=\"product-prop line-limit-length\"><span\n\t\t\t\t\t\t\t\t\t\tclass=\"property-title\">note:&nbsp;<\/span><span\n\t\t\t\t\t\t\t\t\t\tclass=\"property-desc line-limit-length\">Dropshipping Et De Gros<\/span>\n\t\t\t\t\t\t\t<\/li>\n<\/ul><\/div>\n<div class=\"detailmodule_html\">\n<div class=\"detail-desc-decorate-richtext\"><\/p>\n<div class=\"detailmodule_dynamic\">\n<div class=\"detailmodule_dynamic\">\n<div class=\"detailmodule_dynamic\">\n<div class=\"detailmodule_dynamic\">\n<div class=\"detailmodule_dynamic\"><\/div>\n<\/div>\n<\/div>\n<\/div>\n<\/div>\n<div class=\"detailmodule_dynamic\"><\/div>\n<div class=\"detailmodule_dynamic\"><\/div>\n<div class=\"detailmodule_dynamic\"><\/div>\n<div class=\"detailmodule_dynamic\"><kse:widget data-widget-type=\"customText\" id=\"34272864\" type=\"custom\"><\/kse:widget><\/div>\n<div><img decoding=\"async\" style=\"width:750px\" width=\"750px\" src=\"https:\/\/ae01.alicdn.com\/kf\/H53033b2c52be4b5e9f0530f716df9adb6.jpg?width=800&amp;height=800&amp;hash=1600\" slate-data-type=\"image\"\/><img decoding=\"async\" src=\"https:\/\/ae01.alicdn.com\/kf\/H3aff5b9ea1754a659cc1bee414ba1504X.jpg?width=800&amp;height=800&amp;hash=1600\" slate-data-type=\"image\"\/><img decoding=\"async\" style=\"width:750px\" width=\"750px\" src=\"https:\/\/ae01.alicdn.com\/kf\/H6deb2fa133cd49ea86ab99ccf5059a66s.jpg?width=800&amp;height=500&amp;hash=1300\" slate-data-type=\"image\"\/><img decoding=\"async\" src=\"https:\/\/ae01.alicdn.com\/kf\/Ha9fff94e973446bba059be607d41cc50E.jpg?width=800&amp;height=800&amp;hash=1600\" slate-data-type=\"image\"\/><img decoding=\"async\" src=\"https:\/\/ae01.alicdn.com\/kf\/H00b99e4c85f44ba19cadfdc035b0dcc7G.jpg?width=800&amp;height=800&amp;hash=1600\" slate-data-type=\"image\"\/><img decoding=\"async\" src=\"https:\/\/ae01.alicdn.com\/kf\/H762b4d1c41bb46db80633a9ce9d35b22U.jpg?width=800&amp;height=482&amp;hash=1282\" slate-data-type=\"image\"\/><img decoding=\"async\" src=\"https:\/\/ae01.alicdn.com\/kf\/H598e66bb9fae4b68817d44e5ab9b83f28.jpg?width=800&amp;height=800&amp;hash=1600\" slate-data-type=\"image\"\/><img decoding=\"async\" src=\"https:\/\/ae01.alicdn.com\/kf\/Ha56a115bf4a54bf4a098f9635a31c790d.jpg?width=800&amp;height=500&amp;hash=1300\" slate-data-type=\"image\"\/><img decoding=\"async\" src=\"https:\/\/ae01.alicdn.com\/kf\/Hd3306e753c0943bf9029a3b7c4dd269cv.jpg?width=800&amp;height=500&amp;hash=1300\" slate-data-type=\"image\"\/><img decoding=\"async\" src=\"https:\/\/ae01.alicdn.com\/kf\/He462129b3b5c4b34b7901035fc88edccE.jpg?width=800&amp;height=500&amp;hash=1300\" slate-data-type=\"image\"\/><img decoding=\"async\" src=\"https:\/\/ae01.alicdn.com\/kf\/H837dffcf85e448619ff4ab1b65632f0fI.jpg?width=800&amp;height=500&amp;hash=1300\" slate-data-type=\"image\"\/><img decoding=\"async\" src=\"https:\/\/ae01.alicdn.com\/kf\/H1822969243bd4742aa40f68b4a160265h.jpg?width=800&amp;height=500&amp;hash=1300\" slate-data-type=\"image\"\/><img decoding=\"async\" src=\"https:\/\/ae01.alicdn.com\/kf\/Hae298ed8182b4c98a96cc468d8d4fb68x.jpg?width=800&amp;height=500&amp;hash=1300\" slate-data-type=\"image\"\/><img decoding=\"async\" src=\"https:\/\/ae01.alicdn.com\/kf\/H4f32a21a9ad24d56b5805079c95bb809r.jpg?width=790&amp;height=1134&amp;hash=1924\" slate-data-type=\"image\"\/><img decoding=\"async\" src=\"https:\/\/ae01.alicdn.com\/kf\/Hc4493a3d8ff440399d3a5cb713e8cd11i.jpg?width=790&amp;height=1040&amp;hash=1830\" slate-data-type=\"image\"\/><img decoding=\"async\" src=\"https:\/\/ae01.alicdn.com\/kf\/H750e5f0c93714272a4551b0feb4b066au.jpg?width=790&amp;height=1361&amp;hash=2151\" slate-data-type=\"image\"\/><img decoding=\"async\" src=\"https:\/\/ae01.alicdn.com\/kf\/Hc8afc057570644928d0a2f2ce2e1a897y.jpg?width=790&amp;height=1040&amp;hash=1830\" slate-data-type=\"image\"\/><\/div>\n<div class=\"detailmodule_dynamic\">\n<div class=\"detailmodule_dynamic\">\n<div class=\"detailmodule_dynamic\">\n<div class=\"detailmodule_dynamic\">\n<div class=\"detailmodule_dynamic\">\n<div class=\"detailmodule_dynamic\">\n<div class=\"detailmodule_dynamic\">\n<div class=\"detailmodule_dynamic\">\n<div class=\"detailmodule_dynamic\"><kse:widget data-widget-type=\"customText\" id=\"23389104\" type=\"custom\"><\/kse:widget><\/div>\n<\/div>\n<\/div>\n<\/div>\n<\/div>\n<\/div>\n<\/div>\n<\/div>\n<\/div>\n<p><\/div>\n<\/div>\n<p>  <\/p>","protected":false},"excerpt":{"rendered":"<p>Place Of Origin:&nbsp;China (mainland) Model Number:&nbsp;S597 Fashion Street Shot Accessories Lens Width:&nbsp;63 mm Brown Gradient Eyewear Lens Height:&nbsp;55 mm Double Bridge Metal Frame Lenses Material:&nbsp;Polycarbonate Department Name:&nbsp;ADULT Gender:&nbsp;MEN Frame Material:&nbsp;ALLOY Lenses Optical Attribute:&nbsp;Gradient,UV400 Style:&nbsp;Pilot Brand Name:&nbsp;WHO CUTIE Item Type:&nbsp;EYEWEAR Eyewear Type:&nbsp;Sunglasses Origin:&nbsp;Mainland China Certification:&nbsp;CE note:&nbsp;Dropshipping&amp;Wholesale<\/p>","protected":false},"featured_media":13641,"template":"","meta":[],"product_brand":[],"product_cat":[486],"product_tag":[],"class_list":{"0":"post-13639","1":"product","2":"type-product","3":"status-publish","4":"has-post-thumbnail","6":"product_cat-women","8":"first","9":"instock","10":"taxable","11":"shipping-taxable","12":"purchasable","13":"product-type-variable"},"_links":{"self":[{"href":"https:\/\/lunettesoleil.ca\/fr\/wp-json\/wp\/v2\/product\/13639","targetHints":{"allow":["GET"]}}],"collection":[{"href":"https:\/\/lunettesoleil.ca\/fr\/wp-json\/wp\/v2\/product"}],"about":[{"href":"https:\/\/lunettesoleil.ca\/fr\/wp-json\/wp\/v2\/types\/product"}],"wp:featuredmedia":[{"embeddable":true,"href":"https:\/\/lunettesoleil.ca\/fr\/wp-json\/wp\/v2\/media\/13641"}],"wp:attachment":[{"href":"https:\/\/lunettesoleil.ca\/fr\/wp-json\/wp\/v2\/media?parent=13639"}],"wp:term":[{"taxonomy":"product_brand","embeddable":true,"href":"https:\/\/lunettesoleil.ca\/fr\/wp-json\/wp\/v2\/product_brand?post=13639"},{"taxonomy":"product_cat","embeddable":true,"href":"https:\/\/lunettesoleil.ca\/fr\/wp-json\/wp\/v2\/product_cat?post=13639"},{"taxonomy":"product_tag","embeddable":true,"href":"https:\/\/lunettesoleil.ca\/fr\/wp-json\/wp\/v2\/product_tag?post=13639"}],"curies":[{"name":"wp","href":"https:\/\/api.w.org\/{rel}","templated":true}]}}