{"id":14270,"date":"2024-06-13T12:04:15","date_gmt":"2024-06-13T16:04:15","guid":{"rendered":"https:\/\/lunettesoleil.ca\/product\/fashion-cat-eye-sunglasses-women-2024-oversized-sunglasses-vintage-square-sun-glasses-for-female-retro-irregular-shades-eyewear\/"},"modified":"2024-07-01T10:21:30","modified_gmt":"2024-07-01T14:21:30","slug":"fashion-cat-eye-sunglasses-women-2024-oversized-sunglasses-vintage-square-sun-glasses-for-female-retro-irregular-shades-eyewear","status":"publish","type":"product","link":"https:\/\/lunettesoleil.ca\/fr\/produit\/fashion-cat-eye-sunglasses-women-2024-oversized-sunglasses-vintage-square-sun-glasses-for-female-retro-irregular-shades-eyewear\/","title":{"rendered":"Lunettes De Soleil Vintage Carr\u00e9s pour Femme R\u00e9tro Irr\u00e9guli\u00e8re Nuances"},"content":{"rendered":"<div class=\"product-specs-list-container\">\n<ul class=\"product-specs-list util-clearfix\">\n<li class=\"product-prop line-limit-length\"><span\n\t\t\t\t\t\t\t\t\t\tclass=\"property-title\">Lentilles De Couleur:&nbsp;<\/span><span\n\t\t\t\t\t\t\t\t\t\tclass=\"property-desc line-limit-length\">multi<\/span>\n\t\t\t\t\t\t\t<\/li>\n<li class=\"product-prop line-limit-length\"><span\n\t\t\t\t\t\t\t\t\t\tclass=\"property-title\">Taille:&nbsp;<\/span><span\n\t\t\t\t\t\t\t\t\t\tclass=\"property-desc line-limit-length\">Taille Unique<\/span>\n\t\t\t\t\t\t\t<\/li>\n<li class=\"product-prop line-limit-length\"><span\n\t\t\t\t\t\t\t\t\t\tclass=\"property-title\">Genre:&nbsp;<\/span><span\n\t\t\t\t\t\t\t\t\t\tclass=\"property-desc line-limit-length\">Unisexe<\/span>\n\t\t\t\t\t\t\t<\/li>\n<li class=\"product-prop line-limit-length\"><span\n\t\t\t\t\t\t\t\t\t\tclass=\"property-title\">Origine:&nbsp;<\/span><span\n\t\t\t\t\t\t\t\t\t\tclass=\"property-desc line-limit-length\">La Partie Continentale De La Chine<\/span>\n\t\t\t\t\t\t\t<\/li>\n<li class=\"product-prop line-limit-length\"><span\n\t\t\t\t\t\t\t\t\t\tclass=\"property-title\">Type D&#039;\u00c9l\u00e9ment:&nbsp;<\/span><span\n\t\t\t\t\t\t\t\t\t\tclass=\"property-desc line-limit-length\">lunettes<\/span>\n\t\t\t\t\t\t\t<\/li>\n<\/ul><\/div>\n<div class=\"detailmodule_dynamic\"><kse:widget data-widget-type=\"relatedProduct\" id=\"1005000011052807\" title=\"\" type=\"relation\"><\/kse:widget><\/div>\n<div class=\"detailmodule_text\">\n<p class=\"detail-desc-decorate-title\" style=\"text-overflow: ellipsis;font-family: 'OpenSans';color:'#000';word-wrap: break-word;white-space: pre-wrap;font-weight: 900;font-size: 20px;line-height: 28px;color: #000;margin-bottom: 12px;\">\n<p class=\"detail-desc-decorate-content\" style=\"text-overflow: ellipsis;font-family: 'OpenSans';color:'#000';word-wrap: break-word;white-space: pre-wrap;font-weight: 300;font-size: 14px;line-height: 20px;color: #000;margin-bottom: 12px;\">Nom Du Produit: Cat Eye Lunettes De Soleil<br \/>\nStyle: La Mode, La Mode R\u00e9tro<br \/>\nCouleur: 10 Couleurs pour votre choix<br \/>\nLe Mat\u00e9riau De La Lentille: Polycarbonate<br \/>\nMat\u00e9riau du cadre: PC<br \/>\nLa Polarisation De Type: Non Polaris\u00e9<br \/>\nTaille De Produit:<br \/>\nLargeur totale: 144 mm (5.67 pouces)<br \/>\nLargeur: 53 mm (2.09 pouces)<br \/>\nHauteur du cadre: 46 mm (1.81 pouce)<br \/>\nPont de nez Largeur: 20 mm (0.79 inch)<br \/>\nLes Temples Longueur: 140 mm (5.51 pouces)<br \/>\nPoids: 43g (1.52 oz)<\/p>\n<p>Paquet Inclus:<br \/>\n1 x Lunettes de soleil<\/p>\n<p>Note:<br \/>\n    1. Il y a 2 \u00e0 3% de diff\u00e9rence selon la mesure manuelle. Veuillez v\u00e9rifier la taille soigneusement avant d&#039;acheter l&#039;article.<br \/>\n    2. Veuillez noter qu&#039;une l\u00e9g\u00e8re diff\u00e9rence de couleur devrait \u00eatre acceptable en raison de la lumi\u00e8re et de l&#039;\u00e9cran.<\/p>\n<\/div>\n<div class=\"detailmodule_image\"><img decoding=\"async\" src=\"https:\/\/ae01.alicdn.com\/kf\/Sf70ac955f59148dbab6e3bb4d2b0f3b5p.jpg\"  class=\"detail-desc-decorate-image\" ><img decoding=\"async\" src=\"https:\/\/ae01.alicdn.com\/kf\/Se636feeea95b4d68972b4bae9c9cd284D.jpg\"  class=\"detail-desc-decorate-image\" ><img decoding=\"async\" src=\"https:\/\/ae01.alicdn.com\/kf\/Sdade6452c9d64d33916aa262cd5baa981.jpg\"  class=\"detail-desc-decorate-image\" ><img decoding=\"async\" src=\"https:\/\/ae01.alicdn.com\/kf\/Se8d8788465b345f9984b33acd2a82f5aS.jpg\"  class=\"detail-desc-decorate-image\" ><img decoding=\"async\" src=\"https:\/\/ae01.alicdn.com\/kf\/S3df4c640e4da48abb000047f8458839dm.jpg\"  class=\"detail-desc-decorate-image\" ><img decoding=\"async\" src=\"https:\/\/ae01.alicdn.com\/kf\/Sbdff5a47ba45458d9c0654b87d34f163A.jpg\"  class=\"detail-desc-decorate-image\" ><img decoding=\"async\" src=\"https:\/\/ae01.alicdn.com\/kf\/S63eb34a967494529b3f2eec381be536aK.jpg\"  class=\"detail-desc-decorate-image\" ><img decoding=\"async\" src=\"https:\/\/ae01.alicdn.com\/kf\/S3256f6c8c42e4e89a2711120f940c2a22.jpg\"  class=\"detail-desc-decorate-image\" ><img decoding=\"async\" src=\"https:\/\/ae01.alicdn.com\/kf\/S24d6a2587f254486844825c1214108a4Q.jpg\"  class=\"detail-desc-decorate-image\" ><img decoding=\"async\" src=\"https:\/\/ae01.alicdn.com\/kf\/Sdf8b0a2edb4d40c7a068a6ac53f5a727z.jpg\"  class=\"detail-desc-decorate-image\" ><\/div>\n<div class=\"detailmodule_image\"><img decoding=\"async\" src=\"https:\/\/ae01.alicdn.com\/kf\/S13155ac548d8457a946184b7ebe939a9l.jpg\"  class=\"detail-desc-decorate-image\" ><img decoding=\"async\" src=\"https:\/\/ae01.alicdn.com\/kf\/S66df53c2d0f34f0e9019c83b149bda79w.jpg\"  class=\"detail-desc-decorate-image\" ><img decoding=\"async\" src=\"https:\/\/ae01.alicdn.com\/kf\/Sa0d0c377169d4cd9be9aabd850aaf5b5d.jpg\"  class=\"detail-desc-decorate-image\" ><img decoding=\"async\" src=\"https:\/\/ae01.alicdn.com\/kf\/S0bccdc0b2a1148eeba9943107bdb7cb6D.jpg\"  class=\"detail-desc-decorate-image\" ><img decoding=\"async\" src=\"https:\/\/ae01.alicdn.com\/kf\/Sa7814f16b6994c2ea9ab3c8a28c15d61a.jpg\"  class=\"detail-desc-decorate-image\" ><img decoding=\"async\" src=\"https:\/\/ae01.alicdn.com\/kf\/S9d910dd5fda6428a91e2ae543574e48em.jpg\"  class=\"detail-desc-decorate-image\" ><img decoding=\"async\" src=\"https:\/\/ae01.alicdn.com\/kf\/S67851778764e4053897110559efafa42E.jpg\"  class=\"detail-desc-decorate-image\" ><img decoding=\"async\" src=\"https:\/\/ae01.alicdn.com\/kf\/S40b4bdfbb0634618aab7a371c22ad377L.jpg\"  class=\"detail-desc-decorate-image\" ><img decoding=\"async\" src=\"https:\/\/ae01.alicdn.com\/kf\/S2a1a4b89965c4aaa9db38f0b4d02f74fY.jpg\"  class=\"detail-desc-decorate-image\" ><img decoding=\"async\" src=\"https:\/\/ae01.alicdn.com\/kf\/S432a3c4e56704e08a115ef97a1ce8a4dk.jpg\"  class=\"detail-desc-decorate-image\" ><\/div>","protected":false},"excerpt":{"rendered":"<p>Lenses Color:&nbsp;multi Size:&nbsp;One Size Gender:&nbsp;Unisex Origin:&nbsp;Mainland China Item Type:&nbsp;glasses Product Name: Cat Eye Sunglasses Style: Trendy, Retro Fashion Color: 10 Colors for your choice Lens Material: Polycarbonate Frame Material: PC Polarization Type: Non-Polarized Product Size: Total Width: 144mm (5.67inch) Frame Width: 53mm (2.09inch) Frame Height: 46mm (1.81inch) Nose Bridge Width: 20mm (0.79inch) Temples Length: 140mm [&#8230;]","protected":false},"featured_media":14271,"template":"","meta":[],"product_brand":[],"product_cat":[486],"product_tag":[],"class_list":{"0":"post-14270","1":"product","2":"type-product","3":"status-publish","4":"has-post-thumbnail","6":"product_cat-women","8":"first","9":"instock","10":"taxable","11":"shipping-taxable","12":"purchasable","13":"product-type-variable"},"_links":{"self":[{"href":"https:\/\/lunettesoleil.ca\/fr\/wp-json\/wp\/v2\/product\/14270","targetHints":{"allow":["GET"]}}],"collection":[{"href":"https:\/\/lunettesoleil.ca\/fr\/wp-json\/wp\/v2\/product"}],"about":[{"href":"https:\/\/lunettesoleil.ca\/fr\/wp-json\/wp\/v2\/types\/product"}],"wp:featuredmedia":[{"embeddable":true,"href":"https:\/\/lunettesoleil.ca\/fr\/wp-json\/wp\/v2\/media\/14271"}],"wp:attachment":[{"href":"https:\/\/lunettesoleil.ca\/fr\/wp-json\/wp\/v2\/media?parent=14270"}],"wp:term":[{"taxonomy":"product_brand","embeddable":true,"href":"https:\/\/lunettesoleil.ca\/fr\/wp-json\/wp\/v2\/product_brand?post=14270"},{"taxonomy":"product_cat","embeddable":true,"href":"https:\/\/lunettesoleil.ca\/fr\/wp-json\/wp\/v2\/product_cat?post=14270"},{"taxonomy":"product_tag","embeddable":true,"href":"https:\/\/lunettesoleil.ca\/fr\/wp-json\/wp\/v2\/product_tag?post=14270"}],"curies":[{"name":"wp","href":"https:\/\/api.w.org\/{rel}","templated":true}]}}