{"id":17077,"date":"2025-07-09T23:41:47","date_gmt":"2025-07-10T03:41:47","guid":{"rendered":"https:\/\/lunettesoleil.ca\/product\/oval-punk-sunglasses-women-2024-luxury-brand-metal-frame-sun-glasses-for-men-classic-vintage-steampunk-eyewear-shades-uv400\/"},"modified":"2025-07-09T23:53:21","modified_gmt":"2025-07-10T03:53:21","slug":"oval-punk-sunglasses-women-2024-luxury-brand-metal-frame-sun-glasses-for-men-classic-vintage-steampunk-eyewear-shades-uv400","status":"publish","type":"product","link":"https:\/\/lunettesoleil.ca\/fr\/produit\/oval-punk-sunglasses-women-2024-luxury-brand-metal-frame-sun-glasses-for-men-classic-vintage-steampunk-eyewear-shades-uv400\/","title":{"rendered":"Oval Punk Sunglasses Women 2024 Luxury Brand Metal Frame Sun Glasses For Men Classic Vintage Steampunk Eyewear Shades UV400\u00a0"},"content":{"rendered":"<div class=\"product-specs-list-container\">\n<ul class=\"product-specs-list util-clearfix\">\n<li class=\"product-prop line-limit-length\"><span\n\t\t\t\t\t\t\t\t\t\tclass=\"property-title\">Lieu D&#039;Origine:&nbsp;<\/span><span\n\t\t\t\t\t\t\t\t\t\tclass=\"property-desc line-limit-length\">La chine (continentale)<\/span>\n\t\t\t\t\t\t\t<\/li>\n<li class=\"product-prop line-limit-length\"><span\n\t\t\t\t\t\t\t\t\t\tclass=\"property-title\">Num\u00e9ro De Mod\u00e8le:&nbsp;<\/span><span\n\t\t\t\t\t\t\t\t\t\tclass=\"property-desc line-limit-length\">HC-826<\/span>\n\t\t\t\t\t\t\t<\/li>\n<li class=\"product-prop line-limit-length\"><span\n\t\t\t\t\t\t\t\t\t\tclass=\"property-title\">Largeur Du Verre:&nbsp;<\/span><span\n\t\t\t\t\t\t\t\t\t\tclass=\"property-desc line-limit-length\">55mm<\/span>\n\t\t\t\t\t\t\t<\/li>\n<li class=\"product-prop line-limit-length\"><span\n\t\t\t\t\t\t\t\t\t\tclass=\"property-title\">La Hauteur De L&#039;Objectif:&nbsp;<\/span><span\n\t\t\t\t\t\t\t\t\t\tclass=\"property-desc line-limit-length\">42mm<\/span>\n\t\t\t\t\t\t\t<\/li>\n<li class=\"product-prop line-limit-length\"><span\n\t\t\t\t\t\t\t\t\t\tclass=\"property-title\">Mat\u00e9riel De Lentilles:&nbsp;<\/span><span\n\t\t\t\t\t\t\t\t\t\tclass=\"property-desc line-limit-length\">Polycarbonate<\/span>\n\t\t\t\t\t\t\t<\/li>\n<li class=\"product-prop line-limit-length\"><span\n\t\t\t\t\t\t\t\t\t\tclass=\"property-title\">Nom Du D\u00e9partement:&nbsp;<\/span><span\n\t\t\t\t\t\t\t\t\t\tclass=\"property-desc line-limit-length\">ADULTE<\/span>\n\t\t\t\t\t\t\t<\/li>\n<li class=\"product-prop line-limit-length\"><span\n\t\t\t\t\t\t\t\t\t\tclass=\"property-title\">Genre:&nbsp;<\/span><span\n\t\t\t\t\t\t\t\t\t\tclass=\"property-desc line-limit-length\">Les FEMMES<\/span>\n\t\t\t\t\t\t\t<\/li>\n<li class=\"product-prop line-limit-length\"><span\n\t\t\t\t\t\t\t\t\t\tclass=\"property-title\">Mat\u00e9riau Du Cadre:&nbsp;<\/span><span\n\t\t\t\t\t\t\t\t\t\tclass=\"property-desc line-limit-length\">Polycarbonate<\/span>\n\t\t\t\t\t\t\t<\/li>\n<li class=\"product-prop line-limit-length\"><span\n\t\t\t\t\t\t\t\t\t\tclass=\"property-title\">Lentilles Optiques Attribut:&nbsp;<\/span><span\n\t\t\t\t\t\t\t\t\t\tclass=\"property-desc line-limit-length\">UV400,D\u00e9grad\u00e9<\/span>\n\t\t\t\t\t\t\t<\/li>\n<li class=\"product-prop line-limit-length\"><span\n\t\t\t\t\t\t\t\t\t\tclass=\"property-title\">Style:&nbsp;<\/span><span\n\t\t\t\t\t\t\t\t\t\tclass=\"property-desc line-limit-length\">punk<\/span>\n\t\t\t\t\t\t\t<\/li>\n<li class=\"product-prop line-limit-length\"><span\n\t\t\t\t\t\t\t\t\t\tclass=\"property-title\">Nom De Marque:&nbsp;<\/span><span\n\t\t\t\t\t\t\t\t\t\tclass=\"property-desc line-limit-length\">kajila<\/span>\n\t\t\t\t\t\t\t<\/li>\n<li class=\"product-prop line-limit-length\"><span\n\t\t\t\t\t\t\t\t\t\tclass=\"property-title\">Type D&#039;\u00c9l\u00e9ment:&nbsp;<\/span><span\n\t\t\t\t\t\t\t\t\t\tclass=\"property-desc line-limit-length\">LUNETTES<\/span>\n\t\t\t\t\t\t\t<\/li>\n<li class=\"product-prop line-limit-length\"><span\n\t\t\t\t\t\t\t\t\t\tclass=\"property-title\">Lunettes Type:&nbsp;<\/span><span\n\t\t\t\t\t\t\t\t\t\tclass=\"property-desc line-limit-length\">Lunettes de soleil<\/span>\n\t\t\t\t\t\t\t<\/li>\n<li class=\"product-prop line-limit-length\"><span\n\t\t\t\t\t\t\t\t\t\tclass=\"property-title\">Origine:&nbsp;<\/span><span\n\t\t\t\t\t\t\t\t\t\tclass=\"property-desc line-limit-length\">La Partie Continentale De La Chine<\/span>\n\t\t\t\t\t\t\t<\/li>\n<li class=\"product-prop line-limit-length\"><span\n\t\t\t\t\t\t\t\t\t\tclass=\"property-title\">Certification:&nbsp;<\/span><span\n\t\t\t\t\t\t\t\t\t\tclass=\"property-desc line-limit-length\">CE<\/span>\n\t\t\t\t\t\t\t<\/li>\n<li class=\"product-prop line-limit-length\"><span\n\t\t\t\t\t\t\t\t\t\tclass=\"property-title\">Caract\u00e9ristique 1:&nbsp;<\/span><span\n\t\t\t\t\t\t\t\t\t\tclass=\"property-desc line-limit-length\">Abat-jour pour les Femmes<\/span>\n\t\t\t\t\t\t\t<\/li>\n<li class=\"product-prop line-limit-length\"><span\n\t\t\t\t\t\t\t\t\t\tclass=\"property-title\">Caract\u00e9ristique 2:&nbsp;<\/span><span\n\t\t\t\t\t\t\t\t\t\tclass=\"property-desc line-limit-length\">Oval Sunglasses<\/span>\n\t\t\t\t\t\t\t<\/li>\n<li class=\"product-prop line-limit-length\"><span\n\t\t\t\t\t\t\t\t\t\tclass=\"property-title\">Caract\u00e9ristique 3:&nbsp;<\/span><span\n\t\t\t\t\t\t\t\t\t\tclass=\"property-desc line-limit-length\">Punk Lunettes De Soleil<\/span>\n\t\t\t\t\t\t\t<\/li>\n<li class=\"product-prop line-limit-length\"><span\n\t\t\t\t\t\t\t\t\t\tclass=\"property-title\">Fonction 4:&nbsp;<\/span><span\n\t\t\t\t\t\t\t\t\t\tclass=\"property-desc line-limit-length\">Metal Frame Sunglasses<\/span>\n\t\t\t\t\t\t\t<\/li>\n<li class=\"product-prop line-limit-length\"><span\n\t\t\t\t\t\t\t\t\t\tclass=\"property-title\">Fonction 5:&nbsp;<\/span><span\n\t\t\t\t\t\t\t\t\t\tclass=\"property-desc line-limit-length\">Classic Sunglasses<\/span>\n\t\t\t\t\t\t\t<\/li>\n<li class=\"product-prop line-limit-length\"><span\n\t\t\t\t\t\t\t\t\t\tclass=\"property-title\">Article 6:&nbsp;<\/span><span\n\t\t\t\t\t\t\t\t\t\tclass=\"property-desc line-limit-length\">Vintage Lunettes De Soleil<\/span>\n\t\t\t\t\t\t\t<\/li>\n<li class=\"product-prop line-limit-length\"><span\n\t\t\t\t\t\t\t\t\t\tclass=\"property-title\">Article 7:&nbsp;<\/span><span\n\t\t\t\t\t\t\t\t\t\tclass=\"property-desc line-limit-length\">Steampunk Lunettes De Soleil<\/span>\n\t\t\t\t\t\t\t<\/li>\n<li class=\"product-prop line-limit-length\"><span\n\t\t\t\t\t\t\t\t\t\tclass=\"property-title\">Article 8:&nbsp;<\/span><span\n\t\t\t\t\t\t\t\t\t\tclass=\"property-desc line-limit-length\">Ne Dropshipping &amp; De Gros En Vrac<\/span>\n\t\t\t\t\t\t\t<\/li>\n<li class=\"product-prop line-limit-length\"><span\n\t\t\t\t\t\t\t\t\t\tclass=\"property-title\">Fonction 9:&nbsp;<\/span><span\n\t\t\t\t\t\t\t\t\t\tclass=\"property-desc line-limit-length\">Anti Blue Light Glasses<\/span>\n\t\t\t\t\t\t\t<\/li>\n<li class=\"product-prop line-limit-length\"><span\n\t\t\t\t\t\t\t\t\t\tclass=\"property-title\">Fonction 10:&nbsp;<\/span><span\n\t\t\t\t\t\t\t\t\t\tclass=\"property-desc line-limit-length\">Computer Glasses<\/span>\n\t\t\t\t\t\t\t<\/li>\n<li class=\"product-prop line-limit-length\"><span\n\t\t\t\t\t\t\t\t\t\tclass=\"property-title\">Fonction 11:&nbsp;<\/span><span\n\t\t\t\t\t\t\t\t\t\tclass=\"property-desc line-limit-length\">Reading Glasses<\/span>\n\t\t\t\t\t\t\t<\/li>\n<\/ul><\/div>\n<div class=\"detailmodule_html\">\n<div class=\"detail-desc-decorate-richtext\">\n<p style=\"text-align:center\" align=\"center\"><img decoding=\"async\" src=\"https:\/\/ae01.alicdn.com\/kf\/S0eb972a30b114c0690c0d48937b92f6cC.jpg\" slate-data-type=\"image\"\/><img decoding=\"async\" src=\"https:\/\/ae01.alicdn.com\/kf\/S9f147ff1d2614293936d9d1189eb9567K.jpg\" slate-data-type=\"image\"\/><img decoding=\"async\" src=\"https:\/\/ae01.alicdn.com\/kf\/S55293f22072840d881d81d9e3c07c55fu.jpg\" slate-data-type=\"image\"\/><img decoding=\"async\" src=\"https:\/\/ae01.alicdn.com\/kf\/S4607d1668d404cc990394f61353b41882.jpg\" slate-data-type=\"image\"\/><img decoding=\"async\" src=\"https:\/\/ae01.alicdn.com\/kf\/S49330293f770428cb01f73550480f065O.jpg\" slate-data-type=\"image\"\/><img decoding=\"async\" src=\"https:\/\/ae01.alicdn.com\/kf\/Sb8f8d0a1e3724dcda0ceaf6ae6bc3c927.jpg\" slate-data-type=\"image\"\/><img decoding=\"async\" src=\"https:\/\/ae01.alicdn.com\/kf\/S56ec66af3d7c4302862be424a6891549i.jpg\" slate-data-type=\"image\"\/><img decoding=\"async\" src=\"https:\/\/ae01.alicdn.com\/kf\/S045651d0f755438bac25d32b68098b92J.jpg\" slate-data-type=\"image\"\/><img decoding=\"async\" src=\"https:\/\/ae01.alicdn.com\/kf\/S1ced2e14e79f42f4a1562707fc5c1d6bE.jpg\" slate-data-type=\"image\"\/><img decoding=\"async\" src=\"https:\/\/ae01.alicdn.com\/kf\/S8ad4c6cd86bb4711b5897854bddf4709B.jpg\" slate-data-type=\"image\"\/><img decoding=\"async\" src=\"https:\/\/ae01.alicdn.com\/kf\/S510617b1cd6c4237bfc726a65dfad504f.jpg\" slate-data-type=\"image\"\/><img decoding=\"async\" src=\"https:\/\/ae01.alicdn.com\/kf\/S2d33856fc44f434b8c6adcf569379e241.jpg\" slate-data-type=\"image\"\/><img decoding=\"async\" src=\"https:\/\/ae01.alicdn.com\/kf\/Sef42da7c2b4d4707a36814e29102cd6dj.jpg\" slate-data-type=\"image\"\/><img decoding=\"async\" src=\"https:\/\/ae01.alicdn.com\/kf\/S099f682b8b0a4e73bc67c5d7c51e6d92p.jpg\" slate-data-type=\"image\"\/><img decoding=\"async\" src=\"https:\/\/ae01.alicdn.com\/kf\/S39cc6a82bb524767a838bb9c258a3646T.jpg\" slate-data-type=\"image\"\/><img decoding=\"async\" src=\"https:\/\/ae01.alicdn.com\/kf\/S9498f234f6074836b76ae8876378bf68j.jpg\" slate-data-type=\"image\"\/><img decoding=\"async\" src=\"https:\/\/ae01.alicdn.com\/kf\/Sfa2a66766a6c441a8869931818fae2bf7.jpg\" slate-data-type=\"image\"\/><\/p>\n<div style=\"text-align:center\" align=\"center\">\n<p style=\"text-align:center\" align=\"center\"><img decoding=\"async\" title=\"2.jpg\" src=\"https:\/\/ae01.alicdn.com\/kf\/Sa70e5f47a5b44dca876a39c96a1dcd3aB.jpg\" slate-data-type=\"image\"\/><\/p>\n<p style=\"text-align:center\" align=\"center\"><span style=\"font-size:18px;font-family:inherit\">\u00c9conomie D&#039;Exp\u00e9dition<\/span><\/p>\n<p style=\"text-align:center\" align=\"center\"><span style=\"font-size:18px;font-family:inherit\">Nous avons l&#039;habitude d&#039;utiliser AliExpress Exp\u00e9dition Standard ou recommand\u00e9 Chine la Poste a\u00e9rienne et il faut environ 2 \u00e0 6 semaines pour la livraison.<\/span><\/p>\n<p style=\"text-align:center\" align=\"center\"><span style=\"font-size:18px;font-family:inherit\">Express<\/span><\/p>\n<p style=\"text-align:center\" align=\"center\"><span style=\"font-size:18px;font-family:inherit\">EMS, il faut environ 5 \u00e0 29 jours pour le monde entier. D&#039;autres transporteurs tels que DHL, FEDEX prendra environ 3 \u00e0 9 jours.<\/span><\/p>\n<p style=\"text-align:center\" align=\"center\"><span style=\"font-size:18px;font-family:inherit\">Si vous voulez choisir l&#039;Express, s&#039;il vous pla\u00eet dites-nous et nous allons Calculer tous les frais d&#039;exp\u00e9dition.<\/span><\/p>\n<p style=\"text-align:center\" align=\"center\"><span style=\"font-size:18px;font-family:inherit\">Nous exp\u00e9dions toujours \u00e0 votre S\u00e9questre adresse, donc si votre adresse d&#039;exp\u00e9dition est pas \u00e0 la hauteur, s&#039;il vous pla\u00eet remarque lorsque vous payez par l&#039;engagement !<\/span><\/p>\n<p style=\"text-align:center\" align=\"center\"><span style=\"font-size:18px;font-family:inherit\">\u00c0 propos de droits de Douane: Notre boutique est libre de l&#039;exp\u00e9dition ,mais sur les droits de douane ,vous ne devez payer pour vous-m\u00eame.<\/span><\/p>\n<p style=\"text-align:center\" align=\"center\"><span style=\"font-size:18px;font-family:inherit\">Selon notre exp\u00e9rience, tr\u00e8s peu de clients de g\u00e9n\u00e9rer des taxes suppl\u00e9mentaires<\/span><\/p>\n<p style=\"text-align:center\" align=\"center\"><img decoding=\"async\" title=\"3.jpg\" src=\"https:\/\/ae01.alicdn.com\/kf\/S4cb4824205fe41ad9e216f432262fff9p.jpg\" slate-data-type=\"image\"\/><\/p>\n<p style=\"text-align:center\" align=\"center\"><span style=\"font-size:18px;font-family:inherit\">Tous les produits dans notre magasin peut \u00eatre m\u00e9lang\u00e9!<\/span><\/p>\n<p style=\"text-align:center\" align=\"center\"><span style=\"font-size:18px;font-family:inherit\">De gros et de d\u00e9tail sont tous les bienvenus! Plus vous achetez, plus de rabais que vous obtenez<\/span><span style=\"font-size:18px;font-family:inherit\"><span style=\"font-family:Tahoma\">H\u00e9sitez pas \u00e0 nous contacter pour plus de s\u00e9lections!<\/span><\/span><\/p>\n<p style=\"text-align:center\" align=\"center\"><span style=\"font-size:18px;font-family:inherit\">Toute demande d&#039;information, n&#039;h\u00e9sitez pas \u00e0 nous contacter, notre volont\u00e9 de r\u00e9pondre dans les 6 \u00e0 12 heures au plus.<\/span><\/p>\n<p style=\"text-align:center\" align=\"center\"><span style=\"font-size:18px;font-family:inherit\">(S&#039;il vous pla\u00eet aller \u00e0 notre magasin pour obtenir nos coordonn\u00e9es et email.<\/span><\/p>\n<p style=\"text-align:center\" align=\"center\"><img decoding=\"async\" title=\"4.jpg\" src=\"https:\/\/ae01.alicdn.com\/kf\/S052afa5d715e4b29863b5f4d3b4237937.jpg\" slate-data-type=\"image\"\/><\/p>\n<p style=\"text-align:center\" align=\"center\"><span style=\"font-size:18px;font-family:inherit\">Votre satisfaction est que nous recherchons! Nous ferons de notre mieux pour atteindre cet objectif!!<\/span><\/p>\n<p style=\"text-align:center\" align=\"center\"><span style=\"font-size:18px;font-family:inherit\">Vos commentaires Positifs sont la cl\u00e9 de la r\u00e9ussite de notre entreprise. Nous vous prions de<\/span><\/p>\n<p style=\"text-align:center\" align=\"center\"><span style=\"font-size:18px;font-family:inherit\">prenez une minute pour nous laisser la r\u00e9troaction positive avec un ensemble D\u00e9taill\u00e9 de Vente de Notation (DSR) de 5.<\/span><\/p>\n<p style=\"text-align:center\" align=\"center\"><span style=\"font-size:18px;font-family:inherit\">Nous vous remercions par avance pour votre temps et esp\u00e9rons sinc\u00e8rement que vous \u00eates satisfait avec votre achat, notre service.<\/span><\/p>\n<p style=\"text-align:center\" align=\"center\"><span style=\"font-size:18px;font-family:inherit\">Si vous n&#039;\u00eates pas satisfait de votre transaction:<\/span><\/p>\n<p style=\"text-align:center\" align=\"center\"><span style=\"font-size:18px;font-family:inherit\">Veuillez communiquer imm\u00e9diatement avec nous avant de laisser une r\u00e9troaction Neutre ou N\u00e9gative, comme nous le ferons de notre mieux pour r\u00e9soudre le probl\u00e8me \u00e0 votre satisfaction. La Communication est souvent la cl\u00e9 pour r\u00e9soudre les probl\u00e8mes.<\/span><\/p>\n<\/div>\n<div>\n<p><\/div>\n<div>\n<\/div>\n<div><\/div>\n<p><\/p>\n<div>\n<\/div>\n<\/div>\n<\/div>\n<p><\/p>","protected":false},"excerpt":{"rendered":"<p>Place Of Origin:&nbsp;China (mainland) Model Number:&nbsp;HC-826 Lens Width:&nbsp;55mm Lens Height:&nbsp;42mm Lenses Material:&nbsp;Polycarbonate Department Name:&nbsp;ADULT Gender:&nbsp;WOMEN Frame Material:&nbsp;Polycarbonate Lenses Optical Attribute:&nbsp;UV400,Gradient Style:&nbsp;punk Brand Name:&nbsp;kajila Item Type:&nbsp;EYEWEAR Eyewear Type:&nbsp;Sunglasses Origin:&nbsp;Mainland China Certification:&nbsp;CE Feature 1:&nbsp;Shades for Women Feature 2:&nbsp;Oval Sunglasses Feature 3:&nbsp;Punk Sunglasses Feature 4:&nbsp;Metal Frame Sunglasses Feature 5:&nbsp;Classic Sunglasses Feature 6:&nbsp;Vintage Sunglasses Feature 7:&nbsp;Steampunk Sunglasses Feature 8:&nbsp;Do [&#8230;]","protected":false},"featured_media":17078,"template":"","meta":[],"product_brand":[],"product_cat":[486],"product_tag":[],"class_list":{"0":"post-17077","1":"product","2":"type-product","3":"status-publish","4":"has-post-thumbnail","6":"product_cat-women","8":"first","9":"instock","10":"taxable","11":"shipping-taxable","12":"purchasable","13":"product-type-variable"},"_links":{"self":[{"href":"https:\/\/lunettesoleil.ca\/fr\/wp-json\/wp\/v2\/product\/17077","targetHints":{"allow":["GET"]}}],"collection":[{"href":"https:\/\/lunettesoleil.ca\/fr\/wp-json\/wp\/v2\/product"}],"about":[{"href":"https:\/\/lunettesoleil.ca\/fr\/wp-json\/wp\/v2\/types\/product"}],"wp:featuredmedia":[{"embeddable":true,"href":"https:\/\/lunettesoleil.ca\/fr\/wp-json\/wp\/v2\/media\/17078"}],"wp:attachment":[{"href":"https:\/\/lunettesoleil.ca\/fr\/wp-json\/wp\/v2\/media?parent=17077"}],"wp:term":[{"taxonomy":"product_brand","embeddable":true,"href":"https:\/\/lunettesoleil.ca\/fr\/wp-json\/wp\/v2\/product_brand?post=17077"},{"taxonomy":"product_cat","embeddable":true,"href":"https:\/\/lunettesoleil.ca\/fr\/wp-json\/wp\/v2\/product_cat?post=17077"},{"taxonomy":"product_tag","embeddable":true,"href":"https:\/\/lunettesoleil.ca\/fr\/wp-json\/wp\/v2\/product_tag?post=17077"}],"curies":[{"name":"wp","href":"https:\/\/api.w.org\/{rel}","templated":true}]}}