{"id":17118,"date":"2025-07-09T23:42:32","date_gmt":"2025-07-10T03:42:32","guid":{"rendered":"https:\/\/lunettesoleil.ca\/product\/fashion-cat-eye-sunglasses-women-2024-luxury-brand-design-vintage-square-punk-sun-glasses-for-ladies-shades-retro-eyewear-uv400\/"},"modified":"2025-07-09T23:53:00","modified_gmt":"2025-07-10T03:53:00","slug":"fashion-cat-eye-sunglasses-women-2024-luxury-brand-design-vintage-square-punk-sun-glasses-for-ladies-shades-retro-eyewear-uv400","status":"publish","type":"product","link":"https:\/\/lunettesoleil.ca\/fr\/produit\/fashion-cat-eye-sunglasses-women-2024-luxury-brand-design-vintage-square-punk-sun-glasses-for-ladies-shades-retro-eyewear-uv400\/","title":{"rendered":"Fashion Cat Eye Sunglasses Women 2024 Luxury Brand Design Vintage Square Punk Sun Glasses For Ladies Shades Retro Eyewear UV400"},"content":{"rendered":"<p>&nbsp;<\/p>\n<div class=\"product-specs-list-container\">\n<ul class=\"product-specs-list util-clearfix\">\n<li class=\"product-prop line-limit-length\"><span class=\"property-title\">Lieu D&#039;Origine:\u00a0<\/span><span class=\"property-desc line-limit-length\">La chine (continentale)<\/span><\/li>\n<li class=\"product-prop line-limit-length\"><span class=\"property-title\">Num\u00e9ro De Mod\u00e8le:\u00a0<\/span><span class=\"property-desc line-limit-length\">DG2246<\/span><\/li>\n<li class=\"product-prop line-limit-length\"><span class=\"property-title\">Largeur Du Verre:\u00a0<\/span><span class=\"property-desc line-limit-length\">53mm<\/span><\/li>\n<li class=\"product-prop line-limit-length\"><span class=\"property-title\">La Hauteur De L&#039;Objectif:\u00a0<\/span><span class=\"property-desc line-limit-length\">46mm<\/span><\/li>\n<li class=\"product-prop line-limit-length\"><span class=\"property-title\">Mat\u00e9riel De Lentilles:\u00a0<\/span><span class=\"property-desc line-limit-length\">En plastique<\/span><\/li>\n<li class=\"product-prop line-limit-length\"><span class=\"property-title\">Nom Du D\u00e9partement:\u00a0<\/span><span class=\"property-desc line-limit-length\">ADULTE<\/span><\/li>\n<li class=\"product-prop line-limit-length\"><span class=\"property-title\">Genre:\u00a0<\/span><span class=\"property-desc line-limit-length\">Les FEMMES<\/span><\/li>\n<li class=\"product-prop line-limit-length\"><span class=\"property-title\">Mat\u00e9riau Du Cadre:\u00a0<\/span><span class=\"property-desc line-limit-length\">En plastique<\/span><\/li>\n<li class=\"product-prop line-limit-length\"><span class=\"property-title\">Lentilles Optiques Attribut:\u00a0<\/span><span class=\"property-desc line-limit-length\">UV400,D\u00e9grad\u00e9<\/span><\/li>\n<li class=\"product-prop line-limit-length\"><span class=\"property-title\">Style:\u00a0<\/span><span class=\"property-desc line-limit-length\">CARR\u00c9<\/span><\/li>\n<li class=\"product-prop line-limit-length\"><span class=\"property-title\">Nom De Marque:\u00a0<\/span><span class=\"property-desc line-limit-length\">kajila<\/span><\/li>\n<li class=\"product-prop line-limit-length\"><span class=\"property-title\">Type D&#039;\u00c9l\u00e9ment:\u00a0<\/span><span class=\"property-desc line-limit-length\">LUNETTES<\/span><\/li>\n<li class=\"product-prop line-limit-length\"><span class=\"property-title\">Lunettes Type:\u00a0<\/span><span class=\"property-desc line-limit-length\">Lunettes de soleil<\/span><\/li>\n<li class=\"product-prop line-limit-length\"><span class=\"property-title\">Origine:\u00a0<\/span><span class=\"property-desc line-limit-length\">La Partie Continentale De La Chine<\/span><\/li>\n<li class=\"product-prop line-limit-length\"><span class=\"property-title\">Certification:\u00a0<\/span><span class=\"property-desc line-limit-length\">CE<\/span><\/li>\n<li class=\"product-prop line-limit-length\"><span class=\"property-title\">Caract\u00e9ristique 1:\u00a0<\/span><span class=\"property-desc line-limit-length\">Retro Eyewear UV400<\/span><\/li>\n<li class=\"product-prop line-limit-length\"><span class=\"property-title\">Caract\u00e9ristique 2:\u00a0<\/span><span class=\"property-desc line-limit-length\">Cat Eye Lunettes De Soleil<\/span><\/li>\n<li class=\"product-prop line-limit-length\"><span class=\"property-title\">Caract\u00e9ristique 3:\u00a0<\/span><span class=\"property-desc line-limit-length\">Vintage Lunettes De Soleil<\/span><\/li>\n<li class=\"product-prop line-limit-length\"><span class=\"property-title\">Fonction 4:\u00a0<\/span><span class=\"property-desc line-limit-length\">Square Des Lunettes De Soleil<\/span><\/li>\n<li class=\"product-prop line-limit-length\"><span class=\"property-title\">Fonction 5:\u00a0<\/span><span class=\"property-desc line-limit-length\">Punk Lunettes De Soleil<\/span><\/li>\n<li class=\"product-prop line-limit-length\"><span class=\"property-title\">Article 6:\u00a0<\/span><span class=\"property-desc line-limit-length\">Abat-jour pour les Femmes<\/span><\/li>\n<li class=\"product-prop line-limit-length\"><span class=\"property-title\">Article 8:\u00a0<\/span><span class=\"property-desc line-limit-length\">En Gros En Vrac<\/span><\/li>\n<\/ul>\n<\/div>\n<div class=\"detailmodule_html\">\n<div class=\"detail-desc-decorate-richtext\">\n<div style=\"text-align: center;\" align=\"center\"><img decoding=\"async\" src=\"https:\/\/ae01.alicdn.com\/kf\/S53611179fed340b791a74dfd57c62eb0p.jpg\" \/><img decoding=\"async\" src=\"https:\/\/ae01.alicdn.com\/kf\/S36f30470a5d4416ca38a707264e3066dF.jpg\" \/><img decoding=\"async\" src=\"https:\/\/ae01.alicdn.com\/kf\/S11324ffe32c0450ea35a7e8679741d3dK.jpg\" \/><br \/>\n<img decoding=\"async\" src=\"https:\/\/ae01.alicdn.com\/kf\/S99e8890969244b08b656466784cf0ea6E.jpg\" \/><br \/>\n<img decoding=\"async\" src=\"https:\/\/ae01.alicdn.com\/kf\/Sea3fc54d04184dc2b03b3d289f227b1bZ.jpg\" \/><br \/>\n<img decoding=\"async\" src=\"https:\/\/ae01.alicdn.com\/kf\/Sb8b384b9cd6743c5acd6f0b4014a7d703.jpg\" \/><br \/>\n<img decoding=\"async\" src=\"https:\/\/ae01.alicdn.com\/kf\/Sa0e57148bb61417cadf930f76781fa35p.jpg\" \/><br \/>\n<img decoding=\"async\" src=\"https:\/\/ae01.alicdn.com\/kf\/S66445fce4964471e94ca8629d546572fL.jpg\" \/><br \/>\n<img decoding=\"async\" src=\"https:\/\/ae01.alicdn.com\/kf\/Sd8dd6ab0da7e4532b31f2e5ef8f1ac26d.jpg\" \/><br \/>\n<img decoding=\"async\" src=\"https:\/\/ae01.alicdn.com\/kf\/S33cb4c9daa3c41c7818b58132ff0c43a2.jpg\" \/><br \/>\n<img decoding=\"async\" src=\"https:\/\/ae01.alicdn.com\/kf\/Sb44ea100fddd4be2a226968ab23ab97a8.jpg\" \/><br \/>\n<img decoding=\"async\" src=\"https:\/\/ae01.alicdn.com\/kf\/Sd450485927a64a1c9c070180ed61ca60Z.jpg\" \/><br \/>\n<img decoding=\"async\" src=\"https:\/\/ae01.alicdn.com\/kf\/Sa3c23417e37447f19dffbd6b8151f953t.jpg\" \/><br \/>\n<img decoding=\"async\" src=\"https:\/\/ae01.alicdn.com\/kf\/Sfc9dbca649b642989c9e3fdb2e3ea9f9P.jpg\" \/><br \/>\n<img decoding=\"async\" src=\"https:\/\/ae01.alicdn.com\/kf\/Sf3df15c5cc37488bbe508dbc5672e9a8G.jpg\" \/><br \/>\n<img decoding=\"async\" src=\"https:\/\/ae01.alicdn.com\/kf\/Sc9cd0fa139b94572bf9a155309291cb8B.jpg\" \/><br \/>\n<img decoding=\"async\" src=\"https:\/\/ae01.alicdn.com\/kf\/S368d98089cd14480a65fc34bbfe96306D.jpg\" \/><br \/>\n<img decoding=\"async\" src=\"https:\/\/ae01.alicdn.com\/kf\/S284f5a40b04f44cbb33f4c20b98c8bfaW.jpg\" \/><br \/>\n<img decoding=\"async\" src=\"https:\/\/ae01.alicdn.com\/kf\/Sa0e77480027a4bfa832c81835fa9a6f4o.jpg\" \/><br \/>\n<img decoding=\"async\" src=\"https:\/\/ae01.alicdn.com\/kf\/Sdba641d924ac47c6b0fd107ccbb5f821u.jpg\" \/><\/p>\n<p><img decoding=\"async\" src=\"https:\/\/ae01.alicdn.com\/kf\/S8a4be2c0245546ffb8a56bb3e30fcffad.jpg\" \/><\/div>\n<div style=\"text-align: center;\" align=\"center\"><img decoding=\"async\" src=\"https:\/\/ae01.alicdn.com\/kf\/Sd11ae31a2a524f0a8ff7cc4f3e49379c7.jpg\" \/><\/p>\n<\/div>\n<div style=\"text-align: center;\" align=\"center\">\n<div style=\"text-align: center;\" align=\"center\">\n<div style=\"text-align: center;\" align=\"center\">\n<p style=\"text-align: center;\" align=\"center\"><img decoding=\"async\" title=\"2.jpg\" src=\"https:\/\/ae01.alicdn.com\/kf\/Sfafd77dc49584964998e579ec61748912.jpg\" \/><\/p>\n<p style=\"text-align: center;\" align=\"center\"><span style=\"font-size: 18px; font-family: inherit;\">\u00c9conomie D&#039;Exp\u00e9dition<\/span><\/p>\n<p style=\"text-align: center;\" align=\"center\"><span style=\"font-size: 18px; font-family: inherit;\">Nous avons l&#039;habitude d&#039;utiliser AliExpress Exp\u00e9dition Standard ou recommand\u00e9 Chine la Poste a\u00e9rienne et il faut environ 2 \u00e0 6 semaines pour la livraison.<\/span><\/p>\n<p style=\"text-align: center;\" align=\"center\"><span style=\"font-size: 18px; font-family: inherit;\">Express<\/span><\/p>\n<p style=\"text-align: center;\" align=\"center\"><span style=\"font-size: 18px; font-family: inherit;\">EMS, il faut environ 5 \u00e0 29 jours pour le monde entier. D&#039;autres transporteurs tels que DHL, FEDEX prendra environ 3 \u00e0 9 jours.<\/span><\/p>\n<p style=\"text-align: center;\" align=\"center\"><span style=\"font-size: 18px; font-family: inherit;\">Si vous voulez choisir l&#039;Express, s&#039;il vous pla\u00eet dites-nous et nous allons Calculer tous les frais d&#039;exp\u00e9dition.<\/span><\/p>\n<p style=\"text-align: center;\" align=\"center\"><span style=\"font-size: 18px; font-family: inherit;\">Nous exp\u00e9dions toujours \u00e0 votre S\u00e9questre adresse, donc si votre adresse d&#039;exp\u00e9dition est pas \u00e0 la hauteur, s&#039;il vous pla\u00eet remarque lorsque vous payez par l&#039;engagement !<\/span><\/p>\n<p style=\"text-align: center;\" align=\"center\"><span style=\"font-size: 18px; font-family: inherit;\">\u00c0 propos de droits de Douane: Notre boutique est libre de l&#039;exp\u00e9dition ,mais sur les droits de douane ,vous ne devez payer pour vous-m\u00eame.<\/span><\/p>\n<p style=\"text-align: center;\" align=\"center\"><span style=\"font-size: 18px; font-family: inherit;\">Selon notre exp\u00e9rience, tr\u00e8s peu de clients de g\u00e9n\u00e9rer des taxes suppl\u00e9mentaires<\/span><\/p>\n<p style=\"text-align: center;\" align=\"center\"><img decoding=\"async\" title=\"3.jpg\" src=\"https:\/\/ae01.alicdn.com\/kf\/S4cb4824205fe41ad9e216f432262fff9p.jpg\" \/><\/p>\n<p style=\"text-align: center;\" align=\"center\"><span style=\"font-size: 18px; font-family: inherit;\">Tous les produits dans notre magasin peut \u00eatre m\u00e9lang\u00e9!<\/span><\/p>\n<p style=\"text-align: center;\" align=\"center\"><span style=\"font-size: 18px; font-family: inherit;\">De gros et de d\u00e9tail sont tous les bienvenus! Plus vous achetez, plus de rabais que vous obtenez<\/span><span style=\"font-size: 18px; font-family: inherit;\"><span style=\"font-family: Tahoma;\">H\u00e9sitez pas \u00e0 nous contacter pour plus de s\u00e9lections!<\/span><\/span><\/p>\n<p style=\"text-align: center;\" align=\"center\"><span style=\"font-size: 18px; font-family: inherit;\">Toute demande d&#039;information, n&#039;h\u00e9sitez pas \u00e0 nous contacter, notre volont\u00e9 de r\u00e9pondre dans les 6 \u00e0 12 heures au plus.<\/span><\/p>\n<p style=\"text-align: center;\" align=\"center\"><span style=\"font-size: 18px; font-family: inherit;\">(S&#039;il vous pla\u00eet aller \u00e0 notre magasin pour obtenir nos coordonn\u00e9es et email.<\/span><\/p>\n<p style=\"text-align: center;\" align=\"center\"><img decoding=\"async\" title=\"4.jpg\" src=\"https:\/\/ae01.alicdn.com\/kf\/S785fb6c190e24befbecaf83e4dda724bI.jpg\" \/><\/p>\n<p style=\"text-align: center;\" align=\"center\"><span style=\"font-size: 18px; font-family: inherit;\">Votre satisfaction est que nous recherchons! Nous ferons de notre mieux pour atteindre cet objectif!!<\/span><\/p>\n<p style=\"text-align: center;\" align=\"center\"><span style=\"font-size: 18px; font-family: inherit;\">Vos commentaires Positifs sont la cl\u00e9 de la r\u00e9ussite de notre entreprise. Nous vous prions de<\/span><\/p>\n<p style=\"text-align: center;\" align=\"center\"><span style=\"font-size: 18px; font-family: inherit;\">prenez une minute pour nous laisser des Commentaires positifs avec un ensemble D\u00e9taill\u00e9 de Vente de Notation (DSR) de 5.<\/span><\/p>\n<p style=\"text-align: center;\" align=\"center\"><span style=\"font-size: 18px; font-family: inherit;\">Nous vous remercions par avance pour votre temps et esp\u00e9rons sinc\u00e8rement que vous \u00eates satisfait avec votre achat, notre service.<\/span><\/p>\n<p style=\"text-align: center;\" align=\"center\"><span style=\"font-size: 18px; font-family: inherit;\">Si vous n&#039;\u00eates pas satisfait de votre transaction:<\/span><\/p>\n<p style=\"text-align: center;\" align=\"center\"><span style=\"font-size: 18px; font-family: inherit;\">Veuillez communiquer imm\u00e9diatement avec nous avant de laisser une r\u00e9troaction Neutre ou N\u00e9gative, comme nous le ferons de notre mieux pour r\u00e9soudre le probl\u00e8me \u00e0 votre satisfaction. La Communication est souvent la cl\u00e9 pour r\u00e9soudre les probl\u00e8mes.<\/span><\/p>\n<\/div>\n<div style=\"text-align: center;\" align=\"center\"><\/div>\n<\/div>\n<p style=\"text-align: start;\" align=\"start\">\n<p style=\"text-align: start;\" align=\"start\">\n<\/div>\n<div style=\"text-align: center;\" align=\"center\"><\/div>\n<div><\/div>\n<\/div>\n<\/div>\n<p>&nbsp;<\/p>","protected":false},"excerpt":{"rendered":"<p>&nbsp; Place Of Origin:\u00a0China (mainland) Model Number:\u00a0DG2246 Lens Width:\u00a053mm Lens Height:\u00a046mm Lenses Material:\u00a0Plastic Department Name:\u00a0ADULT Gender:\u00a0WOMEN Frame Material:\u00a0Plastic Lenses Optical Attribute:\u00a0UV400,Gradient Style:\u00a0SQUARE Brand Name:\u00a0kajila Item Type:\u00a0EYEWEAR Eyewear Type:\u00a0Sunglasses Origin:\u00a0Mainland China Certification:\u00a0CE Feature 1:\u00a0Retro Eyewear UV400 Feature 2:\u00a0Cat Eye Sunglasses Feature 3:\u00a0Vintage Sunglasses Feature 4:\u00a0Square Sunglasses Feature 5:\u00a0Punk Sunglasses Feature 6:\u00a0Shades for Women Feature 8:\u00a0Bulk Wholesale [&#8230;]","protected":false},"featured_media":17119,"template":"","meta":[],"product_brand":[],"product_cat":[486],"product_tag":[],"class_list":{"0":"post-17118","1":"product","2":"type-product","3":"status-publish","4":"has-post-thumbnail","6":"product_cat-women","8":"first","9":"instock","10":"taxable","11":"shipping-taxable","12":"purchasable","13":"product-type-variable"},"_links":{"self":[{"href":"https:\/\/lunettesoleil.ca\/fr\/wp-json\/wp\/v2\/product\/17118","targetHints":{"allow":["GET"]}}],"collection":[{"href":"https:\/\/lunettesoleil.ca\/fr\/wp-json\/wp\/v2\/product"}],"about":[{"href":"https:\/\/lunettesoleil.ca\/fr\/wp-json\/wp\/v2\/types\/product"}],"wp:featuredmedia":[{"embeddable":true,"href":"https:\/\/lunettesoleil.ca\/fr\/wp-json\/wp\/v2\/media\/17119"}],"wp:attachment":[{"href":"https:\/\/lunettesoleil.ca\/fr\/wp-json\/wp\/v2\/media?parent=17118"}],"wp:term":[{"taxonomy":"product_brand","embeddable":true,"href":"https:\/\/lunettesoleil.ca\/fr\/wp-json\/wp\/v2\/product_brand?post=17118"},{"taxonomy":"product_cat","embeddable":true,"href":"https:\/\/lunettesoleil.ca\/fr\/wp-json\/wp\/v2\/product_cat?post=17118"},{"taxonomy":"product_tag","embeddable":true,"href":"https:\/\/lunettesoleil.ca\/fr\/wp-json\/wp\/v2\/product_tag?post=17118"}],"curies":[{"name":"wp","href":"https:\/\/api.w.org\/{rel}","templated":true}]}}