{"id":2752,"date":"2024-03-23T20:05:54","date_gmt":"2024-03-24T00:05:54","guid":{"rendered":"https:\/\/lunettesoleil.ca\/product\/oversized-cat-eye-sunglasses-women-2022-luxury-brand-fashion-large-frame-square-sun-glasses-for-men-retro-trendy-cateye-eyewear\/"},"modified":"2024-06-09T19:36:31","modified_gmt":"2024-06-09T23:36:31","slug":"oversized-cat-eye-sunglasses-women-2024-luxury-brand-fashion-large-frame-square-sun-glasses-for-men-retro-trendy-cateye-eyewear","status":"publish","type":"product","link":"https:\/\/lunettesoleil.ca\/fr\/produit\/oversized-cat-eye-sunglasses-women-2024-luxury-brand-fashion-large-frame-square-sun-glasses-for-men-retro-trendy-cateye-eyewear\/","title":{"rendered":"Surdimensionn\u00e9 Cat Eye Lunettes de soleil des Femmes 2024 Marque de Luxe de la Mode Grand Cadre Carr\u00e9, Lunettes de Soleil pour Hommes R\u00e9tro Tendance Cateye Lunettes"},"content":{"rendered":"<div class=\"product-specs-list-container\">\n<ul class=\"product-specs-list util-clearfix\">\n<li class=\"product-prop line-limit-length\"><span\n\t\t\t\t\t\t\t\t\t\tclass=\"property-title\">Lieu D&#039;Origine:&nbsp;<\/span><span\n\t\t\t\t\t\t\t\t\t\tclass=\"property-desc line-limit-length\">La chine (continentale)<\/span>\n\t\t\t\t\t\t\t<\/li>\n<li class=\"product-prop line-limit-length\"><span\n\t\t\t\t\t\t\t\t\t\tclass=\"property-title\">Num\u00e9ro De Mod\u00e8le:&nbsp;<\/span><span\n\t\t\t\t\t\t\t\t\t\tclass=\"property-desc line-limit-length\">ZS-8713D<\/span>\n\t\t\t\t\t\t\t<\/li>\n<li class=\"product-prop line-limit-length\"><span\n\t\t\t\t\t\t\t\t\t\tclass=\"property-title\">Largeur Du Verre:&nbsp;<\/span><span\n\t\t\t\t\t\t\t\t\t\tclass=\"property-desc line-limit-length\">63<\/span>\n\t\t\t\t\t\t\t<\/li>\n<li class=\"product-prop line-limit-length\"><span\n\t\t\t\t\t\t\t\t\t\tclass=\"property-title\">La Hauteur De L&#039;Objectif:&nbsp;<\/span><span\n\t\t\t\t\t\t\t\t\t\tclass=\"property-desc line-limit-length\">54<\/span>\n\t\t\t\t\t\t\t<\/li>\n<li class=\"product-prop line-limit-length\"><span\n\t\t\t\t\t\t\t\t\t\tclass=\"property-title\">Mat\u00e9riel De Lentilles:&nbsp;<\/span><span\n\t\t\t\t\t\t\t\t\t\tclass=\"property-desc line-limit-length\">Polycarbonate<\/span>\n\t\t\t\t\t\t\t<\/li>\n<li class=\"product-prop line-limit-length\"><span\n\t\t\t\t\t\t\t\t\t\tclass=\"property-title\">Nom Du D\u00e9partement:&nbsp;<\/span><span\n\t\t\t\t\t\t\t\t\t\tclass=\"property-desc line-limit-length\">ADULTE<\/span>\n\t\t\t\t\t\t\t<\/li>\n<li class=\"product-prop line-limit-length\"><span\n\t\t\t\t\t\t\t\t\t\tclass=\"property-title\">Genre:&nbsp;<\/span><span\n\t\t\t\t\t\t\t\t\t\tclass=\"property-desc line-limit-length\">Les FEMMES<\/span>\n\t\t\t\t\t\t\t<\/li>\n<li class=\"product-prop line-limit-length\"><span\n\t\t\t\t\t\t\t\t\t\tclass=\"property-title\">Mat\u00e9riau Du Cadre:&nbsp;<\/span><span\n\t\t\t\t\t\t\t\t\t\tclass=\"property-desc line-limit-length\">Polycarbonate<\/span>\n\t\t\t\t\t\t\t<\/li>\n<li class=\"product-prop line-limit-length\"><span\n\t\t\t\t\t\t\t\t\t\tclass=\"property-title\">Lentilles Optiques Attribut:&nbsp;<\/span><span\n\t\t\t\t\t\t\t\t\t\tclass=\"property-desc line-limit-length\">MIROIR,D\u00e9grad\u00e9,UV400<\/span>\n\t\t\t\t\t\t\t<\/li>\n<li class=\"product-prop line-limit-length\"><span\n\t\t\t\t\t\t\t\t\t\tclass=\"property-title\">Style:&nbsp;<\/span><span\n\t\t\t\t\t\t\t\t\t\tclass=\"property-desc line-limit-length\">DES YEUX DE CHAT<\/span>\n\t\t\t\t\t\t\t<\/li>\n<li class=\"product-prop line-limit-length\"><span\n\t\t\t\t\t\t\t\t\t\tclass=\"property-title\">Nom De Marque:&nbsp;<\/span><span\n\t\t\t\t\t\t\t\t\t\tclass=\"property-desc line-limit-length\">SEVENT PERSONNES<\/span>\n\t\t\t\t\t\t\t<\/li>\n<li class=\"product-prop line-limit-length\"><span\n\t\t\t\t\t\t\t\t\t\tclass=\"property-title\">Origine:&nbsp;<\/span><span\n\t\t\t\t\t\t\t\t\t\tclass=\"property-desc line-limit-length\">La Partie Continentale De La Chine<\/span>\n\t\t\t\t\t\t\t<\/li>\n<li class=\"product-prop line-limit-length\"><span\n\t\t\t\t\t\t\t\t\t\tclass=\"property-title\">Type D&#039;\u00c9l\u00e9ment:&nbsp;<\/span><span\n\t\t\t\t\t\t\t\t\t\tclass=\"property-desc line-limit-length\">LUNETTES<\/span>\n\t\t\t\t\t\t\t<\/li>\n<li class=\"product-prop line-limit-length\"><span\n\t\t\t\t\t\t\t\t\t\tclass=\"property-title\">Lunettes Type:&nbsp;<\/span><span\n\t\t\t\t\t\t\t\t\t\tclass=\"property-desc line-limit-length\">Lunettes de soleil<\/span>\n\t\t\t\t\t\t\t<\/li>\n<li class=\"product-prop line-limit-length\"><span\n\t\t\t\t\t\t\t\t\t\tclass=\"property-title\">Certification:&nbsp;<\/span><span\n\t\t\t\t\t\t\t\t\t\tclass=\"property-desc line-limit-length\">CE<\/span>\n\t\t\t\t\t\t\t<\/li>\n<li class=\"product-prop line-limit-length\"><span\n\t\t\t\t\t\t\t\t\t\tclass=\"property-title\">Applicable Gender:&nbsp;<\/span><span\n\t\t\t\t\t\t\t\t\t\tclass=\"property-desc line-limit-length\">Woman\/ Female\/ Men\/ Man\/ Male<\/span>\n\t\t\t\t\t\t\t<\/li>\n<li class=\"product-prop line-limit-length\"><span\n\t\t\t\t\t\t\t\t\t\tclass=\"property-title\">Style 1:&nbsp;<\/span><span\n\t\t\t\t\t\t\t\t\t\tclass=\"property-desc line-limit-length\">Cat Eye Lunettes De Soleil<\/span>\n\t\t\t\t\t\t\t<\/li>\n<li class=\"product-prop line-limit-length\"><span\n\t\t\t\t\t\t\t\t\t\tclass=\"property-title\">Style 2:&nbsp;<\/span><span\n\t\t\t\t\t\t\t\t\t\tclass=\"property-desc line-limit-length\">Cat Eye Sunglasses Women<\/span>\n\t\t\t\t\t\t\t<\/li>\n<li class=\"product-prop line-limit-length\"><span\n\t\t\t\t\t\t\t\t\t\tclass=\"property-title\">Style 3:&nbsp;<\/span><span\n\t\t\t\t\t\t\t\t\t\tclass=\"property-desc line-limit-length\">Cateye Lunettes De Soleil<\/span>\n\t\t\t\t\t\t\t<\/li>\n<li class=\"product-prop line-limit-length\"><span\n\t\t\t\t\t\t\t\t\t\tclass=\"property-title\">Style 4:&nbsp;<\/span><span\n\t\t\t\t\t\t\t\t\t\tclass=\"property-desc line-limit-length\">Square Des Lunettes De Soleil<\/span>\n\t\t\t\t\t\t\t<\/li>\n<li class=\"product-prop line-limit-length\"><span\n\t\t\t\t\t\t\t\t\t\tclass=\"property-title\">Style 5:&nbsp;<\/span><span\n\t\t\t\t\t\t\t\t\t\tclass=\"property-desc line-limit-length\">Lunettes De Soleil De Mode<\/span>\n\t\t\t\t\t\t\t<\/li>\n<li class=\"product-prop line-limit-length\"><span\n\t\t\t\t\t\t\t\t\t\tclass=\"property-title\">Style 6:&nbsp;<\/span><span\n\t\t\t\t\t\t\t\t\t\tclass=\"property-desc line-limit-length\">2022 New Fashion<\/span>\n\t\t\t\t\t\t\t<\/li>\n<li class=\"product-prop line-limit-length\"><span\n\t\t\t\t\t\t\t\t\t\tclass=\"property-title\">Port\u00e9e D&#039;Utilisation:&nbsp;<\/span><span\n\t\t\t\t\t\t\t\t\t\tclass=\"property-desc line-limit-length\">Daily<\/span>\n\t\t\t\t\t\t\t<\/li>\n<li class=\"product-prop line-limit-length\"><span\n\t\t\t\t\t\t\t\t\t\tclass=\"property-title\">Application Occasions:&nbsp;<\/span><span\n\t\t\t\t\t\t\t\t\t\tclass=\"property-desc line-limit-length\">Shopping, Drive<\/span>\n\t\t\t\t\t\t\t<\/li>\n<li class=\"product-prop line-limit-length\"><span\n\t\t\t\t\t\t\t\t\t\tclass=\"property-title\">Application Occasions 1:&nbsp;<\/span><span\n\t\t\t\t\t\t\t\t\t\tclass=\"property-desc line-limit-length\">Tourism, Taking Photo<\/span>\n\t\t\t\t\t\t\t<\/li>\n<li class=\"product-prop line-limit-length\"><span\n\t\t\t\t\t\t\t\t\t\tclass=\"property-title\">Application Occasions 2:&nbsp;<\/span><span\n\t\t\t\t\t\t\t\t\t\tclass=\"property-desc line-limit-length\">Party, Fashion Show<\/span>\n\t\t\t\t\t\t\t<\/li>\n<li class=\"product-prop line-limit-length\"><span\n\t\t\t\t\t\t\t\t\t\tclass=\"property-title\">Adapt\u00e9 Pour La Forme Du Visage:&nbsp;<\/span><span\n\t\t\t\t\t\t\t\t\t\tclass=\"property-desc line-limit-length\">Round Face, Long Face, Square Face, Oval Face, All Face<\/span>\n\t\t\t\t\t\t\t<\/li>\n<\/ul><\/div>\n<div class=\"detailmodule_html\">\n<div class=\"detail-desc-decorate-richtext\">\n<p><span style=\"font-size:18px\">Oversized Cat Eye Sunglasses Women 2022 Luxury Brand Fashion Large Frame Square Sun Glasses For Men Retro Trendy Cateye Eyewear<\/span><\/p>\n<p style=\"text-align:center\" align=\"center\"><img decoding=\"async\" src=\"https:\/\/ae01.alicdn.com\/kf\/S796098125a6a43288161f1016307a542D.jpg\" slate-data-type=\"image\"\/><\/p>\n<p style=\"text-align:center\" align=\"center\"><img decoding=\"async\" src=\"https:\/\/ae01.alicdn.com\/kf\/S95c9ed2a337345c38e1d85c9d270d2933.jpg\" slate-data-type=\"image\"\/><\/p>\n<p style=\"text-align:center\" align=\"center\"><img decoding=\"async\" title=\"\u6a21\u677f1_02.jpg\" src=\"https:\/\/ae01.alicdn.com\/kf\/Sa2b12c5fc1d7460ea3fb671c67be65e8Y.jpg\" slate-data-type=\"image\"\/><\/p>\n<p style=\"text-align:center\" align=\"center\"><img decoding=\"async\" title=\"\u6a21\u677f1_03.jpg\" src=\"https:\/\/ae01.alicdn.com\/kf\/Se7631d4991b143ccb7096ed3b28caf5aG.jpg\" slate-data-type=\"image\"\/><\/p>\n<p style=\"text-align:center\" align=\"center\"><img decoding=\"async\" title=\"\u6a21\u677f1_04.jpg\" src=\"https:\/\/ae01.alicdn.com\/kf\/Sd6957255c2204817858cfce46ba88d47a.jpg\" slate-data-type=\"image\"\/><\/p>\n<p style=\"text-align:center\" align=\"center\"><img decoding=\"async\" title=\"\u6a21\u677f1_05.jpg\" src=\"https:\/\/ae01.alicdn.com\/kf\/S46b361b14de94420a01f96f4dd10f92cu.jpg\" slate-data-type=\"image\"\/><\/p>\n<p style=\"text-align:center\" align=\"center\"><img decoding=\"async\" title=\"\u6a21\u677f1_06.jpg\" src=\"https:\/\/ae01.alicdn.com\/kf\/Sc405d94f4033414ea56eb639caaca842h.jpg\" slate-data-type=\"image\"\/><\/p>\n<p style=\"text-align:center\" align=\"center\"><img decoding=\"async\" title=\"\u6a21\u677f1_08.jpg\" src=\"https:\/\/ae01.alicdn.com\/kf\/Sb71dc303d6cb4fd7b8cfc10abfbbda3fj.jpg\" slate-data-type=\"image\"\/><\/p>\n<p style=\"text-align:center\" align=\"center\"><img decoding=\"async\" title=\"\u6a21\u677f1_09.jpg\" src=\"https:\/\/ae01.alicdn.com\/kf\/Sc18e41ca52af4930ab08927ac8ecebefl.jpg\" slate-data-type=\"image\"\/><\/p>\n<p style=\"text-align:center\" align=\"center\"><img decoding=\"async\" title=\"\u6a21\u677f1_10.jpg\" src=\"https:\/\/ae01.alicdn.com\/kf\/S4f3fe196487d49008f2cedf9da8ffaf03.jpg\" slate-data-type=\"image\"\/><\/p>\n<p style=\"text-align:center\" align=\"center\"><img decoding=\"async\" title=\"\u6a21\u677f1_11.jpg\" src=\"https:\/\/ae01.alicdn.com\/kf\/S04c37ff81a5d42a998e2b9c931afd826n.jpg\" slate-data-type=\"image\"\/><\/p>\n<p style=\"text-align:center\" align=\"center\"><img decoding=\"async\" title=\"\u6a21\u677f1_12.jpg\" src=\"https:\/\/ae01.alicdn.com\/kf\/Sd68fda89f3c64385aa446636bedefc18j.jpg\" slate-data-type=\"image\"\/><\/p>\n<p style=\"text-align:center\" align=\"center\"><img decoding=\"async\" title=\"\u6a21\u677f1_14.jpg\" src=\"https:\/\/ae01.alicdn.com\/kf\/S9bee714de8354535a7b50be94e3d889cV.jpg\" slate-data-type=\"image\"\/><\/p>\n<p style=\"text-align:center\" align=\"center\"><img decoding=\"async\" title=\"\u6a21\u677f (10).jpg\" src=\"https:\/\/ae01.alicdn.com\/kf\/S90841224f4de44379df4ad42a081e60bt.jpg\" slate-data-type=\"image\"\/><\/p>\n<p style=\"text-align:center\" align=\"center\"><img decoding=\"async\" title=\"\u6a21\u677f (11).jpg\" src=\"https:\/\/ae01.alicdn.com\/kf\/S7db5f19a1ef446baacec8496d2611b2fs.jpg\" slate-data-type=\"image\"\/><\/p>\n<p style=\"text-align:center\" align=\"center\"><img decoding=\"async\" title=\"\u6a21\u677f (12).jpg\" src=\"https:\/\/ae01.alicdn.com\/kf\/S3e5221dfebd94985955ea562f2558aber.jpg\" slate-data-type=\"image\"\/><\/p>\n<p style=\"text-align:center\" align=\"center\"><img decoding=\"async\" title=\"\u6a21\u677f (13).jpg\" src=\"https:\/\/ae01.alicdn.com\/kf\/Sc617074764324a94b496358f41e93462h.jpg\" slate-data-type=\"image\"\/><\/p>\n<p style=\"text-align:center\" align=\"center\"><img decoding=\"async\" title=\"\u6a21\u677f (14).jpg\" src=\"https:\/\/ae01.alicdn.com\/kf\/S7b7f44fae80d43ba8ec97dbe2e1d1f6bb.jpg\" slate-data-type=\"image\"\/><\/p>\n<p style=\"text-align:center\" align=\"center\"><img decoding=\"async\" title=\"\u6a21\u677f (15).jpg\" src=\"https:\/\/ae01.alicdn.com\/kf\/S76492abd907049a6af5b46391ecfa4b29.jpg\" slate-data-type=\"image\"\/><\/p>\n<p style=\"text-align:center\" align=\"center\"><img decoding=\"async\" title=\"\u6a21\u677f (16).jpg\" src=\"https:\/\/ae01.alicdn.com\/kf\/Sa1866a1aff7b4ff6bbc7ff3bf4bd2f65D.jpg\" slate-data-type=\"image\"\/><\/p>\n<p style=\"text-align:center\" align=\"center\"><img decoding=\"async\" title=\"\u6a21\u677f (17).jpg\" src=\"https:\/\/ae01.alicdn.com\/kf\/S4f1abf1d36f74d68b76220d19be55c34l.jpg\" slate-data-type=\"image\"\/><\/p>\n<p style=\"text-align:center\" align=\"center\"><img decoding=\"async\" title=\"\u6a21\u677f (18).jpg\" src=\"https:\/\/ae01.alicdn.com\/kf\/S6d7630afe15d496682e1f1328ff3a002M.jpg\" slate-data-type=\"image\"\/><\/p>\n<p style=\"text-align:center\" align=\"center\"><img decoding=\"async\" title=\"\u6a21\u677f (19).jpg\" src=\"https:\/\/ae01.alicdn.com\/kf\/Scba569a962514995901e8202b3159bccD.jpg\" slate-data-type=\"image\"\/><\/p>\n<p style=\"text-align:center\" align=\"center\"><img decoding=\"async\" title=\"\u6a21\u677f (20).jpg\" src=\"https:\/\/ae01.alicdn.com\/kf\/S8246e752f4064cc7bf5c8964a6e12f185.jpg\" slate-data-type=\"image\"\/><\/p>\n<p style=\"text-align:center\" align=\"center\"><img decoding=\"async\" title=\"\u6a21\u677f (21).jpg\" src=\"https:\/\/ae01.alicdn.com\/kf\/Sadb57f19de6b46299ab983940486b3135.jpg\" slate-data-type=\"image\"\/><\/p>\n<p style=\"text-align:center\" align=\"center\"><img decoding=\"async\" title=\"\u6a21\u677f (22).jpg\" src=\"https:\/\/ae01.alicdn.com\/kf\/Sb96fb07627d1423c92a58f9a8159dbb4L.jpg\" slate-data-type=\"image\"\/><\/p>\n<p style=\"text-align:center\" align=\"center\"><img decoding=\"async\" title=\"\u6a21\u677f (23).jpg\" src=\"https:\/\/ae01.alicdn.com\/kf\/Sb77c71af54614a6786f7036adf160b1aX.jpg\" slate-data-type=\"image\"\/><\/p>\n<p style=\"text-align:center\" align=\"center\"><img decoding=\"async\" title=\"\u6a21\u677f (24).jpg\" src=\"https:\/\/ae01.alicdn.com\/kf\/S10dfd7765f93458198f5229dbf08a96eI.jpg\" slate-data-type=\"image\"\/><\/p>\n<div><\/div>\n<\/div>\n<\/div>\n<p><\/p>","protected":false},"excerpt":{"rendered":"<p>Place Of Origin:&nbsp;China (mainland) Model Number:&nbsp;ZS-8713D Lens Width:&nbsp;63 Lens Height:&nbsp;54 Lenses Material:&nbsp;Polycarbonate Department Name:&nbsp;ADULT Gender:&nbsp;WOMEN Frame Material:&nbsp;Polycarbonate Lenses Optical Attribute:&nbsp;MIRROR,Gradient,UV400 Style:&nbsp;CAT EYE Brand Name:&nbsp;SEVENT PEOPLE Origin:&nbsp;Mainland China Item Type:&nbsp;EYEWEAR Eyewear Type:&nbsp;Sunglasses Certification:&nbsp;CE Applicable Gender:&nbsp;Woman\/ Female\/ Men\/ Man\/ Male Style 1:&nbsp;Cat Eye Sunglasses Style 2:&nbsp;Cat Eye Sunglasses Women Style 3:&nbsp;Cateye Sunglasses Style 4:&nbsp;Square Sunglasses Style 5:&nbsp;Fashion [&#8230;]","protected":false},"featured_media":10077,"template":"","meta":[],"product_brand":[],"product_cat":[486],"product_tag":[],"class_list":{"0":"post-2752","1":"product","2":"type-product","3":"status-publish","4":"has-post-thumbnail","6":"product_cat-women","8":"first","9":"instock","10":"taxable","11":"shipping-taxable","12":"purchasable","13":"product-type-variable"},"_links":{"self":[{"href":"https:\/\/lunettesoleil.ca\/fr\/wp-json\/wp\/v2\/product\/2752","targetHints":{"allow":["GET"]}}],"collection":[{"href":"https:\/\/lunettesoleil.ca\/fr\/wp-json\/wp\/v2\/product"}],"about":[{"href":"https:\/\/lunettesoleil.ca\/fr\/wp-json\/wp\/v2\/types\/product"}],"wp:featuredmedia":[{"embeddable":true,"href":"https:\/\/lunettesoleil.ca\/fr\/wp-json\/wp\/v2\/media\/10077"}],"wp:attachment":[{"href":"https:\/\/lunettesoleil.ca\/fr\/wp-json\/wp\/v2\/media?parent=2752"}],"wp:term":[{"taxonomy":"product_brand","embeddable":true,"href":"https:\/\/lunettesoleil.ca\/fr\/wp-json\/wp\/v2\/product_brand?post=2752"},{"taxonomy":"product_cat","embeddable":true,"href":"https:\/\/lunettesoleil.ca\/fr\/wp-json\/wp\/v2\/product_cat?post=2752"},{"taxonomy":"product_tag","embeddable":true,"href":"https:\/\/lunettesoleil.ca\/fr\/wp-json\/wp\/v2\/product_tag?post=2752"}],"curies":[{"name":"wp","href":"https:\/\/api.w.org\/{rel}","templated":true}]}}