{"id":4476,"date":"2024-03-24T11:34:46","date_gmt":"2024-03-24T15:34:46","guid":{"rendered":"https:\/\/lunettesoleil.ca\/product\/polarization-sunglasses-square-vintage-sun-glasses-famous-brand-sunglases-polarized-sunglasses-retro-feminino-for-women-men\/"},"modified":"2024-06-04T13:21:11","modified_gmt":"2024-06-04T17:21:11","slug":"polarization-sunglasses-square-vintage-sun-glasses-famous-brand-sunglases-polarized-sunglasses-retro-feminino-for-women-men","status":"publish","type":"product","link":"https:\/\/lunettesoleil.ca\/fr\/produit\/polarization-sunglasses-square-vintage-sun-glasses-famous-brand-sunglases-polarized-sunglasses-retro-feminino-for-women-men\/","title":{"rendered":"La Polarisation Des Lunettes De Soleil Carr\u00e9 Vintage Lunettes De Soleil C\u00e9l\u00e8bres De La Marque Sunglases Polaris\u00e9 Des Lunettes De Soleil R\u00e9tro Feminino Pour Femmes Hommes"},"content":{"rendered":"<div class=\"product-specs-list-container\">\n<ul class=\"product-specs-list util-clearfix\">\n<li class=\"product-prop line-limit-length\"><span\n\t\t\t\t\t\t\t\t\t\tclass=\"property-title\">Num\u00e9ro De Mod\u00e8le:&nbsp;<\/span><span\n\t\t\t\t\t\t\t\t\t\tclass=\"property-desc line-limit-length\">&#8211;<\/span>\n\t\t\t\t\t\t\t<\/li>\n<li class=\"product-prop line-limit-length\"><span\n\t\t\t\t\t\t\t\t\t\tclass=\"property-title\">Largeur Du Verre:&nbsp;<\/span><span\n\t\t\t\t\t\t\t\t\t\tclass=\"property-desc line-limit-length\">&#8211;<\/span>\n\t\t\t\t\t\t\t<\/li>\n<li class=\"product-prop line-limit-length\"><span\n\t\t\t\t\t\t\t\t\t\tclass=\"property-title\">La Hauteur De L&#039;Objectif:&nbsp;<\/span><span\n\t\t\t\t\t\t\t\t\t\tclass=\"property-desc line-limit-length\">&#8211;<\/span>\n\t\t\t\t\t\t\t<\/li>\n<li class=\"product-prop line-limit-length\"><span\n\t\t\t\t\t\t\t\t\t\tclass=\"property-title\">Mat\u00e9riel De Lentilles:&nbsp;<\/span><span\n\t\t\t\t\t\t\t\t\t\tclass=\"property-desc line-limit-length\">Polaroid<\/span>\n\t\t\t\t\t\t\t<\/li>\n<li class=\"product-prop line-limit-length\"><span\n\t\t\t\t\t\t\t\t\t\tclass=\"property-title\">Nom Du D\u00e9partement:&nbsp;<\/span><span\n\t\t\t\t\t\t\t\t\t\tclass=\"property-desc line-limit-length\">ADULTE<\/span>\n\t\t\t\t\t\t\t<\/li>\n<li class=\"product-prop line-limit-length\"><span\n\t\t\t\t\t\t\t\t\t\tclass=\"property-title\">Genre:&nbsp;<\/span><span\n\t\t\t\t\t\t\t\t\t\tclass=\"property-desc line-limit-length\">Les HOMMES<\/span>\n\t\t\t\t\t\t\t<\/li>\n<li class=\"product-prop line-limit-length\"><span\n\t\t\t\t\t\t\t\t\t\tclass=\"property-title\">Mat\u00e9riau Du Cadre:&nbsp;<\/span><span\n\t\t\t\t\t\t\t\t\t\tclass=\"property-desc line-limit-length\">Polycarbonate<\/span>\n\t\t\t\t\t\t\t<\/li>\n<li class=\"product-prop line-limit-length\"><span\n\t\t\t\t\t\t\t\t\t\tclass=\"property-title\">Lentilles Optiques Attribut:&nbsp;<\/span><span\n\t\t\t\t\t\t\t\t\t\tclass=\"property-desc line-limit-length\">polaris\u00e9e,UV400,MIROIR<\/span>\n\t\t\t\t\t\t\t<\/li>\n<li class=\"product-prop line-limit-length\"><span\n\t\t\t\t\t\t\t\t\t\tclass=\"property-title\">Style:&nbsp;<\/span><span\n\t\t\t\t\t\t\t\t\t\tclass=\"property-desc line-limit-length\">Rectangle<\/span>\n\t\t\t\t\t\t\t<\/li>\n<li class=\"product-prop line-limit-length\"><span\n\t\t\t\t\t\t\t\t\t\tclass=\"property-title\">Nom De Marque:&nbsp;<\/span><span\n\t\t\t\t\t\t\t\t\t\tclass=\"property-desc line-limit-length\">Samjune<\/span>\n\t\t\t\t\t\t\t<\/li>\n<li class=\"product-prop line-limit-length\"><span\n\t\t\t\t\t\t\t\t\t\tclass=\"property-title\">Origine:&nbsp;<\/span><span\n\t\t\t\t\t\t\t\t\t\tclass=\"property-desc line-limit-length\">La Partie Continentale De La Chine<\/span>\n\t\t\t\t\t\t\t<\/li>\n<li class=\"product-prop line-limit-length\"><span\n\t\t\t\t\t\t\t\t\t\tclass=\"property-title\">Type D&#039;\u00c9l\u00e9ment:&nbsp;<\/span><span\n\t\t\t\t\t\t\t\t\t\tclass=\"property-desc line-limit-length\">LUNETTES<\/span>\n\t\t\t\t\t\t\t<\/li>\n<li class=\"product-prop line-limit-length\"><span\n\t\t\t\t\t\t\t\t\t\tclass=\"property-title\">Lunettes Type:&nbsp;<\/span><span\n\t\t\t\t\t\t\t\t\t\tclass=\"property-desc line-limit-length\">Lunettes de soleil<\/span>\n\t\t\t\t\t\t\t<\/li>\n<li class=\"product-prop line-limit-length\"><span\n\t\t\t\t\t\t\t\t\t\tclass=\"property-title\">Certification:&nbsp;<\/span><span\n\t\t\t\t\t\t\t\t\t\tclass=\"property-desc line-limit-length\">aucun<\/span>\n\t\t\t\t\t\t\t<\/li>\n<\/ul><\/div>\n<div class=\"detailmodule_image\"><img decoding=\"async\" src=\"https:\/\/ae01.alicdn.com\/kf\/S8c1c40125f0140e198bf282aaac93bff0.jpg\"  class=\"detail-desc-decorate-image\"  style=\"margin-bottom: 10px;\" ><img decoding=\"async\" src=\"https:\/\/ae01.alicdn.com\/kf\/S558803dd98b24768a6d35cc485d970d8y.jpg\"  class=\"detail-desc-decorate-image\"  style=\"margin-bottom: 10px;\" ><img decoding=\"async\" src=\"https:\/\/ae01.alicdn.com\/kf\/Sd9fa913e6f6844768eff873cefd594cbm.jpg\"  class=\"detail-desc-decorate-image\"  style=\"margin-bottom: 10px;\" ><img decoding=\"async\" src=\"https:\/\/ae01.alicdn.com\/kf\/S0542ccdebc0c42ee82cab748e5507688G.jpg\"  class=\"detail-desc-decorate-image\"  style=\"margin-bottom: 10px;\" ><img decoding=\"async\" src=\"https:\/\/ae01.alicdn.com\/kf\/S19354a41187f47608fc7cb67a9be8b8e2.jpg\"  class=\"detail-desc-decorate-image\"  style=\"margin-bottom: 10px;\" ><img decoding=\"async\" src=\"https:\/\/ae01.alicdn.com\/kf\/Sea1e75fbee32432b8566579cb33b882dA.jpg\"  class=\"detail-desc-decorate-image\"  style=\"margin-bottom: 10px;\" ><img decoding=\"async\" src=\"https:\/\/ae01.alicdn.com\/kf\/Se9f9d44036b844518f796fbb51b05d67e.jpg\"  class=\"detail-desc-decorate-image\"  style=\"margin-bottom: 10px;\" ><img decoding=\"async\" src=\"https:\/\/ae01.alicdn.com\/kf\/S672eccb8143f40bda4247557bf9992765.jpg\"  class=\"detail-desc-decorate-image\"  style=\"margin-bottom: 10px;\" ><img decoding=\"async\" src=\"https:\/\/ae01.alicdn.com\/kf\/S35e63cd2d84044038f71d1f34c1c0bc2b.jpg\"  class=\"detail-desc-decorate-image\"  style=\"margin-bottom: 10px;\" ><img decoding=\"async\" src=\"https:\/\/ae01.alicdn.com\/kf\/Scef5a3b5a4d847d39c606e5036a096faf.jpg\"  class=\"detail-desc-decorate-image\"  style=\"margin-bottom: 10px;\" ><img decoding=\"async\" src=\"https:\/\/ae01.alicdn.com\/kf\/S25c1cdfd34f3471e9d69145446d5293cR.jpg\"  class=\"detail-desc-decorate-image\"  style=\"margin-bottom: 10px;\" ><img decoding=\"async\" src=\"https:\/\/ae01.alicdn.com\/kf\/S1d7a2060e9184769afebaa4a37434d1ag.jpg\"  class=\"detail-desc-decorate-image\"  style=\"margin-bottom: 10px;\" ><img decoding=\"async\" src=\"https:\/\/ae01.alicdn.com\/kf\/S5f0278fc21014278a93c2ceb783d138aK.jpg\"  class=\"detail-desc-decorate-image\"  style=\"margin-bottom: 10px;\" ><img decoding=\"async\" src=\"https:\/\/ae01.alicdn.com\/kf\/Sf2c0e76fba4542aeb41b880b87ea9d8eK.jpg\"  class=\"detail-desc-decorate-image\"  style=\"margin-bottom: 10px;\" ><img decoding=\"async\" src=\"https:\/\/ae01.alicdn.com\/kf\/S5b6a23658bf04334b33d9490c31b7d26O.jpg\"  class=\"detail-desc-decorate-image\"  style=\"margin-bottom: 10px;\" ><\/div>","protected":false},"excerpt":{"rendered":"<p>Model Number:&nbsp;&#8211; Lens Width:&nbsp;&#8211; Lens Height:&nbsp;&#8211; Lenses Material:&nbsp;Polaroid Department Name:&nbsp;ADULT Gender:&nbsp;MEN Frame Material:&nbsp;Polycarbonate Lenses Optical Attribute:&nbsp;polarized,UV400,MIRROR Style:&nbsp;Rectangle Brand Name:&nbsp;Samjune Origin:&nbsp;Mainland China Item Type:&nbsp;EYEWEAR Eyewear Type:&nbsp;Sunglasses Certification:&nbsp;none<\/p>","protected":false},"featured_media":4477,"template":"","meta":[],"product_brand":[],"product_cat":[485],"product_tag":[],"class_list":{"0":"post-4476","1":"product","2":"type-product","3":"status-publish","4":"has-post-thumbnail","6":"product_cat-men","8":"first","9":"instock","10":"taxable","11":"shipping-taxable","12":"purchasable","13":"product-type-variable"},"_links":{"self":[{"href":"https:\/\/lunettesoleil.ca\/fr\/wp-json\/wp\/v2\/product\/4476","targetHints":{"allow":["GET"]}}],"collection":[{"href":"https:\/\/lunettesoleil.ca\/fr\/wp-json\/wp\/v2\/product"}],"about":[{"href":"https:\/\/lunettesoleil.ca\/fr\/wp-json\/wp\/v2\/types\/product"}],"wp:featuredmedia":[{"embeddable":true,"href":"https:\/\/lunettesoleil.ca\/fr\/wp-json\/wp\/v2\/media\/4477"}],"wp:attachment":[{"href":"https:\/\/lunettesoleil.ca\/fr\/wp-json\/wp\/v2\/media?parent=4476"}],"wp:term":[{"taxonomy":"product_brand","embeddable":true,"href":"https:\/\/lunettesoleil.ca\/fr\/wp-json\/wp\/v2\/product_brand?post=4476"},{"taxonomy":"product_cat","embeddable":true,"href":"https:\/\/lunettesoleil.ca\/fr\/wp-json\/wp\/v2\/product_cat?post=4476"},{"taxonomy":"product_tag","embeddable":true,"href":"https:\/\/lunettesoleil.ca\/fr\/wp-json\/wp\/v2\/product_tag?post=4476"}],"curies":[{"name":"wp","href":"https:\/\/api.w.org\/{rel}","templated":true}]}}