{"id":5369,"date":"2024-03-24T17:47:21","date_gmt":"2024-03-24T21:47:21","guid":{"rendered":"https:\/\/lunettesoleil.ca\/product\/lunettes-de-soleil-carrees-classiques-pour-femmes-lunettes-de-soleil-retro-pour-dames-nuances-uv-nickel-e-noir-chic-marque-de-luxe-grand-cadre\/"},"modified":"2024-06-07T23:32:39","modified_gmt":"2024-06-08T03:32:39","slug":"lunettes-de-soleil-carrees-classiques-pour-femmes-lunettes-de-soleil-retro-pour-dames-nuances-uv-nickel-e-noir-chic-marque-de-luxe-grand-cadre","status":"publish","type":"product","link":"https:\/\/lunettesoleil.ca\/fr\/produit\/lunettes-de-soleil-carrees-classiques-pour-femmes-lunettes-de-soleil-retro-pour-dames-nuances-uv-nickel-e-noir-chic-marque-de-luxe-grand-cadre\/","title":{"rendered":"Lunettes de soleil carr\u00e9es classiques pour femmes, lunettes de soleil retro verser dames, les nuances, les rayons UV, le nickel \u00e9 noir chic, la marque de luxe, grand cadre"},"content":{"rendered":"<p>&nbsp;<\/p>\n<div class=\"product-specs-list-container\">\n<ul class=\"product-specs-list util-clearfix\">\n<li class=\"product-prop line-limit-length\"><span class=\"property-title\">Lieu d&#8217;origine:\u00a0<\/span><span class=\"property-desc line-limit-length\">Chine (continent)<\/span><\/li>\n<li class=\"product-prop line-limit-length\"><span class=\"property-title\">Num\u00e9ro de Mod\u00e8le:\u00a0<\/span><span class=\"property-desc line-limit-length\">ZX282<\/span><\/li>\n<li class=\"product-prop line-limit-length\"><span class=\"property-title\">Largeur des verres:\u00a0<\/span><span class=\"property-desc line-limit-length\">52mm<\/span><\/li>\n<li class=\"product-prop line-limit-length\"><span class=\"property-title\">Hauteur de l&#039;objectif:\u00a0<\/span><span class=\"property-desc line-limit-length\">43mm<\/span><\/li>\n<li class=\"product-prop line-limit-length\"><span class=\"property-title\">Mat\u00e9riau de Verr\u00e8s:\u00a0<\/span><span class=\"property-desc line-limit-length\">TAC<\/span><\/li>\n<li class=\"product-prop line-limit-length\"><span class=\"property-title\">Nom de D\u00e9partement:\u00a0<\/span><span class=\"property-desc line-limit-length\">Adulte<\/span><\/li>\n<li class=\"product-prop line-limit-length\"><span class=\"property-title\">Sexe:\u00a0<\/span><span class=\"property-desc line-limit-length\">Les FEMMES<\/span><\/li>\n<li class=\"product-prop line-limit-length\"><span class=\"property-title\">Mat\u00e9riau de Cadre:\u00a0<\/span><span class=\"property-desc line-limit-length\">Plastique<\/span><\/li>\n<li class=\"product-prop line-limit-length\"><span class=\"property-title\">Attribut Optique des Lentilles:\u00a0<\/span><span class=\"property-desc line-limit-length\">MIROIR,D\u00e9grad\u00e9,Photochromique,Anti-r\u00e9fl\u00e9chissant,UV400<\/span><\/li>\n<li class=\"product-prop line-limit-length\"><span class=\"property-title\">Style:\u00a0<\/span><span class=\"property-desc line-limit-length\">CARR\u00c9<\/span><\/li>\n<li class=\"product-prop line-limit-length\"><span class=\"property-title\">Nom de marque:\u00a0<\/span><span class=\"property-desc line-limit-length\">DeFanxi<\/span><\/li>\n<li class=\"product-prop line-limit-length\"><span class=\"property-title\">Origine:\u00a0<\/span><span class=\"property-desc line-limit-length\">CN (Origine)<\/span><\/li>\n<li class=\"product-prop line-limit-length\"><span class=\"property-title\">Type D&#8217;article:\u00a0<\/span><span class=\"property-desc line-limit-length\">LUNETTES<\/span><\/li>\n<li class=\"product-prop line-limit-length\"><span class=\"property-title\">Type de lunettes:\u00a0<\/span><span class=\"property-desc line-limit-length\">Lunettes de soleil<\/span><\/li>\n<li class=\"product-prop line-limit-length\"><span class=\"property-title\">Certification:\u00a0<\/span><span class=\"property-desc line-limit-length\">CE<\/span><\/li>\n<\/ul>\n<\/div>\n<div class=\"detailmodule_html\">\n<div class=\"detail-desc-decorate-richtext\">\n<p>&nbsp;<\/p>\n<p><img decoding=\"async\" src=\"https:\/\/ae01.alicdn.com\/kf\/S80a0e91cfe8649868d701c69e7b18044d.jpg\" \/><img decoding=\"async\" src=\"https:\/\/ae01.alicdn.com\/kf\/S8dc165f593114a00a4b86aa9b9c66845Z.jpg\" \/><\/p>\n<p><img decoding=\"async\" src=\"https:\/\/ae01.alicdn.com\/kf\/Se980c5b9db31464487f42fd1da5141e5s.jpg\" \/><img decoding=\"async\" src=\"https:\/\/ae01.alicdn.com\/kf\/Sca4978753bf340aab5994e6f68963551u.jpg\" \/><img decoding=\"async\" src=\"https:\/\/ae01.alicdn.com\/kf\/Sdc971af449d54d2696b8a27baeefba15N.jpg\" \/><img decoding=\"async\" src=\"https:\/\/ae01.alicdn.com\/kf\/Sa50c81e2e5ec433ead2e40168b318f8dT.jpg\" \/><img decoding=\"async\" src=\"https:\/\/ae01.alicdn.com\/kf\/Sf00dcc05cb05422c9cd918cf4f1471f93.jpg\" \/><img decoding=\"async\" src=\"https:\/\/ae01.alicdn.com\/kf\/S89fb5ac8a8634c7babe5f3488860e4a6v.jpg\" \/><\/p>\n<p style=\"font-family: 'Open Sans', Roboto, Arial, Helvetica, sans-serif, SimSun; font-size: 14px; font-weight: 400; letter-spacing: normal; line-height: inherit; text-align: start; white-space: normal; color: #000000; background-color: #ffffff; margin: 0px; padding: 0px; box-sizing: border-box;\" align=\"start\">\n<\/div>\n<\/div>","protected":false},"excerpt":{"rendered":"<p>&nbsp; Lieu d&#8217;origine:\u00a0Chine (continent) Num\u00e9ro de Mod\u00e8le:\u00a0ZX282 Largeur des verres:\u00a052mm Hauteur de l\u2019objectif:\u00a043mm Mat\u00e9riau de Verres:\u00a0TAC Nom de D\u00e9partement:\u00a0Adult Sexe:\u00a0WOMEN Mat\u00e9riau de Cadre:\u00a0Plastique Attribut Optique des Lentilles:\u00a0MIRROR,Gradient,Photochromique,Anti-r\u00e9fl\u00e9chissant,UV400 Style:\u00a0SQUARE Nom de marque:\u00a0DeFanxi Origine:\u00a0CN (Origine) Type D&#8217;article:\u00a0LUNETTES Type de lunettes:\u00a0Lunettes de soleil Certification:\u00a0CE &nbsp;<\/p>","protected":false},"featured_media":5370,"template":"","meta":[],"product_brand":[],"product_cat":[486],"product_tag":[],"class_list":{"0":"post-5369","1":"product","2":"type-product","3":"status-publish","4":"has-post-thumbnail","6":"product_cat-women","8":"first","9":"instock","10":"taxable","11":"shipping-taxable","12":"purchasable","13":"product-type-variable"},"_links":{"self":[{"href":"https:\/\/lunettesoleil.ca\/fr\/wp-json\/wp\/v2\/product\/5369","targetHints":{"allow":["GET"]}}],"collection":[{"href":"https:\/\/lunettesoleil.ca\/fr\/wp-json\/wp\/v2\/product"}],"about":[{"href":"https:\/\/lunettesoleil.ca\/fr\/wp-json\/wp\/v2\/types\/product"}],"wp:featuredmedia":[{"embeddable":true,"href":"https:\/\/lunettesoleil.ca\/fr\/wp-json\/wp\/v2\/media\/5370"}],"wp:attachment":[{"href":"https:\/\/lunettesoleil.ca\/fr\/wp-json\/wp\/v2\/media?parent=5369"}],"wp:term":[{"taxonomy":"product_brand","embeddable":true,"href":"https:\/\/lunettesoleil.ca\/fr\/wp-json\/wp\/v2\/product_brand?post=5369"},{"taxonomy":"product_cat","embeddable":true,"href":"https:\/\/lunettesoleil.ca\/fr\/wp-json\/wp\/v2\/product_cat?post=5369"},{"taxonomy":"product_tag","embeddable":true,"href":"https:\/\/lunettesoleil.ca\/fr\/wp-json\/wp\/v2\/product_tag?post=5369"}],"curies":[{"name":"wp","href":"https:\/\/api.w.org\/{rel}","templated":true}]}}