{"id":5382,"date":"2024-03-24T17:47:25","date_gmt":"2024-03-24T21:47:25","guid":{"rendered":"https:\/\/lunettesoleil.ca\/product\/lunettes-de-soleil-rectangulaires-sans-monture-pour-femmes-lunettes-de-soleil-noires-degradees-lunettes-carrees-sans-cadre-marque-retro-nouveau\/"},"modified":"2024-06-07T23:52:13","modified_gmt":"2024-06-08T03:52:13","slug":"lunettes-de-soleil-rectangulaires-sans-monture-pour-femmes-lunettes-de-soleil-noires-degradees-lunettes-carrees-sans-cadre-marque-retro-nouveau","status":"publish","type":"product","link":"https:\/\/lunettesoleil.ca\/fr\/produit\/lunettes-de-soleil-rectangulaires-sans-monture-pour-femmes-lunettes-de-soleil-noires-degradees-lunettes-carrees-sans-cadre-marque-retro-nouveau\/","title":{"rendered":"Lunettes de soleil rectangulaires sans monture pour femmes, lunettes de soleil noires d\u00e9grad\u00e9es, lunettes carr\u00e9es sans cadre, marque r\u00e9tro, nouveau"},"content":{"rendered":"<p>&nbsp;<\/p>\n<div class=\"product-specs-list-container\">\n<ul class=\"product-specs-list util-clearfix\">\n<li class=\"product-prop line-limit-length\"><span class=\"property-title\">Lieu d&#8217;origine:\u00a0<\/span><span class=\"property-desc line-limit-length\">Chine (continent)<\/span><\/li>\n<li class=\"product-prop line-limit-length\"><span class=\"property-title\">Num\u00e9ro de Mod\u00e8le:\u00a0<\/span><span class=\"property-desc line-limit-length\">GB47391<\/span><\/li>\n<li class=\"product-prop line-limit-length\"><span class=\"property-title\">Largeur des verres:\u00a0<\/span><span class=\"property-desc line-limit-length\">63mm<\/span><\/li>\n<li class=\"product-prop line-limit-length\"><span class=\"property-title\">Hauteur de l&#039;objectif:\u00a0<\/span><span class=\"property-desc line-limit-length\">48mm<\/span><\/li>\n<li class=\"product-prop line-limit-length\"><span class=\"property-title\">Mat\u00e9riau de Verr\u00e8s:\u00a0<\/span><span class=\"property-desc line-limit-length\">TAC<\/span><\/li>\n<li class=\"product-prop line-limit-length\"><span class=\"property-title\">Nom de D\u00e9partement:\u00a0<\/span><span class=\"property-desc line-limit-length\">Adulte<\/span><\/li>\n<li class=\"product-prop line-limit-length\"><span class=\"property-title\">Sexe:\u00a0<\/span><span class=\"property-desc line-limit-length\">Les FEMMES<\/span><\/li>\n<li class=\"product-prop line-limit-length\"><span class=\"property-title\">Mat\u00e9riau de Cadre:\u00a0<\/span><span class=\"property-desc line-limit-length\">Plastique<\/span><\/li>\n<li class=\"product-prop line-limit-length\"><span class=\"property-title\">Attribut Optique des Lentilles:\u00a0<\/span><span class=\"property-desc line-limit-length\">D\u00e9grad\u00e9,Photochromique,Anti-r\u00e9fl\u00e9chissant,UV400<\/span><\/li>\n<li class=\"product-prop line-limit-length\"><span class=\"property-title\">Style:\u00a0<\/span><span class=\"property-desc line-limit-length\">CARR\u00c9<\/span><\/li>\n<li class=\"product-prop line-limit-length\"><span class=\"property-title\">Nom de marque:\u00a0<\/span><span class=\"property-desc line-limit-length\">DeFanxi<\/span><\/li>\n<li class=\"product-prop line-limit-length\"><span class=\"property-title\">Origine:\u00a0<\/span><span class=\"property-desc line-limit-length\">CN (Origine)<\/span><\/li>\n<li class=\"product-prop line-limit-length\"><span class=\"property-title\">Type D&#8217;article:\u00a0<\/span><span class=\"property-desc line-limit-length\">LUNETTES<\/span><\/li>\n<li class=\"product-prop line-limit-length\"><span class=\"property-title\">Type de lunettes:\u00a0<\/span><span class=\"property-desc line-limit-length\">Lunettes de soleil<\/span><\/li>\n<li class=\"product-prop line-limit-length\"><span class=\"property-title\">Certification:\u00a0<\/span><span class=\"property-desc line-limit-length\">CE<\/span><\/li>\n<\/ul>\n<\/div>\n<div class=\"detailmodule_html\">\n<div class=\"detail-desc-decorate-richtext\">\n<p>&nbsp;<\/p>\n<p><img decoding=\"async\" src=\"https:\/\/ae01.alicdn.com\/kf\/S2b77798ab75244079baccdb5a20c0663z.png\" \/><img decoding=\"async\" src=\"https:\/\/ae01.alicdn.com\/kf\/S860ff0e12e2141f2820027b8cef0face0.png\" \/><img decoding=\"async\" src=\"https:\/\/ae01.alicdn.com\/kf\/S4894e901c5114ec8af55243700cb1f03Z.jpg\" \/><img decoding=\"async\" src=\"https:\/\/ae01.alicdn.com\/kf\/S7ea98d36bb95413c96bd1081c46d27baa.jpg\" \/><img decoding=\"async\" src=\"https:\/\/ae01.alicdn.com\/kf\/S44ac2060a1f04c1991f5930df3be40f5c.jpg\" \/><img decoding=\"async\" src=\"https:\/\/ae01.alicdn.com\/kf\/Sf98ea6aa9118413092c1282dbd244b36V.jpg\" \/><img decoding=\"async\" src=\"https:\/\/ae01.alicdn.com\/kf\/S7432c42d455c4df4a1e51b8fc00a6954w.jpg\" \/><img decoding=\"async\" src=\"https:\/\/ae01.alicdn.com\/kf\/Sb5acbec6bf1e4ac2b77c7935a06c2a05g.jpg\" \/><img decoding=\"async\" src=\"https:\/\/ae01.alicdn.com\/kf\/S5a7a3347e8d64d85b76e00618c5a8c943.jpg\" \/><img decoding=\"async\" src=\"https:\/\/ae01.alicdn.com\/kf\/S0db309ade1ca4781ba830e9f09bbbc2fh.jpg\" \/><img decoding=\"async\" src=\"https:\/\/ae01.alicdn.com\/kf\/S6a67c8fed90642abba3710450673dc0fk.jpg\" \/><img decoding=\"async\" src=\"https:\/\/ae01.alicdn.com\/kf\/Scdd6a5383c9b49048400fdfa3ef3839bk.jpg\" \/><img decoding=\"async\" src=\"https:\/\/ae01.alicdn.com\/kf\/S768dee5b989246f197d7acccab641b60a.jpg\" \/><\/p>\n<p><img decoding=\"async\" src=\"https:\/\/ae01.alicdn.com\/kf\/S8566291b8a094f73b467b41b5449d22fw.jpg\" \/><img decoding=\"async\" src=\"https:\/\/ae01.alicdn.com\/kf\/Sa1a22d5539de473e9646de275f58d117T.jpg\" \/><img decoding=\"async\" src=\"https:\/\/ae01.alicdn.com\/kf\/S44b016d571134c8ea0b38586575fa4e4U.jpg\" \/><img decoding=\"async\" src=\"https:\/\/ae01.alicdn.com\/kf\/S2fe6f41ad71d4c82942e4ca9b04b85fcP.jpg\" \/><\/p>\n<p><img decoding=\"async\" src=\"https:\/\/ae01.alicdn.com\/kf\/Sbd58441ffb434f06a1d8e10ff2133642a.jpg\" \/><img decoding=\"async\" src=\"https:\/\/ae01.alicdn.com\/kf\/S658080ca9cf546a99f4b0a44f120fb55q.jpg\" \/><\/p>\n<p style=\"font-family: 'Open Sans', Roboto, Arial, Helvetica, sans-serif, SimSun; font-size: 14px; font-weight: 400; letter-spacing: normal; line-height: inherit; text-align: start; white-space: normal; color: #000000; background-color: #ffffff; margin: 0px; padding: 0px; box-sizing: border-box;\" align=\"start\">\n<p style=\"font-family: 'Open Sans', Roboto, Arial, Helvetica, sans-serif, SimSun; font-size: 14px; font-weight: 400; letter-spacing: normal; line-height: inherit; text-align: start; white-space: normal; color: #000000; background-color: #ffffff; margin: 0px; padding: 0px; box-sizing: border-box;\" align=\"start\">\n<p style=\"font-family: 'Open Sans', Roboto, Arial, Helvetica, sans-serif, SimSun; font-size: 14px; font-weight: 400; letter-spacing: normal; line-height: inherit; text-align: start; white-space: normal; color: #000000; background-color: #ffffff; margin: 0px; padding: 0px; box-sizing: border-box;\" align=\"start\">\n<\/div>\n<\/div>","protected":false},"excerpt":{"rendered":"<p>&nbsp; Lieu d&#8217;origine:\u00a0Chine (continent) Num\u00e9ro de Mod\u00e8le:\u00a0GB47391 Largeur des verres:\u00a063mm Hauteur de l\u2019objectif:\u00a048mm Mat\u00e9riau de Verres:\u00a0TAC Nom de D\u00e9partement:\u00a0Adult Sexe:\u00a0WOMEN Mat\u00e9riau de Cadre:\u00a0Plastique Attribut Optique des Lentilles:\u00a0Gradient,Photochromique,Anti-r\u00e9fl\u00e9chissant,UV400 Style:\u00a0SQUARE Nom de marque:\u00a0DeFanxi Origine:\u00a0CN (Origine) Type D&#8217;article:\u00a0LUNETTES Type de lunettes:\u00a0Lunettes de soleil Certification:\u00a0CE &nbsp;<\/p>","protected":false},"featured_media":5384,"template":"","meta":[],"product_brand":[],"product_cat":[486],"product_tag":[],"class_list":{"0":"post-5382","1":"product","2":"type-product","3":"status-publish","4":"has-post-thumbnail","6":"product_cat-women","8":"first","9":"instock","10":"taxable","11":"shipping-taxable","12":"purchasable","13":"product-type-variable"},"_links":{"self":[{"href":"https:\/\/lunettesoleil.ca\/fr\/wp-json\/wp\/v2\/product\/5382","targetHints":{"allow":["GET"]}}],"collection":[{"href":"https:\/\/lunettesoleil.ca\/fr\/wp-json\/wp\/v2\/product"}],"about":[{"href":"https:\/\/lunettesoleil.ca\/fr\/wp-json\/wp\/v2\/types\/product"}],"wp:featuredmedia":[{"embeddable":true,"href":"https:\/\/lunettesoleil.ca\/fr\/wp-json\/wp\/v2\/media\/5384"}],"wp:attachment":[{"href":"https:\/\/lunettesoleil.ca\/fr\/wp-json\/wp\/v2\/media?parent=5382"}],"wp:term":[{"taxonomy":"product_brand","embeddable":true,"href":"https:\/\/lunettesoleil.ca\/fr\/wp-json\/wp\/v2\/product_brand?post=5382"},{"taxonomy":"product_cat","embeddable":true,"href":"https:\/\/lunettesoleil.ca\/fr\/wp-json\/wp\/v2\/product_cat?post=5382"},{"taxonomy":"product_tag","embeddable":true,"href":"https:\/\/lunettesoleil.ca\/fr\/wp-json\/wp\/v2\/product_tag?post=5382"}],"curies":[{"name":"wp","href":"https:\/\/api.w.org\/{rel}","templated":true}]}}