{"id":5452,"date":"2024-03-24T17:53:19","date_gmt":"2024-03-24T21:53:19","guid":{"rendered":"https:\/\/lunettesoleil.ca\/product\/lunettes-de-soleil-blanches-reflechissantes-pour-femmes-marque-de-luxe-tendance-voyage-dete-oculos\/"},"modified":"2024-06-08T02:38:03","modified_gmt":"2024-06-08T06:38:03","slug":"lunettes-de-soleil-blanches-reflechissantes-pour-femmes-marque-de-luxe-tendance-voyage-dete-oculos","status":"publish","type":"product","link":"https:\/\/lunettesoleil.ca\/fr\/produit\/lunettes-de-soleil-blanches-reflechissantes-pour-femmes-marque-de-luxe-tendance-voyage-dete-oculos\/","title":{"rendered":"Lunettes de soleil blanches r\u00e9fl\u00e9chissantes pour femmes, marque de luxe, tendance, voyage d&#039;\u00e9t\u00e9, Oculos"},"content":{"rendered":"<p>&nbsp;<\/p>\n<div class=\"product-specs-list-container\">\n<ul class=\"product-specs-list util-clearfix\">\n<li class=\"product-prop line-limit-length\"><span class=\"property-title\">Lieu d&#8217;origine:\u00a0<\/span><span class=\"property-desc line-limit-length\">Chine (continent)<\/span><\/li>\n<li class=\"product-prop line-limit-length\"><span class=\"property-title\">Num\u00e9ro de Mod\u00e8le:\u00a0<\/span><span class=\"property-desc line-limit-length\">AA153<\/span><\/li>\n<li class=\"product-prop line-limit-length\"><span class=\"property-title\">Largeur des verres:\u00a0<\/span><span class=\"property-desc line-limit-length\">65mm<\/span><\/li>\n<li class=\"product-prop line-limit-length\"><span class=\"property-title\">Hauteur de l&#039;objectif:\u00a0<\/span><span class=\"property-desc line-limit-length\">55mm<\/span><\/li>\n<li class=\"product-prop line-limit-length\"><span class=\"property-title\">Mat\u00e9riau de Verr\u00e8s:\u00a0<\/span><span class=\"property-desc line-limit-length\">R\u00c9SINE<\/span><\/li>\n<li class=\"product-prop line-limit-length\"><span class=\"property-title\">Nom de D\u00e9partement:\u00a0<\/span><span class=\"property-desc line-limit-length\">Adulte<\/span><\/li>\n<li class=\"product-prop line-limit-length\"><span class=\"property-title\">Sexe:\u00a0<\/span><span class=\"property-desc line-limit-length\">Les FEMMES<\/span><\/li>\n<li class=\"product-prop line-limit-length\"><span class=\"property-title\">Mat\u00e9riau de Cadre:\u00a0<\/span><span class=\"property-desc line-limit-length\">Alliage<\/span><\/li>\n<li class=\"product-prop line-limit-length\"><span class=\"property-title\">Attribut Optique des Lentilles:\u00a0<\/span><span class=\"property-desc line-limit-length\">D\u00e9grad\u00e9,Anti-r\u00e9fl\u00e9chissant,UV400<\/span><\/li>\n<li class=\"product-prop line-limit-length\"><span class=\"property-title\">Style:\u00a0<\/span><span class=\"property-desc line-limit-length\">Pilote<\/span><\/li>\n<li class=\"product-prop line-limit-length\"><span class=\"property-title\">Nom de marque:\u00a0<\/span><span class=\"property-desc line-limit-length\">DeFanxi<\/span><\/li>\n<li class=\"product-prop line-limit-length\"><span class=\"property-title\">Origine:\u00a0<\/span><span class=\"property-desc line-limit-length\">CN (Origine)<\/span><\/li>\n<li class=\"product-prop line-limit-length\"><span class=\"property-title\">Type D&#8217;article:\u00a0<\/span><span class=\"property-desc line-limit-length\">LUNETTES<\/span><\/li>\n<li class=\"product-prop line-limit-length\"><span class=\"property-title\">Type de lunettes:\u00a0<\/span><span class=\"property-desc line-limit-length\">Lunettes de soleil<\/span><\/li>\n<li class=\"product-prop line-limit-length\"><span class=\"property-title\">Certification:\u00a0<\/span><span class=\"property-desc line-limit-length\">CE<\/span><\/li>\n<li class=\"product-prop line-limit-length\"><span class=\"property-title\">1:\u00a0<\/span><span class=\"property-desc line-limit-length\">lunettes de soleil rose<\/span><\/li>\n<li class=\"product-prop line-limit-length\"><span class=\"property-title\">fonction:\u00a0<\/span><span class=\"property-desc line-limit-length\">UV400<\/span><\/li>\n<li class=\"product-prop line-limit-length\"><span class=\"property-title\">3:\u00a0<\/span><span class=\"property-desc line-limit-length\">miroir lunettes<\/span><\/li>\n<li class=\"product-prop line-limit-length\"><span class=\"property-title\">4:\u00a0<\/span><span class=\"property-desc line-limit-length\">Non polaris\u00e9 des lunettes de soleil<\/span><\/li>\n<\/ul>\n<\/div>\n<div class=\"detailmodule_html\">\n<div class=\"detail-desc-decorate-richtext\">\n<div class=\"detailmodule_dynamic\"><\/div>\n<p><img decoding=\"async\" src=\"https:\/\/ae01.alicdn.com\/kf\/Hb7c381ea56934d969091a9c0892aa9a3Y.jpg\" \/><img decoding=\"async\" src=\"https:\/\/ae01.alicdn.com\/kf\/H7f545b29a3c144f58b829ac844a2afffE.jpg\" \/><img decoding=\"async\" src=\"https:\/\/ae01.alicdn.com\/kf\/H5cebb69fdf0f4f00847d34aa100d595ds.jpg\" \/><img decoding=\"async\" src=\"https:\/\/ae01.alicdn.com\/kf\/H4a4bc1073c1c46e7a1bc612a7322d291Q.jpg\" \/><img decoding=\"async\" src=\"https:\/\/ae01.alicdn.com\/kf\/H3186722be90144cb94ebaf612acaf0d8M.jpg\" \/><img decoding=\"async\" src=\"https:\/\/ae01.alicdn.com\/kf\/Hdadf237022f24f36bb0dacfba7c82740h.jpg\" \/><img decoding=\"async\" src=\"https:\/\/ae01.alicdn.com\/kf\/Hed53f1776cb34894a1b7b68ab65552961.jpg\" \/><img decoding=\"async\" src=\"https:\/\/ae01.alicdn.com\/kf\/H1a03cabe128d4c9e86b4ed5f1b65e6997.jpg\" \/><img decoding=\"async\" src=\"https:\/\/ae01.alicdn.com\/kf\/H05b52ebdf49046d4b9acacc8526e36c7t.jpg\" \/><img decoding=\"async\" src=\"https:\/\/ae01.alicdn.com\/kf\/H9d66b1e0038040c095911fd7d7a3fd41X.jpg\" \/><img decoding=\"async\" src=\"https:\/\/ae01.alicdn.com\/kf\/Hfda176e55c5346e09bb39d755cba78358.jpg\" \/><img decoding=\"async\" src=\"https:\/\/ae01.alicdn.com\/kf\/H58dfffb09d6a47359effd5f110833d5aQ.jpg\" \/><img decoding=\"async\" src=\"https:\/\/ae01.alicdn.com\/kf\/H48e56187129f43f2ba29f60ef82cf0c7r.jpg\" \/><img decoding=\"async\" src=\"https:\/\/ae01.alicdn.com\/kf\/Ha61da8689a0e4edcbd5b81e2d6a995090.jpg\" \/><img decoding=\"async\" src=\"https:\/\/ae01.alicdn.com\/kf\/H610fd0db3fe84f9e9bbc0a9c3bd42927X.jpg\" \/><img decoding=\"async\" src=\"https:\/\/ae01.alicdn.com\/kf\/Hf906a5cfee9944a3b8a9b4a091bf46b4Z.jpg\" \/><img decoding=\"async\" src=\"https:\/\/ae01.alicdn.com\/kf\/Hb2a628f30f764d95be5f36d98d4f8839O.jpg\" \/><img decoding=\"async\" src=\"https:\/\/ae01.alicdn.com\/kf\/Hfeb543a2e6fd48c5ab276e83b13cae8cI.jpg\" \/><img decoding=\"async\" src=\"https:\/\/ae01.alicdn.com\/kf\/Hfe9bc3ea1e4c4585a9c590e2cb209ca5y.jpg\" \/><img decoding=\"async\" src=\"https:\/\/ae01.alicdn.com\/kf\/H0d058040936543a0aed945edb88abeb33.jpg\" \/><img decoding=\"async\" src=\"https:\/\/ae01.alicdn.com\/kf\/H0bf729bf883548398359b226c05408fc9.jpg\" \/><img decoding=\"async\" src=\"https:\/\/ae01.alicdn.com\/kf\/H18e73ca0d5ac408691a5e5eaa2a10729P.jpg\" \/><\/p>\n<div class=\"detailmodule_dynamic\"><\/div>\n<p>&nbsp;<\/p>\n<\/div>\n<\/div>","protected":false},"excerpt":{"rendered":"<p>&nbsp; Lieu d&#8217;origine:\u00a0Chine (continent) Num\u00e9ro de Mod\u00e8le:\u00a0AA153 Largeur des verres:\u00a065mm Hauteur de l\u2019objectif:\u00a055mm Mat\u00e9riau de Verres:\u00a0R\u00c9SINE Nom de D\u00e9partement:\u00a0Adult Sexe:\u00a0WOMEN Mat\u00e9riau de Cadre:\u00a0Alliage Attribut Optique des Lentilles:\u00a0Gradient,Anti-r\u00e9fl\u00e9chissant,UV400 Style:\u00a0Pilote Nom de marque:\u00a0DeFanxi Origine:\u00a0CN (Origine) Type D&#8217;article:\u00a0LUNETTES Type de lunettes:\u00a0Lunettes de soleil Certification:\u00a0CE 1:\u00a0pink sunglasses function:\u00a0UV400 3:\u00a0mirror glasses 4:\u00a0Non-polarized sunglasses &nbsp;<\/p>","protected":false},"featured_media":13965,"template":"","meta":[],"product_brand":[],"product_cat":[486],"product_tag":[],"class_list":{"0":"post-5452","1":"product","2":"type-product","3":"status-publish","4":"has-post-thumbnail","6":"product_cat-women","8":"first","9":"instock","10":"taxable","11":"shipping-taxable","12":"purchasable","13":"product-type-variable"},"_links":{"self":[{"href":"https:\/\/lunettesoleil.ca\/fr\/wp-json\/wp\/v2\/product\/5452","targetHints":{"allow":["GET"]}}],"collection":[{"href":"https:\/\/lunettesoleil.ca\/fr\/wp-json\/wp\/v2\/product"}],"about":[{"href":"https:\/\/lunettesoleil.ca\/fr\/wp-json\/wp\/v2\/types\/product"}],"wp:featuredmedia":[{"embeddable":true,"href":"https:\/\/lunettesoleil.ca\/fr\/wp-json\/wp\/v2\/media\/13965"}],"wp:attachment":[{"href":"https:\/\/lunettesoleil.ca\/fr\/wp-json\/wp\/v2\/media?parent=5452"}],"wp:term":[{"taxonomy":"product_brand","embeddable":true,"href":"https:\/\/lunettesoleil.ca\/fr\/wp-json\/wp\/v2\/product_brand?post=5452"},{"taxonomy":"product_cat","embeddable":true,"href":"https:\/\/lunettesoleil.ca\/fr\/wp-json\/wp\/v2\/product_cat?post=5452"},{"taxonomy":"product_tag","embeddable":true,"href":"https:\/\/lunettesoleil.ca\/fr\/wp-json\/wp\/v2\/product_tag?post=5452"}],"curies":[{"name":"wp","href":"https:\/\/api.w.org\/{rel}","templated":true}]}}