{"id":5860,"date":"2024-03-27T12:31:43","date_gmt":"2024-03-27T16:31:43","guid":{"rendered":"https:\/\/lunettesoleil.ca\/product\/2024-hot-top-quality-thick-acetate-frame-men-women-sunglasses-classic-square-sun-glasses-uv400-brand-designer-polarized-lens\/"},"modified":"2024-07-13T23:56:32","modified_gmt":"2024-07-14T03:56:32","slug":"2024-hot-top-quality-thick-acetate-frame-women-polarized-lens-sunglasses","status":"publish","type":"product","link":"https:\/\/lunettesoleil.ca\/fr\/produit\/2024-hot-top-quality-thick-acetate-frame-women-polarized-lens-sunglasses\/","title":{"rendered":"2024 \u00e0 Chaud de Qualit\u00e9 SUP\u00c9RIEURE \u00c9paisse Monture en Ac\u00e9tate Femme Polaris\u00e9 des Lunettes de soleil"},"content":{"rendered":"<p>&nbsp;<\/p>\n<div class=\"product-specs-list-container\">\n<ul class=\"product-specs-list util-clearfix\">\n<li class=\"product-prop line-limit-length\"><span class=\"property-title\">Lieu D&#039;Origine:\u00a0<\/span><span class=\"property-desc line-limit-length\">La chine (continentale)<\/span><\/li>\n<li class=\"product-prop line-limit-length\"><span class=\"property-title\">Num\u00e9ro De Mod\u00e8le:\u00a0<\/span><span class=\"property-desc line-limit-length\">GL6625<\/span><\/li>\n<li class=\"product-prop line-limit-length\"><span class=\"property-title\">Largeur Du Verre:\u00a0<\/span><span class=\"property-desc line-limit-length\">5.2 cm<\/span><\/li>\n<li class=\"product-prop line-limit-length\"><span class=\"property-title\">La Hauteur De L&#039;Objectif:\u00a0<\/span><span class=\"property-desc line-limit-length\">3.6 cm<\/span><\/li>\n<li class=\"product-prop line-limit-length\"><span class=\"property-title\">Mat\u00e9riel De Lentilles:\u00a0<\/span><span class=\"property-desc line-limit-length\">Polaroid<\/span><\/li>\n<li class=\"product-prop line-limit-length\"><span class=\"property-title\">Nom Du D\u00e9partement:\u00a0<\/span><span class=\"property-desc line-limit-length\">ADULTE<\/span><\/li>\n<li class=\"product-prop line-limit-length\"><span class=\"property-title\">Genre:\u00a0<\/span><span class=\"property-desc line-limit-length\">Les HOMMES<\/span><\/li>\n<li class=\"product-prop line-limit-length\"><span class=\"property-title\">Mat\u00e9riau Du Cadre:\u00a0<\/span><span class=\"property-desc line-limit-length\">Polycarbonate<\/span><\/li>\n<li class=\"product-prop line-limit-length\"><span class=\"property-title\">Lentilles Optiques Attribut:\u00a0<\/span><span class=\"property-desc line-limit-length\">polaris\u00e9e<\/span><\/li>\n<li class=\"product-prop line-limit-length\"><span class=\"property-title\">Style:\u00a0<\/span><span class=\"property-desc line-limit-length\">punk<\/span><\/li>\n<li class=\"product-prop line-limit-length\"><span class=\"property-title\">Nom De Marque:\u00a0<\/span><span class=\"property-desc line-limit-length\">SENTA<\/span><\/li>\n<li class=\"product-prop line-limit-length\"><span class=\"property-title\">Origine:\u00a0<\/span><span class=\"property-desc line-limit-length\">La Partie Continentale De La Chine<\/span><\/li>\n<li class=\"product-prop line-limit-length\"><span class=\"property-title\">Type D&#039;\u00c9l\u00e9ment:\u00a0<\/span><span class=\"property-desc line-limit-length\">LUNETTES<\/span><\/li>\n<li class=\"product-prop line-limit-length\"><span class=\"property-title\">Lunettes Type:\u00a0<\/span><span class=\"property-desc line-limit-length\">Lunettes de soleil<\/span><\/li>\n<li class=\"product-prop line-limit-length\"><span class=\"property-title\">Certification:\u00a0<\/span><span class=\"property-desc line-limit-length\">CE<\/span><\/li>\n<li class=\"product-prop line-limit-length\"><span class=\"property-title\">Lunettes Type:\u00a0<\/span><span class=\"property-desc line-limit-length\">Lunettes De Vue<\/span><\/li>\n<li class=\"product-prop line-limit-length\"><span class=\"property-title\">Eyeglasse cadre:\u00a0<\/span><span class=\"property-desc line-limit-length\">Clip Magn\u00e9tique Sur Des Lunettes De Soleil Polaris\u00e9es<\/span><\/li>\n<li class=\"product-prop line-limit-length\"><span class=\"property-title\">Objectif:\u00a0<\/span><span class=\"property-desc line-limit-length\">TAC\/Polaris\u00e9<\/span><\/li>\n<li class=\"product-prop line-limit-length\"><span class=\"property-title\">La Myopie Verres:\u00a0<\/span><span class=\"property-desc line-limit-length\">Moins De Dioptrie Lunettes<\/span><\/li>\n<li class=\"product-prop line-limit-length\"><span class=\"property-title\">Genre:\u00a0<\/span><span class=\"property-desc line-limit-length\">HOMMES,Femmes,Unisexe<\/span><\/li>\n<li class=\"product-prop line-limit-length\"><span class=\"property-title\">Lentilles Optiques Attribut:\u00a0<\/span><span class=\"property-desc line-limit-length\">Anti-r\u00e9fl\u00e9chissant<\/span><\/li>\n<li class=\"product-prop line-limit-length\"><span class=\"property-title\">Type D&#039;\u00c9l\u00e9ment:\u00a0<\/span><span class=\"property-desc line-limit-length\">Lunettes<\/span><\/li>\n<li class=\"product-prop line-limit-length\"><span class=\"property-title\">Type:\u00a0<\/span><span class=\"property-desc line-limit-length\">Portable<\/span><\/li>\n<li class=\"product-prop line-limit-length\"><span class=\"property-title\">Poids:\u00a0<\/span><span class=\"property-desc line-limit-length\">47 g<\/span><\/li>\n<li class=\"product-prop line-limit-length\"><span class=\"property-title\">Adapt\u00e9 pour la Forme du Visage:\u00a0<\/span><span class=\"property-desc line-limit-length\">Visage rond,visage Long,visage Carr\u00e9,visage Ovale<\/span><\/li>\n<li class=\"product-prop line-limit-length\"><span class=\"property-title\">Port\u00e9e d&#039;utilisation:\u00a0<\/span><span class=\"property-desc line-limit-length\">Shopping,faire la F\u00eate,Voyager,T spectacle,de Conduite,de plein air<\/span><\/li>\n<\/ul>\n<\/div>\n<div class=\"detailmodule_html\">\n<div class=\"detail-desc-decorate-richtext\">\n<p>&nbsp;<\/p>\n<p style=\"text-align: left; margin: 0;\"><img decoding=\"async\" src=\"https:\/\/ae01.alicdn.com\/kf\/Sb01be5609fe24a6ab6e786cffadcacd10.jpg?width=1000&amp;height=1000&amp;hash=2000\" \/><img decoding=\"async\" src=\"https:\/\/ae01.alicdn.com\/kf\/Sc92e12118b304dbe9ea89801832bf263K.jpg?width=1000&amp;height=2000&amp;hash=3000\" \/><img decoding=\"async\" src=\"https:\/\/ae01.alicdn.com\/kf\/S12c4e281fcab484882244491715fa440g.jpg?width=1000&amp;height=1131&amp;hash=2131\" \/><img decoding=\"async\" src=\"https:\/\/ae01.alicdn.com\/kf\/Sb30cac9767944ce2b9136ed9b8444b1cw.jpg?width=750&amp;height=1000&amp;hash=1750\" \/><img decoding=\"async\" src=\"https:\/\/ae01.alicdn.com\/kf\/S8114e4e90d53429395f4c6442075ff05s.jpg?width=1000&amp;height=1300&amp;hash=2300\" \/><img decoding=\"async\" src=\"https:\/\/ae01.alicdn.com\/kf\/S45bb79ea00d1485ab986f51b5c5a1761X.jpg?width=1000&amp;height=1400&amp;hash=2400\" \/><img decoding=\"async\" src=\"https:\/\/ae01.alicdn.com\/kf\/S1d7d452f476d4c39a261cdabaf383c46E.jpg?width=1000&amp;height=1135&amp;hash=2135\" \/><img decoding=\"async\" src=\"https:\/\/ae01.alicdn.com\/kf\/Sc52a5092751d478ea57cf520cb8600e0C.jpg?width=1000&amp;height=2050&amp;hash=3050\" \/><img decoding=\"async\" src=\"https:\/\/ae01.alicdn.com\/kf\/S7326aed913f04de8984a08960366ffca7.jpg?width=1000&amp;height=1424&amp;hash=2424\" \/><img decoding=\"async\" src=\"https:\/\/ae01.alicdn.com\/kf\/Sfbf37e09c1ed4bb6a361a9d9c8c62faeJ.jpg?width=1000&amp;height=1132&amp;hash=2132\" \/><img decoding=\"async\" src=\"https:\/\/ae01.alicdn.com\/kf\/S5365adc17dcd444cab06eda921738e16U.jpg?width=1000&amp;height=1071&amp;hash=2071\" \/><img decoding=\"async\" src=\"https:\/\/ae01.alicdn.com\/kf\/S5c977b36f9264ff2afaddee325b4aca7o.jpg?width=1000&amp;height=1071&amp;hash=2071\" \/><img decoding=\"async\" src=\"https:\/\/ae01.alicdn.com\/kf\/Sd4451a87be69499c8725e731b0db70daK.jpg?width=1000&amp;height=1086&amp;hash=2086\" \/><\/p>\n<div>\n<ul style=\"padding: 0px; margin: 0px; box-sizing: border-box; color: #000000; font-family: 'Open Sans', sans-serif; font-size: medium; font-style: normal; font-variant-ligatures: normal; font-variant-caps: normal; font-weight: 400; letter-spacing: normal; orphans: 2; text-align: start; text-indent: 0px; text-transform: none; white-space: normal; widows: 2; word-spacing: 0px; -webkit-text-stroke-width: 0px; text-decoration-thickness: initial; text-decoration-style: initial; text-decoration-color: initial;\">\n<li style=\"padding: 0px; margin: 0px; box-sizing: border-box;\">\n<p style=\"padding: 0px; margin: 0px; box-sizing: border-box; line-height: inherit;\">\n<\/li>\n<\/ul>\n<\/div>\n<\/div>\n<\/div>","protected":false},"excerpt":{"rendered":"<p>&nbsp; Place Of Origin:\u00a0China (mainland) Model Number:\u00a0GL6625 Lens Width:\u00a05.2cm Lens Height:\u00a03.6cm Lenses Material:\u00a0Polaroid Department Name:\u00a0ADULT Gender:\u00a0MEN Frame Material:\u00a0Polycarbonate Lenses Optical Attribute:\u00a0polarized Style:\u00a0punk Brand Name:\u00a0SENTA Origin:\u00a0Mainland China Item Type:\u00a0EYEWEAR Eyewear Type:\u00a0Sunglasses Certification:\u00a0CE Eyewear Type:\u00a0Prescription Glasses Eyeglasse frame:\u00a0Magnetic Clip On Polarized Sunglasses Lens:\u00a0TAC\/Polarised Myopia Lenses:\u00a0Minus Diopter Glasses Gender:\u00a0MEN,Women,Unisex Lenses Optical Attribute:\u00a0Anti-reflective Item Type:\u00a0Eyewear Type:\u00a0Portable Weight:\u00a047g Suitable for [&#8230;]","protected":false},"featured_media":5861,"template":"","meta":[],"product_brand":[],"product_cat":[486],"product_tag":[],"class_list":{"0":"post-5860","1":"product","2":"type-product","3":"status-publish","4":"has-post-thumbnail","6":"product_cat-women","8":"first","9":"instock","10":"taxable","11":"shipping-taxable","12":"purchasable","13":"product-type-variable"},"_links":{"self":[{"href":"https:\/\/lunettesoleil.ca\/fr\/wp-json\/wp\/v2\/product\/5860","targetHints":{"allow":["GET"]}}],"collection":[{"href":"https:\/\/lunettesoleil.ca\/fr\/wp-json\/wp\/v2\/product"}],"about":[{"href":"https:\/\/lunettesoleil.ca\/fr\/wp-json\/wp\/v2\/types\/product"}],"wp:featuredmedia":[{"embeddable":true,"href":"https:\/\/lunettesoleil.ca\/fr\/wp-json\/wp\/v2\/media\/5861"}],"wp:attachment":[{"href":"https:\/\/lunettesoleil.ca\/fr\/wp-json\/wp\/v2\/media?parent=5860"}],"wp:term":[{"taxonomy":"product_brand","embeddable":true,"href":"https:\/\/lunettesoleil.ca\/fr\/wp-json\/wp\/v2\/product_brand?post=5860"},{"taxonomy":"product_cat","embeddable":true,"href":"https:\/\/lunettesoleil.ca\/fr\/wp-json\/wp\/v2\/product_cat?post=5860"},{"taxonomy":"product_tag","embeddable":true,"href":"https:\/\/lunettesoleil.ca\/fr\/wp-json\/wp\/v2\/product_tag?post=5860"}],"curies":[{"name":"wp","href":"https:\/\/api.w.org\/{rel}","templated":true}]}}