{"id":7666,"date":"2024-03-31T13:31:18","date_gmt":"2024-03-31T17:31:18","guid":{"rendered":"https:\/\/lunettesoleil.ca\/product\/chain-round-sunglasses-women-metal-luxury-brand-rimless-sun-glasses-lunettes-de-sol-femme-shades-women-sunglass-zonnebril-dames\/"},"modified":"2024-06-02T22:48:49","modified_gmt":"2024-06-03T02:48:49","slug":"chain-round-sunglasses-women-metal-luxury-brand-rimless-sun-glasses-lunettes-de-sol-femme-shades-women-sunglass-zonnebril-dames","status":"publish","type":"product","link":"https:\/\/lunettesoleil.ca\/fr\/produit\/chain-round-sunglasses-women-metal-luxury-brand-rimless-sun-glasses-lunettes-de-sol-femme-shades-women-sunglass-zonnebril-dames\/","title":{"rendered":"Ronde Sur La Cha\u00eene De Lunettes De Soleil Des Femmes De M\u00e9tal De La Marque De Luxe Cercl\u00e9es Lunettes De Soleil Lunettes De Sol Femme Nuances Des Femmes De Lunettes De Soleil Zonnebril Dames"},"content":{"rendered":"<div class=\"product-specs-list-container\">\n<ul class=\"product-specs-list util-clearfix\">\n<li class=\"product-prop line-limit-length\"><span\n\t\t\t\t\t\t\t\t\t\tclass=\"property-title\">Lieu D&#039;Origine:&nbsp;<\/span><span\n\t\t\t\t\t\t\t\t\t\tclass=\"property-desc line-limit-length\">La chine (continentale)<\/span>\n\t\t\t\t\t\t\t<\/li>\n<li class=\"product-prop line-limit-length\"><span\n\t\t\t\t\t\t\t\t\t\tclass=\"property-title\">Num\u00e9ro De Mod\u00e8le:&nbsp;<\/span><span\n\t\t\t\t\t\t\t\t\t\tclass=\"property-desc line-limit-length\">Femmes lunettes de soleil<\/span>\n\t\t\t\t\t\t\t<\/li>\n<li class=\"product-prop line-limit-length\"><span\n\t\t\t\t\t\t\t\t\t\tclass=\"property-title\">Largeur Du Verre:&nbsp;<\/span><span\n\t\t\t\t\t\t\t\t\t\tclass=\"property-desc line-limit-length\">55mm<\/span>\n\t\t\t\t\t\t\t<\/li>\n<li class=\"product-prop line-limit-length\"><span\n\t\t\t\t\t\t\t\t\t\tclass=\"property-title\">La Hauteur De L&#039;Objectif:&nbsp;<\/span><span\n\t\t\t\t\t\t\t\t\t\tclass=\"property-desc line-limit-length\">55mm<\/span>\n\t\t\t\t\t\t\t<\/li>\n<li class=\"product-prop line-limit-length\"><span\n\t\t\t\t\t\t\t\t\t\tclass=\"property-title\">Mat\u00e9riel De Lentilles:&nbsp;<\/span><span\n\t\t\t\t\t\t\t\t\t\tclass=\"property-desc line-limit-length\">Acrylique<\/span>\n\t\t\t\t\t\t\t<\/li>\n<li class=\"product-prop line-limit-length\"><span\n\t\t\t\t\t\t\t\t\t\tclass=\"property-title\">Nom Du D\u00e9partement:&nbsp;<\/span><span\n\t\t\t\t\t\t\t\t\t\tclass=\"property-desc line-limit-length\">ADULTE<\/span>\n\t\t\t\t\t\t\t<\/li>\n<li class=\"product-prop line-limit-length\"><span\n\t\t\t\t\t\t\t\t\t\tclass=\"property-title\">Genre:&nbsp;<\/span><span\n\t\t\t\t\t\t\t\t\t\tclass=\"property-desc line-limit-length\">Les FEMMES<\/span>\n\t\t\t\t\t\t\t<\/li>\n<li class=\"product-prop line-limit-length\"><span\n\t\t\t\t\t\t\t\t\t\tclass=\"property-title\">Mat\u00e9riau Du Cadre:&nbsp;<\/span><span\n\t\t\t\t\t\t\t\t\t\tclass=\"property-desc line-limit-length\">ALLIAGE<\/span>\n\t\t\t\t\t\t\t<\/li>\n<li class=\"product-prop line-limit-length\"><span\n\t\t\t\t\t\t\t\t\t\tclass=\"property-title\">Lentilles Optiques Attribut:&nbsp;<\/span><span\n\t\t\t\t\t\t\t\t\t\tclass=\"property-desc line-limit-length\">D\u00e9grad\u00e9,UV400<\/span>\n\t\t\t\t\t\t\t<\/li>\n<li class=\"product-prop line-limit-length\"><span\n\t\t\t\t\t\t\t\t\t\tclass=\"property-title\">Style:&nbsp;<\/span><span\n\t\t\t\t\t\t\t\t\t\tclass=\"property-desc line-limit-length\">Cercl\u00e9es<\/span>\n\t\t\t\t\t\t\t<\/li>\n<li class=\"product-prop line-limit-length\"><span\n\t\t\t\t\t\t\t\t\t\tclass=\"property-title\">Nom De Marque:&nbsp;<\/span><span\n\t\t\t\t\t\t\t\t\t\tclass=\"property-desc line-limit-length\">JOURN\u00c9E DE JOURN\u00c9E DE PLAISIR<\/span>\n\t\t\t\t\t\t\t<\/li>\n<li class=\"product-prop line-limit-length\"><span\n\t\t\t\t\t\t\t\t\t\tclass=\"property-title\">Origine:&nbsp;<\/span><span\n\t\t\t\t\t\t\t\t\t\tclass=\"property-desc line-limit-length\">La Partie Continentale De La Chine<\/span>\n\t\t\t\t\t\t\t<\/li>\n<li class=\"product-prop line-limit-length\"><span\n\t\t\t\t\t\t\t\t\t\tclass=\"property-title\">Type D&#039;\u00c9l\u00e9ment:&nbsp;<\/span><span\n\t\t\t\t\t\t\t\t\t\tclass=\"property-desc line-limit-length\">LUNETTES<\/span>\n\t\t\t\t\t\t\t<\/li>\n<li class=\"product-prop line-limit-length\"><span\n\t\t\t\t\t\t\t\t\t\tclass=\"property-title\">Lunettes Type:&nbsp;<\/span><span\n\t\t\t\t\t\t\t\t\t\tclass=\"property-desc line-limit-length\">Lunettes de soleil<\/span>\n\t\t\t\t\t\t\t<\/li>\n<li class=\"product-prop line-limit-length\"><span\n\t\t\t\t\t\t\t\t\t\tclass=\"property-title\">Certification:&nbsp;<\/span><span\n\t\t\t\t\t\t\t\t\t\tclass=\"property-desc line-limit-length\">AUCUN<\/span>\n\t\t\t\t\t\t\t<\/li>\n<li class=\"product-prop line-limit-length\"><span\n\t\t\t\t\t\t\t\t\t\tclass=\"property-title\">style:&nbsp;<\/span><span\n\t\t\t\t\t\t\t\t\t\tclass=\"property-desc line-limit-length\">Ronde<\/span>\n\t\t\t\t\t\t\t<\/li>\n<li class=\"product-prop line-limit-length\"><span\n\t\t\t\t\t\t\t\t\t\tclass=\"property-title\">couleur:&nbsp;<\/span><span\n\t\t\t\t\t\t\t\t\t\tclass=\"property-desc line-limit-length\">l&#039;or noir gris de gradient de th\u00e9 rouge Noir or violet bleu jaune<\/span>\n\t\t\t\t\t\t\t<\/li>\n<\/ul><\/div>\n<div class=\"detailmodule_html\">\n<div class=\"detail-desc-decorate-richtext\">\n<p><img decoding=\"async\" referrerpolicy=\"no-referrer\" src=\"https:\/\/ae01.alicdn.com\/kf\/S0a6d854a053f4231975c49d8b5d38194a.jpg?width=790&amp;height=790&amp;hash=1580\"> &nbsp;<img decoding=\"async\" referrerpolicy=\"no-referrer\" src=\"https:\/\/ae01.alicdn.com\/kf\/S88c656e7848d41d0947256f84e3a4cf6X.jpg?width=790&amp;height=790&amp;hash=1580\"> &nbsp;<img decoding=\"async\" alt=\"20200331_160140_001\" referrerpolicy=\"no-referrer\" src=\"https:\/\/ae01.alicdn.com\/kf\/Se803339483dc4632b1b3c4f232ce2556O.jpg?width=790&amp;height=888&amp;hash=1678\"> &nbsp;<img decoding=\"async\" alt=\"20200331_160140_002\" referrerpolicy=\"no-referrer\" src=\"https:\/\/ae01.alicdn.com\/kf\/Sadf6f5235a394bb59cf8529cf8799d1ep.jpg?width=790&amp;height=1091&amp;hash=1881\"> &nbsp;<img decoding=\"async\" alt=\"20200331_160140_003\" referrerpolicy=\"no-referrer\" src=\"https:\/\/ae01.alicdn.com\/kf\/S92a7fe1e055346d49a1da8c2a4966585S.jpg?width=790&amp;height=1147&amp;hash=1937\"> &nbsp;<img decoding=\"async\" alt=\"20200331_160140_004\" referrerpolicy=\"no-referrer\" src=\"https:\/\/ae01.alicdn.com\/kf\/S8baa1026bd0d4dc0abd68a4de678ebc01.jpg?width=790&amp;height=684&amp;hash=1474\"> &nbsp;<img decoding=\"async\" alt=\"20200331_160140_005\" referrerpolicy=\"no-referrer\" src=\"https:\/\/ae01.alicdn.com\/kf\/S5afaf9264ea2407599b0e70316b6885bP.jpg?width=790&amp;height=1165&amp;hash=1955\"> &nbsp;<img decoding=\"async\" alt=\"20200331_160140_006\" referrerpolicy=\"no-referrer\" src=\"https:\/\/ae01.alicdn.com\/kf\/S81ecc50dec95416d87c3c483db673b88q.jpg?width=790&amp;height=1055&amp;hash=1845\"> &nbsp;<img decoding=\"async\" alt=\"20200331_160140_007\" referrerpolicy=\"no-referrer\" src=\"https:\/\/ae01.alicdn.com\/kf\/Se629e8f68f0a4ec7894af8179ae39b39Q.jpg?width=790&amp;height=1040&amp;hash=1830\"> &nbsp;<img decoding=\"async\" alt=\"20200331_160140_008\" referrerpolicy=\"no-referrer\" src=\"https:\/\/ae01.alicdn.com\/kf\/Sdfc63308af0b40479784ddeda0a7e209E.jpg?width=790&amp;height=938&amp;hash=1728\"> &nbsp;<img decoding=\"async\" alt=\"20200331_160140_009\" referrerpolicy=\"no-referrer\" src=\"https:\/\/ae01.alicdn.com\/kf\/Se577b0f941b940a2b7c511a448ed0d7bk.jpg?width=790&amp;height=856&amp;hash=1646\"> &nbsp;<img decoding=\"async\" alt=\"20200331_160140_010\" referrerpolicy=\"no-referrer\" src=\"https:\/\/ae01.alicdn.com\/kf\/S138a09be33154fcc83756cf125cd5eedG.jpg?width=790&amp;height=863&amp;hash=1653\"> &nbsp;<img decoding=\"async\" alt=\"20200331_160140_011\" referrerpolicy=\"no-referrer\" src=\"https:\/\/ae01.alicdn.com\/kf\/Sd4ddeabcbd2840dfaa638467308142663.jpg?width=790&amp;height=863&amp;hash=1653\"> &nbsp;<img decoding=\"async\" alt=\"20200331_160140_012\" referrerpolicy=\"no-referrer\" src=\"https:\/\/ae01.alicdn.com\/kf\/S629a46ef60f045f19e25c95a9aea79157.jpg?width=790&amp;height=861&amp;hash=1651\"><\/p>\n<p><img decoding=\"async\" referrerpolicy=\"no-referrer\" src=\"https:\/\/ae01.alicdn.com\/kf\/Sbe52f89ac1764342a1db2988a659f80f7.jpg?width=882&amp;height=1723&amp;hash=2605\"><\/p>\n<p><span style=\"color: rgb(255, 255, 255);\">\u043e\u0447\u043a\u0438 \u0441\u043e\u043b\u043d\u0435\u0447\u043d\u044b\u0435 \u0436\u0435\u043d\u0441\u043a\u0438\u0435 lunettes de soleil lunettes de soleil des femmes de y2k lunettes de soleil des femmes 2023<br \/>\n&nbsp;\u043e\u043a\u0443\u043b\u044f\u0440\u0438 \u0441\u043e\u043d\u0446\u0435\u0437\u0430\u0445\u0438\u0441? femmes lunettes de soleil \u0441\u043e\u043b\u043d\u0446\u0435\u0437\u0430\u0449\u0438\u0442\u043d\u044b\u0435 \u043e\u0447\u043a\u0438 okulary przeciwsloneczne damskie lunettes gafas de sol mujer lunettes femmes gafas de sol lentes de sol mujer femmes lunettes de soleil \u043e\u0447\u043a\u0438 \u0441\u043e\u043b\u043d\u0446\u0435\u0437\u0430\u0449\u0438\u0442\u043d\u044b\u0435 gafas lentes oculos de sol masculino lunette de soleil femme gafas de sol para mujer \u0441\u043e\u043b\u043d\u0435\u0447\u043d\u044b\u0435 \u043e\u0447\u043a\u0438 \u0436\u0435\u043d\u0441\u043a\u0438\u0439 vintage des lunettes de soleil polaris\u00e9es oculos y2k accessoires lentes de sol \u043e\u0447\u043a\u0438 \u0436\u0435\u043d\u0441\u043a\u0438\u0435 \u0421\u043e\u043b\u043d\u0446\u0435\u0437\u0430\u0449\u0438\u0442\u043d\u044b\u0435 \u043e\u0447\u043a\u0438 \u0436\u0435\u043d\u0441\u043a\u0438\u0435 \u0441\u043e\u043b\u043d\u0446\u0435\u0437\u0430\u0449\u0438\u0442\u043d\u044b\u0435 \u043e\u0447\u043a\u0438 \u0436\u0435\u043d\u0441\u043a\u0438\u0435 ???? oculos de sol feminino gafas de sol mujer tendencia 2023<\/span><\/p>\n<p>&nbsp;<\/p>\n<p><span> &nbsp;&nbsp;<kse:widget data-widget-type=\"customText\" id=\"1005000001040821\" type=\"custom\"><\/kse:widget><\/span><\/div>\n<\/div>","protected":false},"excerpt":{"rendered":"<p>Place Of Origin:&nbsp;China (mainland) Model Number:&nbsp;Women&#039;s sunglasses Lens Width:&nbsp;55mm Lens Height:&nbsp;55mm Lenses Material:&nbsp;Acrylic Department Name:&nbsp;ADULT Gender:&nbsp;WOMEN Frame Material:&nbsp;ALLOY Lenses Optical Attribute:&nbsp;Gradient,UV400 Style:&nbsp;Rimless Brand Name:&nbsp;DAY DAY FUN Origin:&nbsp;Mainland China Item Type:&nbsp;EYEWEAR Eyewear Type:&nbsp;Sunglasses Certification:&nbsp;NONE style:&nbsp;Round color:&nbsp;gold black gradient grey red tea Black gold purple blue yellow &nbsp; &nbsp; &nbsp; &nbsp; &nbsp; &nbsp; &nbsp; &nbsp; &nbsp; &nbsp; [&#8230;]","protected":false},"featured_media":7667,"template":"","meta":[],"product_brand":[],"product_cat":[486],"product_tag":[],"class_list":{"0":"post-7666","1":"product","2":"type-product","3":"status-publish","4":"has-post-thumbnail","6":"product_cat-women","8":"first","9":"instock","10":"taxable","11":"shipping-taxable","12":"purchasable","13":"product-type-variable"},"_links":{"self":[{"href":"https:\/\/lunettesoleil.ca\/fr\/wp-json\/wp\/v2\/product\/7666","targetHints":{"allow":["GET"]}}],"collection":[{"href":"https:\/\/lunettesoleil.ca\/fr\/wp-json\/wp\/v2\/product"}],"about":[{"href":"https:\/\/lunettesoleil.ca\/fr\/wp-json\/wp\/v2\/types\/product"}],"wp:featuredmedia":[{"embeddable":true,"href":"https:\/\/lunettesoleil.ca\/fr\/wp-json\/wp\/v2\/media\/7667"}],"wp:attachment":[{"href":"https:\/\/lunettesoleil.ca\/fr\/wp-json\/wp\/v2\/media?parent=7666"}],"wp:term":[{"taxonomy":"product_brand","embeddable":true,"href":"https:\/\/lunettesoleil.ca\/fr\/wp-json\/wp\/v2\/product_brand?post=7666"},{"taxonomy":"product_cat","embeddable":true,"href":"https:\/\/lunettesoleil.ca\/fr\/wp-json\/wp\/v2\/product_cat?post=7666"},{"taxonomy":"product_tag","embeddable":true,"href":"https:\/\/lunettesoleil.ca\/fr\/wp-json\/wp\/v2\/product_tag?post=7666"}],"curies":[{"name":"wp","href":"https:\/\/api.w.org\/{rel}","templated":true}]}}