{"id":7903,"date":"2024-03-31T13:42:26","date_gmt":"2024-03-31T17:42:26","guid":{"rendered":"https:\/\/lunettesoleil.ca\/product\/fashion-cat-eye-sunglasses-women-vintage-luxury-brand-designer-black-sun-glasses-men-classic-trendy-chic-elegant-stylish-shades\/"},"modified":"2024-06-02T21:37:50","modified_gmt":"2024-06-03T01:37:50","slug":"fashion-cat-eye-sunglasses-women-vintage-luxury-brand-designer-black-sun-glasses-men-classic-trendy-chic-elegant-stylish-shades","status":"publish","type":"product","link":"https:\/\/lunettesoleil.ca\/fr\/produit\/fashion-cat-eye-sunglasses-women-vintage-luxury-brand-designer-black-sun-glasses-men-classic-trendy-chic-elegant-stylish-shades\/","title":{"rendered":"Fashion Cat Eye Lunettes De Soleil Femme Vintage De La Marque De Luxe De Concepteur De Noir, Lunettes De Soleil Pour Hommes, Classique, Branch\u00e9, Chic, \u00c9l\u00e9gant, \u00c9l\u00e9gant Nuances"},"content":{"rendered":"<div class=\"product-specs-list-container\">\n<ul class=\"product-specs-list util-clearfix\">\n<li class=\"product-prop line-limit-length\"><span\n\t\t\t\t\t\t\t\t\t\tclass=\"property-title\">Lieu D&#039;Origine:&nbsp;<\/span><span\n\t\t\t\t\t\t\t\t\t\tclass=\"property-desc line-limit-length\">La chine (continentale)<\/span>\n\t\t\t\t\t\t\t<\/li>\n<li class=\"product-prop line-limit-length\"><span\n\t\t\t\t\t\t\t\t\t\tclass=\"property-title\">Num\u00e9ro De Mod\u00e8le:&nbsp;<\/span><span\n\t\t\t\t\t\t\t\t\t\tclass=\"property-desc line-limit-length\">j9-83087<\/span>\n\t\t\t\t\t\t\t<\/li>\n<li class=\"product-prop line-limit-length\"><span\n\t\t\t\t\t\t\t\t\t\tclass=\"property-title\">Largeur Du Verre:&nbsp;<\/span><span\n\t\t\t\t\t\t\t\t\t\tclass=\"property-desc line-limit-length\">48mm_j9<\/span>\n\t\t\t\t\t\t\t<\/li>\n<li class=\"product-prop line-limit-length\"><span\n\t\t\t\t\t\t\t\t\t\tclass=\"property-title\">La Hauteur De L&#039;Objectif:&nbsp;<\/span><span\n\t\t\t\t\t\t\t\t\t\tclass=\"property-desc line-limit-length\">48mm_j9<\/span>\n\t\t\t\t\t\t\t<\/li>\n<li class=\"product-prop line-limit-length\"><span\n\t\t\t\t\t\t\t\t\t\tclass=\"property-title\">Mat\u00e9riel De Lentilles:&nbsp;<\/span><span\n\t\t\t\t\t\t\t\t\t\tclass=\"property-desc line-limit-length\">Polycarbonate<\/span>\n\t\t\t\t\t\t\t<\/li>\n<li class=\"product-prop line-limit-length\"><span\n\t\t\t\t\t\t\t\t\t\tclass=\"property-title\">Nom Du D\u00e9partement:&nbsp;<\/span><span\n\t\t\t\t\t\t\t\t\t\tclass=\"property-desc line-limit-length\">ADULTE<\/span>\n\t\t\t\t\t\t\t<\/li>\n<li class=\"product-prop line-limit-length\"><span\n\t\t\t\t\t\t\t\t\t\tclass=\"property-title\">Genre:&nbsp;<\/span><span\n\t\t\t\t\t\t\t\t\t\tclass=\"property-desc line-limit-length\">Les FEMMES<\/span>\n\t\t\t\t\t\t\t<\/li>\n<li class=\"product-prop line-limit-length\"><span\n\t\t\t\t\t\t\t\t\t\tclass=\"property-title\">Mat\u00e9riau Du Cadre:&nbsp;<\/span><span\n\t\t\t\t\t\t\t\t\t\tclass=\"property-desc line-limit-length\">Polycarbonate<\/span>\n\t\t\t\t\t\t\t<\/li>\n<li class=\"product-prop line-limit-length\"><span\n\t\t\t\t\t\t\t\t\t\tclass=\"property-title\">Lentilles Optiques Attribut:&nbsp;<\/span><span\n\t\t\t\t\t\t\t\t\t\tclass=\"property-desc line-limit-length\">UV400<\/span>\n\t\t\t\t\t\t\t<\/li>\n<li class=\"product-prop line-limit-length\"><span\n\t\t\t\t\t\t\t\t\t\tclass=\"property-title\">Style:&nbsp;<\/span><span\n\t\t\t\t\t\t\t\t\t\tclass=\"property-desc line-limit-length\">CARR\u00c9<\/span>\n\t\t\t\t\t\t\t<\/li>\n<li class=\"product-prop line-limit-length\"><span\n\t\t\t\t\t\t\t\t\t\tclass=\"property-title\">Nom De Marque:&nbsp;<\/span><span\n\t\t\t\t\t\t\t\t\t\tclass=\"property-desc line-limit-length\">DE VUE DU RATON LAVEUR LUNETTES DE SOLEIL<\/span>\n\t\t\t\t\t\t\t<\/li>\n<li class=\"product-prop line-limit-length\"><span\n\t\t\t\t\t\t\t\t\t\tclass=\"property-title\">Origine:&nbsp;<\/span><span\n\t\t\t\t\t\t\t\t\t\tclass=\"property-desc line-limit-length\">La Partie Continentale De La Chine<\/span>\n\t\t\t\t\t\t\t<\/li>\n<li class=\"product-prop line-limit-length\"><span\n\t\t\t\t\t\t\t\t\t\tclass=\"property-title\">Type D&#039;\u00c9l\u00e9ment:&nbsp;<\/span><span\n\t\t\t\t\t\t\t\t\t\tclass=\"property-desc line-limit-length\">LUNETTES<\/span>\n\t\t\t\t\t\t\t<\/li>\n<li class=\"product-prop line-limit-length\"><span\n\t\t\t\t\t\t\t\t\t\tclass=\"property-title\">Lunettes Type:&nbsp;<\/span><span\n\t\t\t\t\t\t\t\t\t\tclass=\"property-desc line-limit-length\">Lunettes de soleil<\/span>\n\t\t\t\t\t\t\t<\/li>\n<li class=\"product-prop line-limit-length\"><span\n\t\t\t\t\t\t\t\t\t\tclass=\"property-title\">Certification:&nbsp;<\/span><span\n\t\t\t\t\t\t\t\t\t\tclass=\"property-desc line-limit-length\">aucun<\/span>\n\t\t\t\t\t\t\t<\/li>\n<li class=\"product-prop line-limit-length\"><span\n\t\t\t\t\t\t\t\t\t\tclass=\"property-title\">Port\u00e9e d&#039;utilisation:&nbsp;<\/span><span\n\t\t\t\t\t\t\t\t\t\tclass=\"property-desc line-limit-length\">De Conduite,De La P\u00eache,Shopping,Sport,Partie<\/span>\n\t\t\t\t\t\t\t<\/li>\n<li class=\"product-prop line-limit-length\"><span\n\t\t\t\t\t\t\t\t\t\tclass=\"property-title\">Adapt\u00e9 pour la forme du visage:&nbsp;<\/span><span\n\t\t\t\t\t\t\t\t\t\tclass=\"property-desc line-limit-length\">Visage rond,visage Ovale,Carr\u00e9 de face,le visage Long<\/span>\n\t\t\t\t\t\t\t<\/li>\n<li class=\"product-prop line-limit-length\"><span\n\t\t\t\t\t\t\t\t\t\tclass=\"property-title\">Dropshipping:&nbsp;<\/span><span\n\t\t\t\t\t\t\t\t\t\tclass=\"property-desc line-limit-length\">Disponible<\/span>\n\t\t\t\t\t\t\t<\/li>\n<li class=\"product-prop line-limit-length\"><span\n\t\t\t\t\t\t\t\t\t\tclass=\"property-title\">En gros:&nbsp;<\/span><span\n\t\t\t\t\t\t\t\t\t\tclass=\"property-desc line-limit-length\">Soutien<\/span>\n\t\t\t\t\t\t\t<\/li>\n<\/ul><\/div>\n<div class=\"detailmodule_html\">\n<div class=\"detail-desc-decorate-richtext\">\n<div class=\"detailmodule_dynamic\">\n <kse:widget data-widget-type=\"customText\" id=\"1005000000680462\" type=\"custom\"><\/kse:widget>\n<\/div>\n<div>\n <strong>Fashion Cat Eye Lunettes De Soleil Femme Vintage De La Marque De Luxe De Concepteur De Noir, Lunettes De Soleil Pour Hommes, Classique, Branch\u00e9, Chic, \u00c9l\u00e9gant, \u00c9l\u00e9gant Nuances<\/strong>\n<\/div>\n<p style=\"text-align:center;margin:0px;margin-bottom:0px;margin-top:0px;margin-left:0px;margin-right:0px\" align=\"center\"><img decoding=\"async\" src=\"https:\/\/ae01.alicdn.com\/kf\/Sbd3631bd865a42bca8a3efe672390f8a0.jpg\" slate-data-type=\"image\" \/><img decoding=\"async\" src=\"https:\/\/ae01.alicdn.com\/kf\/Sd32fa6a8c95b4206a03b1c980c488a17w.jpg\" slate-data-type=\"image\" \/><img decoding=\"async\" src=\"https:\/\/ae01.alicdn.com\/kf\/Sdfb744f7c74c4d05875ee15ae7eb2d1fY.jpg\" slate-data-type=\"image\" \/><img decoding=\"async\" src=\"https:\/\/ae01.alicdn.com\/kf\/S47d1f3fa45134b8ba72cb38dc65321ccP.jpg\" slate-data-type=\"image\" \/><img decoding=\"async\" src=\"https:\/\/ae01.alicdn.com\/kf\/S6681ffa897e149aaa5ea46aa396af801H.jpg\" slate-data-type=\"image\" \/><img decoding=\"async\" src=\"https:\/\/ae01.alicdn.com\/kf\/Sa133f945bcf349d2b8811554d4feb9a5w.jpg\" slate-data-type=\"image\" \/><img decoding=\"async\" src=\"https:\/\/ae01.alicdn.com\/kf\/S82f0a6d6d60347fa8e03adc15b683345A.jpg\" slate-data-type=\"image\" \/><img decoding=\"async\" src=\"https:\/\/ae01.alicdn.com\/kf\/Sfeebee0e9fb146bdb8698c79e6d31983e.jpg\" slate-data-type=\"image\" \/><img decoding=\"async\" src=\"https:\/\/ae01.alicdn.com\/kf\/S937aa054d5014317b2aad2f297636d3er.jpg\" slate-data-type=\"image\" \/><img decoding=\"async\" src=\"https:\/\/ae01.alicdn.com\/kf\/S920fb7cfb113437481858a322ea7f497f.jpg\" slate-data-type=\"image\" \/><img decoding=\"async\" src=\"https:\/\/ae01.alicdn.com\/kf\/Scc85f23023ca4675a836a51db8e700dch.jpg\" slate-data-type=\"image\" \/><img decoding=\"async\" src=\"https:\/\/ae01.alicdn.com\/kf\/Se41343ce63d4411882b31dd0c39e870bB.jpg\" slate-data-type=\"image\" \/><img decoding=\"async\" src=\"https:\/\/ae01.alicdn.com\/kf\/Sb7a57e2d08ed440b8a9468dc70abf7d1P.jpg\" slate-data-type=\"image\" \/><img decoding=\"async\" src=\"https:\/\/ae01.alicdn.com\/kf\/Sfed38ae85c924faf852f4dfa907993d2c.jpg\" slate-data-type=\"image\" \/><img decoding=\"async\" src=\"https:\/\/ae01.alicdn.com\/kf\/S9336d003f24746e5b499fb3f561e3ec4S.jpg\" slate-data-type=\"image\" \/><img decoding=\"async\" src=\"https:\/\/ae01.alicdn.com\/kf\/Sb7f630f8be174252b1d9f949a9d12823S.jpg\" slate-data-type=\"image\" \/><img decoding=\"async\" src=\"https:\/\/ae01.alicdn.com\/kf\/S99c3e2dd3c5141fca978823012b037f90.jpg\" slate-data-type=\"image\" \/><img decoding=\"async\" src=\"https:\/\/ae01.alicdn.com\/kf\/S68c08c64d6be4eaf843f5a2ba4392b1e2.jpg\" slate-data-type=\"image\" \/><img decoding=\"async\" src=\"https:\/\/ae01.alicdn.com\/kf\/S71c6185939a248398ea81ba5f51488076.jpg\" slate-data-type=\"image\" \/><img decoding=\"async\" src=\"https:\/\/ae01.alicdn.com\/kf\/Sd60443d1eecc41c2b3685537f928b2d4n.jpg\" slate-data-type=\"image\" \/><img decoding=\"async\" src=\"https:\/\/ae01.alicdn.com\/kf\/Sccbcdace531c4a4b9e45f8c154683150L.jpg\" slate-data-type=\"image\" \/><img decoding=\"async\" src=\"https:\/\/ae01.alicdn.com\/kf\/Sf8755176cccb48beb34d753f3b3b7209y.jpg\" slate-data-type=\"image\" \/><img decoding=\"async\" src=\"https:\/\/ae01.alicdn.com\/kf\/Sfcafedd888974b70a524e66caacd7a4c8.jpg\" slate-data-type=\"image\" \/><img decoding=\"async\" src=\"https:\/\/ae01.alicdn.com\/kf\/Sba58d70a94344c1c8fac537aabb3031bm.jpg\" slate-data-type=\"image\" \/><\/p>\n<div class=\"detailmodule_dynamic\">\n <kse:widget data-widget-type=\"customText\" id=\"1005000000680117\" type=\"custom\"><\/kse:widget>\n<\/div>\n<p><\/p>\n<\/div>\n<\/div>","protected":false},"excerpt":{"rendered":"<p>Place Of Origin:&nbsp;China (mainland) Model Number:&nbsp;j9-83087 Lens Width:&nbsp;48mm_j9 Lens Height:&nbsp;48mm_j9 Lenses Material:&nbsp;Polycarbonate Department Name:&nbsp;ADULT Gender:&nbsp;WOMEN Frame Material:&nbsp;Polycarbonate Lenses Optical Attribute:&nbsp;UV400 Style:&nbsp;SQUARE Brand Name:&nbsp;VANTAGE RACCOON SUNGLASSES Origin:&nbsp;Mainland China Item Type:&nbsp;EYEWEAR Eyewear Type:&nbsp;Sunglasses Certification:&nbsp;none Use scope:&nbsp;Driving,Fishing,Shopping,Sports,Party Suitable for face shape:&nbsp;Round face,Oval face,Squared face,Long face Dropshipping:&nbsp;Available Wholesale:&nbsp;Support Fashion Cat Eye Sunglasses Women Vintage Luxury Brand Designer Black Sun [&#8230;]","protected":false},"featured_media":7904,"template":"","meta":[],"product_brand":[],"product_cat":[486],"product_tag":[],"class_list":{"0":"post-7903","1":"product","2":"type-product","3":"status-publish","4":"has-post-thumbnail","6":"product_cat-women","8":"first","9":"instock","10":"taxable","11":"shipping-taxable","12":"purchasable","13":"product-type-variable"},"_links":{"self":[{"href":"https:\/\/lunettesoleil.ca\/fr\/wp-json\/wp\/v2\/product\/7903","targetHints":{"allow":["GET"]}}],"collection":[{"href":"https:\/\/lunettesoleil.ca\/fr\/wp-json\/wp\/v2\/product"}],"about":[{"href":"https:\/\/lunettesoleil.ca\/fr\/wp-json\/wp\/v2\/types\/product"}],"wp:featuredmedia":[{"embeddable":true,"href":"https:\/\/lunettesoleil.ca\/fr\/wp-json\/wp\/v2\/media\/7904"}],"wp:attachment":[{"href":"https:\/\/lunettesoleil.ca\/fr\/wp-json\/wp\/v2\/media?parent=7903"}],"wp:term":[{"taxonomy":"product_brand","embeddable":true,"href":"https:\/\/lunettesoleil.ca\/fr\/wp-json\/wp\/v2\/product_brand?post=7903"},{"taxonomy":"product_cat","embeddable":true,"href":"https:\/\/lunettesoleil.ca\/fr\/wp-json\/wp\/v2\/product_cat?post=7903"},{"taxonomy":"product_tag","embeddable":true,"href":"https:\/\/lunettesoleil.ca\/fr\/wp-json\/wp\/v2\/product_tag?post=7903"}],"curies":[{"name":"wp","href":"https:\/\/api.w.org\/{rel}","templated":true}]}}