{"id":8717,"date":"2024-05-20T14:37:37","date_gmt":"2024-05-20T18:37:37","guid":{"rendered":"https:\/\/lunettesoleil.ca\/product\/simprect-wooden-rectangle-sunglasses-for-men-2023-luxury-brand-designer-uv400-high-quality-fashion-mirror-square-sun-glasses\/"},"modified":"2024-06-09T19:18:35","modified_gmt":"2024-06-09T23:18:35","slug":"simprect-wooden-rectangle-sunglasses-for-men-2024-luxury-brand-designer-uv400-high-quality-fashion-mirror-square-sun-glasses","status":"publish","type":"product","link":"https:\/\/lunettesoleil.ca\/fr\/produit\/simprect-wooden-rectangle-sunglasses-for-men-2024-luxury-brand-designer-uv400-high-quality-fashion-mirror-square-sun-glasses\/","title":{"rendered":"SIMPRECT en Bois Rectangle Lunettes de soleil Pour Hommes 2024 Marque de Luxe de Concepteur UV400 de Mode de Haute Qualit\u00e9 Miroir Carr\u00e9 des Lunettes de Soleil"},"content":{"rendered":"<div class=\"product-specs-list-container\">\n<ul class=\"product-specs-list util-clearfix\">\n<li class=\"product-prop line-limit-length\"><span\n\t\t\t\t\t\t\t\t\t\tclass=\"property-title\">Lieu D&#039;Origine:&nbsp;<\/span><span\n\t\t\t\t\t\t\t\t\t\tclass=\"property-desc line-limit-length\">La chine (continentale)<\/span>\n\t\t\t\t\t\t\t<\/li>\n<li class=\"product-prop line-limit-length\"><span\n\t\t\t\t\t\t\t\t\t\tclass=\"property-title\">Num\u00e9ro De Mod\u00e8le:&nbsp;<\/span><span\n\t\t\t\t\t\t\t\t\t\tclass=\"property-desc line-limit-length\">YJ0537<\/span>\n\t\t\t\t\t\t\t<\/li>\n<li class=\"product-prop line-limit-length\"><span\n\t\t\t\t\t\t\t\t\t\tclass=\"property-title\">Largeur Du Verre:&nbsp;<\/span><span\n\t\t\t\t\t\t\t\t\t\tclass=\"property-desc line-limit-length\">62mm<\/span>\n\t\t\t\t\t\t\t<\/li>\n<li class=\"product-prop line-limit-length\"><span\n\t\t\t\t\t\t\t\t\t\tclass=\"property-title\">La Hauteur De L&#039;Objectif:&nbsp;<\/span><span\n\t\t\t\t\t\t\t\t\t\tclass=\"property-desc line-limit-length\">46mm<\/span>\n\t\t\t\t\t\t\t<\/li>\n<li class=\"product-prop line-limit-length\"><span\n\t\t\t\t\t\t\t\t\t\tclass=\"property-title\">Mat\u00e9riel De Lentilles:&nbsp;<\/span><span\n\t\t\t\t\t\t\t\t\t\tclass=\"property-desc line-limit-length\">Polycarbonate<\/span>\n\t\t\t\t\t\t\t<\/li>\n<li class=\"product-prop line-limit-length\"><span\n\t\t\t\t\t\t\t\t\t\tclass=\"property-title\">Nom Du D\u00e9partement:&nbsp;<\/span><span\n\t\t\t\t\t\t\t\t\t\tclass=\"property-desc line-limit-length\">ADULTE<\/span>\n\t\t\t\t\t\t\t<\/li>\n<li class=\"product-prop line-limit-length\"><span\n\t\t\t\t\t\t\t\t\t\tclass=\"property-title\">Genre:&nbsp;<\/span><span\n\t\t\t\t\t\t\t\t\t\tclass=\"property-desc line-limit-length\">Les HOMMES<\/span>\n\t\t\t\t\t\t\t<\/li>\n<li class=\"product-prop line-limit-length\"><span\n\t\t\t\t\t\t\t\t\t\tclass=\"property-title\">Mat\u00e9riau Du Cadre:&nbsp;<\/span><span\n\t\t\t\t\t\t\t\t\t\tclass=\"property-desc line-limit-length\">Polycarbonate<\/span>\n\t\t\t\t\t\t\t<\/li>\n<li class=\"product-prop line-limit-length\"><span\n\t\t\t\t\t\t\t\t\t\tclass=\"property-title\">Lentilles Optiques Attribut:&nbsp;<\/span><span\n\t\t\t\t\t\t\t\t\t\tclass=\"property-desc line-limit-length\">UV400,MIROIR,Anti-r\u00e9fl\u00e9chissant<\/span>\n\t\t\t\t\t\t\t<\/li>\n<li class=\"product-prop line-limit-length\"><span\n\t\t\t\t\t\t\t\t\t\tclass=\"property-title\">Style:&nbsp;<\/span><span\n\t\t\t\t\t\t\t\t\t\tclass=\"property-desc line-limit-length\">CARR\u00c9<\/span>\n\t\t\t\t\t\t\t<\/li>\n<li class=\"product-prop line-limit-length\"><span\n\t\t\t\t\t\t\t\t\t\tclass=\"property-title\">Nom De Marque:&nbsp;<\/span><span\n\t\t\t\t\t\t\t\t\t\tclass=\"property-desc line-limit-length\">SIMPRECT<\/span>\n\t\t\t\t\t\t\t<\/li>\n<li class=\"product-prop line-limit-length\"><span\n\t\t\t\t\t\t\t\t\t\tclass=\"property-title\">Origine:&nbsp;<\/span><span\n\t\t\t\t\t\t\t\t\t\tclass=\"property-desc line-limit-length\">La Partie Continentale De La Chine<\/span>\n\t\t\t\t\t\t\t<\/li>\n<li class=\"product-prop line-limit-length\"><span\n\t\t\t\t\t\t\t\t\t\tclass=\"property-title\">Type D&#039;\u00c9l\u00e9ment:&nbsp;<\/span><span\n\t\t\t\t\t\t\t\t\t\tclass=\"property-desc line-limit-length\">LUNETTES<\/span>\n\t\t\t\t\t\t\t<\/li>\n<li class=\"product-prop line-limit-length\"><span\n\t\t\t\t\t\t\t\t\t\tclass=\"property-title\">Lunettes Type:&nbsp;<\/span><span\n\t\t\t\t\t\t\t\t\t\tclass=\"property-desc line-limit-length\">Lunettes de soleil<\/span>\n\t\t\t\t\t\t\t<\/li>\n<li class=\"product-prop line-limit-length\"><span\n\t\t\t\t\t\t\t\t\t\tclass=\"property-title\">Certification:&nbsp;<\/span><span\n\t\t\t\t\t\t\t\t\t\tclass=\"property-desc line-limit-length\">CE<\/span>\n\t\t\t\t\t\t\t<\/li>\n<li class=\"product-prop line-limit-length\"><span\n\t\t\t\t\t\t\t\t\t\tclass=\"property-title\">Style 1:&nbsp;<\/span><span\n\t\t\t\t\t\t\t\t\t\tclass=\"property-desc line-limit-length\">lunettes hommes<\/span>\n\t\t\t\t\t\t\t<\/li>\n<li class=\"product-prop line-limit-length\"><span\n\t\t\t\t\t\t\t\t\t\tclass=\"property-title\">Style 2:&nbsp;<\/span><span\n\t\t\t\t\t\t\t\t\t\tclass=\"property-desc line-limit-length\">mens lunettes de soleil<\/span>\n\t\t\t\t\t\t\t<\/li>\n<li class=\"product-prop line-limit-length\"><span\n\t\t\t\t\t\t\t\t\t\tclass=\"property-title\">Style 3:&nbsp;<\/span><span\n\t\t\t\t\t\t\t\t\t\tclass=\"property-desc line-limit-length\">les hommes sunglases<\/span>\n\t\t\t\t\t\t\t<\/li>\n<li class=\"product-prop line-limit-length\"><span\n\t\t\t\t\t\t\t\t\t\tclass=\"property-title\">Style 4:&nbsp;<\/span><span\n\t\t\t\t\t\t\t\t\t\tclass=\"property-desc line-limit-length\">lunettes de soleil hommes<\/span>\n\t\t\t\t\t\t\t<\/li>\n<li class=\"product-prop line-limit-length\"><span\n\t\t\t\t\t\t\t\t\t\tclass=\"property-title\">Style 5:&nbsp;<\/span><span\n\t\t\t\t\t\t\t\t\t\tclass=\"property-desc line-limit-length\">lunettes de soleil de concepteur<\/span>\n\t\t\t\t\t\t\t<\/li>\n<li class=\"product-prop line-limit-length\"><span\n\t\t\t\t\t\t\t\t\t\tclass=\"property-title\">Style 6:&nbsp;<\/span><span\n\t\t\t\t\t\t\t\t\t\tclass=\"property-desc line-limit-length\">hommes lunettes de soleil<\/span>\n\t\t\t\t\t\t\t<\/li>\n<li class=\"product-prop line-limit-length\"><span\n\t\t\t\t\t\t\t\t\t\tclass=\"property-title\">Style 7:&nbsp;<\/span><span\n\t\t\t\t\t\t\t\t\t\tclass=\"property-desc line-limit-length\">soleil verre pour les hommes<\/span>\n\t\t\t\t\t\t\t<\/li>\n<li class=\"product-prop line-limit-length\"><span\n\t\t\t\t\t\t\t\t\t\tclass=\"property-title\">Style 8:&nbsp;<\/span><span\n\t\t\t\t\t\t\t\t\t\tclass=\"property-desc line-limit-length\">lunettes de soleil de marque de luxe<\/span>\n\t\t\t\t\t\t\t<\/li>\n<li class=\"product-prop line-limit-length\"><span\n\t\t\t\t\t\t\t\t\t\tclass=\"property-title\">Style 9:&nbsp;<\/span><span\n\t\t\t\t\t\t\t\t\t\tclass=\"property-desc line-limit-length\">lunettes de soleil de luxe<\/span>\n\t\t\t\t\t\t\t<\/li>\n<li class=\"product-prop line-limit-length\"><span\n\t\t\t\t\t\t\t\t\t\tclass=\"property-title\">Dropshipping:&nbsp;<\/span><span\n\t\t\t\t\t\t\t\t\t\tclass=\"property-desc line-limit-length\">Oui<\/span>\n\t\t\t\t\t\t\t<\/li>\n<\/ul><\/div>\n<div class=\"detailmodule_dynamic\"><kse:widget data-widget-type=\"customText\" id=\"24845671\" type=\"custom\"><\/kse:widget><\/div>\n<p style=\"font-family:&quot;Open Sans&quot;, Roboto, Arial, Helvetica, sans-serif, SimSun;font-size:14px;font-weight:400;letter-spacing:normal;line-height:inherit;text-align:center;white-space:normal;color:rgb(0, 0, 0);background-color:rgb(255, 255, 255);margin:0px;margin-bottom:0px;margin-top:0px;margin-left:0px;margin-right:0px;padding:0px;padding-bottom:0px;padding-top:0px;padding-left:0px;padding-right:0px;box-sizing:border-box\" align=\"center\"><img decoding=\"async\" style=\"text-align:center;border:0px;margin:0px;margin-bottom:0px;margin-top:0px;margin-left:0px;margin-right:0px;padding:0px;padding-bottom:0px;padding-top:0px;padding-left:0px;padding-right:0px;max-width:100%;box-sizing:border-box\" src=\"https:\/\/ae01.alicdn.com\/kf\/H26fd7b30e68c4200a16df2f1c975d56fh.jpg\" slate-data-type=\"image\"\/><\/p>\n<div class=\"detailmodule_image\"><img decoding=\"async\" class=\"detail-desc-decorate-image\" src=\"https:\/\/ae01.alicdn.com\/kf\/H685a66dfb36f4553894b085db5f4ed01r.jpg\" slate-data-type=\"image\"\/><img decoding=\"async\" class=\"detail-desc-decorate-image\" src=\"https:\/\/ae01.alicdn.com\/kf\/H299c3b55250d43b09246dba6fdf190f8w.jpg\" slate-data-type=\"image\"\/><img decoding=\"async\" class=\"detail-desc-decorate-image\" src=\"https:\/\/ae01.alicdn.com\/kf\/H5457ca34f1284e3093d994d6f7e4c7dfL.jpg\" slate-data-type=\"image\"\/><img decoding=\"async\" class=\"detail-desc-decorate-image\" src=\"https:\/\/ae01.alicdn.com\/kf\/Hf02e29e2b2144660b36c6adb14991c62w.jpg\" slate-data-type=\"image\"\/><img decoding=\"async\" class=\"detail-desc-decorate-image\" src=\"https:\/\/ae01.alicdn.com\/kf\/Ha802baaf9f154628ae17061af2d9f40dN.jpg\" slate-data-type=\"image\"\/><img decoding=\"async\" class=\"detail-desc-decorate-image\" src=\"https:\/\/ae01.alicdn.com\/kf\/H74614dd3ebf94198954f04bb68c1490e1.jpg\" slate-data-type=\"image\"\/><img decoding=\"async\" class=\"detail-desc-decorate-image\" src=\"https:\/\/ae01.alicdn.com\/kf\/Hf2d5445aafdb47f6bd722e74fec8dd7bi.jpg\" slate-data-type=\"image\"\/><img decoding=\"async\" class=\"detail-desc-decorate-image\" src=\"https:\/\/ae01.alicdn.com\/kf\/Haf31dfe61b1e45d2ab4f77e35c0fceb30.jpg\" slate-data-type=\"image\"\/><img decoding=\"async\" class=\"detail-desc-decorate-image\" src=\"https:\/\/ae01.alicdn.com\/kf\/H6ac25f89bcf149c59043ad6d0ca828ebN.jpg\" slate-data-type=\"image\"\/><img decoding=\"async\" class=\"detail-desc-decorate-image\" src=\"https:\/\/ae01.alicdn.com\/kf\/Hde476b0d62804afeb25ef83ed9de6fd4y.jpg\" slate-data-type=\"image\"\/><img decoding=\"async\" class=\"detail-desc-decorate-image\" src=\"https:\/\/ae01.alicdn.com\/kf\/H2dbede8bb0e94879a9ddbc323b3bdba0V.jpg\" slate-data-type=\"image\"\/><img decoding=\"async\" class=\"detail-desc-decorate-image\" src=\"https:\/\/ae01.alicdn.com\/kf\/Hd4a632d0f4d14953a16c5409eb84189cr.jpg\" slate-data-type=\"image\"\/><img decoding=\"async\" class=\"detail-desc-decorate-image\" src=\"https:\/\/ae01.alicdn.com\/kf\/Ha43d39da648047e4b9d90a33be3f785fl.jpg\" slate-data-type=\"image\"\/><img decoding=\"async\" class=\"detail-desc-decorate-image\" src=\"https:\/\/ae01.alicdn.com\/kf\/H56bbb6b0ae2149d08c778b9080165ddcG.jpg\" slate-data-type=\"image\"\/><img decoding=\"async\" class=\"detail-desc-decorate-image\" src=\"https:\/\/ae01.alicdn.com\/kf\/Hf3d2ca66d13c4846bde5dae76fce31daT.jpg\" slate-data-type=\"image\"\/><\/div>\n<div class=\"detailmodule_html\">\n<div class=\"detail-desc-decorate-richtext\">\n<p><img decoding=\"async\" src=\"https:\/\/ae01.alicdn.com\/kf\/HTB1HP.NGuuSBuNjSsziq6zq8pXa2.jpg\" slate-data-type=\"image\"\/><\/p>\n<div><\/div>\n<p><img decoding=\"async\" src=\"https:\/\/ae01.alicdn.com\/kf\/HTB1gpb_lTmWBKNjSZFBq6xxUFXal.jpg\" slate-data-type=\"image\"\/><img decoding=\"async\" src=\"https:\/\/ae01.alicdn.com\/kf\/HTB1c02YlOMnBKNjSZFzq6A_qVXay.jpg\" slate-data-type=\"image\"\/><\/p>\n<div><\/div>\n<div><span style=\"font-size:16px\">1) Nous acceptons diff\u00e9rents types de paiement. Ci-dessus sont la principale m\u00e9thode de paiement,vous pouvez avoir un coup d&#039;oeil.\u00a0<\/span><\/div>\n<div>\u00a0<\/div>\n<div>\u00a0<\/div>\n<div><span style=\"font-size:16px\">2) Aliepxress permettra de v\u00e9rifier votre paiement dans les 24 heures .<\/span><\/div>\n<div>\u00a0<\/div>\n<div>\u00a0<\/div>\n<div><span style=\"font-size:16px\">3) Toutes les commandes seront trait\u00e9es dans les 2-3 jours ouvrables une fois passer de paiement.<\/span><\/div>\n<div>\u00a0<\/div>\n<div><\/div>\n<p><img decoding=\"async\" src=\"https:\/\/ae01.alicdn.com\/kf\/HTB1ZtaedlcXBuNjt_Xoq6xIwFXaz.jpg\" slate-data-type=\"image\"\/><\/p>\n<div>\u00a0<\/div>\n<div><span style=\"font-size:16px\">1) Normalement, nous offrons la livraison gratuite par China Post . Ici nous allons faire une refernce heure d&#039;arriv\u00e9e pour votre r\u00e9f\u00e9rence ,<\/span><\/div>\n<div>\u00a0<\/div>\n<div><span style=\"font-size:16px\">\u00a0 \u00a0 s&#039;il vous pla\u00eet avoir un coup d&#039;oeil avant de faire la commande.<\/span><\/div>\n<div>\u00a0<\/div>\n<div>\u00a0<\/div>\n<div><span style=\"font-size:16px\">2) Pour le commerce de Gros acheteur ,si le montant de votre commande rencontrer $200-$300, nous offrons la livraison gratuite en express par Fedex,<\/span><\/div>\n<div>\u00a0<\/div>\n<div><span style=\"font-size:16px\">\u00a0 \u00a0 DHL, EMS, Aramex . Le actural d\u00e9tails s&#039;il vous pla\u00eet contact avec nous diretly.<\/span><\/div>\n<div>\u00a0<\/div>\n<div>\u00a0<\/div>\n<div><span style=\"font-size:16px\">3) Tous les acheteurs ont le devoir de payer d&#039;autres taxes \u00e0 l&#039;importation. Veuillez noter quand mettre de l&#039;ordre.<\/span><\/div>\n<div><\/div>\n<p><img decoding=\"async\" src=\"https:\/\/ae01.alicdn.com\/kf\/HTB1dvNLlRnTBKNjSZPfq6zf1XXa2.jpg\" slate-data-type=\"image\"\/><img decoding=\"async\" src=\"https:\/\/ae01.alicdn.com\/kf\/HTB1_0HTlHZnBKNjSZFhq6A.oXXaW.jpg\" slate-data-type=\"image\"\/><\/p>\n<div><\/div>\n<div><span style=\"font-size:16px\">1) Si vous n&#039;aimez pas l&#039;article que vous avez achet\u00e9, veuillez payer les frais de transport de fret et de nous le retourner dans les 10 jours.<\/span><\/div>\n<div>\u00a0<\/div>\n<div><span style=\"font-size:16px\">\u00a0 \u00a0 Nous vous rembourserons l&#039;argent une fois le recevoir. Veuillez conserver l&#039;emballage ne seront pas effectuer notre deuxi\u00e8me vente.<\/span><\/div>\n<div>\u00a0<\/div>\n<div>\u00a0<\/div>\n<div>\u00a0<\/div>\n<div><span style=\"font-size:16px\">2) Vos commentaires Positifs sont la cl\u00e9 de la r\u00e9ussite de notre entreprise. Nous vous prions de bien pourrait prendre une seconde pour<\/span><\/div>\n<div>\u00a0<\/div>\n<div><span style=\"font-size:16px\">\u00a0 \u00a0 nous laisser la r\u00e9troaction positive avec un ensemble D\u00e9taill\u00e9 de Vente de Notation (DSR) de 5. Nous vous remercions \u00e0 l&#039;avance<\/span><\/div>\n<div>\u00a0<\/div>\n<div><span style=\"font-size:16px\">\u00a0 \u00a0 pour votre temps et esp\u00e9rons sinc\u00e8rement que vous \u00eates satisfait avec votre achat, notre service.<\/span><\/div>\n<div>\u00a0<\/div>\n<div>\u00a0<\/div>\n<div>\u00a0<\/div>\n<div><span style=\"font-size:16px\">3) si vous n&#039;\u00eates pas satisfait de votre transaction: Veuillez nous contacter imm\u00e9diatement avant de quitter le Neutre\u00a0<\/span><\/div>\n<div>\u00a0<\/div>\n<div><span style=\"font-size:16px\">\u00a0 \u00a0 \u00a0ou r\u00e9troaction N\u00e9gative que nous ferons de notre mieux pour r\u00e9soudre le probl\u00e8me \u00e0 votre satisfaction. Ouvert litige est<\/span><\/div>\n<div>\u00a0<\/div>\n<div><span style=\"font-size:16px\">\u00a0 \u00a0 \u00a0pas la meilleure fa\u00e7on de traiter ce probl\u00e8me.<\/span><\/div>\n<div>\u00a0<\/div>\n<div>\u00a0<\/div>\n<div><span style=\"font-size:16px\">4) la Communication est souvent la cl\u00e9 pour r\u00e9soudre les probl\u00e8mes.\u00a0<\/span><\/div>\n<div><\/div>\n<p><img decoding=\"async\" src=\"https:\/\/ae01.alicdn.com\/kf\/HTB13BtZXzrguuRjy0Feq6xcbFXam.jpg\" slate-data-type=\"image\"\/><\/p>\n<div>&amp;n<\/div>\n<\/div>\n<\/div>\n<div class=\"detailmodule_dynamic\"><kse:widget data-widget-type=\"customText\" id=\"24845671\" type=\"custom\"><\/kse:widget><\/div>\n<p><\/p>","protected":false},"excerpt":{"rendered":"<p>Place Of Origin:&nbsp;China (mainland) Model Number:&nbsp;YJ0537 Lens Width:&nbsp;62mm Lens Height:&nbsp;46mm Lenses Material:&nbsp;Polycarbonate Department Name:&nbsp;ADULT Gender:&nbsp;MEN Frame Material:&nbsp;Polycarbonate Lenses Optical Attribute:&nbsp;UV400,MIRROR,Anti-reflective Style:&nbsp;SQUARE Brand Name:&nbsp;SIMPRECT Origin:&nbsp;Mainland China Item Type:&nbsp;EYEWEAR Eyewear Type:&nbsp;Sunglasses Certification:&nbsp;CE Style 1:&nbsp;glasses men Style 2:&nbsp;mens sunglasses Style 3:&nbsp;men sunglases Style 4:&nbsp;sunglasses men Style 5:&nbsp;designer sunglasses Style 6:&nbsp;men sunglasses Style 7:&nbsp;sun glass for men Style 8:&nbsp;sunglasses [&#8230;]","protected":false},"featured_media":8718,"template":"","meta":[],"product_brand":[],"product_cat":[485],"product_tag":[],"class_list":{"0":"post-8717","1":"product","2":"type-product","3":"status-publish","4":"has-post-thumbnail","6":"product_cat-men","8":"first","9":"instock","10":"taxable","11":"shipping-taxable","12":"purchasable","13":"product-type-variable"},"_links":{"self":[{"href":"https:\/\/lunettesoleil.ca\/fr\/wp-json\/wp\/v2\/product\/8717","targetHints":{"allow":["GET"]}}],"collection":[{"href":"https:\/\/lunettesoleil.ca\/fr\/wp-json\/wp\/v2\/product"}],"about":[{"href":"https:\/\/lunettesoleil.ca\/fr\/wp-json\/wp\/v2\/types\/product"}],"wp:featuredmedia":[{"embeddable":true,"href":"https:\/\/lunettesoleil.ca\/fr\/wp-json\/wp\/v2\/media\/8718"}],"wp:attachment":[{"href":"https:\/\/lunettesoleil.ca\/fr\/wp-json\/wp\/v2\/media?parent=8717"}],"wp:term":[{"taxonomy":"product_brand","embeddable":true,"href":"https:\/\/lunettesoleil.ca\/fr\/wp-json\/wp\/v2\/product_brand?post=8717"},{"taxonomy":"product_cat","embeddable":true,"href":"https:\/\/lunettesoleil.ca\/fr\/wp-json\/wp\/v2\/product_cat?post=8717"},{"taxonomy":"product_tag","embeddable":true,"href":"https:\/\/lunettesoleil.ca\/fr\/wp-json\/wp\/v2\/product_tag?post=8717"}],"curies":[{"name":"wp","href":"https:\/\/api.w.org\/{rel}","templated":true}]}}