{"id":8856,"date":"2024-05-20T14:41:28","date_gmt":"2024-05-20T18:41:28","guid":{"rendered":"https:\/\/lunettesoleil.ca\/product\/fashion-elegant-cat-eye-sunglasses-for-women-new-vintage-style-black-white-sun-glasses-female-gradient-shades-gafas-de-sol\/"},"modified":"2024-06-09T19:17:45","modified_gmt":"2024-06-09T23:17:45","slug":"fashion-elegant-cat-eye-sunglasses-for-women-new-vintage-style-black-white-sun-glasses-female-gradient-shades-gafas-de-sol","status":"publish","type":"product","link":"https:\/\/lunettesoleil.ca\/fr\/produit\/fashion-elegant-cat-eye-sunglasses-for-women-new-vintage-style-black-white-sun-glasses-female-gradient-shades-gafas-de-sol\/","title":{"rendered":"La Mode \u00c9l\u00e9gante Cat Eye Lunettes De Soleil Pour Les Femmes, Nouveau Style Vintage Noir Blanc Lunettes De Soleil Femme D\u00e9grad\u00e9 De Nuances Gafas De Sol"},"content":{"rendered":"<div class=\"product-specs-list-container\">\n<ul class=\"product-specs-list util-clearfix\">\n<li class=\"product-prop line-limit-length\"><span\n\t\t\t\t\t\t\t\t\t\tclass=\"property-title\">Lieu D&#039;Origine:&nbsp;<\/span><span\n\t\t\t\t\t\t\t\t\t\tclass=\"property-desc line-limit-length\">La chine (continentale)<\/span>\n\t\t\t\t\t\t\t<\/li>\n<li class=\"product-prop line-limit-length\"><span\n\t\t\t\t\t\t\t\t\t\tclass=\"property-title\">Num\u00e9ro De Mod\u00e8le:&nbsp;<\/span><span\n\t\t\t\t\t\t\t\t\t\tclass=\"property-desc line-limit-length\">2194<\/span>\n\t\t\t\t\t\t\t<\/li>\n<li class=\"product-prop line-limit-length\"><span\n\t\t\t\t\t\t\t\t\t\tclass=\"property-title\">Largeur Du Verre:&nbsp;<\/span><span\n\t\t\t\t\t\t\t\t\t\tclass=\"property-desc line-limit-length\">53mm<\/span>\n\t\t\t\t\t\t\t<\/li>\n<li class=\"product-prop line-limit-length\"><span\n\t\t\t\t\t\t\t\t\t\tclass=\"property-title\">La Hauteur De L&#039;Objectif:&nbsp;<\/span><span\n\t\t\t\t\t\t\t\t\t\tclass=\"property-desc line-limit-length\">46mm<\/span>\n\t\t\t\t\t\t\t<\/li>\n<li class=\"product-prop line-limit-length\"><span\n\t\t\t\t\t\t\t\t\t\tclass=\"property-title\">Mat\u00e9riel De Lentilles:&nbsp;<\/span><span\n\t\t\t\t\t\t\t\t\t\tclass=\"property-desc line-limit-length\">Polycarbonate<\/span>\n\t\t\t\t\t\t\t<\/li>\n<li class=\"product-prop line-limit-length\"><span\n\t\t\t\t\t\t\t\t\t\tclass=\"property-title\">Nom Du D\u00e9partement:&nbsp;<\/span><span\n\t\t\t\t\t\t\t\t\t\tclass=\"property-desc line-limit-length\">ADULTE<\/span>\n\t\t\t\t\t\t\t<\/li>\n<li class=\"product-prop line-limit-length\"><span\n\t\t\t\t\t\t\t\t\t\tclass=\"property-title\">Genre:&nbsp;<\/span><span\n\t\t\t\t\t\t\t\t\t\tclass=\"property-desc line-limit-length\">Les FEMMES<\/span>\n\t\t\t\t\t\t\t<\/li>\n<li class=\"product-prop line-limit-length\"><span\n\t\t\t\t\t\t\t\t\t\tclass=\"property-title\">Mat\u00e9riau Du Cadre:&nbsp;<\/span><span\n\t\t\t\t\t\t\t\t\t\tclass=\"property-desc line-limit-length\">Polycarbonate<\/span>\n\t\t\t\t\t\t\t<\/li>\n<li class=\"product-prop line-limit-length\"><span\n\t\t\t\t\t\t\t\t\t\tclass=\"property-title\">Lentilles Optiques Attribut:&nbsp;<\/span><span\n\t\t\t\t\t\t\t\t\t\tclass=\"property-desc line-limit-length\">D\u00e9grad\u00e9,Photochromiques,UV400<\/span>\n\t\t\t\t\t\t\t<\/li>\n<li class=\"product-prop line-limit-length\"><span\n\t\t\t\t\t\t\t\t\t\tclass=\"property-title\">Style:&nbsp;<\/span><span\n\t\t\t\t\t\t\t\t\t\tclass=\"property-desc line-limit-length\">CARR\u00c9<\/span>\n\t\t\t\t\t\t\t<\/li>\n<li class=\"product-prop line-limit-length\"><span\n\t\t\t\t\t\t\t\t\t\tclass=\"property-title\">Nom De Marque:&nbsp;<\/span><span\n\t\t\t\t\t\t\t\t\t\tclass=\"property-desc line-limit-length\">MEIHOU<\/span>\n\t\t\t\t\t\t\t<\/li>\n<li class=\"product-prop line-limit-length\"><span\n\t\t\t\t\t\t\t\t\t\tclass=\"property-title\">Origine:&nbsp;<\/span><span\n\t\t\t\t\t\t\t\t\t\tclass=\"property-desc line-limit-length\">La Partie Continentale De La Chine<\/span>\n\t\t\t\t\t\t\t<\/li>\n<li class=\"product-prop line-limit-length\"><span\n\t\t\t\t\t\t\t\t\t\tclass=\"property-title\">Type D&#039;\u00c9l\u00e9ment:&nbsp;<\/span><span\n\t\t\t\t\t\t\t\t\t\tclass=\"property-desc line-limit-length\">LUNETTES<\/span>\n\t\t\t\t\t\t\t<\/li>\n<li class=\"product-prop line-limit-length\"><span\n\t\t\t\t\t\t\t\t\t\tclass=\"property-title\">Lunettes Type:&nbsp;<\/span><span\n\t\t\t\t\t\t\t\t\t\tclass=\"property-desc line-limit-length\">Lunettes de soleil<\/span>\n\t\t\t\t\t\t\t<\/li>\n<li class=\"product-prop line-limit-length\"><span\n\t\t\t\t\t\t\t\t\t\tclass=\"property-title\">Certification:&nbsp;<\/span><span\n\t\t\t\t\t\t\t\t\t\tclass=\"property-desc line-limit-length\">CE<\/span>\n\t\t\t\t\t\t\t<\/li>\n<\/ul><\/div>\n<div class=\"detailmodule_image\"><img decoding=\"async\" class=\"detail-desc-decorate-image\" src=\"https:\/\/ae01.alicdn.com\/kf\/S6f3f9f49410945c3a1e012aac3c9c58el.jpg\" slate-data-type=\"image\"\/><img decoding=\"async\" class=\"detail-desc-decorate-image\" src=\"https:\/\/ae01.alicdn.com\/kf\/S1adb18fdb1624506b4fb572a65f99e21J.jpg\" slate-data-type=\"image\"\/><img decoding=\"async\" class=\"detail-desc-decorate-image\" src=\"https:\/\/ae01.alicdn.com\/kf\/Sa043b41018854b54b7fa7bd9aacde43bs.jpg\" slate-data-type=\"image\"\/><img decoding=\"async\" class=\"detail-desc-decorate-image\" src=\"https:\/\/ae01.alicdn.com\/kf\/S72dc013f79d5430ab1496b666f80ec41N.jpg\" slate-data-type=\"image\"\/><img decoding=\"async\" class=\"detail-desc-decorate-image\" src=\"https:\/\/ae01.alicdn.com\/kf\/S4f76544e04c54f0b89236d6313544032V.jpg\" slate-data-type=\"image\"\/><img decoding=\"async\" class=\"detail-desc-decorate-image\" src=\"https:\/\/ae01.alicdn.com\/kf\/S5456b7af4ba3450b8dbe7bc0ba9d5dcdD.jpg\" slate-data-type=\"image\"\/><img decoding=\"async\" class=\"detail-desc-decorate-image\" src=\"https:\/\/ae01.alicdn.com\/kf\/S339eb7cb8d694c758111fb29eca2cc4dT.jpg\" slate-data-type=\"image\"\/><img decoding=\"async\" class=\"detail-desc-decorate-image\" src=\"https:\/\/ae01.alicdn.com\/kf\/S173108fefac14679a66184e2a5c010a7s.jpg\" slate-data-type=\"image\"\/><img decoding=\"async\" class=\"detail-desc-decorate-image\" src=\"https:\/\/ae01.alicdn.com\/kf\/Sffb71d9b34fe485c98ad16da7b82443aD.jpg\" slate-data-type=\"image\"\/><img decoding=\"async\" class=\"detail-desc-decorate-image\" src=\"https:\/\/ae01.alicdn.com\/kf\/S2379d06de6c14251823c93b1a6802042I.jpg\" slate-data-type=\"image\"\/><\/div>\n<div class=\"detailmodule_image\"><img decoding=\"async\" class=\"detail-desc-decorate-image\" src=\"https:\/\/ae01.alicdn.com\/kf\/S320249857b9b44d7a40fd79584536768G.jpg\" slate-data-type=\"image\"\/><img decoding=\"async\" class=\"detail-desc-decorate-image\" src=\"https:\/\/ae01.alicdn.com\/kf\/Sbfa4a87a214b451eafb6348c2012796be.jpg\" slate-data-type=\"image\"\/><img decoding=\"async\" class=\"detail-desc-decorate-image\" src=\"https:\/\/ae01.alicdn.com\/kf\/Scd1569dfef614af4b8ce191499fb83a1G.jpg\" slate-data-type=\"image\"\/><img decoding=\"async\" class=\"detail-desc-decorate-image\" src=\"https:\/\/ae01.alicdn.com\/kf\/S4d2045aa15744cd099aa37b027da69f9A.jpg\" slate-data-type=\"image\"\/><img decoding=\"async\" class=\"detail-desc-decorate-image\" src=\"https:\/\/ae01.alicdn.com\/kf\/S6a2fe1e8bdcf422fbeb26319506f4b31L.jpg\" slate-data-type=\"image\"\/><img decoding=\"async\" class=\"detail-desc-decorate-image\" src=\"https:\/\/ae01.alicdn.com\/kf\/Se3de1e101377447da366052882bd6ca8L.jpg\" slate-data-type=\"image\"\/><img decoding=\"async\" class=\"detail-desc-decorate-image\" src=\"https:\/\/ae01.alicdn.com\/kf\/S0c41d8572b7e4d67a538755b6cb0a019M.jpg\" slate-data-type=\"image\"\/><img decoding=\"async\" class=\"detail-desc-decorate-image\" src=\"https:\/\/ae01.alicdn.com\/kf\/Sc560ff48faa24dc4947bd4b24d89512fk.jpg\" slate-data-type=\"image\"\/><img decoding=\"async\" class=\"detail-desc-decorate-image\" src=\"https:\/\/ae01.alicdn.com\/kf\/S1be777f0360c4bc2bd046846da639118K.jpg\" slate-data-type=\"image\"\/><img decoding=\"async\" class=\"detail-desc-decorate-image\" src=\"https:\/\/ae01.alicdn.com\/kf\/S627ccfd20f7a44e78998d291936300d6d.jpg\" slate-data-type=\"image\"\/><\/div>\n<div class=\"detailmodule_image\"><img decoding=\"async\" class=\"detail-desc-decorate-image\" src=\"https:\/\/ae01.alicdn.com\/kf\/S2b162a16a25d411782f7bc831ff7bfa9H.jpg\" slate-data-type=\"image\"\/><img decoding=\"async\" class=\"detail-desc-decorate-image\" src=\"https:\/\/ae01.alicdn.com\/kf\/S427709e9a4d84b988604ae1c50c171c7g.jpg\" slate-data-type=\"image\"\/><\/div>\n<p><\/p>","protected":false},"excerpt":{"rendered":"<p>Place Of Origin:&nbsp;China (mainland) Model Number:&nbsp;2194 Lens Width:&nbsp;53mm Lens Height:&nbsp;46mm Lenses Material:&nbsp;Polycarbonate Department Name:&nbsp;ADULT Gender:&nbsp;WOMEN Frame Material:&nbsp;Polycarbonate Lenses Optical Attribute:&nbsp;Gradient,Photochromic,UV400 Style:&nbsp;SQUARE Brand Name:&nbsp;MEIHOU Origin:&nbsp;Mainland China Item Type:&nbsp;EYEWEAR Eyewear Type:&nbsp;Sunglasses Certification:&nbsp;CE<\/p>","protected":false},"featured_media":8857,"template":"","meta":[],"product_brand":[],"product_cat":[486],"product_tag":[],"class_list":{"0":"post-8856","1":"product","2":"type-product","3":"status-publish","4":"has-post-thumbnail","6":"product_cat-women","8":"first","9":"instock","10":"taxable","11":"shipping-taxable","12":"purchasable","13":"product-type-variable"},"_links":{"self":[{"href":"https:\/\/lunettesoleil.ca\/fr\/wp-json\/wp\/v2\/product\/8856","targetHints":{"allow":["GET"]}}],"collection":[{"href":"https:\/\/lunettesoleil.ca\/fr\/wp-json\/wp\/v2\/product"}],"about":[{"href":"https:\/\/lunettesoleil.ca\/fr\/wp-json\/wp\/v2\/types\/product"}],"wp:featuredmedia":[{"embeddable":true,"href":"https:\/\/lunettesoleil.ca\/fr\/wp-json\/wp\/v2\/media\/8857"}],"wp:attachment":[{"href":"https:\/\/lunettesoleil.ca\/fr\/wp-json\/wp\/v2\/media?parent=8856"}],"wp:term":[{"taxonomy":"product_brand","embeddable":true,"href":"https:\/\/lunettesoleil.ca\/fr\/wp-json\/wp\/v2\/product_brand?post=8856"},{"taxonomy":"product_cat","embeddable":true,"href":"https:\/\/lunettesoleil.ca\/fr\/wp-json\/wp\/v2\/product_cat?post=8856"},{"taxonomy":"product_tag","embeddable":true,"href":"https:\/\/lunettesoleil.ca\/fr\/wp-json\/wp\/v2\/product_tag?post=8856"}],"curies":[{"name":"wp","href":"https:\/\/api.w.org\/{rel}","templated":true}]}}