{"id":8878,"date":"2024-05-20T14:41:31","date_gmt":"2024-05-20T18:41:31","guid":{"rendered":"https:\/\/lunettesoleil.ca\/product\/retro-oversized-metal-frame-sunglasses-men-uv400-protection-shades-polarized-sunglasses-women-polygon-sunglasses-driving-glasses\/"},"modified":"2024-06-02T21:34:40","modified_gmt":"2024-06-03T01:34:40","slug":"retro-oversized-metal-frame-sunglasses-men-uv400-protection-shades-polarized-sunglasses-women-polygon-sunglasses-driving-glasses","status":"publish","type":"product","link":"https:\/\/lunettesoleil.ca\/fr\/produit\/retro-oversized-metal-frame-sunglasses-men-uv400-protection-shades-polarized-sunglasses-women-polygon-sunglasses-driving-glasses\/","title":{"rendered":"R\u00e9tro Surdimensionn\u00e9 Metal Frame Lunettes de soleil Hommes UV400 Protection des Nuances Polaris\u00e9s des Lunettes de soleil des Femmes Polygone Lunettes de soleil Lunettes de Conduite"},"content":{"rendered":"<div class=\"product-specs-list-container\">\n<ul class=\"product-specs-list util-clearfix\">\n<li class=\"product-prop line-limit-length\"><span\n\t\t\t\t\t\t\t\t\t\tclass=\"property-title\">Lieu D&#039;Origine:&nbsp;<\/span><span\n\t\t\t\t\t\t\t\t\t\tclass=\"property-desc line-limit-length\">La chine (continentale)<\/span>\n\t\t\t\t\t\t\t<\/li>\n<li class=\"product-prop line-limit-length\"><span\n\t\t\t\t\t\t\t\t\t\tclass=\"property-title\">Num\u00e9ro De Mod\u00e8le:&nbsp;<\/span><span\n\t\t\t\t\t\t\t\t\t\tclass=\"property-desc line-limit-length\">Lunettes De Soleil Polaris\u00e9es<\/span>\n\t\t\t\t\t\t\t<\/li>\n<li class=\"product-prop line-limit-length\"><span\n\t\t\t\t\t\t\t\t\t\tclass=\"property-title\">Largeur Du Verre:&nbsp;<\/span><span\n\t\t\t\t\t\t\t\t\t\tclass=\"property-desc line-limit-length\">2.32 pouces<\/span>\n\t\t\t\t\t\t\t<\/li>\n<li class=\"product-prop line-limit-length\"><span\n\t\t\t\t\t\t\t\t\t\tclass=\"property-title\">La Hauteur De L&#039;Objectif:&nbsp;<\/span><span\n\t\t\t\t\t\t\t\t\t\tclass=\"property-desc line-limit-length\">2.01 pouces<\/span>\n\t\t\t\t\t\t\t<\/li>\n<li class=\"product-prop line-limit-length\"><span\n\t\t\t\t\t\t\t\t\t\tclass=\"property-title\">Mat\u00e9riel De Lentilles:&nbsp;<\/span><span\n\t\t\t\t\t\t\t\t\t\tclass=\"property-desc line-limit-length\">TAC<\/span>\n\t\t\t\t\t\t\t<\/li>\n<li class=\"product-prop line-limit-length\"><span\n\t\t\t\t\t\t\t\t\t\tclass=\"property-title\">Nom Du D\u00e9partement:&nbsp;<\/span><span\n\t\t\t\t\t\t\t\t\t\tclass=\"property-desc line-limit-length\">ADULTE<\/span>\n\t\t\t\t\t\t\t<\/li>\n<li class=\"product-prop line-limit-length\"><span\n\t\t\t\t\t\t\t\t\t\tclass=\"property-title\">Genre:&nbsp;<\/span><span\n\t\t\t\t\t\t\t\t\t\tclass=\"property-desc line-limit-length\">Les FEMMES<\/span>\n\t\t\t\t\t\t\t<\/li>\n<li class=\"product-prop line-limit-length\"><span\n\t\t\t\t\t\t\t\t\t\tclass=\"property-title\">Mat\u00e9riau Du Cadre:&nbsp;<\/span><span\n\t\t\t\t\t\t\t\t\t\tclass=\"property-desc line-limit-length\">ALLIAGE<\/span>\n\t\t\t\t\t\t\t<\/li>\n<li class=\"product-prop line-limit-length\"><span\n\t\t\t\t\t\t\t\t\t\tclass=\"property-title\">Lentilles Optiques Attribut:&nbsp;<\/span><span\n\t\t\t\t\t\t\t\t\t\tclass=\"property-desc line-limit-length\">polaris\u00e9e<\/span>\n\t\t\t\t\t\t\t<\/li>\n<li class=\"product-prop line-limit-length\"><span\n\t\t\t\t\t\t\t\t\t\tclass=\"property-title\">Style:&nbsp;<\/span><span\n\t\t\t\t\t\t\t\t\t\tclass=\"property-desc line-limit-length\">punk<\/span>\n\t\t\t\t\t\t\t<\/li>\n<li class=\"product-prop line-limit-length\"><span\n\t\t\t\t\t\t\t\t\t\tclass=\"property-title\">Nom De Marque:&nbsp;<\/span><span\n\t\t\t\t\t\t\t\t\t\tclass=\"property-desc line-limit-length\">gootrades<\/span>\n\t\t\t\t\t\t\t<\/li>\n<li class=\"product-prop line-limit-length\"><span\n\t\t\t\t\t\t\t\t\t\tclass=\"property-title\">Origine:&nbsp;<\/span><span\n\t\t\t\t\t\t\t\t\t\tclass=\"property-desc line-limit-length\">La Partie Continentale De La Chine<\/span>\n\t\t\t\t\t\t\t<\/li>\n<li class=\"product-prop line-limit-length\"><span\n\t\t\t\t\t\t\t\t\t\tclass=\"property-title\">Type D&#039;\u00c9l\u00e9ment:&nbsp;<\/span><span\n\t\t\t\t\t\t\t\t\t\tclass=\"property-desc line-limit-length\">LUNETTES<\/span>\n\t\t\t\t\t\t\t<\/li>\n<li class=\"product-prop line-limit-length\"><span\n\t\t\t\t\t\t\t\t\t\tclass=\"property-title\">Lunettes Type:&nbsp;<\/span><span\n\t\t\t\t\t\t\t\t\t\tclass=\"property-desc line-limit-length\">Lunettes de soleil<\/span>\n\t\t\t\t\t\t\t<\/li>\n<li class=\"product-prop line-limit-length\"><span\n\t\t\t\t\t\t\t\t\t\tclass=\"property-title\">Certification:&nbsp;<\/span><span\n\t\t\t\t\t\t\t\t\t\tclass=\"property-desc line-limit-length\">aucun<\/span>\n\t\t\t\t\t\t\t<\/li>\n<li class=\"product-prop line-limit-length\"><span\n\t\t\t\t\t\t\t\t\t\tclass=\"property-title\">Mat\u00e9riau Du Cadre:&nbsp;<\/span><span\n\t\t\t\t\t\t\t\t\t\tclass=\"property-desc line-limit-length\">M\u00e9tal<\/span>\n\t\t\t\t\t\t\t<\/li>\n<li class=\"product-prop line-limit-length\"><span\n\t\t\t\t\t\t\t\t\t\tclass=\"property-title\">Le Mat\u00e9riau De La Lentille:&nbsp;<\/span><span\n\t\t\t\t\t\t\t\t\t\tclass=\"property-desc line-limit-length\">TAC<\/span>\n\t\t\t\t\t\t\t<\/li>\n<li class=\"product-prop line-limit-length\"><span\n\t\t\t\t\t\t\t\t\t\tclass=\"property-title\">Lentille Caract\u00e9ristiques:&nbsp;<\/span><span\n\t\t\t\t\t\t\t\t\t\tclass=\"property-desc line-limit-length\">Protection anti-UV, Anti-reflets<\/span>\n\t\t\t\t\t\t\t<\/li>\n<li class=\"product-prop line-limit-length\"><span\n\t\t\t\t\t\t\t\t\t\tclass=\"property-title\">La Polarisation De Type:&nbsp;<\/span><span\n\t\t\t\t\t\t\t\t\t\tclass=\"property-desc line-limit-length\">Polaris\u00e9e<\/span>\n\t\t\t\t\t\t\t<\/li>\n<li class=\"product-prop line-limit-length\"><span\n\t\t\t\t\t\t\t\t\t\tclass=\"property-title\">Caract\u00e9ristique 1:&nbsp;<\/span><span\n\t\t\t\t\t\t\t\t\t\tclass=\"property-desc line-limit-length\">UV400 Protection<\/span>\n\t\t\t\t\t\t\t<\/li>\n<li class=\"product-prop line-limit-length\"><span\n\t\t\t\t\t\t\t\t\t\tclass=\"property-title\">Caract\u00e9ristique 2:&nbsp;<\/span><span\n\t\t\t\t\t\t\t\t\t\tclass=\"property-desc line-limit-length\">Surdimensionn\u00e9s Lunettes De Soleil<\/span>\n\t\t\t\t\t\t\t<\/li>\n<\/ul><\/div>\n<div class=\"detailmodule_dynamic\"><kse:widget data-widget-type=\"relatedProduct\" id=\"1005000004579213\" title=\"\" type=\"relation\"><\/kse:widget><\/div>\n<div class=\"detailmodule_text\">\n<p class=\"detail-desc-decorate-title\" style=\"text-overflow: ellipsis;font-family: 'OpenSans';color:'#000';word-wrap: break-word;white-space: pre-wrap;font-weight: 900;font-size: 20px;line-height: 28px;color: #000;margin-bottom: 12px;\">\n<p class=\"detail-desc-decorate-content\" style=\"text-overflow: ellipsis;font-family: 'OpenSans';color:'#000';word-wrap: break-word;white-space: pre-wrap;font-weight: 300;font-size: 14px;line-height: 20px;color: #000;margin-bottom: 12px;\">Nom Du Produit: Lunettes De Soleil Polaris\u00e9es<br \/>\nLe Mat\u00e9riau de la lentille: TAC<br \/>\nLentille Caract\u00e9ristiques: Protection UV, Anti-reflets<br \/>\nMat\u00e9riau De La Monture: M\u00e9tal<br \/>\nCouleur: 11 Couleurs pour votre choix<br \/>\nLa Polarisation De Type: Polaris\u00e9e<br \/>\nTaille De Produit:<br \/>\nLargeur totale: 146 mm (de 5,75 pouces)<br \/>\nLargeur: 59 mm (2.32 pouces)<br \/>\nHauteur: 51 mm (2.01 pouces)<br \/>\nPont de nez Largeur: 16mm (0.63 pouces)<br \/>\nLes Temples Longueur: 143mm (5.63 pouces)<br \/>\nPoids: 28,5 g (1.01 oz) <\/p>\n<p>Paquet Inclus:<br \/>\n1 x Lunettes de soleil<\/p>\n<p>Note:<br \/>\n    1. Il y a 2 \u00e0 3% de diff\u00e9rence selon la mesure manuelle. Veuillez v\u00e9rifier la taille soigneusement avant d&#039;acheter l&#039;article.<br \/>\n    2. Veuillez noter qu&#039;une l\u00e9g\u00e8re diff\u00e9rence de couleur devrait \u00eatre acceptable en raison de la lumi\u00e8re et de l&#039;\u00e9cran.<\/p>\n<\/div>\n<div class=\"detailmodule_image\"><img decoding=\"async\" src=\"https:\/\/ae01.alicdn.com\/kf\/Seee30db4d34c48d788105b0dc746c3f2E.jpg\"  class=\"detail-desc-decorate-image\" ><img decoding=\"async\" src=\"https:\/\/ae01.alicdn.com\/kf\/S5129af5592d54b1da86c7361b207494c5.jpg\"  class=\"detail-desc-decorate-image\" ><img decoding=\"async\" src=\"https:\/\/ae01.alicdn.com\/kf\/S1e24ac1c7b964dc3a8eac1b08302dfdef.jpg\"  class=\"detail-desc-decorate-image\" ><img decoding=\"async\" src=\"https:\/\/ae01.alicdn.com\/kf\/Scf64e400a15a49ceaa81aaa06735bdd1H.jpg\"  class=\"detail-desc-decorate-image\" ><img decoding=\"async\" src=\"https:\/\/ae01.alicdn.com\/kf\/Sdeada56a27294a4a8990075d2ad55558B.jpg\"  class=\"detail-desc-decorate-image\" ><img decoding=\"async\" src=\"https:\/\/ae01.alicdn.com\/kf\/S737f6d87347748d4abe236d0dec7bfa7u.jpg\"  class=\"detail-desc-decorate-image\" ><img decoding=\"async\" src=\"https:\/\/ae01.alicdn.com\/kf\/S4a951f2233bd43c4bbacbef9c01ef00b3.jpg\"  class=\"detail-desc-decorate-image\" ><img decoding=\"async\" src=\"https:\/\/ae01.alicdn.com\/kf\/S07a97f4519394fba9d8eba5fe2fe6cccK.jpg\"  class=\"detail-desc-decorate-image\" ><img decoding=\"async\" src=\"https:\/\/ae01.alicdn.com\/kf\/S86a15612c97a465b951a5f573fac6abal.jpg\"  class=\"detail-desc-decorate-image\" ><img decoding=\"async\" src=\"https:\/\/ae01.alicdn.com\/kf\/S194f6f82df674cb7bff04fa9dd331dceB.jpg\"  class=\"detail-desc-decorate-image\" ><\/div>\n<div class=\"detailmodule_image\"><img decoding=\"async\" src=\"https:\/\/ae01.alicdn.com\/kf\/Sc9438b59355a4e92aa8835c41dc088a94.jpg\"  class=\"detail-desc-decorate-image\" ><img decoding=\"async\" src=\"https:\/\/ae01.alicdn.com\/kf\/Sfb5d0807bf4b4f1c80f993fe4e0c5b71R.jpg\"  class=\"detail-desc-decorate-image\" ><img decoding=\"async\" src=\"https:\/\/ae01.alicdn.com\/kf\/S6185e7d5206743b592271a8d6e9b4a0bE.jpg\"  class=\"detail-desc-decorate-image\" ><\/div>","protected":false},"excerpt":{"rendered":"<p>Place Of Origin:&nbsp;China (mainland) Model Number:&nbsp;Polarized Sunglasses Lens Width:&nbsp;2.32inch Lens Height:&nbsp;2.01inch Lenses Material:&nbsp;TAC Department Name:&nbsp;ADULT Gender:&nbsp;WOMEN Frame Material:&nbsp;ALLOY Lenses Optical Attribute:&nbsp;polarized Style:&nbsp;punk Brand Name:&nbsp;gootrades Origin:&nbsp;Mainland China Item Type:&nbsp;EYEWEAR Eyewear Type:&nbsp;Sunglasses Certification:&nbsp;none Frame Material:&nbsp;Metal Lens Material:&nbsp;TAC Lens Features:&nbsp;UV Protection, Anti-Reflective Polarization Type:&nbsp;Polarized Feature 1:&nbsp;UV400 Protection Feature 2:&nbsp;Oversized Sun Glasses Product Name: Polarized Sunglasses Lens Material: TAC [&#8230;]","protected":false},"featured_media":8881,"template":"","meta":[],"product_brand":[],"product_cat":[486],"product_tag":[],"class_list":{"0":"post-8878","1":"product","2":"type-product","3":"status-publish","4":"has-post-thumbnail","6":"product_cat-women","8":"first","9":"instock","10":"taxable","11":"shipping-taxable","12":"purchasable","13":"product-type-variable"},"_links":{"self":[{"href":"https:\/\/lunettesoleil.ca\/fr\/wp-json\/wp\/v2\/product\/8878","targetHints":{"allow":["GET"]}}],"collection":[{"href":"https:\/\/lunettesoleil.ca\/fr\/wp-json\/wp\/v2\/product"}],"about":[{"href":"https:\/\/lunettesoleil.ca\/fr\/wp-json\/wp\/v2\/types\/product"}],"wp:featuredmedia":[{"embeddable":true,"href":"https:\/\/lunettesoleil.ca\/fr\/wp-json\/wp\/v2\/media\/8881"}],"wp:attachment":[{"href":"https:\/\/lunettesoleil.ca\/fr\/wp-json\/wp\/v2\/media?parent=8878"}],"wp:term":[{"taxonomy":"product_brand","embeddable":true,"href":"https:\/\/lunettesoleil.ca\/fr\/wp-json\/wp\/v2\/product_brand?post=8878"},{"taxonomy":"product_cat","embeddable":true,"href":"https:\/\/lunettesoleil.ca\/fr\/wp-json\/wp\/v2\/product_cat?post=8878"},{"taxonomy":"product_tag","embeddable":true,"href":"https:\/\/lunettesoleil.ca\/fr\/wp-json\/wp\/v2\/product_tag?post=8878"}],"curies":[{"name":"wp","href":"https:\/\/api.w.org\/{rel}","templated":true}]}}