{"id":9584,"date":"2024-05-22T02:16:01","date_gmt":"2024-05-22T06:16:01","guid":{"rendered":"https:\/\/lunettesoleil.ca\/product\/luxury-brand-square-sunglasses-women-new-fashion-rivet-thick-frame-glasses-classic-black-ladies-sun-glasses-large-eyewear\/"},"modified":"2024-06-02T21:31:56","modified_gmt":"2024-06-03T01:31:56","slug":"luxury-brand-square-sunglasses-women-new-fashion-rivet-thick-frame-glasses-classic-black-ladies-sun-glasses-large-eyewear","status":"publish","type":"product","link":"https:\/\/lunettesoleil.ca\/fr\/produit\/luxury-brand-square-sunglasses-women-new-fashion-rivet-thick-frame-glasses-classic-black-ladies-sun-glasses-large-eyewear\/","title":{"rendered":"Marque De Luxe Carr\u00e9 Des Lunettes De Soleil Des Femmes De La Mode Nouvelle Rivet \u00c9paisses Lunettes \u00c0 Montures Noires Classiques Ladies Lunettes De Soleil De Grandes Lunettes"},"content":{"rendered":"<div class=\"product-specs-list-container\">\n<ul class=\"product-specs-list util-clearfix\">\n<li class=\"product-prop line-limit-length\"><span\n\t\t\t\t\t\t\t\t\t\tclass=\"property-title\">Lieu D&#039;Origine:&nbsp;<\/span><span\n\t\t\t\t\t\t\t\t\t\tclass=\"property-desc line-limit-length\">La chine (continentale)<\/span>\n\t\t\t\t\t\t\t<\/li>\n<li class=\"product-prop line-limit-length\"><span\n\t\t\t\t\t\t\t\t\t\tclass=\"property-title\">Num\u00e9ro De Mod\u00e8le:&nbsp;<\/span><span\n\t\t\t\t\t\t\t\t\t\tclass=\"property-desc line-limit-length\">M802<\/span>\n\t\t\t\t\t\t\t<\/li>\n<li class=\"product-prop line-limit-length\"><span\n\t\t\t\t\t\t\t\t\t\tclass=\"property-title\">Largeur Du Verre:&nbsp;<\/span><span\n\t\t\t\t\t\t\t\t\t\tclass=\"property-desc line-limit-length\">51mm<\/span>\n\t\t\t\t\t\t\t<\/li>\n<li class=\"product-prop line-limit-length\"><span\n\t\t\t\t\t\t\t\t\t\tclass=\"property-title\">La Hauteur De L&#039;Objectif:&nbsp;<\/span><span\n\t\t\t\t\t\t\t\t\t\tclass=\"property-desc line-limit-length\">48mm<\/span>\n\t\t\t\t\t\t\t<\/li>\n<li class=\"product-prop line-limit-length\"><span\n\t\t\t\t\t\t\t\t\t\tclass=\"property-title\">Mat\u00e9riel De Lentilles:&nbsp;<\/span><span\n\t\t\t\t\t\t\t\t\t\tclass=\"property-desc line-limit-length\">TAC<\/span>\n\t\t\t\t\t\t\t<\/li>\n<li class=\"product-prop line-limit-length\"><span\n\t\t\t\t\t\t\t\t\t\tclass=\"property-title\">Nom Du D\u00e9partement:&nbsp;<\/span><span\n\t\t\t\t\t\t\t\t\t\tclass=\"property-desc line-limit-length\">ADULTE<\/span>\n\t\t\t\t\t\t\t<\/li>\n<li class=\"product-prop line-limit-length\"><span\n\t\t\t\t\t\t\t\t\t\tclass=\"property-title\">Genre:&nbsp;<\/span><span\n\t\t\t\t\t\t\t\t\t\tclass=\"property-desc line-limit-length\">Les FEMMES<\/span>\n\t\t\t\t\t\t\t<\/li>\n<li class=\"product-prop line-limit-length\"><span\n\t\t\t\t\t\t\t\t\t\tclass=\"property-title\">Mat\u00e9riau Du Cadre:&nbsp;<\/span><span\n\t\t\t\t\t\t\t\t\t\tclass=\"property-desc line-limit-length\">en plastique<\/span>\n\t\t\t\t\t\t\t<\/li>\n<li class=\"product-prop line-limit-length\"><span\n\t\t\t\t\t\t\t\t\t\tclass=\"property-title\">Lentilles Optiques Attribut:&nbsp;<\/span><span\n\t\t\t\t\t\t\t\t\t\tclass=\"property-desc line-limit-length\">D\u00e9grad\u00e9,Photochromiques,Anti-reflet,UV400<\/span>\n\t\t\t\t\t\t\t<\/li>\n<li class=\"product-prop line-limit-length\"><span\n\t\t\t\t\t\t\t\t\t\tclass=\"property-title\">Style:&nbsp;<\/span><span\n\t\t\t\t\t\t\t\t\t\tclass=\"property-desc line-limit-length\">CARR\u00c9<\/span>\n\t\t\t\t\t\t\t<\/li>\n<li class=\"product-prop line-limit-length\"><span\n\t\t\t\t\t\t\t\t\t\tclass=\"property-title\">Nom De Marque:&nbsp;<\/span><span\n\t\t\t\t\t\t\t\t\t\tclass=\"property-desc line-limit-length\">DeFanxi<\/span>\n\t\t\t\t\t\t\t<\/li>\n<li class=\"product-prop line-limit-length\"><span\n\t\t\t\t\t\t\t\t\t\tclass=\"property-title\">Origine:&nbsp;<\/span><span\n\t\t\t\t\t\t\t\t\t\tclass=\"property-desc line-limit-length\">La Partie Continentale De La Chine<\/span>\n\t\t\t\t\t\t\t<\/li>\n<li class=\"product-prop line-limit-length\"><span\n\t\t\t\t\t\t\t\t\t\tclass=\"property-title\">Type D&#039;\u00c9l\u00e9ment:&nbsp;<\/span><span\n\t\t\t\t\t\t\t\t\t\tclass=\"property-desc line-limit-length\">LUNETTES<\/span>\n\t\t\t\t\t\t\t<\/li>\n<li class=\"product-prop line-limit-length\"><span\n\t\t\t\t\t\t\t\t\t\tclass=\"property-title\">Lunettes Type:&nbsp;<\/span><span\n\t\t\t\t\t\t\t\t\t\tclass=\"property-desc line-limit-length\">Lunettes de soleil<\/span>\n\t\t\t\t\t\t\t<\/li>\n<li class=\"product-prop line-limit-length\"><span\n\t\t\t\t\t\t\t\t\t\tclass=\"property-title\">Certification:&nbsp;<\/span><span\n\t\t\t\t\t\t\t\t\t\tclass=\"property-desc line-limit-length\">CE<\/span>\n\t\t\t\t\t\t\t<\/li>\n<\/ul><\/div>\n<div class=\"detailmodule_html\">\n<div class=\"detail-desc-decorate-richtext\">\n<p><kse:widget data-widget-type=\"customText\" id=\"24890068\" type=\"custom\"><\/kse:widget><\/p>\n<p><img decoding=\"async\" src=\"https:\/\/ae01.alicdn.com\/kf\/S00fc915295f7433b882e6d24dbe87a50O.jpg\" slate-data-type=\"image\"><img decoding=\"async\" src=\"https:\/\/ae01.alicdn.com\/kf\/S9e0f44a31f6c46cc830802c527f91b23K.jpg\" slate-data-type=\"image\"><img decoding=\"async\" src=\"https:\/\/ae01.alicdn.com\/kf\/S7f0c01c97de040ecb1a8d7d73944dedaq.jpg\" slate-data-type=\"image\"><img decoding=\"async\" src=\"https:\/\/ae01.alicdn.com\/kf\/S36570c855c7746b78d56e7a8dc663e70x.jpg\" slate-data-type=\"image\"><img decoding=\"async\" src=\"https:\/\/ae01.alicdn.com\/kf\/S5e54ef788c4b447db66fbdf38f30e79bd.jpg\" slate-data-type=\"image\"><img decoding=\"async\" src=\"https:\/\/ae01.alicdn.com\/kf\/S84572357e79e46cb9cb2c0b59b9f738cT.jpg\" slate-data-type=\"image\"><img decoding=\"async\" src=\"https:\/\/ae01.alicdn.com\/kf\/S67783328749f4c01b13638e6f56b1d61W.jpg\" slate-data-type=\"image\"><img decoding=\"async\" src=\"https:\/\/ae01.alicdn.com\/kf\/S15717483c5c94d63b87827d79e7bb365W.jpg\" slate-data-type=\"image\"><img decoding=\"async\" src=\"https:\/\/ae01.alicdn.com\/kf\/Safc029a617c34b2dbe84c44fc71af57co.jpg\" slate-data-type=\"image\"><img decoding=\"async\" src=\"https:\/\/ae01.alicdn.com\/kf\/Sf55ec4ba50b84518b9a8443d3767f9cfr.jpg\" slate-data-type=\"image\"><img decoding=\"async\" src=\"https:\/\/ae01.alicdn.com\/kf\/Sfdc2e7b341264017a0aded0e29b685bdC.jpg\" slate-data-type=\"image\"><img decoding=\"async\" src=\"https:\/\/ae01.alicdn.com\/kf\/S20a344ad9907467e8f56e1a1a9f4fc41s.jpg\" slate-data-type=\"image\"><img decoding=\"async\" src=\"https:\/\/ae01.alicdn.com\/kf\/Sd8c9dbcb72604f329ada89187d00612cl.jpg\" slate-data-type=\"image\"><img decoding=\"async\" src=\"https:\/\/ae01.alicdn.com\/kf\/S394ae581826d4297bf6ff969c6aa0953k.jpg\" slate-data-type=\"image\"><img decoding=\"async\" src=\"https:\/\/ae01.alicdn.com\/kf\/S3146be867426422393fc8de4b6497b47n.jpg\" slate-data-type=\"image\"><img decoding=\"async\" src=\"https:\/\/ae01.alicdn.com\/kf\/Sc91431d1ba86429ca42775d249fdbeaa5.jpg\" slate-data-type=\"image\"><img decoding=\"async\" src=\"https:\/\/ae01.alicdn.com\/kf\/S925e111fe3d54a56aed8a233eaf1e4394.jpg\" slate-data-type=\"image\"><img decoding=\"async\" src=\"https:\/\/ae01.alicdn.com\/kf\/S55a4c9c5cb9344f883f8ef2802986faaK.jpg\" slate-data-type=\"image\"><img decoding=\"async\" src=\"https:\/\/ae01.alicdn.com\/kf\/Sb41b2121cba948d5a8107f42d7765a02X.jpg\" slate-data-type=\"image\"><\/p>\n<p style=\"font-family:&quot;font-size:14px;font-weight:400;letter-spacing:normal;line-height:inherit;text-align:start;white-space:normal;color:rgb(0, 0, 0);background-color:rgb(255, 255, 255);margin:0px;padding:0px;box-sizing:border-box;padding:0px;margin:0px;\" align=\"start\"><img decoding=\"async\" style=\"border:0px;margin:0px;padding:0px;max-width:100%;box-sizing:border-box;padding:0px;margin:0px;\" src=\"https:\/\/ae01.alicdn.com\/kf\/Hd373821a885948d1b25941d6ab7ad2dav.jpg\" slate-data-type=\"image\"><img decoding=\"async\" style=\"border:0px;margin:0px;padding:0px;max-width:100%;box-sizing:border-box;padding:0px;margin:0px;\" src=\"https:\/\/ae01.alicdn.com\/kf\/Hfb068a2ffeee4e6290cebdf603029df9a.jpg\" slate-data-type=\"image\"><\/p>\n<p style=\"font-family:&quot;font-size:14px;font-weight:400;letter-spacing:normal;line-height:inherit;text-align:start;white-space:normal;color:rgb(0, 0, 0);background-color:rgb(255, 255, 255);margin:0px;padding:0px;box-sizing:border-box;padding:0px;margin:0px;\" align=\"start\"><\/p>\n<h1 style=\"font-family:&quot;font-size:14px;font-weight:400;letter-spacing:normal;line-height:inherit;text-align:start;white-space:normal;color:rgb(0, 0, 0);background-color:rgb(255, 255, 255);margin:0px;padding:0px;box-sizing:border-box;padding:0px;margin:0px;\" align=\"start\"><span style=\"font-size:20px;font-family:arial, helvetica, sans-serif;\">De gros, de D\u00e9tail, de Dropshipping sont tous les Bienvenus<\/span><\/h1>\n<h1 style=\"font-family:&quot;font-size:14px;font-weight:400;letter-spacing:normal;line-height:inherit;text-align:start;white-space:normal;color:rgb(0, 0, 0);background-color:rgb(255, 255, 255);margin:0px;padding:0px;box-sizing:border-box;padding:0px;margin:0px;\" align=\"start\"><span style=\"font-size:20px;font-family:arial, helvetica, sans-serif;\">Habituellement envoyer votre commande dans un d\u00e9lai de 1 jour<\/span><\/h1>\n<h1 style=\"font-family:&quot;font-size:24px;font-weight:500;letter-spacing:normal;line-height:36px;text-align:start;white-space:normal;color:rgb(0, 0, 0);background-color:rgb(255, 255, 255);margin:0.67em 0px 12px;padding:0px;box-sizing:border-box;padding:0px;margin:0.67em 0px 12px;\" align=\"start\"><span style=\"font-size:20px;font-family:arial, helvetica, sans-serif;\">sur les march\u00e9s de Gros: accepter mixte de commerce de gros de styles diff\u00e9rents, de paiement de plus de 180 dollars US, la livraison gratuite par FEDEX, DHL, UPS , livraison dans un d\u00e9lai de 5 \u00e0 8 jours d&#039;affaires<\/span><\/h1>\n<h2 style=\"font-family:&quot;font-size:20px;font-weight:500;letter-spacing:normal;line-height:30px;text-align:start;white-space:normal;color:rgb(0, 0, 0);background-color:rgb(255, 255, 255);margin:0px 0px 10px;padding:0px;box-sizing:border-box;padding:0px;margin:0px 0px 10px;\" align=\"start\"><span style=\"font-size:20px;font-family:arial, helvetica, sans-serif;\">\u00e0 propos de Dropshipping: Message de note &#034;dropshipping&#034; en vertu de votre commande et nous allons supprimer tous les Vendeur et informations de commande.<\/span><\/h2>\n<h1 style=\"font-family:&quot;font-size:24px;font-weight:500;letter-spacing:normal;line-height:36px;text-align:start;white-space:normal;color:rgb(34, 34, 34);background-color:rgb(255, 255, 255);margin:0.67em 0px 12px;padding:0px;box-sizing:border-box;padding:0px;margin:0.67em 0px 12px;\" align=\"start\"><span style=\"font-size:20px;font-family:arial, helvetica, sans-serif;\">Si vous recevez un colis endommag\u00e9, veuillez nous contacter pour le renvoyer, sans commentaires n\u00e9gatifs<\/span><\/h1>\n<p style=\"font-family:&quot;font-size:14px;font-weight:400;letter-spacing:normal;line-height:inherit;text-align:start;white-space:normal;color:rgb(0, 0, 0);background-color:rgb(255, 255, 255);margin:0px;padding:0px;box-sizing:border-box;padding:0px;margin:0px;\" align=\"start\"><span style=\"font-size:20px;font-family:arial, helvetica, sans-serif;\">le temps est en hausse et vous n&#039;avez pas re\u00e7u votre colis, veuillez communiquer avec nous ,nous allons vous aider \u00e0 les r\u00e9soudre.<\/span><\/p>\n<h1 style=\"font-family:&quot;font-size:24px;font-weight:500;letter-spacing:normal;line-height:36px;text-align:start;white-space:normal;color:rgb(34, 34, 34);background-color:rgb(255, 255, 255);margin:0.67em 0px 12px;padding:0px;box-sizing:border-box;padding:0px;margin:0.67em 0px 12px;\" align=\"start\"><span style=\"font-size:20px;font-family:arial, helvetica, sans-serif;\">nous vendons des Lunettes de soleil, la Lumi\u00e8re Bleue de Blocage des Lunettes, Fini les Lunettes de Lecture, Fini la Myopie Lunettes, des Verres de Prescription.<\/span><\/h1>\n<h1 style=\"font-family:&quot;font-size:24px;font-weight:500;letter-spacing:normal;line-height:36px;text-align:start;white-space:normal;color:rgb(34, 34, 34);background-color:rgb(255, 255, 255);margin:0.67em 0px 12px;padding:0px;box-sizing:border-box;padding:0px;margin:0.67em 0px 12px;\" align=\"start\"><span style=\"font-size:20px;font-family:arial, helvetica, sans-serif;\">Si vous avez besoin, ouvrez le lien ci-dessous et voir la cat\u00e9gorie dont vous avez besoin sur le c\u00f4t\u00e9 gauche de la page<\/span><a style=\"font-weight:inherit;color:rgb(46, 156, 195);background-color:transparent;margin:0px;padding:0px;box-sizing:border-box;padding:0px;margin:0px;\" href=\"https:\/\/www.aliexpress.com\/store\/top-rated-products\/5571114.html?spm=a2g0o.store_pc_saleItems.pcShopHead_703124262.3\" target=\"_self\" class=\"\" rel=\"noopener\"><span style=\"font-size:20px;font-family:arial, helvetica, sans-serif;\">https:\/\/www.aliexpress.com\/store\/top-rated-products\/5571114.html?spm=a2g0o.store_pc_saleItems.pcShopHead_703124262.3<\/span><\/a><\/h1>\n<p style=\"font-family:&quot;font-size:14px;font-weight:400;letter-spacing:normal;line-height:inherit;text-align:start;white-space:normal;color:rgb(0, 0, 0);background-color:rgb(255, 255, 255);margin:0px;padding:0px;box-sizing:border-box;padding:0px;margin:0px;\" align=\"start\"><img decoding=\"async\" style=\"border:0px;margin:0px;padding:0px;max-width:100%;box-sizing:border-box;padding:0px;margin:0px;\" src=\"https:\/\/ae01.alicdn.com\/kf\/H863a9a0835b247b48bcfef7853426b87O.jpg\" slate-data-type=\"image\"><img decoding=\"async\" style=\"border:0px;margin:0px;padding:0px;max-width:100%;box-sizing:border-box;padding:0px;margin:0px;\" src=\"https:\/\/ae01.alicdn.com\/kf\/H597c06a037394dec9468f0f179995e95V.jpg\" slate-data-type=\"image\"><img decoding=\"async\" style=\"border:0px;margin:0px;padding:0px;max-width:100%;box-sizing:border-box;padding:0px;margin:0px;\" src=\"https:\/\/ae01.alicdn.com\/kf\/H6dec07edaed04502bd80a910d68e4598Q.jpg\" slate-data-type=\"image\"><kse:widget data-widget-type=\"customText\" id=\"24890070\" type=\"relation\"><\/kse:widget><\/p>\n<\/div>\n<\/div>","protected":false},"excerpt":{"rendered":"<p>Place Of Origin:&nbsp;China (mainland) Model Number:&nbsp;M802 Lens Width:&nbsp;51mm Lens Height:&nbsp;48mm Lenses Material:&nbsp;TAC Department Name:&nbsp;ADULT Gender:&nbsp;WOMEN Frame Material:&nbsp;plastic Lenses Optical Attribute:&nbsp;Gradient,Photochromic,Anti-reflective,UV400 Style:&nbsp;SQUARE Brand Name:&nbsp;DeFanxi Origin:&nbsp;Mainland China Item Type:&nbsp;EYEWEAR Eyewear Type:&nbsp;Sunglasses Certification:&nbsp;CE Wholesale, Retail, Dropshipping are all Welcome Usually send out your order within 1 day about Wholesale: accept mixed wholesale of different styles, payment more than [&#8230;]","protected":false},"featured_media":9586,"template":"","meta":[],"product_brand":[],"product_cat":[486],"product_tag":[],"class_list":{"0":"post-9584","1":"product","2":"type-product","3":"status-publish","4":"has-post-thumbnail","6":"product_cat-women","8":"first","9":"instock","10":"taxable","11":"shipping-taxable","12":"purchasable","13":"product-type-variable"},"_links":{"self":[{"href":"https:\/\/lunettesoleil.ca\/fr\/wp-json\/wp\/v2\/product\/9584","targetHints":{"allow":["GET"]}}],"collection":[{"href":"https:\/\/lunettesoleil.ca\/fr\/wp-json\/wp\/v2\/product"}],"about":[{"href":"https:\/\/lunettesoleil.ca\/fr\/wp-json\/wp\/v2\/types\/product"}],"wp:featuredmedia":[{"embeddable":true,"href":"https:\/\/lunettesoleil.ca\/fr\/wp-json\/wp\/v2\/media\/9586"}],"wp:attachment":[{"href":"https:\/\/lunettesoleil.ca\/fr\/wp-json\/wp\/v2\/media?parent=9584"}],"wp:term":[{"taxonomy":"product_brand","embeddable":true,"href":"https:\/\/lunettesoleil.ca\/fr\/wp-json\/wp\/v2\/product_brand?post=9584"},{"taxonomy":"product_cat","embeddable":true,"href":"https:\/\/lunettesoleil.ca\/fr\/wp-json\/wp\/v2\/product_cat?post=9584"},{"taxonomy":"product_tag","embeddable":true,"href":"https:\/\/lunettesoleil.ca\/fr\/wp-json\/wp\/v2\/product_tag?post=9584"}],"curies":[{"name":"wp","href":"https:\/\/api.w.org\/{rel}","templated":true}]}}