{"id":9933,"date":"2024-06-02T14:20:54","date_gmt":"2024-06-02T18:20:54","guid":{"rendered":"https:\/\/lunettesoleil.ca\/product\/holtmance-cat-eye-round-sunglasses-for-women-men-retro-oversized-sun-glasses-female-stylish-cateye-eyewear-large-frame-sunglass\/"},"modified":"2024-06-08T10:20:23","modified_gmt":"2024-06-08T14:20:23","slug":"holtmance-cat-eye-round-sunglasses-for-women-men-retro-oversized-sun-glasses-female-stylish-cateye-eyewear-large-frame-sunglass","status":"publish","type":"product","link":"https:\/\/lunettesoleil.ca\/fr\/produit\/holtmance-cat-eye-round-sunglasses-for-women-men-retro-oversized-sun-glasses-female-stylish-cateye-eyewear-large-frame-sunglass\/","title":{"rendered":"HOLTMANCE Cat Eye Lunettes de soleil Rondes pour les Femmes, les Hommes, R\u00e9tro Surdimensionn\u00e9 Lunettes de Soleil Femme \u00c9l\u00e9gante Cateye Lunettes de Large Frame Lunettes de soleil"},"content":{"rendered":"<div class=\"product-specs-list-container\">\n<ul class=\"product-specs-list util-clearfix\">\n<li class=\"product-prop line-limit-length\"><span\n\t\t\t\t\t\t\t\t\t\tclass=\"property-title\">Lieu D&#039;Origine:&nbsp;<\/span><span\n\t\t\t\t\t\t\t\t\t\tclass=\"property-desc line-limit-length\">La chine (continentale)<\/span>\n\t\t\t\t\t\t\t<\/li>\n<li class=\"product-prop line-limit-length\"><span\n\t\t\t\t\t\t\t\t\t\tclass=\"property-title\">Num\u00e9ro De Mod\u00e8le:&nbsp;<\/span><span\n\t\t\t\t\t\t\t\t\t\tclass=\"property-desc line-limit-length\">MC10012<\/span>\n\t\t\t\t\t\t\t<\/li>\n<li class=\"product-prop line-limit-length\"><span\n\t\t\t\t\t\t\t\t\t\tclass=\"property-title\">Largeur Du Verre:&nbsp;<\/span><span\n\t\t\t\t\t\t\t\t\t\tclass=\"property-desc line-limit-length\">52mm<\/span>\n\t\t\t\t\t\t\t<\/li>\n<li class=\"product-prop line-limit-length\"><span\n\t\t\t\t\t\t\t\t\t\tclass=\"property-title\">La Hauteur De L&#039;Objectif:&nbsp;<\/span><span\n\t\t\t\t\t\t\t\t\t\tclass=\"property-desc line-limit-length\">57mm<\/span>\n\t\t\t\t\t\t\t<\/li>\n<li class=\"product-prop line-limit-length\"><span\n\t\t\t\t\t\t\t\t\t\tclass=\"property-title\">Mat\u00e9riel De Lentilles:&nbsp;<\/span><span\n\t\t\t\t\t\t\t\t\t\tclass=\"property-desc line-limit-length\">Polycarbonate<\/span>\n\t\t\t\t\t\t\t<\/li>\n<li class=\"product-prop line-limit-length\"><span\n\t\t\t\t\t\t\t\t\t\tclass=\"property-title\">Nom Du D\u00e9partement:&nbsp;<\/span><span\n\t\t\t\t\t\t\t\t\t\tclass=\"property-desc line-limit-length\">ADULTE<\/span>\n\t\t\t\t\t\t\t<\/li>\n<li class=\"product-prop line-limit-length\"><span\n\t\t\t\t\t\t\t\t\t\tclass=\"property-title\">Genre:&nbsp;<\/span><span\n\t\t\t\t\t\t\t\t\t\tclass=\"property-desc line-limit-length\">Les FEMMES<\/span>\n\t\t\t\t\t\t\t<\/li>\n<li class=\"product-prop line-limit-length\"><span\n\t\t\t\t\t\t\t\t\t\tclass=\"property-title\">Mat\u00e9riau Du Cadre:&nbsp;<\/span><span\n\t\t\t\t\t\t\t\t\t\tclass=\"property-desc line-limit-length\">En plastique<\/span>\n\t\t\t\t\t\t\t<\/li>\n<li class=\"product-prop line-limit-length\"><span\n\t\t\t\t\t\t\t\t\t\tclass=\"property-title\">Lentilles Optiques Attribut:&nbsp;<\/span><span\n\t\t\t\t\t\t\t\t\t\tclass=\"property-desc line-limit-length\">MIROIR,Anti-reflet,UV400<\/span>\n\t\t\t\t\t\t\t<\/li>\n<li class=\"product-prop line-limit-length\"><span\n\t\t\t\t\t\t\t\t\t\tclass=\"property-title\">Style:&nbsp;<\/span><span\n\t\t\t\t\t\t\t\t\t\tclass=\"property-desc line-limit-length\">DES YEUX DE CHAT<\/span>\n\t\t\t\t\t\t\t<\/li>\n<li class=\"product-prop line-limit-length\"><span\n\t\t\t\t\t\t\t\t\t\tclass=\"property-title\">Nom De Marque:&nbsp;<\/span><span\n\t\t\t\t\t\t\t\t\t\tclass=\"property-desc line-limit-length\">HOLTMANCE<\/span>\n\t\t\t\t\t\t\t<\/li>\n<li class=\"product-prop line-limit-length\"><span\n\t\t\t\t\t\t\t\t\t\tclass=\"property-title\">Origine:&nbsp;<\/span><span\n\t\t\t\t\t\t\t\t\t\tclass=\"property-desc line-limit-length\">La Partie Continentale De La Chine<\/span>\n\t\t\t\t\t\t\t<\/li>\n<li class=\"product-prop line-limit-length\"><span\n\t\t\t\t\t\t\t\t\t\tclass=\"property-title\">Type D&#039;\u00c9l\u00e9ment:&nbsp;<\/span><span\n\t\t\t\t\t\t\t\t\t\tclass=\"property-desc line-limit-length\">LUNETTES<\/span>\n\t\t\t\t\t\t\t<\/li>\n<li class=\"product-prop line-limit-length\"><span\n\t\t\t\t\t\t\t\t\t\tclass=\"property-title\">Lunettes Type:&nbsp;<\/span><span\n\t\t\t\t\t\t\t\t\t\tclass=\"property-desc line-limit-length\">Lunettes de soleil<\/span>\n\t\t\t\t\t\t\t<\/li>\n<li class=\"product-prop line-limit-length\"><span\n\t\t\t\t\t\t\t\t\t\tclass=\"property-title\">Certification:&nbsp;<\/span><span\n\t\t\t\t\t\t\t\t\t\tclass=\"property-desc line-limit-length\">CE<\/span>\n\t\t\t\t\t\t\t<\/li>\n<\/ul><\/div>\n<div class=\"detailmodule_html\">\n<div class=\"detail-desc-decorate-richtext\">\n<div style=\"margin:10px auto 0;display:inline-block;max-width:100%;\"><img decoding=\"async\" src=\"https:\/\/ae03.alicdn.com\/kf\/Sfe132b6c1be448549ccaed1ea1a1d5edS.jpg\"\/><\/p>\n<div style=\"margin-top:-84.76%;\">\n<div style=\"margin-left:0.0%;margin-top:0.0%;width:33.3333%; \"><a href=\"http:\/\/www.aliexpress.com\/item\/detail\/1005004319219200.html\" target=\"_blank\" rel=\"noopener\"><img decoding=\"async\" src=\"https:\/\/ae01.alicdn.com\/kf\/S40920b1d78fb43b5a82dda499ae8052db.png?width=310&#038;height=395&#038;hash=705\" style=\"width:310px;height:395px;\"\/><\/a><\/div>\n<div style=\"margin-left:33.0%;margin-top:-42.38%;width:33.3333%; \"><a href=\"http:\/\/www.aliexpress.com\/item\/detail\/1005003944190148.html\" target=\"_blank\" rel=\"noopener\"><img decoding=\"async\" src=\"https:\/\/ae01.alicdn.com\/kf\/S40920b1d78fb43b5a82dda499ae8052db.png?width=310&#038;height=395&#038;hash=705\" style=\"width:310px;height:395px;\"\/><\/a><\/div>\n<div style=\"margin-left:66.0%;margin-top:-42.38%;width:33.3333%; \"><a href=\"http:\/\/www.aliexpress.com\/item\/detail\/1005003665407906.html\" target=\"_blank\" rel=\"noopener\"><img decoding=\"async\" src=\"https:\/\/ae01.alicdn.com\/kf\/S40920b1d78fb43b5a82dda499ae8052db.png?width=310&#038;height=395&#038;hash=705\" style=\"width:310px;height:395px;\"\/><\/a><\/div>\n<div style=\"margin-left:0.0%;margin-top:0.0%;width:33.3333%; \"><a href=\"http:\/\/www.aliexpress.com\/item\/detail\/1005004421095849.html\" target=\"_blank\" rel=\"noopener\"><img decoding=\"async\" src=\"https:\/\/ae01.alicdn.com\/kf\/S40920b1d78fb43b5a82dda499ae8052db.png?width=310&#038;height=395&#038;hash=705\" style=\"width:310px;height:395px;\"\/><\/a><\/div>\n<div style=\"margin-left:33.0%;margin-top:-42.38%;width:33.3333%; \"><a href=\"http:\/\/www.aliexpress.com\/item\/detail\/1005004345747179.html\" target=\"_blank\" rel=\"noopener\"><img decoding=\"async\" src=\"https:\/\/ae01.alicdn.com\/kf\/S40920b1d78fb43b5a82dda499ae8052db.png?width=310&#038;height=395&#038;hash=705\" style=\"width:310px;height:395px;\"\/><\/a><\/div>\n<div style=\"margin-left:66.0%;margin-top:-42.38%;width:33.3333%; \"><a href=\"http:\/\/www.aliexpress.com\/item\/detail\/1005003968017998.html\" target=\"_blank\" rel=\"noopener\"><img decoding=\"async\" src=\"https:\/\/ae01.alicdn.com\/kf\/S40920b1d78fb43b5a82dda499ae8052db.png?width=310&#038;height=395&#038;hash=705\" style=\"width:310px;height:395px;\"\/><\/a><\/div>\n<\/div>\n<\/div>\n<div class=\"\">\n<div class=\"\">\n<div>\n    &nbsp;\n  <\/div>\n<\/p><\/div>\n<\/div>\n<p><img decoding=\"async\" class=\"detail-desc-decorate-image\" src=\"https:\/\/ae01.alicdn.com\/kf\/H9015f5148e5342a695f4ea968d686dc1h.jpg\" slate-data-type=\"image\"><br \/>\n<img decoding=\"async\" src=\"https:\/\/ae01.alicdn.com\/kf\/S7e5c98ff70b44588aac64c406054b0c0o.jpg\" slate-data-type=\"image\"><br \/>\n<img decoding=\"async\" class=\"detail-desc-decorate-image\" src=\"https:\/\/ae01.alicdn.com\/kf\/Hef1d009f3ba44c4192075eaa8ac4d212q.jpg\" slate-data-type=\"image\"><br \/>\n<img decoding=\"async\" class=\"detail-desc-decorate-image\" src=\"https:\/\/ae01.alicdn.com\/kf\/H3775c4dae77048d3820dd9e9beff770fc.jpg\" slate-data-type=\"image\"><br \/>\n<img decoding=\"async\" class=\"detail-desc-decorate-image\" src=\"https:\/\/ae01.alicdn.com\/kf\/Hb98bff6a6e974bd3a129a4be4f12f896U.jpg\" slate-data-type=\"image\"><br \/>\n<img decoding=\"async\" class=\"detail-desc-decorate-image\" src=\"https:\/\/ae01.alicdn.com\/kf\/Ha79b131a160b40df93db5a26b210469c4.jpg\" slate-data-type=\"image\"><br \/>\n<img decoding=\"async\" class=\"detail-desc-decorate-image\" src=\"https:\/\/ae01.alicdn.com\/kf\/Hae4c1583a7434017ada18412fcd7ce61P.jpg\" slate-data-type=\"image\"><br \/>\n<img decoding=\"async\" class=\"detail-desc-decorate-image\" src=\"https:\/\/ae01.alicdn.com\/kf\/H9952c5da226044c180a7f11e4557a228S.jpg\" slate-data-type=\"image\"><br \/>\n<img decoding=\"async\" class=\"detail-desc-decorate-image\" src=\"https:\/\/ae01.alicdn.com\/kf\/H3bbbaccf6c384f7f995e48d041afcb12I.jpg\" slate-data-type=\"image\"><br \/>\n<img decoding=\"async\" class=\"detail-desc-decorate-image\" src=\"https:\/\/ae01.alicdn.com\/kf\/H299ad589b0464fcab507f27767608ab0N.jpg\" slate-data-type=\"image\"><br \/>\n<img decoding=\"async\" class=\"detail-desc-decorate-image\" src=\"https:\/\/ae01.alicdn.com\/kf\/Hfce913eb214446b1b26abfdb7f24b288q.jpg\" slate-data-type=\"image\"> <\/p>\n<div class=\"\">\n<div class=\"\">\n<p><\/p>\n<\/p><\/div>\n<\/div>\n<p><\/div>\n<\/div>","protected":false},"excerpt":{"rendered":"<p>Place Of Origin:&nbsp;China (mainland) Model Number:&nbsp;MC10012 Lens Width:&nbsp;52mm Lens Height:&nbsp;57mm Lenses Material:&nbsp;Polycarbonate Department Name:&nbsp;ADULT Gender:&nbsp;WOMEN Frame Material:&nbsp;Plastic Lenses Optical Attribute:&nbsp;MIRROR,Anti-reflective,UV400 Style:&nbsp;CAT EYE Brand Name:&nbsp;HOLTMANCE Origin:&nbsp;Mainland China Item Type:&nbsp;EYEWEAR Eyewear Type:&nbsp;Sunglasses Certification:&nbsp;CE &nbsp;<\/p>","protected":false},"featured_media":9934,"template":"","meta":[],"product_brand":[],"product_cat":[486],"product_tag":[],"class_list":{"0":"post-9933","1":"product","2":"type-product","3":"status-publish","4":"has-post-thumbnail","6":"product_cat-women","8":"first","9":"instock","10":"taxable","11":"shipping-taxable","12":"purchasable","13":"product-type-variable"},"_links":{"self":[{"href":"https:\/\/lunettesoleil.ca\/fr\/wp-json\/wp\/v2\/product\/9933","targetHints":{"allow":["GET"]}}],"collection":[{"href":"https:\/\/lunettesoleil.ca\/fr\/wp-json\/wp\/v2\/product"}],"about":[{"href":"https:\/\/lunettesoleil.ca\/fr\/wp-json\/wp\/v2\/types\/product"}],"wp:featuredmedia":[{"embeddable":true,"href":"https:\/\/lunettesoleil.ca\/fr\/wp-json\/wp\/v2\/media\/9934"}],"wp:attachment":[{"href":"https:\/\/lunettesoleil.ca\/fr\/wp-json\/wp\/v2\/media?parent=9933"}],"wp:term":[{"taxonomy":"product_brand","embeddable":true,"href":"https:\/\/lunettesoleil.ca\/fr\/wp-json\/wp\/v2\/product_brand?post=9933"},{"taxonomy":"product_cat","embeddable":true,"href":"https:\/\/lunettesoleil.ca\/fr\/wp-json\/wp\/v2\/product_cat?post=9933"},{"taxonomy":"product_tag","embeddable":true,"href":"https:\/\/lunettesoleil.ca\/fr\/wp-json\/wp\/v2\/product_tag?post=9933"}],"curies":[{"name":"wp","href":"https:\/\/api.w.org\/{rel}","templated":true}]}}